{"id":10,"date":"2014-06-15T18:21:44","date_gmt":"2014-06-15T18:21:44","guid":{"rendered":"https:\/\/aps-supply.com?page_id=10"},"modified":"2014-11-13T11:55:53","modified_gmt":"2014-11-13T11:55:53","slug":"productos","status":"publish","type":"page","link":"https:\/\/aps-supply.com\/es\/productos\/","title":{"rendered":"Productos"},"content":{"rendered":"<p class=\"p1\"><span class=\"s1\">APS cuenta con una amplia red de socios que nos permite ofrecer los mejores productos del mercado. Nuestra gama de productos de iluminaci\u00f3n y seguridad es ideal para equipos m\u00f3viles y aplicaciones industriales.<\/span><\/p>\n<p class=\"p2\">Descubra c\u00f3mo APS y sus socios pueden trabajar en su beneficio.<\/p>\n<p class=\"p2\">Los mejores productos de su clase gracias a la calidad, el valor del producto durante toda su vida \u00fatil y la asistencia t\u00e9cnica.<\/p>\n<div class=\"tab-content\"><h3 class=\"tab-title\">Iluminaci\u00f3n<\/h3><div class=\"tab-text\"><\/p>\n<p><img loading=\"lazy\" decoding=\"async\" class=\"size-full wp-image-217 alignnone\" src=\"https:\/\/aps-supply.com\/wp-content\/uploads\/2014\/06\/41.png\" alt=\"4\" width=\"145\" height=\"145\" srcset=\"https:\/\/aps-supply.com\/wp-content\/uploads\/2014\/06\/41.png 145w, https:\/\/aps-supply.com\/wp-content\/uploads\/2014\/06\/41-100x100.png 100w\" sizes=\"auto, (max-width: 145px) 100vw, 145px\" \/><\/p>\n<p>APS es especialista en iluminaci\u00f3n. Disponemos de una gama completa de accesorios y piezas de iluminaci\u00f3n para equipos pesados, flotas, veh\u00edculos 4x4, embarcaciones, puertos, industrias y especialidades. Con nuestra oficina central en los EE.UU. somos capaces de ofrecer a nuestros clientes internacionales y nacionales un nivel superior de soporte de producto y servicio.<\/p>\n<p><div class=\"view-more\"><hr \/><a href=\"https:\/\/aps-supply.com\/es\/product-category\/iluminacion\/\">Ver m\u00e1s<\/a><\/div><!-- view-more --><\/div><!-- tab-text --><\/div><!-- tab-content -->\n<div class=\"tab-content\"><h3 class=\"tab-title\">Seguridad de los veh\u00edculos<\/h3><div class=\"tab-text\"><\/p>\n<p><img loading=\"lazy\" decoding=\"async\" class=\"size-full wp-image-182 alignnone\" src=\"https:\/\/aps-supply.com\/wp-content\/uploads\/2014\/06\/5.png\" alt=\"5\" width=\"145\" height=\"145\" srcset=\"https:\/\/aps-supply.com\/wp-content\/uploads\/2014\/06\/5.png 145w, https:\/\/aps-supply.com\/wp-content\/uploads\/2014\/06\/5-100x100.png 100w\" sizes=\"auto, (max-width: 145px) 100vw, 145px\" \/><\/p>\n<p>APS ofrece una l\u00ednea completa de productos de seguridad para veh\u00edculos que pueden ayudarle a reducir costes, reducir accidentes y aumentar el tiempo de actividad de su veh\u00edculo.<\/p>\n<p><div class=\"view-more\"><hr \/><a href=\"https:\/\/aps-supply.com\/es\/product-category\/seguridad-del-vehiculo\/\">Ver m\u00e1s<\/a><\/div><!-- view-more --><\/div><!-- tab-text --><\/div><!-- tab-content -->\n<div class=\"tab-content\"><h3 class=\"tab-title\">Sistemas de alerta de colisi\u00f3n<\/h3><div class=\"tab-text\"><\/p>\n<p><img loading=\"lazy\" decoding=\"async\" class=\"alignnone wp-image-3719 size-full\" src=\"https:\/\/aps-supply.com\/wp-content\/uploads\/2014\/07\/1543.jpg\" alt=\"\" width=\"145\" height=\"145\" srcset=\"https:\/\/aps-supply.com\/wp-content\/uploads\/2014\/07\/1543.jpg 145w, https:\/\/aps-supply.com\/wp-content\/uploads\/2014\/07\/1543-100x100.jpg 100w\" sizes=\"auto, (max-width: 145px) 100vw, 145px\" \/><\/p>\n<p>Preco ofrece a los gestores de flotas, a los operadores de equipos y a la industria de equipos pesados soluciones de prevenci\u00f3n de colisiones y de seguridad de \u00e1ngulos muertos.<br \/>\nPreView\u00ae es un sistema de detecci\u00f3n de objetos por radar de impulsos de estado s\u00f3lido dise\u00f1ado para alertar a los operadores de veh\u00edculos de obst\u00e1culos tanto en movimiento como parados. Dise\u00f1ado para funcionar en condiciones ambientales extremas, PreView\u00ae es el sistema de detecci\u00f3n m\u00e1s fiable del mercado. Los conductores necesitan toda la ayuda posible para proteger vidas, propiedades y su cuenta de resultados.<\/p>\n<p><div class=\"view-more\"><hr \/><a href=\"https:\/\/aps-supply.com\/es\/product-category\/collision-alert-systems\/\">Ver m\u00e1s<\/a><\/div><!-- view-more --><\/div><!-- tab-text --><\/div><!-- tab-content -->\n<div class=\"tab-content\"><h3 class=\"tab-title\">Electricidad del autom\u00f3vil<\/h3><div class=\"tab-text\"><\/p>\n<p><img loading=\"lazy\" decoding=\"async\" class=\"size-full wp-image-219 alignnone\" src=\"https:\/\/aps-supply.com\/wp-content\/uploads\/2014\/06\/1453.jpg\" alt=\"1453\" width=\"145\" height=\"145\" srcset=\"https:\/\/aps-supply.com\/wp-content\/uploads\/2014\/06\/1453.jpg 145w, https:\/\/aps-supply.com\/wp-content\/uploads\/2014\/06\/1453-100x100.jpg 100w\" sizes=\"auto, (max-width: 145px) 100vw, 145px\" \/><\/p>\n<p>- NO DISPONIBLE PARA LA EXPORTACI\u00d3N<br \/>\nCole Hersee es un fabricante l\u00edder de interruptores y conectores electromec\u00e1nicos, electr\u00f3nicos y digitales, que dise\u00f1a productos fiables para una amplia gama de veh\u00edculos desde 1924. Cole Hersee forma parte ahora de Littelfuse.<\/p>\n<p><div class=\"view-more\"><hr \/><a href=\"https:\/\/aps-supply.com\/es\/product-category\/electricidad-del-automovil\/\">Ver m\u00e1s<\/a><\/div><!-- view-more --><\/div><!-- tab-text --><\/div><!-- tab-content -->\n<div class=\"tab-content\"><h3 class=\"tab-title\">Seguridad en el trabajo<\/h3><div class=\"tab-text\"><\/p>\n<p><img loading=\"lazy\" decoding=\"async\" class=\"size-full wp-image-220 alignnone\" src=\"https:\/\/aps-supply.com\/wp-content\/uploads\/2014\/06\/11.png\" alt=\"11\" width=\"145\" height=\"145\" srcset=\"https:\/\/aps-supply.com\/wp-content\/uploads\/2014\/06\/11.png 145w, https:\/\/aps-supply.com\/wp-content\/uploads\/2014\/06\/11-100x100.png 100w\" sizes=\"auto, (max-width: 145px) 100vw, 145px\" \/><\/p>\n<p>Adventure Lights es un fabricante canadiense de luces LED de se\u00f1alizaci\u00f3n personal y militar.  Lazerstik, Guardian y VIP son luces de se\u00f1alizaci\u00f3n compactas que utilizan el bajo consumo de energ\u00eda y la alta visibilidad de los LED para hacer visible al personal.  Los chalecos reflectantes s\u00f3lo sirven cuando hay una fuente de luz que reflejar.  Si el personal lleva LED compactos, mejorar\u00e1 su visibilidad para los operadores de veh\u00edculos por la noche.<\/p>\n<p><div class=\"view-more\"><hr \/><a href=\"https:\/\/aps-supply.com\/es\/product-category\/seguridad-laboral\/\">Ver m\u00e1s<\/a><\/div><!-- view-more --><\/div><!-- tab-text --><\/div><!-- tab-content -->\n<div class=\"tab-content\"><h3 class=\"tab-title\">Seguridad industrial<\/h3><div class=\"tab-text\"><\/p>\n<p><img loading=\"lazy\" decoding=\"async\" class=\"size-full wp-image-222 alignnone\" src=\"https:\/\/aps-supply.com\/wp-content\/uploads\/2014\/06\/1467.jpg\" alt=\"1467\" width=\"145\" height=\"145\" srcset=\"https:\/\/aps-supply.com\/wp-content\/uploads\/2014\/06\/1467.jpg 145w, https:\/\/aps-supply.com\/wp-content\/uploads\/2014\/06\/1467-100x100.jpg 100w\" sizes=\"auto, (max-width: 145px) 100vw, 145px\" \/><\/p>\n<p>Desde luces de advertencia hasta sirenas y luces estrobosc\u00f3picas, nadie pone su nombre en m\u00e1s dispositivos industriales de se\u00f1alizaci\u00f3n ac\u00fastica y visual y sistemas de comunicaci\u00f3n. Para una comprensi\u00f3n total de lo que se necesita para hacer que su lugar de trabajo funcione de manera m\u00e1s inteligente y segura, recurra a Federal Signal para una Soluci\u00f3n Total.<\/p>\n<p><div class=\"view-more\"><hr \/><a href=\"https:\/\/aps-supply.com\/es\/product-category\/industrial-safety\/\">Ver m\u00e1s<\/a><\/div><!-- view-more --><\/div><!-- tab-text --><\/div><!-- tab-content -->\n<div class=\"tab-content\"><h3 class=\"tab-title\">Militar y seguridad<\/h3><div class=\"tab-text\"><\/p>\n<p><img loading=\"lazy\" decoding=\"async\" class=\"size-full wp-image-224 alignnone\" src=\"https:\/\/aps-supply.com\/wp-content\/uploads\/2014\/06\/12.png\" alt=\"12\" width=\"145\" height=\"145\" srcset=\"https:\/\/aps-supply.com\/wp-content\/uploads\/2014\/06\/12.png 145w, https:\/\/aps-supply.com\/wp-content\/uploads\/2014\/06\/12-100x100.png 100w\" sizes=\"auto, (max-width: 145px) 100vw, 145px\" \/><\/p>\n<p>Adventure Lights es un fabricante canadiense de luces LED de se\u00f1alizaci\u00f3n personal y militar.  Lazerstik, Guardian y VIP son luces de se\u00f1alizaci\u00f3n compactas que utilizan el bajo consumo de energ\u00eda y la alta visibilidad de los LED para hacer visible al personal.  Los chalecos reflectantes s\u00f3lo sirven cuando hay una fuente de luz que reflejar.  Si el personal lleva LED compactos, mejorar\u00e1 su visibilidad para los operadores de veh\u00edculos por la noche.<\/p>\n<p><div class=\"view-more\"><hr \/><a href=\"https:\/\/aps-supply.com\/es\/product-category\/military-security\/\">Ver m\u00e1s<\/a><\/div><!-- view-more --><\/div><!-- tab-text --><\/div><!-- tab-content -->\n<div class=\"tab-content\"><h3 class=\"tab-title\">Piezas de maquinaria pesada<\/h3><div class=\"tab-text\"><\/p>\n<p><img loading=\"lazy\" decoding=\"async\" class=\"size-full wp-image-227 alignnone\" src=\"https:\/\/aps-supply.com\/wp-content\/uploads\/2014\/06\/775.jpg\" alt=\"775\" width=\"145\" height=\"145\" srcset=\"https:\/\/aps-supply.com\/wp-content\/uploads\/2014\/06\/775.jpg 145w, https:\/\/aps-supply.com\/wp-content\/uploads\/2014\/06\/775-100x100.jpg 100w\" sizes=\"auto, (max-width: 145px) 100vw, 145px\" \/><\/p>\n<p>CENTRI\u2122 prelimpiadores dise\u00f1ados fabricados en Wisconsin, EE.UU.. Los prefiltros CENTRI\u2122 son los prefiltros m\u00e1s fiables del mundo.<\/p>\n<p><div class=\"view-more\"><hr \/><a href=\"https:\/\/aps-supply.com\/es\/product-category\/piezas-para-maquinaria-pesada\/\">Ver m\u00e1s<\/a><\/div><!-- view-more --><\/div><!-- tab-text --><\/div><!-- tab-content -->","protected":false},"excerpt":{"rendered":"<p>APS cuenta con una amplia red de socios que nos permite ofrecer los mejores productos del mercado. Nuestra gama de productos de iluminaci\u00f3n y seguridad es ideal para equipos m\u00f3viles y aplicaciones industriales. Descubra c\u00f3mo APS y sus socios pueden trabajar en su beneficio. Los mejores productos de su clase gracias a la calidad, el valor de por vida del producto...<\/p>","protected":false},"author":6,"featured_media":0,"parent":0,"menu_order":0,"comment_status":"open","ping_status":"closed","template":"page-sidetabs.php","meta":{"_acf_changed":false,"footnotes":""},"class_list":["post-10","page","type-page","status-publish","hentry"],"acf":[],"yoast_head":"<!-- This site is optimized with the Yoast SEO Premium plugin v26.9 (Yoast SEO v26.9) - https:\/\/yoast.com\/product\/yoast-seo-premium-wordpress\/ -->\n<title>Products - APS<\/title>\n<meta name=\"robots\" content=\"index, follow, max-snippet:-1, max-image-preview:large, max-video-preview:-1\" \/>\n<link rel=\"canonical\" href=\"https:\/\/aps-supply.com\/es\/productos\/\" \/>\n<meta property=\"og:locale\" content=\"es_ES\" \/>\n<meta property=\"og:type\" content=\"article\" \/>\n<meta property=\"og:title\" content=\"Products\" \/>\n<meta property=\"og:description\" content=\"APS has an extensive partnership network, which allows us to source the best in class products on the market. Our range of lighting and safety products are ideal for mobile equipment and industrial applications. Discover how APS and its partners can work to your advantage. Best in Class Products through quality, life of product value&hellip;\" \/>\n<meta property=\"og:url\" content=\"https:\/\/aps-supply.com\/es\/productos\/\" \/>\n<meta property=\"og:site_name\" content=\"APS\" \/>\n<meta property=\"article:publisher\" content=\"https:\/\/www.facebook.com\/pages\/APS-Lighting-and-Safety-Products\/499382100107067\" \/>\n<meta property=\"article:modified_time\" content=\"2014-11-13T11:55:53+00:00\" \/>\n<meta property=\"og:image\" content=\"https:\/\/aps-supply.com\/wp-content\/uploads\/2014\/06\/41.png\" \/>\n\t<meta property=\"og:image:width\" content=\"145\" \/>\n\t<meta property=\"og:image:height\" content=\"145\" \/>\n\t<meta property=\"og:image:type\" content=\"image\/png\" \/>\n<meta name=\"twitter:card\" content=\"summary_large_image\" \/>\n<meta name=\"twitter:site\" content=\"@APSLighting_JB\" \/>\n<meta name=\"twitter:label1\" content=\"Tiempo de lectura\" \/>\n\t<meta name=\"twitter:data1\" content=\"3 minutos\" \/>\n<script type=\"application\/ld+json\" class=\"yoast-schema-graph\">{\"@context\":\"https:\/\/schema.org\",\"@graph\":[{\"@type\":\"WebPage\",\"@id\":\"https:\/\/aps-supply.com\/products\/\",\"url\":\"https:\/\/aps-supply.com\/products\/\",\"name\":\"Products - APS\",\"isPartOf\":{\"@id\":\"https:\/\/aps-supply.com\/#website\"},\"primaryImageOfPage\":{\"@id\":\"https:\/\/aps-supply.com\/products\/#primaryimage\"},\"image\":{\"@id\":\"https:\/\/aps-supply.com\/products\/#primaryimage\"},\"thumbnailUrl\":\"https:\/\/aps-supply.com\/wp-content\/uploads\/2014\/06\/41.png\",\"datePublished\":\"2014-06-15T18:21:44+00:00\",\"dateModified\":\"2014-11-13T11:55:53+00:00\",\"breadcrumb\":{\"@id\":\"https:\/\/aps-supply.com\/products\/#breadcrumb\"},\"inLanguage\":\"es-CO\",\"potentialAction\":[{\"@type\":\"ReadAction\",\"target\":[\"https:\/\/aps-supply.com\/products\/\"]}]},{\"@type\":\"ImageObject\",\"inLanguage\":\"es-CO\",\"@id\":\"https:\/\/aps-supply.com\/products\/#primaryimage\",\"url\":\"https:\/\/aps-supply.com\/wp-content\/uploads\/2014\/06\/41.png\",\"contentUrl\":\"https:\/\/aps-supply.com\/wp-content\/uploads\/2014\/06\/41.png\"},{\"@type\":\"BreadcrumbList\",\"@id\":\"https:\/\/aps-supply.com\/products\/#breadcrumb\",\"itemListElement\":[{\"@type\":\"ListItem\",\"position\":1,\"name\":\"Home\",\"item\":\"https:\/\/aps-supply.com\/\"},{\"@type\":\"ListItem\",\"position\":2,\"name\":\"Products\"}]},{\"@type\":\"WebSite\",\"@id\":\"https:\/\/aps-supply.com\/#website\",\"url\":\"https:\/\/aps-supply.com\/\",\"name\":\"APS\",\"description\":\"Lighting &amp; Safety\",\"publisher\":{\"@id\":\"https:\/\/aps-supply.com\/#organization\"},\"potentialAction\":[{\"@type\":\"SearchAction\",\"target\":{\"@type\":\"EntryPoint\",\"urlTemplate\":\"https:\/\/aps-supply.com\/?s={search_term_string}\"},\"query-input\":{\"@type\":\"PropertyValueSpecification\",\"valueRequired\":true,\"valueName\":\"search_term_string\"}}],\"inLanguage\":\"es-CO\"},{\"@type\":\"Organization\",\"@id\":\"https:\/\/aps-supply.com\/#organization\",\"name\":\"APS Supply\",\"url\":\"https:\/\/aps-supply.com\/\",\"logo\":{\"@type\":\"ImageObject\",\"inLanguage\":\"es-CO\",\"@id\":\"https:\/\/aps-supply.com\/#\/schema\/logo\/image\/\",\"url\":\"https:\/\/aps-supply.com\/wp-content\/uploads\/2025\/07\/APS-Logo-Master_HD.png\",\"contentUrl\":\"https:\/\/aps-supply.com\/wp-content\/uploads\/2025\/07\/APS-Logo-Master_HD.png\",\"width\":26589,\"height\":6468,\"caption\":\"APS Supply\"},\"image\":{\"@id\":\"https:\/\/aps-supply.com\/#\/schema\/logo\/image\/\"},\"sameAs\":[\"https:\/\/www.facebook.com\/pages\/APS-Lighting-and-Safety-Products\/499382100107067\",\"https:\/\/x.com\/APSLighting_JB\",\"https:\/\/www.linkedin.com\/company\/aps-lighting-&-safety\/\",\"https:\/\/www.youtube.com\/@APSLightingandSafety\"]}]}<\/script>\n<!-- \/ Yoast SEO Premium plugin. -->","yoast_head_json":{"title":"Productos - APS","robots":{"index":"index","follow":"follow","max-snippet":"max-snippet:-1","max-image-preview":"max-image-preview:large","max-video-preview":"max-video-preview:-1"},"canonical":"https:\/\/aps-supply.com\/es\/productos\/","og_locale":"es_ES","og_type":"article","og_title":"Products","og_description":"APS has an extensive partnership network, which allows us to source the best in class products on the market. Our range of lighting and safety products are ideal for mobile equipment and industrial applications. Discover how APS and its partners can work to your advantage. Best in Class Products through quality, life of product value&hellip;","og_url":"https:\/\/aps-supply.com\/es\/productos\/","og_site_name":"APS","article_publisher":"https:\/\/www.facebook.com\/pages\/APS-Lighting-and-Safety-Products\/499382100107067","article_modified_time":"2014-11-13T11:55:53+00:00","og_image":[{"width":145,"height":145,"url":"https:\/\/aps-supply.com\/wp-content\/uploads\/2014\/06\/41.png","type":"image\/png"}],"twitter_card":"summary_large_image","twitter_site":"@APSLighting_JB","twitter_misc":{"Tiempo de lectura":"3 minutos"},"schema":{"@context":"https:\/\/schema.org","@graph":[{"@type":"WebPage","@id":"https:\/\/aps-supply.com\/products\/","url":"https:\/\/aps-supply.com\/products\/","name":"Productos - APS","isPartOf":{"@id":"https:\/\/aps-supply.com\/#website"},"primaryImageOfPage":{"@id":"https:\/\/aps-supply.com\/products\/#primaryimage"},"image":{"@id":"https:\/\/aps-supply.com\/products\/#primaryimage"},"thumbnailUrl":"https:\/\/aps-supply.com\/wp-content\/uploads\/2014\/06\/41.png","datePublished":"2014-06-15T18:21:44+00:00","dateModified":"2014-11-13T11:55:53+00:00","breadcrumb":{"@id":"https:\/\/aps-supply.com\/products\/#breadcrumb"},"inLanguage":"es-CO","potentialAction":[{"@type":"ReadAction","target":["https:\/\/aps-supply.com\/products\/"]}]},{"@type":"ImageObject","inLanguage":"es-CO","@id":"https:\/\/aps-supply.com\/products\/#primaryimage","url":"https:\/\/aps-supply.com\/wp-content\/uploads\/2014\/06\/41.png","contentUrl":"https:\/\/aps-supply.com\/wp-content\/uploads\/2014\/06\/41.png"},{"@type":"BreadcrumbList","@id":"https:\/\/aps-supply.com\/products\/#breadcrumb","itemListElement":[{"@type":"ListItem","position":1,"name":"Home","item":"https:\/\/aps-supply.com\/"},{"@type":"ListItem","position":2,"name":"Products"}]},{"@type":"WebSite","@id":"https:\/\/aps-supply.com\/#website","url":"https:\/\/aps-supply.com\/","name":"APS","description":"Iluminaci\u00f3n y seguridad","publisher":{"@id":"https:\/\/aps-supply.com\/#organization"},"potentialAction":[{"@type":"SearchAction","target":{"@type":"EntryPoint","urlTemplate":"https:\/\/aps-supply.com\/?s={search_term_string}"},"query-input":{"@type":"PropertyValueSpecification","valueRequired":true,"valueName":"search_term_string"}}],"inLanguage":"es-CO"},{"@type":"Organization","@id":"https:\/\/aps-supply.com\/#organization","name":"Suministros APS","url":"https:\/\/aps-supply.com\/","logo":{"@type":"ImageObject","inLanguage":"es-CO","@id":"https:\/\/aps-supply.com\/#\/schema\/logo\/image\/","url":"https:\/\/aps-supply.com\/wp-content\/uploads\/2025\/07\/APS-Logo-Master_HD.png","contentUrl":"https:\/\/aps-supply.com\/wp-content\/uploads\/2025\/07\/APS-Logo-Master_HD.png","width":26589,"height":6468,"caption":"APS Supply"},"image":{"@id":"https:\/\/aps-supply.com\/#\/schema\/logo\/image\/"},"sameAs":["https:\/\/www.facebook.com\/pages\/APS-Lighting-and-Safety-Products\/499382100107067","https:\/\/x.com\/APSLighting_JB","https:\/\/www.linkedin.com\/company\/aps-lighting-&-safety\/","https:\/\/www.youtube.com\/@APSLightingandSafety"]}]}},"_links":{"self":[{"href":"https:\/\/aps-supply.com\/es\/wp-json\/wp\/v2\/pages\/10","targetHints":{"allow":["GET"]}}],"collection":[{"href":"https:\/\/aps-supply.com\/es\/wp-json\/wp\/v2\/pages"}],"about":[{"href":"https:\/\/aps-supply.com\/es\/wp-json\/wp\/v2\/types\/page"}],"author":[{"embeddable":true,"href":"https:\/\/aps-supply.com\/es\/wp-json\/wp\/v2\/users\/6"}],"replies":[{"embeddable":true,"href":"https:\/\/aps-supply.com\/es\/wp-json\/wp\/v2\/comments?post=10"}],"version-history":[{"count":0,"href":"https:\/\/aps-supply.com\/es\/wp-json\/wp\/v2\/pages\/10\/revisions"}],"wp:attachment":[{"href":"https:\/\/aps-supply.com\/es\/wp-json\/wp\/v2\/media?parent=10"}],"curies":[{"name":"wp","href":"https:\/\/api.w.org\/{rel}","templated":true}]}}