{"id":12308,"date":"2017-12-10T21:20:23","date_gmt":"2017-12-11T05:20:23","guid":{"rendered":"https:\/\/aps-supply.com\/?page_id=12308"},"modified":"2017-12-11T21:04:29","modified_gmt":"2017-12-12T05:04:29","slug":"instrucciones-catalogo-digital-aps","status":"publish","type":"page","link":"https:\/\/aps-supply.com\/es\/instrucciones-catalogo-digital-aps\/","title":{"rendered":"Instrucciones para el cat\u00e1logo digital APS"},"content":{"rendered":"<div id=\"pl-12308\"  class=\"panel-layout\" ><div id=\"pg-12308-0\"  class=\"panel-grid panel-no-style\" ><div id=\"pgc-12308-0-0\"  class=\"panel-grid-cell\" ><div id=\"panel-12308-0-0-0\" class=\"so-panel widget widget_sow-editor panel-first-child panel-last-child\" data-index=\"0\" ><div\n\t\t\t\n\t\t\tclass=\"so-widget-sow-editor so-widget-sow-editor-base\"\n\t\t\t\n\t\t><h3 class=\"widget-title\">Esta es una breve gu\u00eda sobre c\u00f3mo utilizar el Cat\u00e1logo Digital de la APS<\/h3>\n<div class=\"siteorigin-widget-tinymce textwidget\">\n\t<h2><strong>NAVEGACI\u00d3N<\/strong><\/h2>\n<div>Existen dos tipos principales de enlaces de navegaci\u00f3n en todo el Cat\u00e1logo Digital de la APS. Por un lado, los enlaces internos, que permiten navegar dentro del cat\u00e1logo y se utilizan para las p\u00e1ginas \u00edndice. El otro tipo son los enlaces externos, que permiten navegar fuera del cat\u00e1logo hacia el sitio web global de la APS.<\/div>\n<div>\u00a0<\/div>\n<div>Cada uno de estos enlaces (tanto internos como externos) se representa en forma de recuadros sombreados y se muestra al actualizar la p\u00e1gina, al cambiar de p\u00e1gina o al pasar el rat\u00f3n por encima. Por ejemplo, cuando navegue entre p\u00e1ginas, todos estos recuadros aparecer\u00e1n y desaparecer\u00e1n para mostrarle de un vistazo todas las ubicaciones de los enlaces. Cuando pase el rat\u00f3n por encima de un enlace, el recuadro volver\u00e1 a aparecer y el rat\u00f3n pasar\u00e1 de ser una flecha a ser un puntero manual.<\/div>\n<\/div>\n<\/div><\/div><\/div><\/div><div id=\"pg-12308-1\"  class=\"panel-grid panel-no-style\" ><div id=\"pgc-12308-1-0\"  class=\"panel-grid-cell\" ><div id=\"panel-12308-1-0-0\" class=\"so-panel widget widget_sow-editor panel-first-child panel-last-child\" data-index=\"1\" ><div\n\t\t\t\n\t\t\tclass=\"so-widget-sow-editor so-widget-sow-editor-base\"\n\t\t\t\n\t\t>\n<div class=\"siteorigin-widget-tinymce textwidget\">\n\t<h2>Enlaces internos<\/h2>\n<h3><strong>Men\u00fa Enlaces<\/strong><\/h3>\n<div>Existen tres ubicaciones para los enlaces del men\u00fa interno en todo el cat\u00e1logo, a saber:<\/div>\n<ul>\n<li>Portada<\/li>\n<li>P\u00e1gina principal (p\u00e1gina 5)<\/li>\n<li>\u00cdndice de categor\u00edas<\/li>\n<\/ul>\n<p><img loading=\"lazy\" decoding=\"async\" class=\"aligncenter wp-image-12479 size-large\" src=\"https:\/\/aps-supply.com\/wp-content\/uploads\/2017\/12\/Collage-1-1024x465.jpg\" alt=\"\" width=\"1024\" height=\"465\" srcset=\"https:\/\/aps-supply.com\/wp-content\/uploads\/2017\/12\/Collage-1-1024x465.jpg 1024w, https:\/\/aps-supply.com\/wp-content\/uploads\/2017\/12\/Collage-1-300x136.jpg 300w, https:\/\/aps-supply.com\/wp-content\/uploads\/2017\/12\/Collage-1-768x349.jpg 768w\" sizes=\"auto, (max-width: 1024px) 100vw, 1024px\" \/><\/p>\n<\/div>\n<\/div><\/div><\/div><\/div><div id=\"pg-12308-2\"  class=\"panel-grid panel-no-style\" ><div id=\"pgc-12308-2-0\"  class=\"panel-grid-cell\" ><div id=\"panel-12308-2-0-0\" class=\"so-panel widget widget_sow-editor panel-first-child panel-last-child\" data-index=\"2\" ><div\n\t\t\t\n\t\t\tclass=\"so-widget-sow-editor so-widget-sow-editor-base\"\n\t\t\t\n\t\t>\n<div class=\"siteorigin-widget-tinymce textwidget\">\n\t<h3><strong>Portada<\/strong><\/h3>\n<p>Los enlaces del t\u00edtulo de la categor\u00eda principal (por ejemplo, Iluminaci\u00f3n de equipos m\u00f3viles) le permiten navegar directamente a las p\u00e1ginas de la categor\u00eda de nivel superior del cat\u00e1logo.  Del mismo modo, si hace clic en el t\u00edtulo o icono de la categor\u00eda secundaria (por ejemplo, Ultrasonidos), acceder\u00e1 a las p\u00e1ginas de las subcategor\u00edas.<\/p>\n<p><img loading=\"lazy\" decoding=\"async\" class=\"aligncenter wp-image-12473\" src=\"https:\/\/aps-supply.com\/wp-content\/uploads\/2017\/12\/2nd_collage-1024x559.jpg\" alt=\"\" width=\"924\" height=\"504\" srcset=\"https:\/\/aps-supply.com\/wp-content\/uploads\/2017\/12\/2nd_collage-1024x559.jpg 1024w, https:\/\/aps-supply.com\/wp-content\/uploads\/2017\/12\/2nd_collage-300x164.jpg 300w, https:\/\/aps-supply.com\/wp-content\/uploads\/2017\/12\/2nd_collage-768x419.jpg 768w\" sizes=\"auto, (max-width: 924px) 100vw, 924px\" \/><\/p>\n<\/div>\n<\/div><\/div><\/div><\/div><div id=\"pg-12308-3\"  class=\"panel-grid panel-no-style\" ><div id=\"pgc-12308-3-0\"  class=\"panel-grid-cell\" ><div id=\"panel-12308-3-0-0\" class=\"so-panel widget widget_sow-editor panel-first-child panel-last-child\" data-index=\"3\" ><div\n\t\t\t\n\t\t\tclass=\"so-widget-sow-editor so-widget-sow-editor-base\"\n\t\t\t\n\t\t>\n<div class=\"siteorigin-widget-tinymce textwidget\">\n\t<h3><strong>P\u00e1gina principal<\/strong><\/h3>\n<p>Tiene una estructura de navegaci\u00f3n por enlaces similar a la de la portada, aunque entra m\u00e1s en detalle con algunas de las subcategor\u00edas. <br \/>Puede hacer clic en cualquiera de estos elementos a continuaci\u00f3n:<\/p>\n<ul>\n<li>Principales categor\u00edas de t\u00edtulos<\/li>\n<li>T\u00edtulos o iconos de subcategor\u00edas<\/li>\n<li>Segundo nivel de subcategor\u00edas (si procede)<\/li>\n<li>N\u00fameros de p\u00e1gina<\/li>\n<\/ul>\n<p><img loading=\"lazy\" decoding=\"async\" class=\"wp-image-12509 size-large aligncenter\" src=\"https:\/\/aps-supply.com\/wp-content\/uploads\/2017\/12\/Collage_3-1-1024x465.jpg\" alt=\"\" width=\"1024\" height=\"465\" srcset=\"https:\/\/aps-supply.com\/wp-content\/uploads\/2017\/12\/Collage_3-1-1024x465.jpg 1024w, https:\/\/aps-supply.com\/wp-content\/uploads\/2017\/12\/Collage_3-1-300x136.jpg 300w, https:\/\/aps-supply.com\/wp-content\/uploads\/2017\/12\/Collage_3-1-768x349.jpg 768w\" sizes=\"auto, (max-width: 1024px) 100vw, 1024px\" \/><\/p>\n<\/div>\n<\/div><\/div><\/div><\/div><div id=\"pg-12308-4\"  class=\"panel-grid panel-no-style\" ><div id=\"pgc-12308-4-0\"  class=\"panel-grid-cell\" ><div id=\"panel-12308-4-0-0\" class=\"so-panel widget widget_sow-editor panel-first-child panel-last-child\" data-index=\"4\" ><div\n\t\t\t\n\t\t\tclass=\"so-widget-sow-editor so-widget-sow-editor-base\"\n\t\t\t\n\t\t>\n<div class=\"siteorigin-widget-tinymce textwidget\">\n\t<h3><strong>\u00cdndice de categor\u00edas<\/strong><\/h3>\n<p>El cat\u00e1logo digital contiene p\u00e1ginas de \u00edndice de categor\u00edas, que incluyen tablas comparativas de productos.  Si hace clic en la foto en miniatura, acceder\u00e1 a la p\u00e1gina del producto dentro del cat\u00e1logo.\u00a0<\/p>\n<p><img loading=\"lazy\" decoding=\"async\" class=\"aligncenter size-large wp-image-12487\" src=\"https:\/\/aps-supply.com\/wp-content\/uploads\/2017\/12\/Collage_4-1024x465.jpg\" alt=\"\" width=\"1024\" height=\"465\" srcset=\"https:\/\/aps-supply.com\/wp-content\/uploads\/2017\/12\/Collage_4-1024x465.jpg 1024w, https:\/\/aps-supply.com\/wp-content\/uploads\/2017\/12\/Collage_4-300x136.jpg 300w, https:\/\/aps-supply.com\/wp-content\/uploads\/2017\/12\/Collage_4-768x349.jpg 768w\" sizes=\"auto, (max-width: 1024px) 100vw, 1024px\" \/><\/p>\n<\/div>\n<\/div><\/div><\/div><\/div><div id=\"pg-12308-5\"  class=\"panel-grid panel-no-style\" ><div id=\"pgc-12308-5-0\"  class=\"panel-grid-cell\" ><div id=\"panel-12308-5-0-0\" class=\"so-panel widget widget_sow-editor panel-first-child panel-last-child\" data-index=\"5\" ><div\n\t\t\t\n\t\t\tclass=\"so-widget-sow-editor so-widget-sow-editor-base\"\n\t\t\t\n\t\t>\n<div class=\"siteorigin-widget-tinymce textwidget\">\n\t<h2><strong>Enlaces externos<\/strong><\/h2>\n<p>Mientras que los enlaces internos a trav\u00e9s de la portada y los enlaces de men\u00fa le permiten navegar por todo el cat\u00e1logo digital, tambi\u00e9n puede navegar externamente al sitio web de APS para obtener m\u00e1s informaci\u00f3n sobre un producto. Tambi\u00e9n hemos integrado enlaces de productos para acceder al sistema de consultas del sitio web de APS, para que pueda solicitar que uno de nuestros amables equipos de ventas se ponga en contacto con usted.<\/p>\n<\/div>\n<\/div><\/div><\/div><\/div><div id=\"pg-12308-6\"  class=\"panel-grid panel-no-style\" ><div id=\"pgc-12308-6-0\"  class=\"panel-grid-cell\" ><div id=\"panel-12308-6-0-0\" class=\"so-panel widget widget_sow-editor panel-first-child panel-last-child\" data-index=\"6\" ><div\n\t\t\t\n\t\t\tclass=\"so-widget-sow-editor so-widget-sow-editor-base\"\n\t\t\t\n\t\t>\n<div class=\"siteorigin-widget-tinymce textwidget\">\n\t<h3><strong>Enlaces de productos al sitio web de APS<\/strong><\/h3>\n<p>Al visualizar p\u00e1ginas de productos en el cat\u00e1logo digital, si hace clic en el t\u00edtulo del producto (por ejemplo, Alpha 175 LED) o en la foto principal del producto, se abrir\u00e1 una nueva ventana (o pesta\u00f1a) del producto en el sitio web de APS.<\/p>\n<p><img loading=\"lazy\" decoding=\"async\" class=\"aligncenter size-large wp-image-12493\" src=\"https:\/\/aps-supply.com\/wp-content\/uploads\/2017\/12\/Collage_5-1024x465.jpg\" alt=\"\" width=\"1024\" height=\"465\" srcset=\"https:\/\/aps-supply.com\/wp-content\/uploads\/2017\/12\/Collage_5-1024x465.jpg 1024w, https:\/\/aps-supply.com\/wp-content\/uploads\/2017\/12\/Collage_5-300x136.jpg 300w, https:\/\/aps-supply.com\/wp-content\/uploads\/2017\/12\/Collage_5-768x349.jpg 768w\" sizes=\"auto, (max-width: 1024px) 100vw, 1024px\" \/><\/p>\n<\/div>\n<\/div><\/div><\/div><\/div><div id=\"pg-12308-7\"  class=\"panel-grid panel-no-style\" ><div id=\"pgc-12308-7-0\"  class=\"panel-grid-cell\" ><div id=\"panel-12308-7-0-0\" class=\"so-panel widget widget_sow-editor panel-first-child panel-last-child\" data-index=\"7\" ><div\n\t\t\t\n\t\t\tclass=\"so-widget-sow-editor so-widget-sow-editor-base\"\n\t\t\t\n\t\t>\n<div class=\"siteorigin-widget-tinymce textwidget\">\n\t<h3><strong>Enlaces de consulta<\/strong><\/h3>\n<p>Cada producto del cat\u00e1logo digital tiene su propia tabla de piezas. Hemos integrado los n\u00fameros de pieza de los productos (es decir, en N\u00ba de pieza) como enlaces al sistema de consulta del sitio web de APS. Simplemente haga clic en el n\u00famero de pieza y se a\u00f1adir\u00e1 autom\u00e1ticamente a la cesta de la consulta. A continuaci\u00f3n, puede volver al cat\u00e1logo digital si desea a\u00f1adir m\u00e1s productos a la consulta, o eliminar productos que ya est\u00e1n en su cesta de consulta.<\/p>\n<p><img loading=\"lazy\" decoding=\"async\" class=\"aligncenter size-large wp-image-12499\" src=\"https:\/\/aps-supply.com\/wp-content\/uploads\/2017\/12\/Collage_6-1024x465.jpg\" alt=\"\" width=\"1024\" height=\"465\" srcset=\"https:\/\/aps-supply.com\/wp-content\/uploads\/2017\/12\/Collage_6-1024x465.jpg 1024w, https:\/\/aps-supply.com\/wp-content\/uploads\/2017\/12\/Collage_6-300x136.jpg 300w, https:\/\/aps-supply.com\/wp-content\/uploads\/2017\/12\/Collage_6-768x349.jpg 768w\" sizes=\"auto, (max-width: 1024px) 100vw, 1024px\" \/><\/p>\n<\/div>\n<\/div><\/div><\/div><\/div><div id=\"pg-12308-8\"  class=\"panel-grid panel-no-style\" ><div id=\"pgc-12308-8-0\"  class=\"panel-grid-cell\" ><div id=\"panel-12308-8-0-0\" class=\"so-panel widget widget_sow-editor panel-first-child panel-last-child\" data-index=\"8\" ><div\n\t\t\t\n\t\t\tclass=\"so-widget-sow-editor so-widget-sow-editor-base\"\n\t\t\t\n\t\t>\n<div class=\"siteorigin-widget-tinymce textwidget\">\n\t<h2><strong>DESCARGAR<\/strong><\/h2>\n<p><img loading=\"lazy\" decoding=\"async\" class=\"wp-image-12455 alignleft\" src=\"https:\/\/aps-supply.com\/wp-content\/uploads\/2017\/12\/button.jpg\" alt=\"\" width=\"25\" height=\"25\" \/>Al hacer clic en el icono de descarga, tendr\u00e1 la opci\u00f3n de descargar:<\/p>\n<ul>\n<li>Una p\u00e1gina del cat\u00e1logo (izquierda, derecha o ambas)<\/li>\n<li>Todo el cat\u00e1logo<\/li>\n<li>Tus p\u00e1ginas favoritas<\/li>\n<\/ul>\n<p>Una vez que haya hecho su selecci\u00f3n, se crear\u00e1 un PDF que empezar\u00e1 a descargarse autom\u00e1ticamente.<\/p>\n<p>Tenga en cuenta que todos los enlaces interactivos se eliminan en la versi\u00f3n descargable. Solo puede utilizar los enlaces interactivos (tanto internos como externos) en la versi\u00f3n en l\u00ednea.<\/p>\n<\/div>\n<\/div><\/div><\/div><\/div><div id=\"pg-12308-9\"  class=\"panel-grid panel-no-style\" ><div id=\"pgc-12308-9-0\"  class=\"panel-grid-cell\" ><div id=\"panel-12308-9-0-0\" class=\"so-panel widget widget_sow-editor panel-first-child panel-last-child\" data-index=\"9\" ><div\n\t\t\t\n\t\t\tclass=\"so-widget-sow-editor so-widget-sow-editor-base\"\n\t\t\t\n\t\t>\n<div class=\"siteorigin-widget-tinymce textwidget\">\n\t<h2><strong>COMPARTIR<\/strong><\/h2>\n<p><img loading=\"lazy\" decoding=\"async\" class=\"wp-image-12449 alignleft\" src=\"https:\/\/aps-supply.com\/wp-content\/uploads\/2017\/12\/up.jpg\" alt=\"\" width=\"22\" height=\"20\" \/>Al hacer clic en el icono Compartir, podr\u00e1 optar por compartir:<\/p>\n<ul>\n<li>Una p\u00e1gina del cat\u00e1logo (izquierda, derecha o ambas)<\/li>\n<li>Todo el cat\u00e1logo<\/li>\n<li>Tus p\u00e1ginas favoritas<\/li>\n<\/ul>\n<p>Una vez hecha su selecci\u00f3n, se le presentar\u00e1n varias opciones para compartir, entre ellas:<\/p>\n<ul>\n<li>Env\u00edo por correo electr\u00f3nico<\/li>\n<li>Facebook<\/li>\n<li>Twitter<\/li>\n<li>Google+<\/li>\n<li>LinkedIn<\/li>\n<li>Pinterest<\/li>\n<li>Tumblr<\/li>\n<\/ul>\n<\/div>\n<\/div><\/div><\/div><\/div><div id=\"pg-12308-10\"  class=\"panel-grid panel-no-style\" ><div id=\"pgc-12308-10-0\"  class=\"panel-grid-cell\" ><div id=\"panel-12308-10-0-0\" class=\"so-panel widget widget_sow-editor panel-first-child panel-last-child\" data-index=\"10\" ><div\n\t\t\t\n\t\t\tclass=\"so-widget-sow-editor so-widget-sow-editor-base\"\n\t\t\t\n\t\t>\n<div class=\"siteorigin-widget-tinymce textwidget\">\n\t<h2><strong>OTRAS FUNCIONES<\/strong><\/h2>\n<h3><strong>Flechas de navegaci\u00f3n<\/strong><\/h3>\n<p><img loading=\"lazy\" decoding=\"async\" class=\"wp-image-12435 size-full alignleft\" src=\"https:\/\/aps-supply.com\/wp-content\/uploads\/2017\/12\/arr.jpg\" alt=\"\" width=\"73\" height=\"101\" \/>Las flechas de navegaci\u00f3n situadas a ambos lados del cat\u00e1logo digital permiten pasar a la p\u00e1gina siguiente o a la anterior, as\u00ed como al fondo y al principio del cat\u00e1logo.<\/p>\n<h3>\u00a0\u00a0<\/h3>\n<h3><strong>Zoom<\/strong><\/h3>\n<p><img loading=\"lazy\" decoding=\"async\" class=\"size-full wp-image-12367 alignleft\" src=\"https:\/\/aps-supply.com\/wp-content\/uploads\/2017\/12\/zoom.jpg\" alt=\"\" width=\"35\" height=\"33\" \/>El icono de la lupa situado en la esquina superior derecha de la pantalla permite ampliar o reducir el cat\u00e1logo. Tambi\u00e9n puede acercarse o alejarse haciendo doble clic en una p\u00e1gina.\u00a0<\/p>\n<h3><strong>Modo de pantalla completa<\/strong><\/h3>\n<p><img loading=\"lazy\" decoding=\"async\" class=\"size-full wp-image-12363 alignleft\" src=\"https:\/\/aps-supply.com\/wp-content\/uploads\/2017\/12\/screen.jpg\" alt=\"\" width=\"35\" height=\"33\" \/>Puede ver el cat\u00e1logo digital en toda la pantalla haciendo clic en el icono cuadrado redondeado de la esquina superior derecha de la ventana.<\/p>\n<\/div>\n<\/div><\/div><\/div><\/div><\/div>","protected":false},"excerpt":{"rendered":"<p>NAVEGACI\u00d3N Existen dos tipos principales de enlaces de navegaci\u00f3n en todo el Cat\u00e1logo Digital de la APS. Por un lado, los enlaces internos, que permiten navegar dentro del cat\u00e1logo y se utilizan para las p\u00e1ginas \u00edndice. El otro tipo son los enlaces externos, que permiten navegar fuera del cat\u00e1logo hacia el sitio web global de la APS.   Cada uno de estos...<\/p>","protected":false},"author":6,"featured_media":0,"parent":0,"menu_order":0,"comment_status":"closed","ping_status":"closed","template":"","meta":{"_acf_changed":false,"footnotes":""},"class_list":["post-12308","page","type-page","status-publish","hentry"],"acf":[],"yoast_head":"<!-- This site is optimized with the Yoast SEO Premium plugin v26.9 (Yoast SEO v26.9) - https:\/\/yoast.com\/product\/yoast-seo-premium-wordpress\/ -->\n<title>APS Digital Catalogue Instructions - APS<\/title>\n<meta name=\"robots\" content=\"index, follow, max-snippet:-1, max-image-preview:large, max-video-preview:-1\" \/>\n<link rel=\"canonical\" href=\"https:\/\/aps-supply.com\/es\/instrucciones-catalogo-digital-aps\/\" \/>\n<meta property=\"og:locale\" content=\"es_ES\" \/>\n<meta property=\"og:type\" content=\"article\" \/>\n<meta property=\"og:title\" content=\"APS Digital Catalogue Instructions\" \/>\n<meta property=\"og:description\" content=\"NAVIGATION There are two main types of navigational links throughout the APS Digital Catalogue. They are internal links, which are links that allow you to navigate inside the catalogue and are used for index pages. The other being external links, which navigate away from the catalogue to our APS global website. \u00a0 Each of these&hellip;\" \/>\n<meta property=\"og:url\" content=\"https:\/\/aps-supply.com\/es\/instrucciones-catalogo-digital-aps\/\" \/>\n<meta property=\"og:site_name\" content=\"APS\" \/>\n<meta property=\"article:publisher\" content=\"https:\/\/www.facebook.com\/pages\/APS-Lighting-and-Safety-Products\/499382100107067\" \/>\n<meta property=\"article:modified_time\" content=\"2017-12-12T05:04:29+00:00\" \/>\n<meta property=\"og:image\" content=\"https:\/\/aps-supply.com\/wp-content\/uploads\/2017\/12\/Collage-1.jpg\" \/>\n\t<meta property=\"og:image:width\" content=\"2200\" \/>\n\t<meta property=\"og:image:height\" content=\"1000\" \/>\n\t<meta property=\"og:image:type\" content=\"image\/jpeg\" \/>\n<meta name=\"twitter:card\" content=\"summary_large_image\" \/>\n<meta name=\"twitter:site\" content=\"@APSLighting_JB\" \/>\n<meta name=\"twitter:label1\" content=\"Tiempo de lectura\" \/>\n\t<meta name=\"twitter:data1\" content=\"3 minutos\" \/>\n<script type=\"application\/ld+json\" class=\"yoast-schema-graph\">{\"@context\":\"https:\/\/schema.org\",\"@graph\":[{\"@type\":\"WebPage\",\"@id\":\"https:\/\/aps-supply.com\/aps-digital-catalogue-instructions\/\",\"url\":\"https:\/\/aps-supply.com\/aps-digital-catalogue-instructions\/\",\"name\":\"APS Digital Catalogue Instructions - APS\",\"isPartOf\":{\"@id\":\"https:\/\/aps-supply.com\/#website\"},\"primaryImageOfPage\":{\"@id\":\"https:\/\/aps-supply.com\/aps-digital-catalogue-instructions\/#primaryimage\"},\"image\":{\"@id\":\"https:\/\/aps-supply.com\/aps-digital-catalogue-instructions\/#primaryimage\"},\"thumbnailUrl\":\"https:\/\/aps-supply.com\/wp-content\/uploads\/2017\/12\/Collage-1-1024x465.jpg\",\"datePublished\":\"2017-12-11T05:20:23+00:00\",\"dateModified\":\"2017-12-12T05:04:29+00:00\",\"breadcrumb\":{\"@id\":\"https:\/\/aps-supply.com\/aps-digital-catalogue-instructions\/#breadcrumb\"},\"inLanguage\":\"es-CO\",\"potentialAction\":[{\"@type\":\"ReadAction\",\"target\":[\"https:\/\/aps-supply.com\/aps-digital-catalogue-instructions\/\"]}]},{\"@type\":\"ImageObject\",\"inLanguage\":\"es-CO\",\"@id\":\"https:\/\/aps-supply.com\/aps-digital-catalogue-instructions\/#primaryimage\",\"url\":\"https:\/\/aps-supply.com\/wp-content\/uploads\/2017\/12\/Collage-1-1024x465.jpg\",\"contentUrl\":\"https:\/\/aps-supply.com\/wp-content\/uploads\/2017\/12\/Collage-1-1024x465.jpg\"},{\"@type\":\"BreadcrumbList\",\"@id\":\"https:\/\/aps-supply.com\/aps-digital-catalogue-instructions\/#breadcrumb\",\"itemListElement\":[{\"@type\":\"ListItem\",\"position\":1,\"name\":\"Home\",\"item\":\"https:\/\/aps-supply.com\/\"},{\"@type\":\"ListItem\",\"position\":2,\"name\":\"APS Digital Catalogue Instructions\"}]},{\"@type\":\"WebSite\",\"@id\":\"https:\/\/aps-supply.com\/#website\",\"url\":\"https:\/\/aps-supply.com\/\",\"name\":\"APS\",\"description\":\"Lighting &amp; Safety\",\"publisher\":{\"@id\":\"https:\/\/aps-supply.com\/#organization\"},\"potentialAction\":[{\"@type\":\"SearchAction\",\"target\":{\"@type\":\"EntryPoint\",\"urlTemplate\":\"https:\/\/aps-supply.com\/?s={search_term_string}\"},\"query-input\":{\"@type\":\"PropertyValueSpecification\",\"valueRequired\":true,\"valueName\":\"search_term_string\"}}],\"inLanguage\":\"es-CO\"},{\"@type\":\"Organization\",\"@id\":\"https:\/\/aps-supply.com\/#organization\",\"name\":\"APS Supply\",\"url\":\"https:\/\/aps-supply.com\/\",\"logo\":{\"@type\":\"ImageObject\",\"inLanguage\":\"es-CO\",\"@id\":\"https:\/\/aps-supply.com\/#\/schema\/logo\/image\/\",\"url\":\"https:\/\/aps-supply.com\/wp-content\/uploads\/2025\/07\/APS-Logo-Master_HD.png\",\"contentUrl\":\"https:\/\/aps-supply.com\/wp-content\/uploads\/2025\/07\/APS-Logo-Master_HD.png\",\"width\":26589,\"height\":6468,\"caption\":\"APS Supply\"},\"image\":{\"@id\":\"https:\/\/aps-supply.com\/#\/schema\/logo\/image\/\"},\"sameAs\":[\"https:\/\/www.facebook.com\/pages\/APS-Lighting-and-Safety-Products\/499382100107067\",\"https:\/\/x.com\/APSLighting_JB\",\"https:\/\/www.linkedin.com\/company\/aps-lighting-&-safety\/\",\"https:\/\/www.youtube.com\/@APSLightingandSafety\"]}]}<\/script>\n<!-- \/ Yoast SEO Premium plugin. -->","yoast_head_json":{"title":"Instrucciones para el cat\u00e1logo digital APS - APS","robots":{"index":"index","follow":"follow","max-snippet":"max-snippet:-1","max-image-preview":"max-image-preview:large","max-video-preview":"max-video-preview:-1"},"canonical":"https:\/\/aps-supply.com\/es\/instrucciones-catalogo-digital-aps\/","og_locale":"es_ES","og_type":"article","og_title":"APS Digital Catalogue Instructions","og_description":"NAVIGATION There are two main types of navigational links throughout the APS Digital Catalogue. They are internal links, which are links that allow you to navigate inside the catalogue and are used for index pages. The other being external links, which navigate away from the catalogue to our APS global website. \u00a0 Each of these&hellip;","og_url":"https:\/\/aps-supply.com\/es\/instrucciones-catalogo-digital-aps\/","og_site_name":"APS","article_publisher":"https:\/\/www.facebook.com\/pages\/APS-Lighting-and-Safety-Products\/499382100107067","article_modified_time":"2017-12-12T05:04:29+00:00","og_image":[{"width":2200,"height":1000,"url":"https:\/\/aps-supply.com\/wp-content\/uploads\/2017\/12\/Collage-1.jpg","type":"image\/jpeg"}],"twitter_card":"summary_large_image","twitter_site":"@APSLighting_JB","twitter_misc":{"Tiempo de lectura":"3 minutos"},"schema":{"@context":"https:\/\/schema.org","@graph":[{"@type":"WebPage","@id":"https:\/\/aps-supply.com\/aps-digital-catalogue-instructions\/","url":"https:\/\/aps-supply.com\/aps-digital-catalogue-instructions\/","name":"Instrucciones para el cat\u00e1logo digital APS - APS","isPartOf":{"@id":"https:\/\/aps-supply.com\/#website"},"primaryImageOfPage":{"@id":"https:\/\/aps-supply.com\/aps-digital-catalogue-instructions\/#primaryimage"},"image":{"@id":"https:\/\/aps-supply.com\/aps-digital-catalogue-instructions\/#primaryimage"},"thumbnailUrl":"https:\/\/aps-supply.com\/wp-content\/uploads\/2017\/12\/Collage-1-1024x465.jpg","datePublished":"2017-12-11T05:20:23+00:00","dateModified":"2017-12-12T05:04:29+00:00","breadcrumb":{"@id":"https:\/\/aps-supply.com\/aps-digital-catalogue-instructions\/#breadcrumb"},"inLanguage":"es-CO","potentialAction":[{"@type":"ReadAction","target":["https:\/\/aps-supply.com\/aps-digital-catalogue-instructions\/"]}]},{"@type":"ImageObject","inLanguage":"es-CO","@id":"https:\/\/aps-supply.com\/aps-digital-catalogue-instructions\/#primaryimage","url":"https:\/\/aps-supply.com\/wp-content\/uploads\/2017\/12\/Collage-1-1024x465.jpg","contentUrl":"https:\/\/aps-supply.com\/wp-content\/uploads\/2017\/12\/Collage-1-1024x465.jpg"},{"@type":"BreadcrumbList","@id":"https:\/\/aps-supply.com\/aps-digital-catalogue-instructions\/#breadcrumb","itemListElement":[{"@type":"ListItem","position":1,"name":"Home","item":"https:\/\/aps-supply.com\/"},{"@type":"ListItem","position":2,"name":"APS Digital Catalogue Instructions"}]},{"@type":"WebSite","@id":"https:\/\/aps-supply.com\/#website","url":"https:\/\/aps-supply.com\/","name":"APS","description":"Iluminaci\u00f3n y seguridad","publisher":{"@id":"https:\/\/aps-supply.com\/#organization"},"potentialAction":[{"@type":"SearchAction","target":{"@type":"EntryPoint","urlTemplate":"https:\/\/aps-supply.com\/?s={search_term_string}"},"query-input":{"@type":"PropertyValueSpecification","valueRequired":true,"valueName":"search_term_string"}}],"inLanguage":"es-CO"},{"@type":"Organization","@id":"https:\/\/aps-supply.com\/#organization","name":"Suministros APS","url":"https:\/\/aps-supply.com\/","logo":{"@type":"ImageObject","inLanguage":"es-CO","@id":"https:\/\/aps-supply.com\/#\/schema\/logo\/image\/","url":"https:\/\/aps-supply.com\/wp-content\/uploads\/2025\/07\/APS-Logo-Master_HD.png","contentUrl":"https:\/\/aps-supply.com\/wp-content\/uploads\/2025\/07\/APS-Logo-Master_HD.png","width":26589,"height":6468,"caption":"APS Supply"},"image":{"@id":"https:\/\/aps-supply.com\/#\/schema\/logo\/image\/"},"sameAs":["https:\/\/www.facebook.com\/pages\/APS-Lighting-and-Safety-Products\/499382100107067","https:\/\/x.com\/APSLighting_JB","https:\/\/www.linkedin.com\/company\/aps-lighting-&-safety\/","https:\/\/www.youtube.com\/@APSLightingandSafety"]}]}},"_links":{"self":[{"href":"https:\/\/aps-supply.com\/es\/wp-json\/wp\/v2\/pages\/12308","targetHints":{"allow":["GET"]}}],"collection":[{"href":"https:\/\/aps-supply.com\/es\/wp-json\/wp\/v2\/pages"}],"about":[{"href":"https:\/\/aps-supply.com\/es\/wp-json\/wp\/v2\/types\/page"}],"author":[{"embeddable":true,"href":"https:\/\/aps-supply.com\/es\/wp-json\/wp\/v2\/users\/6"}],"replies":[{"embeddable":true,"href":"https:\/\/aps-supply.com\/es\/wp-json\/wp\/v2\/comments?post=12308"}],"version-history":[{"count":0,"href":"https:\/\/aps-supply.com\/es\/wp-json\/wp\/v2\/pages\/12308\/revisions"}],"wp:attachment":[{"href":"https:\/\/aps-supply.com\/es\/wp-json\/wp\/v2\/media?parent=12308"}],"curies":[{"name":"wp","href":"https:\/\/api.w.org\/{rel}","templated":true}]}}