{"id":14,"date":"2014-06-15T18:22:00","date_gmt":"2014-06-15T18:22:00","guid":{"rendered":"https:\/\/aps-supply.com?page_id=14"},"modified":"2016-02-11T18:39:38","modified_gmt":"2016-02-12T02:39:38","slug":"soporte","status":"publish","type":"page","link":"https:\/\/aps-supply.com\/es\/soporte\/","title":{"rendered":"Ayuda"},"content":{"rendered":"<p><a href=\"https:\/\/aps-supply.com\/es\/soporte\/formularios-de-solicitud-de-cuenta-nueva\/\">NUEVA CUENTA<\/a>\u00a0 \u00a0| \u00a0\u00a0<span style=\"color: #808080;\"><a style=\"color: #808080;\" href=\"https:\/\/aps-supply.com\/es\/soporte\/condiciones-de-la-garantia-del-fabricante-formularios-de-reclamacion-de-garantia\/\">GARANT\u00cdA<\/a><\/span>\u00a0 \u00a0| \u00a0\u00a0<a href=\"https:\/\/aps-supply.com\/es\/soporte\/enlaces-de-seguimiento-de-envios\/\">SEGUIMIENTO<\/a>\u00a0 \u00a0| \u00a0\u00a0<a href=\"https:\/\/aps-supply.com\/es\/soporte\/condiciones\/\">CONDICIONES GENERALES<\/a>\u00a0 \u00a0| \u00a0 <a href=\"https:\/\/aps-supply.com\/es\/soporte\/catalogos\/\">CAT\u00c1LOGOS<\/a>\u00a0 \u00a0| \u00a0\u00a0<a href=\"https:\/\/aps-supply.com\/es\/soporte\/enlaces\/\">ENLACES<\/a><\/p>\n<p>Bienvenido al servicio de atenci\u00f3n al cliente. Seleccione la opci\u00f3n del men\u00fa que mejor describa el tipo de asistencia que necesita.<\/p>\n<p>Si necesita m\u00e1s ayuda, p\u00f3ngase en contacto con su gestor de cuenta o con su oficina APS.<\/p>","protected":false},"excerpt":{"rendered":"<p>NUEVA CUENTA | GARANT\u00cdA | SEGUIMIENTO | CONDICIONES GENERALES | CAT\u00c1LOGOS | ENLACES Bienvenido al servicio de atenci\u00f3n al cliente. Seleccione la opci\u00f3n del men\u00fa que mejor describa el tipo de asistencia que necesita. P\u00f3ngase en contacto con su gestor de cuenta o con su oficina APS si necesita m\u00e1s ayuda.<\/p>","protected":false},"author":6,"featured_media":0,"parent":0,"menu_order":0,"comment_status":"open","ping_status":"closed","template":"page-sidemenu.php","meta":{"_acf_changed":false,"footnotes":""},"class_list":["post-14","page","type-page","status-publish","hentry"],"acf":[],"yoast_head":"<!-- This site is optimized with the Yoast SEO Premium plugin v26.9 (Yoast SEO v26.9) - https:\/\/yoast.com\/product\/yoast-seo-premium-wordpress\/ -->\n<title>Support - APS<\/title>\n<meta name=\"robots\" content=\"index, follow, max-snippet:-1, max-image-preview:large, max-video-preview:-1\" \/>\n<link rel=\"canonical\" href=\"https:\/\/aps-supply.com\/es\/soporte\/\" \/>\n<meta property=\"og:locale\" content=\"es_ES\" \/>\n<meta property=\"og:type\" content=\"article\" \/>\n<meta property=\"og:title\" content=\"Support\" \/>\n<meta property=\"og:description\" content=\"NEW ACCOUNT\u00a0 \u00a0| \u00a0\u00a0WARRANTY\u00a0 \u00a0| \u00a0\u00a0TRACKING\u00a0 \u00a0| \u00a0\u00a0TERMS &amp; CONDITIONS\u00a0 \u00a0| \u00a0 CATALOGUES\u00a0 \u00a0| \u00a0\u00a0LINKS Welcome to customer support. Please select the option from the menu\u00a0that best describes the type of assistance you need. Please contact your Account Manager or your APS Office should you require further help.\" \/>\n<meta property=\"og:url\" content=\"https:\/\/aps-supply.com\/es\/soporte\/\" \/>\n<meta property=\"og:site_name\" content=\"APS\" \/>\n<meta property=\"article:publisher\" content=\"https:\/\/www.facebook.com\/pages\/APS-Lighting-and-Safety-Products\/499382100107067\" \/>\n<meta property=\"article:modified_time\" content=\"2016-02-12T02:39:38+00:00\" \/>\n<meta name=\"twitter:card\" content=\"summary_large_image\" \/>\n<meta name=\"twitter:site\" content=\"@APSLighting_JB\" \/>\n<script type=\"application\/ld+json\" class=\"yoast-schema-graph\">{\"@context\":\"https:\/\/schema.org\",\"@graph\":[{\"@type\":\"WebPage\",\"@id\":\"https:\/\/aps-supply.com\/support\/\",\"url\":\"https:\/\/aps-supply.com\/support\/\",\"name\":\"Support - APS\",\"isPartOf\":{\"@id\":\"https:\/\/aps-supply.com\/#website\"},\"datePublished\":\"2014-06-15T18:22:00+00:00\",\"dateModified\":\"2016-02-12T02:39:38+00:00\",\"breadcrumb\":{\"@id\":\"https:\/\/aps-supply.com\/support\/#breadcrumb\"},\"inLanguage\":\"es-CO\",\"potentialAction\":[{\"@type\":\"ReadAction\",\"target\":[\"https:\/\/aps-supply.com\/support\/\"]}]},{\"@type\":\"BreadcrumbList\",\"@id\":\"https:\/\/aps-supply.com\/support\/#breadcrumb\",\"itemListElement\":[{\"@type\":\"ListItem\",\"position\":1,\"name\":\"Home\",\"item\":\"https:\/\/aps-supply.com\/\"},{\"@type\":\"ListItem\",\"position\":2,\"name\":\"Support\"}]},{\"@type\":\"WebSite\",\"@id\":\"https:\/\/aps-supply.com\/#website\",\"url\":\"https:\/\/aps-supply.com\/\",\"name\":\"APS\",\"description\":\"Lighting &amp; Safety\",\"publisher\":{\"@id\":\"https:\/\/aps-supply.com\/#organization\"},\"potentialAction\":[{\"@type\":\"SearchAction\",\"target\":{\"@type\":\"EntryPoint\",\"urlTemplate\":\"https:\/\/aps-supply.com\/?s={search_term_string}\"},\"query-input\":{\"@type\":\"PropertyValueSpecification\",\"valueRequired\":true,\"valueName\":\"search_term_string\"}}],\"inLanguage\":\"es-CO\"},{\"@type\":\"Organization\",\"@id\":\"https:\/\/aps-supply.com\/#organization\",\"name\":\"APS Supply\",\"url\":\"https:\/\/aps-supply.com\/\",\"logo\":{\"@type\":\"ImageObject\",\"inLanguage\":\"es-CO\",\"@id\":\"https:\/\/aps-supply.com\/#\/schema\/logo\/image\/\",\"url\":\"https:\/\/aps-supply.com\/wp-content\/uploads\/2025\/07\/APS-Logo-Master_HD.png\",\"contentUrl\":\"https:\/\/aps-supply.com\/wp-content\/uploads\/2025\/07\/APS-Logo-Master_HD.png\",\"width\":26589,\"height\":6468,\"caption\":\"APS Supply\"},\"image\":{\"@id\":\"https:\/\/aps-supply.com\/#\/schema\/logo\/image\/\"},\"sameAs\":[\"https:\/\/www.facebook.com\/pages\/APS-Lighting-and-Safety-Products\/499382100107067\",\"https:\/\/x.com\/APSLighting_JB\",\"https:\/\/www.linkedin.com\/company\/aps-lighting-&-safety\/\",\"https:\/\/www.youtube.com\/@APSLightingandSafety\"]}]}<\/script>\n<!-- \/ Yoast SEO Premium plugin. -->","yoast_head_json":{"title":"Apoyo - APS","robots":{"index":"index","follow":"follow","max-snippet":"max-snippet:-1","max-image-preview":"max-image-preview:large","max-video-preview":"max-video-preview:-1"},"canonical":"https:\/\/aps-supply.com\/es\/soporte\/","og_locale":"es_ES","og_type":"article","og_title":"Support","og_description":"NEW ACCOUNT\u00a0 \u00a0| \u00a0\u00a0WARRANTY\u00a0 \u00a0| \u00a0\u00a0TRACKING\u00a0 \u00a0| \u00a0\u00a0TERMS &amp; CONDITIONS\u00a0 \u00a0| \u00a0 CATALOGUES\u00a0 \u00a0| \u00a0\u00a0LINKS Welcome to customer support. Please select the option from the menu\u00a0that best describes the type of assistance you need. Please contact your Account Manager or your APS Office should you require further help.","og_url":"https:\/\/aps-supply.com\/es\/soporte\/","og_site_name":"APS","article_publisher":"https:\/\/www.facebook.com\/pages\/APS-Lighting-and-Safety-Products\/499382100107067","article_modified_time":"2016-02-12T02:39:38+00:00","twitter_card":"summary_large_image","twitter_site":"@APSLighting_JB","schema":{"@context":"https:\/\/schema.org","@graph":[{"@type":"WebPage","@id":"https:\/\/aps-supply.com\/support\/","url":"https:\/\/aps-supply.com\/support\/","name":"Apoyo - APS","isPartOf":{"@id":"https:\/\/aps-supply.com\/#website"},"datePublished":"2014-06-15T18:22:00+00:00","dateModified":"2016-02-12T02:39:38+00:00","breadcrumb":{"@id":"https:\/\/aps-supply.com\/support\/#breadcrumb"},"inLanguage":"es-CO","potentialAction":[{"@type":"ReadAction","target":["https:\/\/aps-supply.com\/support\/"]}]},{"@type":"BreadcrumbList","@id":"https:\/\/aps-supply.com\/support\/#breadcrumb","itemListElement":[{"@type":"ListItem","position":1,"name":"Home","item":"https:\/\/aps-supply.com\/"},{"@type":"ListItem","position":2,"name":"Support"}]},{"@type":"WebSite","@id":"https:\/\/aps-supply.com\/#website","url":"https:\/\/aps-supply.com\/","name":"APS","description":"Iluminaci\u00f3n y seguridad","publisher":{"@id":"https:\/\/aps-supply.com\/#organization"},"potentialAction":[{"@type":"SearchAction","target":{"@type":"EntryPoint","urlTemplate":"https:\/\/aps-supply.com\/?s={search_term_string}"},"query-input":{"@type":"PropertyValueSpecification","valueRequired":true,"valueName":"search_term_string"}}],"inLanguage":"es-CO"},{"@type":"Organization","@id":"https:\/\/aps-supply.com\/#organization","name":"Suministros APS","url":"https:\/\/aps-supply.com\/","logo":{"@type":"ImageObject","inLanguage":"es-CO","@id":"https:\/\/aps-supply.com\/#\/schema\/logo\/image\/","url":"https:\/\/aps-supply.com\/wp-content\/uploads\/2025\/07\/APS-Logo-Master_HD.png","contentUrl":"https:\/\/aps-supply.com\/wp-content\/uploads\/2025\/07\/APS-Logo-Master_HD.png","width":26589,"height":6468,"caption":"APS Supply"},"image":{"@id":"https:\/\/aps-supply.com\/#\/schema\/logo\/image\/"},"sameAs":["https:\/\/www.facebook.com\/pages\/APS-Lighting-and-Safety-Products\/499382100107067","https:\/\/x.com\/APSLighting_JB","https:\/\/www.linkedin.com\/company\/aps-lighting-&-safety\/","https:\/\/www.youtube.com\/@APSLightingandSafety"]}]}},"_links":{"self":[{"href":"https:\/\/aps-supply.com\/es\/wp-json\/wp\/v2\/pages\/14","targetHints":{"allow":["GET"]}}],"collection":[{"href":"https:\/\/aps-supply.com\/es\/wp-json\/wp\/v2\/pages"}],"about":[{"href":"https:\/\/aps-supply.com\/es\/wp-json\/wp\/v2\/types\/page"}],"author":[{"embeddable":true,"href":"https:\/\/aps-supply.com\/es\/wp-json\/wp\/v2\/users\/6"}],"replies":[{"embeddable":true,"href":"https:\/\/aps-supply.com\/es\/wp-json\/wp\/v2\/comments?post=14"}],"version-history":[{"count":0,"href":"https:\/\/aps-supply.com\/es\/wp-json\/wp\/v2\/pages\/14\/revisions"}],"wp:attachment":[{"href":"https:\/\/aps-supply.com\/es\/wp-json\/wp\/v2\/media?parent=14"}],"curies":[{"name":"wp","href":"https:\/\/api.w.org\/{rel}","templated":true}]}}