{"id":19345,"date":"2020-09-07T20:20:03","date_gmt":"2020-09-08T03:20:03","guid":{"rendered":"https:\/\/aps-supply.com\/?page_id=19345"},"modified":"2021-05-11T20:58:53","modified_gmt":"2021-05-12T03:58:53","slug":"testimonios-de-aps","status":"publish","type":"page","link":"https:\/\/aps-supply.com\/es\/testimonios-de-aps\/","title":{"rendered":"Testimonios"},"content":{"rendered":"<p>El equipo de APS Lighting &amp; Safety Products se esfuerza por ofrecer un servicio de atenci\u00f3n al cliente de primera clase para garantizar que usted quede 100% satisfecho al tratar con nuestra empresa.  Estamos orgullosos de nuestro alto nivel de servicio, desde la consulta hasta la entrega, y seguimos trabajando duro para superar sus expectativas.<\/p>\n<p>A continuaci\u00f3n encontrar\u00e1 una selecci\u00f3n de testimonios que hemos recibido recientemente.<\/p>\n<p>&nbsp;<\/p>\n<h3>\u00bfPor qu\u00e9 deber\u00eda hacer negocios con APS Lighting &amp; Safety Products?<\/h3>\n<div id=\"testimonial_rotator_wrap_19374\" class=\"testimonial_rotator_wrap with-prevnext\">\n\t<div id=\"testimonial_rotator_19374\" class=\"testimonial_rotator  cycletwo-slideshow format-rotator template-starrynight hreview-aggregate\" data-cycletwo-timeout=\"10000\" data-cycletwo-speed=\"1000\" data-cycletwo-pause-on-hover=\"true\"  data-cycletwo-center-horz=\"true\" data-cycletwo-center-vert=\"true\"  data-cycletwo-swipe=\"true\" data-cycletwo-fx=\"scrollHorz\" data-cycletwo-auto-height=\"calc\"  data-cycletwo-next=\"#testimonial_rotator_wrap_19374 .testimonial_rotator_next\" data-cycletwo-prev=\"#testimonial_rotator_wrap_19374 .testimonial_rotator_prev\" data-cycletwo-slides=\"> div.slide\" data-cycletwo-log=\"false\" >\n<div class=\"slide slide1 testimonial_rotator_slide hreview itemreviewed item has-image cf-tr\">\n<div class=\"testimonial_rotator_stars cf-tr\">\n\t<span class=\"testimonial_rotator_star testimonial_rotator_star_1\"><i class=\"fa fa-star\"><\/i><\/span>\t<span class=\"testimonial_rotator_star testimonial_rotator_star_2\"><i class=\"fa fa-star\"><\/i><\/span>\t<span class=\"testimonial_rotator_star testimonial_rotator_star_3\"><i class=\"fa fa-star\"><\/i><\/span>\t<span class=\"testimonial_rotator_star testimonial_rotator_star_4\"><i class=\"fa fa-star\"><\/i><\/span>\t<span class=\"testimonial_rotator_star testimonial_rotator_star_5\"><i class=\"fa fa-star\"><\/i><\/span><\/div>\n<h2 class=\"testimonial_rotator_slide_title\">Gran calidad y variedad<\/h2>\n<div class=\"text testimonial_rotator_description\">\n<div class=\"testimonial_rotator_quote\">\n\" Me gusta trabajar con APS Lighting &amp; Safety por la gran calidad y variedad de sus productos. <br \/>\r\nNos da la oportunidad de vender a diferentes mercados industriales. \"<\/div>\n\t<div class=\"testimonial_rotator_img img\"><img loading=\"lazy\" decoding=\"async\" width=\"200\" height=\"200\" src=\"https:\/\/aps-supply.com\/wp-content\/uploads\/2020\/09\/Resisa_logo.png\" class=\"attachment-large size-large wp-post-image\" alt=\"\" srcset=\"https:\/\/aps-supply.com\/wp-content\/uploads\/2020\/09\/Resisa_logo.png 200w, https:\/\/aps-supply.com\/wp-content\/uploads\/2020\/09\/Resisa_logo-150x150.png 150w, https:\/\/aps-supply.com\/wp-content\/uploads\/2020\/09\/Resisa_logo-100x100.png 100w\" sizes=\"auto, (max-width: 200px) 100vw, 200px\" \/><\/div>\n<div class=\"testimonial_rotator_author_info cf-tr\">\n<p><strong>C\u00e9sar Romero<\/strong><br \/>\nGestor de proyectos<br \/>\n<em>Resisa<\/em><\/p>\n<\/div>\n<\/div>\n\t<div class=\"testimonial_rotator_microdata\">\n\t<div class=\"item\"><div class=\"fn\">APS<\/div><\/div>\n\t<div class=\"rating\">5<\/div>\n\t<div class=\"dtreviewed\"> 2020-09-08T18:10:43-07:00<\/div>\t<div class=\"reviewer\"> \t<div class=\"fn\"> <p><strong>C\u00e9sar Romero<\/strong><br \/>\nGestor de proyectos<br \/>\n<em>Resisa<\/em><\/p>\n<\/div><img loading=\"lazy\" decoding=\"async\" width=\"150\" height=\"150\" src=\"https:\/\/aps-supply.com\/wp-content\/uploads\/2020\/09\/Resisa_logo-150x150.png\" class=\"photo wp-post-image\" alt=\"\" srcset=\"https:\/\/aps-supply.com\/wp-content\/uploads\/2020\/09\/Resisa_logo-150x150.png 150w, https:\/\/aps-supply.com\/wp-content\/uploads\/2020\/09\/Resisa_logo-100x100.png 100w, https:\/\/aps-supply.com\/wp-content\/uploads\/2020\/09\/Resisa_logo.png 200w\" sizes=\"auto, (max-width: 150px) 100vw, 150px\" \/>\t<\/div>\" Me gusta trabajar con APS Lighting &amp; Safety por la gran calidad y variedad de sus productos. Nos da la oportunidad de vender a diferentes mercados industriales. \"\t<div class=\"summary\"> <\/div>\t<div class=\"permalink\"> https:\/\/aps-supply.com\/es\/testimonios\/gran-calidad-y-variedad\/<\/div>\t<\/div><!-- .testimonial_rotator_microdata -->\n<\/div>\n<div class=\"slide slide2 testimonial_rotator_slide hreview itemreviewed item  cf-tr\">\n<div class=\"testimonial_rotator_stars cf-tr\">\n\t<span class=\"testimonial_rotator_star testimonial_rotator_star_1\"><i class=\"fa fa-star\"><\/i><\/span>\t<span class=\"testimonial_rotator_star testimonial_rotator_star_2\"><i class=\"fa fa-star\"><\/i><\/span>\t<span class=\"testimonial_rotator_star testimonial_rotator_star_3\"><i class=\"fa fa-star\"><\/i><\/span>\t<span class=\"testimonial_rotator_star testimonial_rotator_star_4\"><i class=\"fa fa-star\"><\/i><\/span>\t<span class=\"testimonial_rotator_star testimonial_rotator_star_5\"><i class=\"fa fa-star\"><\/i><\/span><\/div>\n<h2 class=\"testimonial_rotator_slide_title\">Ayud\u00f3 a eliminar las conjeturas<\/h2>\n<div class=\"text testimonial_rotator_description\">\n<div class=\"testimonial_rotator_quote\">\n\" APS Lighting ha sido una gran ayuda para la mina a la hora de encontrar la mejor iluminaci\u00f3n para cada m\u00e1quina y aplicaci\u00f3n. Se tomaron el tiempo de crear una iluminaci\u00f3n adecuada para cada m\u00e1quina que inclu\u00eda un estudio de iluminaci\u00f3n que ayud\u00f3 a eliminar las conjeturas. \"<\/div>\n<div class=\"testimonial_rotator_author_info cf-tr\">\n<p><strong>Jim Valora<\/strong><br \/>\nSuperintendente de Ejecuci\u00f3n de Mantenimiento de Material Rodante<br \/>\n<em>Carb\u00f3n de Nuevo M\u00e9xico, carb\u00f3n energ\u00e9tico<\/em><\/p>\n<\/div>\n<\/div>\n\t<div class=\"testimonial_rotator_microdata\">\n\t<div class=\"item\"><div class=\"fn\">APS<\/div><\/div>\n\t<div class=\"rating\">5<\/div>\n\t<div class=\"dtreviewed\"> 2020-09-08T17:42:32-07:00<\/div>\t<div class=\"reviewer\"> \t<div class=\"fn\"> <p><strong>Jim Valora<\/strong><br \/>\nSuperintendente de Ejecuci\u00f3n de Mantenimiento de Material Rodante<br \/>\n<em>Carb\u00f3n de Nuevo M\u00e9xico, carb\u00f3n energ\u00e9tico<\/em><\/p>\n<\/div>\t<\/div>\" APS Lighting ha sido una gran ayuda para la mina a la hora de encontrar la mejor iluminaci\u00f3n para cada m\u00e1quina y aplicaci\u00f3n. Se tomaron el tiempo de crear una iluminaci\u00f3n adecuada para cada m\u00e1quina que inclu\u00eda un estudio de iluminaci\u00f3n que ayud\u00f3 a eliminar las conjeturas. \"\t<div class=\"summary\"> <\/div>\t<div class=\"permalink\"> https:\/\/aps-supply.com\/es\/testimonios\/ayudo-a-eliminar-las-conjeturas\/<\/div>\t<\/div><!-- .testimonial_rotator_microdata -->\n<\/div>\n<div class=\"slide slide3 testimonial_rotator_slide hreview itemreviewed item has-image cf-tr\">\n<div class=\"testimonial_rotator_stars cf-tr\">\n\t<span class=\"testimonial_rotator_star testimonial_rotator_star_1\"><i class=\"fa fa-star\"><\/i><\/span>\t<span class=\"testimonial_rotator_star testimonial_rotator_star_2\"><i class=\"fa fa-star\"><\/i><\/span>\t<span class=\"testimonial_rotator_star testimonial_rotator_star_3\"><i class=\"fa fa-star\"><\/i><\/span>\t<span class=\"testimonial_rotator_star testimonial_rotator_star_4\"><i class=\"fa fa-star\"><\/i><\/span>\t<span class=\"testimonial_rotator_star testimonial_rotator_star_5\"><i class=\"fa fa-star\"><\/i><\/span><\/div>\n<h2 class=\"testimonial_rotator_slide_title\">Gran servicio al cliente y productos<\/h2>\n<div class=\"text testimonial_rotator_description\">\n<div class=\"testimonial_rotator_quote\">\n\" Gran servicio al cliente y productos. El True North Gear es de primera. \"<\/div>\n\t<div class=\"testimonial_rotator_img img\"><img loading=\"lazy\" decoding=\"async\" width=\"200\" height=\"200\" src=\"https:\/\/aps-supply.com\/wp-content\/uploads\/2020\/09\/Rural_Fire_Service_QLD_logo.png\" class=\"attachment-large size-large wp-post-image\" alt=\"\" srcset=\"https:\/\/aps-supply.com\/wp-content\/uploads\/2020\/09\/Rural_Fire_Service_QLD_logo.png 200w, https:\/\/aps-supply.com\/wp-content\/uploads\/2020\/09\/Rural_Fire_Service_QLD_logo-150x150.png 150w, https:\/\/aps-supply.com\/wp-content\/uploads\/2020\/09\/Rural_Fire_Service_QLD_logo-100x100.png 100w\" sizes=\"auto, (max-width: 200px) 100vw, 200px\" \/><\/div>\n<div class=\"testimonial_rotator_author_info cf-tr\">\n<p><strong>Charles Wimberley<\/strong><br \/>\nBombero Voluntario<br \/>\n<em>Servicio de Bomberos Rurales, Queensland, Australia<\/em><\/p>\n<\/div>\n<\/div>\n\t<div class=\"testimonial_rotator_microdata\">\n\t<div class=\"item\"><div class=\"fn\">APS<\/div><\/div>\n\t<div class=\"rating\">5<\/div>\n\t<div class=\"dtreviewed\"> 2020-09-08T19:05:04-07:00<\/div>\t<div class=\"reviewer\"> \t<div class=\"fn\"> <p><strong>Charles Wimberley<\/strong><br \/>\nBombero Voluntario<br \/>\n<em>Servicio de Bomberos Rurales, Queensland, Australia<\/em><\/p>\n<\/div><img loading=\"lazy\" decoding=\"async\" width=\"150\" height=\"150\" src=\"https:\/\/aps-supply.com\/wp-content\/uploads\/2020\/09\/Rural_Fire_Service_QLD_logo-150x150.png\" class=\"photo wp-post-image\" alt=\"\" srcset=\"https:\/\/aps-supply.com\/wp-content\/uploads\/2020\/09\/Rural_Fire_Service_QLD_logo-150x150.png 150w, https:\/\/aps-supply.com\/wp-content\/uploads\/2020\/09\/Rural_Fire_Service_QLD_logo-100x100.png 100w, https:\/\/aps-supply.com\/wp-content\/uploads\/2020\/09\/Rural_Fire_Service_QLD_logo.png 200w\" sizes=\"auto, (max-width: 150px) 100vw, 150px\" \/>\t<\/div>\" Gran servicio al cliente y productos. El True North Gear es de primera. \"\t<div class=\"summary\"> <\/div>\t<div class=\"permalink\"> https:\/\/aps-supply.com\/es\/testimonios\/gran-servicio-al-cliente-y-productos\/<\/div>\t<\/div><!-- .testimonial_rotator_microdata -->\n<\/div>\n<div class=\"slide slide4 testimonial_rotator_slide hreview itemreviewed item has-image cf-tr\">\n<div class=\"testimonial_rotator_stars cf-tr\">\n\t<span class=\"testimonial_rotator_star testimonial_rotator_star_1\"><i class=\"fa fa-star\"><\/i><\/span>\t<span class=\"testimonial_rotator_star testimonial_rotator_star_2\"><i class=\"fa fa-star\"><\/i><\/span>\t<span class=\"testimonial_rotator_star testimonial_rotator_star_3\"><i class=\"fa fa-star\"><\/i><\/span>\t<span class=\"testimonial_rotator_star testimonial_rotator_star_4\"><i class=\"fa fa-star\"><\/i><\/span>\t<span class=\"testimonial_rotator_star testimonial_rotator_star_5\"><i class=\"fa fa-star\"><\/i><\/span><\/div>\n<h2 class=\"testimonial_rotator_slide_title\">Recomiendo encarecidamente sus productos<\/h2>\n<div class=\"text testimonial_rotator_description\">\n<div class=\"testimonial_rotator_quote\">\n\" Impresionante servicio al cliente de Todd. Recomiendo encarecidamente sus productos. \"<\/div>\n\t<div class=\"testimonial_rotator_img img\"><img loading=\"lazy\" decoding=\"async\" width=\"200\" height=\"200\" src=\"https:\/\/aps-supply.com\/wp-content\/uploads\/2020\/09\/Rio_Tinto_logo.png\" class=\"attachment-large size-large wp-post-image\" alt=\"\" srcset=\"https:\/\/aps-supply.com\/wp-content\/uploads\/2020\/09\/Rio_Tinto_logo.png 200w, https:\/\/aps-supply.com\/wp-content\/uploads\/2020\/09\/Rio_Tinto_logo-150x150.png 150w, https:\/\/aps-supply.com\/wp-content\/uploads\/2020\/09\/Rio_Tinto_logo-100x100.png 100w\" sizes=\"auto, (max-width: 200px) 100vw, 200px\" \/><\/div>\n<div class=\"testimonial_rotator_author_info cf-tr\">\n<p><strong>Stephen Fanias<\/strong><br \/>\nSupervisor el\u00e9ctrico<br \/>\n<em>R\u00edo Tinto<\/em><\/p>\n<\/div>\n<\/div>\n\t<div class=\"testimonial_rotator_microdata\">\n\t<div class=\"item\"><div class=\"fn\">APS<\/div><\/div>\n\t<div class=\"rating\">5<\/div>\n\t<div class=\"dtreviewed\"> 2020-09-08T18:09:34-07:00<\/div>\t<div class=\"reviewer\"> \t<div class=\"fn\"> <p><strong>Stephen Fanias<\/strong><br \/>\nSupervisor el\u00e9ctrico<br \/>\n<em>R\u00edo Tinto<\/em><\/p>\n<\/div><img loading=\"lazy\" decoding=\"async\" width=\"150\" height=\"150\" src=\"https:\/\/aps-supply.com\/wp-content\/uploads\/2020\/09\/Rio_Tinto_logo-150x150.png\" class=\"photo wp-post-image\" alt=\"\" srcset=\"https:\/\/aps-supply.com\/wp-content\/uploads\/2020\/09\/Rio_Tinto_logo-150x150.png 150w, https:\/\/aps-supply.com\/wp-content\/uploads\/2020\/09\/Rio_Tinto_logo-100x100.png 100w, https:\/\/aps-supply.com\/wp-content\/uploads\/2020\/09\/Rio_Tinto_logo.png 200w\" sizes=\"auto, (max-width: 150px) 100vw, 150px\" \/>\t<\/div>\" Impresionante servicio al cliente de Todd. Recomiendo encarecidamente sus productos. \"\t<div class=\"summary\"> <\/div>\t<div class=\"permalink\"> https:\/\/aps-supply.com\/es\/testimonios\/recomiendo-encarecidamente-sus-productos\/<\/div>\t<\/div><!-- .testimonial_rotator_microdata -->\n<\/div>\n<div class=\"slide slide5 testimonial_rotator_slide hreview itemreviewed item has-image cf-tr\">\n<div class=\"testimonial_rotator_stars cf-tr\">\n\t<span class=\"testimonial_rotator_star testimonial_rotator_star_1\"><i class=\"fa fa-star\"><\/i><\/span>\t<span class=\"testimonial_rotator_star testimonial_rotator_star_2\"><i class=\"fa fa-star\"><\/i><\/span>\t<span class=\"testimonial_rotator_star testimonial_rotator_star_3\"><i class=\"fa fa-star\"><\/i><\/span>\t<span class=\"testimonial_rotator_star testimonial_rotator_star_4\"><i class=\"fa fa-star\"><\/i><\/span>\t<span class=\"testimonial_rotator_star testimonial_rotator_star_5\"><i class=\"fa fa-star\"><\/i><\/span><\/div>\n<h2 class=\"testimonial_rotator_slide_title\">Siempre ha superado las expectativas<\/h2>\n<div class=\"text testimonial_rotator_description\">\n<div class=\"testimonial_rotator_quote\">\n\" Apreciamos trabajar con APS Lighting &amp; Safety Products por la calidad de su gente, su pasi\u00f3n y su servicio al cliente. APS tiene una gran experiencia con su gama de productos, adem\u00e1s de soluciones nuevas e innovadoras. Recibimos un apoyo excelente de su equipo de ventas y sus recomendaciones de productos siempre han superado las expectativas. \"<\/div>\n\t<div class=\"testimonial_rotator_img img\"><img loading=\"lazy\" decoding=\"async\" width=\"200\" height=\"200\" src=\"https:\/\/aps-supply.com\/wp-content\/uploads\/2020\/09\/G3_Innovaciones_200px.png\" class=\"attachment-large size-large wp-post-image\" alt=\"\" srcset=\"https:\/\/aps-supply.com\/wp-content\/uploads\/2020\/09\/G3_Innovaciones_200px.png 200w, https:\/\/aps-supply.com\/wp-content\/uploads\/2020\/09\/G3_Innovaciones_200px-150x150.png 150w, https:\/\/aps-supply.com\/wp-content\/uploads\/2020\/09\/G3_Innovaciones_200px-100x100.png 100w\" sizes=\"auto, (max-width: 200px) 100vw, 200px\" \/><\/div>\n<div class=\"testimonial_rotator_author_info cf-tr\">\n<p><strong>Ing. Alejandro Higuera<\/strong><br \/>\nAsesor de proyectos y servicios<br \/>\n<em>G3 INNOVACIONES SAPI DE CV<\/em><\/p>\n<\/div>\n<\/div>\n\t<div class=\"testimonial_rotator_microdata\">\n\t<div class=\"item\"><div class=\"fn\">APS<\/div><\/div>\n\t<div class=\"rating\">5<\/div>\n\t<div class=\"dtreviewed\"> 2020-09-08T18:07:17-07:00<\/div>\t<div class=\"reviewer\"> \t<div class=\"fn\"> <p><strong>Ing. Alejandro Higuera<\/strong><br \/>\nAsesor de proyectos y servicios<br \/>\n<em>G3 INNOVACIONES SAPI DE CV<\/em><\/p>\n<\/div><img loading=\"lazy\" decoding=\"async\" width=\"150\" height=\"150\" src=\"https:\/\/aps-supply.com\/wp-content\/uploads\/2020\/09\/G3_Innovaciones_200px-150x150.png\" class=\"photo wp-post-image\" alt=\"\" srcset=\"https:\/\/aps-supply.com\/wp-content\/uploads\/2020\/09\/G3_Innovaciones_200px-150x150.png 150w, https:\/\/aps-supply.com\/wp-content\/uploads\/2020\/09\/G3_Innovaciones_200px-100x100.png 100w, https:\/\/aps-supply.com\/wp-content\/uploads\/2020\/09\/G3_Innovaciones_200px.png 200w\" sizes=\"auto, (max-width: 150px) 100vw, 150px\" \/>\t<\/div>\" Apreciamos trabajar con APS Lighting &amp; Safety Products por la calidad de su gente, su pasi\u00f3n y su servicio al cliente. APS tiene una gran experiencia con su gama de productos, adem\u00e1s de soluciones nuevas e innovadoras. Recibimos un apoyo excelente de su equipo de ventas y sus recomendaciones de productos siempre han superado las expectativas. \"\t<div class=\"summary\"> <\/div>\t<div class=\"permalink\"> https:\/\/aps-supply.com\/es\/testimonios\/siempre-ha-superado-las-expectativas\/<\/div>\t<\/div><!-- .testimonial_rotator_microdata -->\n<\/div>\n<div class=\"testimonial_rotator_microdata\">\n\t<div class=\"rating\">5<\/div>\n\t<div class=\"count\">5<\/div>\n\t<div class=\"item\"><div class=\"fn\">APS<\/div><\/div>\n<\/div>\n<\/div><!-- #testimonial_rotator_19374 -->\n<div class=\"testimonial_rotator_nav\">\t<div class=\"testimonial_rotator_prev\"><i class=\"fa fa-chevron-left\"><\/i><\/div>\t<div class=\"testimonial_rotator_next\"><i class=\"fa fa-chevron-right\"><\/i><\/div><\/div>\n<\/div><!-- .testimonial_rotator_wrap -->\n\n\n<p>&nbsp;<\/p>\n<h3>M\u00e1s testimonios<\/h3>\n<blockquote style=\"background-color: #f7f7f7;\"><p><em>\" Recurrimos a APS Lighting &amp; Safety por su disposici\u00f3n a trabajar en problemas espec\u00edficos que tenemos en la mina. Han participado en estudios e iniciativas a nivel de la mina para abordar problemas espec\u00edficos de seguridad o ideas para mejorar la eficiencia o simplemente ahorrar dinero. APS ha ido m\u00e1s all\u00e1 de la llamada del deber para ser el enlace entre la mina El Segundo y el fabricante de productos espec\u00edficos. Desafiaron a los fabricantes a realizar cambios o ajustes basados en nuestras necesidades o ideas. <\/em><\/p>\n<p>Creo que la otra raz\u00f3n por la que preferimos APS es la amplia variedad de servicios que ofrecen. APS nos ha ayudado con c\u00e1maras de seguridad, sensores de detecci\u00f3n de objetos y, por supuesto, iluminaci\u00f3n. Muchos de los proyectos en los que nos han ayudado se han convertido en las mejores pr\u00e1cticas de Peabody para todas nuestras operaciones de superficie en Am\u00e9rica.<\/p>\n<p>S\u00e9 que puede que no lo digamos lo bastante a menudo, pero apreciamos de verdad a APS y su voluntad de ir m\u00e1s all\u00e1 para hacer realidad nuestras visiones. \"<\/p>\n<p><strong>Peabody Energ\u00eda<\/strong><\/p><\/blockquote>\n<p>&nbsp;<\/p>\n<blockquote style=\"background-color: #f7f7f7;\"><p><em>\" Su empresa ofrece luces que mis clientes est\u00e1n comprando. Ustedes ofrecen un buen servicio al cliente y disponibilidad de piezas. \"<\/em><\/p>\n<p><strong>Piezas pesadas<\/strong><\/p><\/blockquote>\n<p>&nbsp;<\/p>\n<blockquote style=\"background-color: #f7f7f7;\"><p><em>\" Stock, Respuesta r\u00e1pida, Env\u00edo, Experiencia, Relaci\u00f3n. \"<\/em><\/p>\n<p><strong>Drilltech M\u00e9xico<\/strong><\/p><\/blockquote>\n<p>&nbsp;<\/p>\n<blockquote style=\"background-color: #f7f7f7;\"><p><em>\" Calidad, precio asequible y gran atenci\u00f3n al cliente. \"<\/em><\/p>\n<p><strong>Ledcor<\/strong><\/p><\/blockquote>\n<style>\n.inner-content .right-sidebar {<br \/>    border-top: solid 4px #ffffff;<br \/>}<br \/><\/style>","protected":false},"excerpt":{"rendered":"<p>The team at APS Lighting &amp; Safety Products strives for first-class customer service to ensure you will be 100% satisfied in dealing with our company.\u00a0 We pride ourselves on a high standard of service from enquiry to delivery, and continue to work hard to exceed your expectations. Below you will find a selection of testimonials <a href=\"https:\/\/aps-supply.com\/es\/testimonios\/ayudo-a-eliminar-las-conjeturas\/\" class=\"testimonial-rotator-view-more\">Ver \u2192 Completo<\/a><\/p>","protected":false},"author":6,"featured_media":0,"parent":0,"menu_order":0,"comment_status":"closed","ping_status":"closed","template":"","meta":{"_acf_changed":false,"footnotes":""},"class_list":["post-19345","page","type-page","status-publish","hentry"],"acf":[],"yoast_head":"<!-- This site is optimized with the Yoast SEO Premium plugin v26.9 (Yoast SEO v26.9) - https:\/\/yoast.com\/product\/yoast-seo-premium-wordpress\/ -->\n<title>Testimonials - APS<\/title>\n<meta name=\"robots\" content=\"noindex, nofollow\" \/>\n<meta property=\"og:locale\" content=\"es_ES\" \/>\n<meta property=\"og:type\" content=\"article\" \/>\n<meta property=\"og:title\" content=\"Testimonials\" \/>\n<meta property=\"og:description\" content=\"The team at APS Lighting &amp; Safety Products strives for first-class customer service to ensure you will be 100% satisfied in dealing with our company.\u00a0 We pride ourselves on a high standard of service from enquiry to delivery, and continue to work hard to exceed your expectations. Below you will find a selection of testimonials View Full &rarr;\" \/>\n<meta property=\"og:url\" content=\"https:\/\/aps-supply.com\/es\/testimonios-de-aps\/\" \/>\n<meta property=\"og:site_name\" content=\"APS\" \/>\n<meta property=\"article:publisher\" content=\"https:\/\/www.facebook.com\/pages\/APS-Lighting-and-Safety-Products\/499382100107067\" \/>\n<meta property=\"article:modified_time\" content=\"2021-05-12T03:58:53+00:00\" \/>\n<meta name=\"twitter:card\" content=\"summary_large_image\" \/>\n<meta name=\"twitter:site\" content=\"@APSLighting_JB\" \/>\n<meta name=\"twitter:label1\" content=\"Tiempo de lectura\" \/>\n\t<meta name=\"twitter:data1\" content=\"1 minuto\" \/>\n<script type=\"application\/ld+json\" class=\"yoast-schema-graph\">{\"@context\":\"https:\/\/schema.org\",\"@graph\":[{\"@type\":\"WebPage\",\"@id\":\"https:\/\/aps-supply.com\/aps-testimonials\/\",\"url\":\"https:\/\/aps-supply.com\/aps-testimonials\/\",\"name\":\"Testimonials - APS\",\"isPartOf\":{\"@id\":\"https:\/\/aps-supply.com\/#website\"},\"datePublished\":\"2020-09-08T03:20:03+00:00\",\"dateModified\":\"2021-05-12T03:58:53+00:00\",\"breadcrumb\":{\"@id\":\"https:\/\/aps-supply.com\/aps-testimonials\/#breadcrumb\"},\"inLanguage\":\"es-CO\",\"potentialAction\":[{\"@type\":\"ReadAction\",\"target\":[\"https:\/\/aps-supply.com\/aps-testimonials\/\"]}]},{\"@type\":\"BreadcrumbList\",\"@id\":\"https:\/\/aps-supply.com\/aps-testimonials\/#breadcrumb\",\"itemListElement\":[{\"@type\":\"ListItem\",\"position\":1,\"name\":\"Home\",\"item\":\"https:\/\/aps-supply.com\/\"},{\"@type\":\"ListItem\",\"position\":2,\"name\":\"Testimonials\"}]},{\"@type\":\"WebSite\",\"@id\":\"https:\/\/aps-supply.com\/#website\",\"url\":\"https:\/\/aps-supply.com\/\",\"name\":\"APS\",\"description\":\"Lighting &amp; Safety\",\"publisher\":{\"@id\":\"https:\/\/aps-supply.com\/#organization\"},\"potentialAction\":[{\"@type\":\"SearchAction\",\"target\":{\"@type\":\"EntryPoint\",\"urlTemplate\":\"https:\/\/aps-supply.com\/?s={search_term_string}\"},\"query-input\":{\"@type\":\"PropertyValueSpecification\",\"valueRequired\":true,\"valueName\":\"search_term_string\"}}],\"inLanguage\":\"es-CO\"},{\"@type\":\"Organization\",\"@id\":\"https:\/\/aps-supply.com\/#organization\",\"name\":\"APS Supply\",\"url\":\"https:\/\/aps-supply.com\/\",\"logo\":{\"@type\":\"ImageObject\",\"inLanguage\":\"es-CO\",\"@id\":\"https:\/\/aps-supply.com\/#\/schema\/logo\/image\/\",\"url\":\"https:\/\/aps-supply.com\/wp-content\/uploads\/2025\/07\/APS-Logo-Master_HD.png\",\"contentUrl\":\"https:\/\/aps-supply.com\/wp-content\/uploads\/2025\/07\/APS-Logo-Master_HD.png\",\"width\":26589,\"height\":6468,\"caption\":\"APS Supply\"},\"image\":{\"@id\":\"https:\/\/aps-supply.com\/#\/schema\/logo\/image\/\"},\"sameAs\":[\"https:\/\/www.facebook.com\/pages\/APS-Lighting-and-Safety-Products\/499382100107067\",\"https:\/\/x.com\/APSLighting_JB\",\"https:\/\/www.linkedin.com\/company\/aps-lighting-&-safety\/\",\"https:\/\/www.youtube.com\/@APSLightingandSafety\"]}]}<\/script>\n<!-- \/ Yoast SEO Premium plugin. -->","yoast_head_json":{"title":"Testimonios - APS","robots":{"index":"noindex","follow":"nofollow"},"og_locale":"es_ES","og_type":"article","og_title":"Testimonials","og_description":"The team at APS Lighting &amp; Safety Products strives for first-class customer service to ensure you will be 100% satisfied in dealing with our company.\u00a0 We pride ourselves on a high standard of service from enquiry to delivery, and continue to work hard to exceed your expectations. Below you will find a selection of testimonials View Full &rarr;","og_url":"https:\/\/aps-supply.com\/es\/testimonios-de-aps\/","og_site_name":"APS","article_publisher":"https:\/\/www.facebook.com\/pages\/APS-Lighting-and-Safety-Products\/499382100107067","article_modified_time":"2021-05-12T03:58:53+00:00","twitter_card":"summary_large_image","twitter_site":"@APSLighting_JB","twitter_misc":{"Tiempo de lectura":"1 minuto"},"schema":{"@context":"https:\/\/schema.org","@graph":[{"@type":"WebPage","@id":"https:\/\/aps-supply.com\/aps-testimonials\/","url":"https:\/\/aps-supply.com\/aps-testimonials\/","name":"Testimonios - APS","isPartOf":{"@id":"https:\/\/aps-supply.com\/#website"},"datePublished":"2020-09-08T03:20:03+00:00","dateModified":"2021-05-12T03:58:53+00:00","breadcrumb":{"@id":"https:\/\/aps-supply.com\/aps-testimonials\/#breadcrumb"},"inLanguage":"es-CO","potentialAction":[{"@type":"ReadAction","target":["https:\/\/aps-supply.com\/aps-testimonials\/"]}]},{"@type":"BreadcrumbList","@id":"https:\/\/aps-supply.com\/aps-testimonials\/#breadcrumb","itemListElement":[{"@type":"ListItem","position":1,"name":"Home","item":"https:\/\/aps-supply.com\/"},{"@type":"ListItem","position":2,"name":"Testimonials"}]},{"@type":"WebSite","@id":"https:\/\/aps-supply.com\/#website","url":"https:\/\/aps-supply.com\/","name":"APS","description":"Iluminaci\u00f3n y seguridad","publisher":{"@id":"https:\/\/aps-supply.com\/#organization"},"potentialAction":[{"@type":"SearchAction","target":{"@type":"EntryPoint","urlTemplate":"https:\/\/aps-supply.com\/?s={search_term_string}"},"query-input":{"@type":"PropertyValueSpecification","valueRequired":true,"valueName":"search_term_string"}}],"inLanguage":"es-CO"},{"@type":"Organization","@id":"https:\/\/aps-supply.com\/#organization","name":"Suministros APS","url":"https:\/\/aps-supply.com\/","logo":{"@type":"ImageObject","inLanguage":"es-CO","@id":"https:\/\/aps-supply.com\/#\/schema\/logo\/image\/","url":"https:\/\/aps-supply.com\/wp-content\/uploads\/2025\/07\/APS-Logo-Master_HD.png","contentUrl":"https:\/\/aps-supply.com\/wp-content\/uploads\/2025\/07\/APS-Logo-Master_HD.png","width":26589,"height":6468,"caption":"APS Supply"},"image":{"@id":"https:\/\/aps-supply.com\/#\/schema\/logo\/image\/"},"sameAs":["https:\/\/www.facebook.com\/pages\/APS-Lighting-and-Safety-Products\/499382100107067","https:\/\/x.com\/APSLighting_JB","https:\/\/www.linkedin.com\/company\/aps-lighting-&-safety\/","https:\/\/www.youtube.com\/@APSLightingandSafety"]}]}},"_links":{"self":[{"href":"https:\/\/aps-supply.com\/es\/wp-json\/wp\/v2\/pages\/19345","targetHints":{"allow":["GET"]}}],"collection":[{"href":"https:\/\/aps-supply.com\/es\/wp-json\/wp\/v2\/pages"}],"about":[{"href":"https:\/\/aps-supply.com\/es\/wp-json\/wp\/v2\/types\/page"}],"author":[{"embeddable":true,"href":"https:\/\/aps-supply.com\/es\/wp-json\/wp\/v2\/users\/6"}],"replies":[{"embeddable":true,"href":"https:\/\/aps-supply.com\/es\/wp-json\/wp\/v2\/comments?post=19345"}],"version-history":[{"count":0,"href":"https:\/\/aps-supply.com\/es\/wp-json\/wp\/v2\/pages\/19345\/revisions"}],"wp:attachment":[{"href":"https:\/\/aps-supply.com\/es\/wp-json\/wp\/v2\/media?parent=19345"}],"curies":[{"name":"wp","href":"https:\/\/api.w.org\/{rel}","templated":true}]}}