{"id":19854,"date":"2020-11-10T21:11:32","date_gmt":"2020-11-11T05:11:32","guid":{"rendered":"https:\/\/aps-supply.com\/?page_id=19854"},"modified":"2021-09-21T21:47:02","modified_gmt":"2021-09-22T04:47:02","slug":"cargadoras-reversibles-en-entornos-polvorientos","status":"publish","type":"page","link":"https:\/\/aps-supply.com\/es\/casos-practicos\/cargadoras-reversibles-en-entornos-polvorientos\/","title":{"rendered":"Caso pr\u00e1ctico: Cargadoras reversibles en entornos polvorientos"},"content":{"rendered":"<h3>Alcance del proyecto:<\/h3>\n<p><img loading=\"lazy\" decoding=\"async\" class=\"alignright size-full wp-image-19240\" src=\"https:\/\/aps-supply.com\/wp-content\/uploads\/2020\/08\/APS_Lighting_Safety_Lighting_Solution_for_Reversing_Loaders_in_Dusty_Environments_image1b.jpg\" alt=\"APS Lighting Safety - Soluci\u00f3n de iluminaci\u00f3n para cargadoras reversibles en entornos polvorientos\" width=\"600\" height=\"450\" srcset=\"https:\/\/aps-supply.com\/wp-content\/uploads\/2020\/08\/APS_Lighting_Safety_Lighting_Solution_for_Reversing_Loaders_in_Dusty_Environments_image1b.jpg 600w, https:\/\/aps-supply.com\/wp-content\/uploads\/2020\/08\/APS_Lighting_Safety_Lighting_Solution_for_Reversing_Loaders_in_Dusty_Environments_image1b-300x225.jpg 300w\" sizes=\"auto, (max-width: 600px) 100vw, 600px\" \/>Los conductores de las palas cargadoras chocaban accidentalmente contra un muro de acero mientras retroced\u00edan para descargar debido a un entorno operativo muy polvoriento, lo que contribu\u00eda a dificultar la visi\u00f3n del conductor. Se necesitaba una soluci\u00f3n de iluminaci\u00f3n que penetrara mejor en el polvo, mejorara la visibilidad de los operarios y redujera el n\u00famero de colisiones entre el veh\u00edculo y la pared.<\/p>\n<h3>Soluci\u00f3n propuesta:<\/h3>\n<p>En lugar de montar las luces de zona roja en la m\u00e1quina, las instalamos en la pared. Esto ayud\u00f3 a iluminar la pared con luces de zona roja que se ve\u00edan f\u00e1cilmente a trav\u00e9s del espeso polvo. Las luces han estado funcionando con \u00e9xito durante m\u00e1s de 3 meses y en ese tiempo se han evitado todas las colisiones. Estas luces de zona roja se dise\u00f1aron originalmente para crear un per\u00edmetro alrededor de equipos pesados como palas, dragalinas y cargadoras, pero funcionan igual de bien marcando otras zonas peligrosas. Est\u00e1n fabricadas para resistir el calor y las vibraciones, y tienen la clasificaci\u00f3n IP69K. Su bajo consumo de corriente permite conectarlas en serie.<\/p>\n<p>Las soluciones no siempre son complejas. La experiencia en soluciones de iluminaci\u00f3n de CC y CA en entornos extremos permite a los clientes de APS utilizar una amplia gama de soluciones industriales que han demostrado su eficacia en condiciones de funcionamiento extremas.<\/p>\n<p>El equipo de APS est\u00e1 deseando hablar con su equipo sobre esta soluci\u00f3n y sobre c\u00f3mo puede ayudar a mejorar la seguridad de sus obras y reducir las colisiones.<\/p>\n<p><img loading=\"lazy\" decoding=\"async\" class=\"alignnone size-full wp-image-19244\" src=\"https:\/\/aps-supply.com\/wp-content\/uploads\/2020\/08\/APS_Lighting_Safety_Lighting_Solution_for_Reversing_Loaders_in_Dusty_Environments_image4.jpg\" alt=\"APS Lighting Safety - Soluci\u00f3n de iluminaci\u00f3n para cargadoras reversibles en entornos polvorientos\" width=\"1240\" height=\"450\" srcset=\"https:\/\/aps-supply.com\/wp-content\/uploads\/2020\/08\/APS_Lighting_Safety_Lighting_Solution_for_Reversing_Loaders_in_Dusty_Environments_image4.jpg 1240w, https:\/\/aps-supply.com\/wp-content\/uploads\/2020\/08\/APS_Lighting_Safety_Lighting_Solution_for_Reversing_Loaders_in_Dusty_Environments_image4-300x109.jpg 300w, https:\/\/aps-supply.com\/wp-content\/uploads\/2020\/08\/APS_Lighting_Safety_Lighting_Solution_for_Reversing_Loaders_in_Dusty_Environments_image4-768x279.jpg 768w, https:\/\/aps-supply.com\/wp-content\/uploads\/2020\/08\/APS_Lighting_Safety_Lighting_Solution_for_Reversing_Loaders_in_Dusty_Environments_image4-1024x372.jpg 1024w\" sizes=\"auto, (max-width: 1240px) 100vw, 1240px\" \/><\/p>","protected":false},"excerpt":{"rendered":"<p>Alcance del proyecto: Los conductores de las palas cargadoras chocaban accidentalmente contra un muro de acero mientras retroced\u00edan para descargar debido a un entorno operativo muy polvoriento, lo que contribu\u00eda a dificultar la visi\u00f3n del conductor. Se necesitaba una soluci\u00f3n de iluminaci\u00f3n que penetrara mejor en el polvo, mejorara la visibilidad del operario y redujera el n\u00famero de colisiones entre el veh\u00edculo y la pared. Soluci\u00f3n propuesta: En lugar de montar el...<\/p>","protected":false},"author":6,"featured_media":22124,"parent":7632,"menu_order":0,"comment_status":"closed","ping_status":"closed","template":"","meta":{"_acf_changed":false,"footnotes":""},"class_list":["post-19854","page","type-page","status-publish","has-post-thumbnail","hentry","case-study-category-general-case-studies"],"acf":[],"yoast_head":"<!-- This site is optimized with the Yoast SEO Premium plugin v26.9 (Yoast SEO v26.9) - https:\/\/yoast.com\/product\/yoast-seo-premium-wordpress\/ -->\n<title>Case Study: Reversing Loaders in Dusty Environments - APS<\/title>\n<meta name=\"description\" content=\"Loader drivers were accidentally hitting a steel wall whilst backing up to unload due to a very dusty operating environment, contributing to impaired driver vision. A lighting solution was required to better penetrate the dust, improve operator visibility and reduce the number of vehicle to wall collisions.\" \/>\n<meta name=\"robots\" content=\"noindex, nofollow\" \/>\n<meta property=\"og:locale\" content=\"es_ES\" \/>\n<meta property=\"og:type\" content=\"article\" \/>\n<meta property=\"og:title\" content=\"Case Study: Reversing Loaders in Dusty Environments\" \/>\n<meta property=\"og:description\" content=\"Loader drivers were accidentally hitting a steel wall whilst backing up to unload due to a very dusty operating environment, contributing to impaired driver vision. A lighting solution was required to better penetrate the dust, improve operator visibility and reduce the number of vehicle to wall collisions.\" \/>\n<meta property=\"og:url\" content=\"https:\/\/aps-supply.com\/es\/casos-practicos\/cargadoras-reversibles-en-entornos-polvorientos\/\" \/>\n<meta property=\"og:site_name\" content=\"APS\" \/>\n<meta property=\"article:publisher\" content=\"https:\/\/www.facebook.com\/pages\/APS-Lighting-and-Safety-Products\/499382100107067\" \/>\n<meta property=\"article:modified_time\" content=\"2021-09-22T04:47:02+00:00\" \/>\n<meta property=\"og:image\" content=\"https:\/\/aps-supply.com\/wp-content\/uploads\/2021\/09\/APS_Lighting_Safety_Lighting_Solution_for_Reversing_Loaders_in_Dusty_Environments_feature.jpg\" \/>\n\t<meta property=\"og:image:width\" content=\"1200\" \/>\n\t<meta property=\"og:image:height\" content=\"770\" \/>\n\t<meta property=\"og:image:type\" content=\"image\/jpeg\" \/>\n<meta name=\"twitter:card\" content=\"summary_large_image\" \/>\n<meta name=\"twitter:site\" content=\"@APSLighting_JB\" \/>\n<meta name=\"twitter:label1\" content=\"Tiempo de lectura\" \/>\n\t<meta name=\"twitter:data1\" content=\"2 minutos\" \/>\n<script type=\"application\/ld+json\" class=\"yoast-schema-graph\">{\"@context\":\"https:\/\/schema.org\",\"@graph\":[{\"@type\":\"WebPage\",\"@id\":\"https:\/\/aps-supply.com\/case-studies\/reversing-loaders-in-dusty-environments\/\",\"url\":\"https:\/\/aps-supply.com\/case-studies\/reversing-loaders-in-dusty-environments\/\",\"name\":\"Case Study: Reversing Loaders in Dusty Environments - APS\",\"isPartOf\":{\"@id\":\"https:\/\/aps-supply.com\/#website\"},\"primaryImageOfPage\":{\"@id\":\"https:\/\/aps-supply.com\/case-studies\/reversing-loaders-in-dusty-environments\/#primaryimage\"},\"image\":{\"@id\":\"https:\/\/aps-supply.com\/case-studies\/reversing-loaders-in-dusty-environments\/#primaryimage\"},\"thumbnailUrl\":\"https:\/\/aps-supply.com\/wp-content\/uploads\/2021\/09\/APS_Lighting_Safety_Lighting_Solution_for_Reversing_Loaders_in_Dusty_Environments_feature.jpg\",\"datePublished\":\"2020-11-11T05:11:32+00:00\",\"dateModified\":\"2021-09-22T04:47:02+00:00\",\"description\":\"Loader drivers were accidentally hitting a steel wall whilst backing up to unload due to a very dusty operating environment, contributing to impaired driver vision. A lighting solution was required to better penetrate the dust, improve operator visibility and reduce the number of vehicle to wall collisions.\",\"breadcrumb\":{\"@id\":\"https:\/\/aps-supply.com\/case-studies\/reversing-loaders-in-dusty-environments\/#breadcrumb\"},\"inLanguage\":\"es-CO\",\"potentialAction\":[{\"@type\":\"ReadAction\",\"target\":[\"https:\/\/aps-supply.com\/case-studies\/reversing-loaders-in-dusty-environments\/\"]}]},{\"@type\":\"ImageObject\",\"inLanguage\":\"es-CO\",\"@id\":\"https:\/\/aps-supply.com\/case-studies\/reversing-loaders-in-dusty-environments\/#primaryimage\",\"url\":\"https:\/\/aps-supply.com\/wp-content\/uploads\/2021\/09\/APS_Lighting_Safety_Lighting_Solution_for_Reversing_Loaders_in_Dusty_Environments_feature.jpg\",\"contentUrl\":\"https:\/\/aps-supply.com\/wp-content\/uploads\/2021\/09\/APS_Lighting_Safety_Lighting_Solution_for_Reversing_Loaders_in_Dusty_Environments_feature.jpg\",\"width\":1200,\"height\":770},{\"@type\":\"BreadcrumbList\",\"@id\":\"https:\/\/aps-supply.com\/case-studies\/reversing-loaders-in-dusty-environments\/#breadcrumb\",\"itemListElement\":[{\"@type\":\"ListItem\",\"position\":1,\"name\":\"Home\",\"item\":\"https:\/\/aps-supply.com\/\"},{\"@type\":\"ListItem\",\"position\":2,\"name\":\"Case Studies\",\"item\":\"https:\/\/aps-supply.com\/case-studies\/\"},{\"@type\":\"ListItem\",\"position\":3,\"name\":\"Case Study: Reversing Loaders in Dusty Environments\"}]},{\"@type\":\"WebSite\",\"@id\":\"https:\/\/aps-supply.com\/#website\",\"url\":\"https:\/\/aps-supply.com\/\",\"name\":\"APS\",\"description\":\"Lighting &amp; Safety\",\"publisher\":{\"@id\":\"https:\/\/aps-supply.com\/#organization\"},\"potentialAction\":[{\"@type\":\"SearchAction\",\"target\":{\"@type\":\"EntryPoint\",\"urlTemplate\":\"https:\/\/aps-supply.com\/?s={search_term_string}\"},\"query-input\":{\"@type\":\"PropertyValueSpecification\",\"valueRequired\":true,\"valueName\":\"search_term_string\"}}],\"inLanguage\":\"es-CO\"},{\"@type\":\"Organization\",\"@id\":\"https:\/\/aps-supply.com\/#organization\",\"name\":\"APS Supply\",\"url\":\"https:\/\/aps-supply.com\/\",\"logo\":{\"@type\":\"ImageObject\",\"inLanguage\":\"es-CO\",\"@id\":\"https:\/\/aps-supply.com\/#\/schema\/logo\/image\/\",\"url\":\"https:\/\/aps-supply.com\/wp-content\/uploads\/2025\/07\/APS-Logo-Master_HD.png\",\"contentUrl\":\"https:\/\/aps-supply.com\/wp-content\/uploads\/2025\/07\/APS-Logo-Master_HD.png\",\"width\":26589,\"height\":6468,\"caption\":\"APS Supply\"},\"image\":{\"@id\":\"https:\/\/aps-supply.com\/#\/schema\/logo\/image\/\"},\"sameAs\":[\"https:\/\/www.facebook.com\/pages\/APS-Lighting-and-Safety-Products\/499382100107067\",\"https:\/\/x.com\/APSLighting_JB\",\"https:\/\/www.linkedin.com\/company\/aps-lighting-&-safety\/\",\"https:\/\/www.youtube.com\/@APSLightingandSafety\"]}]}<\/script>\n<!-- \/ Yoast SEO Premium plugin. -->","yoast_head_json":{"title":"Caso pr\u00e1ctico: Cargadoras reversibles en entornos polvorientos - APS","description":"Los conductores de las palas cargadoras chocaban accidentalmente contra un muro de acero mientras retroced\u00edan para descargar debido a un entorno operativo muy polvoriento, lo que contribu\u00eda a dificultar la visi\u00f3n del conductor. Se necesitaba una soluci\u00f3n de iluminaci\u00f3n que penetrara mejor en el polvo, mejorara la visibilidad de los operarios y redujera el n\u00famero de colisiones entre el veh\u00edculo y la pared.","robots":{"index":"noindex","follow":"nofollow"},"og_locale":"es_ES","og_type":"article","og_title":"Case Study: Reversing Loaders in Dusty Environments","og_description":"Loader drivers were accidentally hitting a steel wall whilst backing up to unload due to a very dusty operating environment, contributing to impaired driver vision. A lighting solution was required to better penetrate the dust, improve operator visibility and reduce the number of vehicle to wall collisions.","og_url":"https:\/\/aps-supply.com\/es\/casos-practicos\/cargadoras-reversibles-en-entornos-polvorientos\/","og_site_name":"APS","article_publisher":"https:\/\/www.facebook.com\/pages\/APS-Lighting-and-Safety-Products\/499382100107067","article_modified_time":"2021-09-22T04:47:02+00:00","og_image":[{"width":1200,"height":770,"url":"https:\/\/aps-supply.com\/wp-content\/uploads\/2021\/09\/APS_Lighting_Safety_Lighting_Solution_for_Reversing_Loaders_in_Dusty_Environments_feature.jpg","type":"image\/jpeg"}],"twitter_card":"summary_large_image","twitter_site":"@APSLighting_JB","twitter_misc":{"Tiempo de lectura":"2 minutos"},"schema":{"@context":"https:\/\/schema.org","@graph":[{"@type":"WebPage","@id":"https:\/\/aps-supply.com\/case-studies\/reversing-loaders-in-dusty-environments\/","url":"https:\/\/aps-supply.com\/case-studies\/reversing-loaders-in-dusty-environments\/","name":"Caso pr\u00e1ctico: Cargadoras reversibles en entornos polvorientos - APS","isPartOf":{"@id":"https:\/\/aps-supply.com\/#website"},"primaryImageOfPage":{"@id":"https:\/\/aps-supply.com\/case-studies\/reversing-loaders-in-dusty-environments\/#primaryimage"},"image":{"@id":"https:\/\/aps-supply.com\/case-studies\/reversing-loaders-in-dusty-environments\/#primaryimage"},"thumbnailUrl":"https:\/\/aps-supply.com\/wp-content\/uploads\/2021\/09\/APS_Lighting_Safety_Lighting_Solution_for_Reversing_Loaders_in_Dusty_Environments_feature.jpg","datePublished":"2020-11-11T05:11:32+00:00","dateModified":"2021-09-22T04:47:02+00:00","description":"Los conductores de las palas cargadoras chocaban accidentalmente contra un muro de acero mientras retroced\u00edan para descargar debido a un entorno operativo muy polvoriento, lo que contribu\u00eda a dificultar la visi\u00f3n del conductor. Se necesitaba una soluci\u00f3n de iluminaci\u00f3n que penetrara mejor en el polvo, mejorara la visibilidad de los operarios y redujera el n\u00famero de colisiones entre el veh\u00edculo y la pared.","breadcrumb":{"@id":"https:\/\/aps-supply.com\/case-studies\/reversing-loaders-in-dusty-environments\/#breadcrumb"},"inLanguage":"es-CO","potentialAction":[{"@type":"ReadAction","target":["https:\/\/aps-supply.com\/case-studies\/reversing-loaders-in-dusty-environments\/"]}]},{"@type":"ImageObject","inLanguage":"es-CO","@id":"https:\/\/aps-supply.com\/case-studies\/reversing-loaders-in-dusty-environments\/#primaryimage","url":"https:\/\/aps-supply.com\/wp-content\/uploads\/2021\/09\/APS_Lighting_Safety_Lighting_Solution_for_Reversing_Loaders_in_Dusty_Environments_feature.jpg","contentUrl":"https:\/\/aps-supply.com\/wp-content\/uploads\/2021\/09\/APS_Lighting_Safety_Lighting_Solution_for_Reversing_Loaders_in_Dusty_Environments_feature.jpg","width":1200,"height":770},{"@type":"BreadcrumbList","@id":"https:\/\/aps-supply.com\/case-studies\/reversing-loaders-in-dusty-environments\/#breadcrumb","itemListElement":[{"@type":"ListItem","position":1,"name":"Home","item":"https:\/\/aps-supply.com\/"},{"@type":"ListItem","position":2,"name":"Case Studies","item":"https:\/\/aps-supply.com\/case-studies\/"},{"@type":"ListItem","position":3,"name":"Case Study: Reversing Loaders in Dusty Environments"}]},{"@type":"WebSite","@id":"https:\/\/aps-supply.com\/#website","url":"https:\/\/aps-supply.com\/","name":"APS","description":"Iluminaci\u00f3n y seguridad","publisher":{"@id":"https:\/\/aps-supply.com\/#organization"},"potentialAction":[{"@type":"SearchAction","target":{"@type":"EntryPoint","urlTemplate":"https:\/\/aps-supply.com\/?s={search_term_string}"},"query-input":{"@type":"PropertyValueSpecification","valueRequired":true,"valueName":"search_term_string"}}],"inLanguage":"es-CO"},{"@type":"Organization","@id":"https:\/\/aps-supply.com\/#organization","name":"Suministros APS","url":"https:\/\/aps-supply.com\/","logo":{"@type":"ImageObject","inLanguage":"es-CO","@id":"https:\/\/aps-supply.com\/#\/schema\/logo\/image\/","url":"https:\/\/aps-supply.com\/wp-content\/uploads\/2025\/07\/APS-Logo-Master_HD.png","contentUrl":"https:\/\/aps-supply.com\/wp-content\/uploads\/2025\/07\/APS-Logo-Master_HD.png","width":26589,"height":6468,"caption":"APS Supply"},"image":{"@id":"https:\/\/aps-supply.com\/#\/schema\/logo\/image\/"},"sameAs":["https:\/\/www.facebook.com\/pages\/APS-Lighting-and-Safety-Products\/499382100107067","https:\/\/x.com\/APSLighting_JB","https:\/\/www.linkedin.com\/company\/aps-lighting-&-safety\/","https:\/\/www.youtube.com\/@APSLightingandSafety"]}]}},"_links":{"self":[{"href":"https:\/\/aps-supply.com\/es\/wp-json\/wp\/v2\/pages\/19854","targetHints":{"allow":["GET"]}}],"collection":[{"href":"https:\/\/aps-supply.com\/es\/wp-json\/wp\/v2\/pages"}],"about":[{"href":"https:\/\/aps-supply.com\/es\/wp-json\/wp\/v2\/types\/page"}],"author":[{"embeddable":true,"href":"https:\/\/aps-supply.com\/es\/wp-json\/wp\/v2\/users\/6"}],"replies":[{"embeddable":true,"href":"https:\/\/aps-supply.com\/es\/wp-json\/wp\/v2\/comments?post=19854"}],"version-history":[{"count":0,"href":"https:\/\/aps-supply.com\/es\/wp-json\/wp\/v2\/pages\/19854\/revisions"}],"up":[{"embeddable":true,"href":"https:\/\/aps-supply.com\/es\/wp-json\/wp\/v2\/pages\/7632"}],"wp:featuredmedia":[{"embeddable":true,"href":"https:\/\/aps-supply.com\/es\/wp-json\/wp\/v2\/media\/22124"}],"wp:attachment":[{"href":"https:\/\/aps-supply.com\/es\/wp-json\/wp\/v2\/media?parent=19854"}],"curies":[{"name":"wp","href":"https:\/\/api.w.org\/{rel}","templated":true}]}}