{"id":20954,"date":"2021-05-13T19:55:09","date_gmt":"2021-05-14T02:55:09","guid":{"rendered":"https:\/\/aps-supply.com\/?page_id=20954"},"modified":"2021-05-31T18:59:07","modified_gmt":"2021-06-01T01:59:07","slug":"soluciones-de-iluminacion-optimizadas-equipos-pesados-flotas-moviles","status":"publish","type":"page","link":"https:\/\/aps-supply.com\/es\/servicios\/soluciones-de-iluminacion-optimizadas-equipos-pesados-flotas-moviles\/","title":{"rendered":"Soluciones de iluminaci\u00f3n optimizadas: Maquinaria pesada \/ Flotas m\u00f3viles"},"content":{"rendered":"<h3><strong>Qu\u00e9 puede esperar de APS:<\/strong><\/h3>\n<ul>\n<li><img loading=\"lazy\" decoding=\"async\" class=\"alignright wp-image-20961\" src=\"https:\/\/aps-supply.com\/wp-content\/uploads\/2021\/05\/APS_shovel_isolux_image_3-copy.png\" alt=\"\" width=\"613\" height=\"271\" srcset=\"https:\/\/aps-supply.com\/wp-content\/uploads\/2021\/05\/APS_shovel_isolux_image_3-copy.png 1000w, https:\/\/aps-supply.com\/wp-content\/uploads\/2021\/05\/APS_shovel_isolux_image_3-copy-300x133.png 300w, https:\/\/aps-supply.com\/wp-content\/uploads\/2021\/05\/APS_shovel_isolux_image_3-copy-768x339.png 768w\" sizes=\"auto, (max-width: 613px) 100vw, 613px\" \/>Comprender las normas de iluminaci\u00f3n de sus proyectos, las expectativas de vida \u00fatil de los productos y los retos a los que se enfrentan;<\/li>\n<li>Utilizar su experiencia colectiva para presentar a su equipo soluciones de mejores pr\u00e1cticas que funcionan;<\/li>\n<li>Comprender sus sistemas de compra e instalaci\u00f3n;<\/li>\n<li>Ser capaz de cumplir \u00edntegramente los plazos y el presupuesto;<\/li>\n<li>Aseg\u00farese de que cualquier soluci\u00f3n aumenta la disponibilidad y reduce el mantenimiento no programado;<\/li>\n<li>Proporcionar apoyo continuo y sin fisuras; y<\/li>\n<li>Invertir constantemente en soluciones innovadoras.<\/li>\n<\/ul>\n<p>Nuestro objetivo es reducir esa brecha que existe entre la productividad diurna y nocturna. Ya sea en la miner\u00eda, la construcci\u00f3n, la marina, la agricultura, la silvicultura, las flotas de servicios p\u00fablicos y emergencias y las aplicaciones industriales.<br \/>\n<img loading=\"lazy\" decoding=\"async\" class=\"alignright wp-image-20962\" src=\"https:\/\/aps-supply.com\/wp-content\/uploads\/2021\/05\/Komatsu-PC2000-Shovel-Line-drawings.png\" alt=\"\" width=\"570\" height=\"245\" srcset=\"https:\/\/aps-supply.com\/wp-content\/uploads\/2021\/05\/Komatsu-PC2000-Shovel-Line-drawings.png 1000w, https:\/\/aps-supply.com\/wp-content\/uploads\/2021\/05\/Komatsu-PC2000-Shovel-Line-drawings-300x129.png 300w, https:\/\/aps-supply.com\/wp-content\/uploads\/2021\/05\/Komatsu-PC2000-Shovel-Line-drawings-768x330.png 768w\" sizes=\"auto, (max-width: 570px) 100vw, 570px\" \/><\/p>\n<p>M\u00e1s luz no suele ser la mejor soluci\u00f3n. La clave est\u00e1 en seleccionar las luminarias adecuadas, la configuraci\u00f3n correcta (orientaci\u00f3n \/ inclinaci\u00f3n \/ posici\u00f3n de montaje) y asegurarse de que estas soluciones sean sencillas y repetibles.<\/p>\n<p>Esto implica mucho m\u00e1s que recomendar una luminaria. A nivel de tiendas, mantenimiento e instalaci\u00f3n, implica replantearse el sistema de etiquetado y proporcionar gu\u00edas de instalaci\u00f3n para que cada vez se instale correctamente el accesorio adecuado.<\/p>\n<h3><b>Flotas m\u00f3viles - Off Road:<\/b><\/h3>\n<p>Algunos de los problemas a los que se enfrentan a diario los clientes de APS son el deslumbramiento, los reflejos de los distintos materiales y superficies de la carretera, la niebla, el polvo, la lluvia, la nieve y el barro. Entender el tipo de operador: una persona en una cabina, a 2.500 km del emplazamiento en una ubicaci\u00f3n remota (utilizando c\u00e1maras \/ sensores) y veh\u00edculos aut\u00f3nomos, cambia la soluci\u00f3n.<\/p>\n<p><img loading=\"lazy\" decoding=\"async\" class=\"alignnone wp-image-20965\" src=\"https:\/\/aps-supply.com\/wp-content\/uploads\/2021\/05\/777-Haul-Truck-graphic.png\" alt=\"\" width=\"800\" height=\"256\" srcset=\"https:\/\/aps-supply.com\/wp-content\/uploads\/2021\/05\/777-Haul-Truck-graphic.png 1196w, https:\/\/aps-supply.com\/wp-content\/uploads\/2021\/05\/777-Haul-Truck-graphic-300x96.png 300w, https:\/\/aps-supply.com\/wp-content\/uploads\/2021\/05\/777-Haul-Truck-graphic-1024x327.png 1024w, https:\/\/aps-supply.com\/wp-content\/uploads\/2021\/05\/777-Haul-Truck-graphic-768x245.png 768w\" sizes=\"auto, (max-width: 800px) 100vw, 800px\" \/><\/p>\n<p>El contraste, la visibilidad y la percepci\u00f3n de la profundidad se ven gravemente afectados en condiciones de escasa iluminaci\u00f3n. La velocidad de los camiones de transporte se reduce y los errores de los operadores aumentan a medida que aparece la fatiga prematura. Con una mejor iluminaci\u00f3n, puede hacer funcionar sus m\u00e1quinas de forma m\u00e1s eficiente, producir m\u00e1s toneladas y reducir los da\u00f1os y los costes de mantenimiento, adem\u00e1s de mejorar la seguridad.<br \/>\n<img loading=\"lazy\" decoding=\"async\" class=\"alignright wp-image-20966\" src=\"https:\/\/aps-supply.com\/wp-content\/uploads\/2021\/05\/Mining_Drill_Rig_Pit_Viper-2.jpg\" alt=\"\" width=\"510\" height=\"306\" \/><br \/>\nSi busca aumentar la productividad cuando se pone el sol, deje que APS trabaje con su equipo para desarrollar una soluci\u00f3n mejor. APS cuenta con una base de datos cada vez mayor de instalaciones de equipos y planes de iluminaci\u00f3n que nos gustar\u00eda compartir.<\/p>\n<blockquote><p><i>\"APS Lighting ha sido un activo tremendo para la mina a la hora de averiguar la mejor luz \/ ajuste para cada m\u00e1quina y aplicaci\u00f3n... Se tomaron el tiempo necesario para crear un ajuste de iluminaci\u00f3n para cada m\u00e1quina que inclu\u00eda un estudio de iluminaci\u00f3n que ayud\u00f3 a eliminar las conjeturas.\"<\/i><br \/>\n<strong>Jim Valora<\/strong><br \/>\nSuperintendente de Ejecuci\u00f3n de Mantenimiento de Material Rodante<br \/>\n<em>Carb\u00f3n de Nuevo M\u00e9xico, carb\u00f3n energ\u00e9tico<\/em><\/p><\/blockquote>","protected":false},"excerpt":{"rendered":"<p>Qu\u00e9 puede esperar de APS: Comprender las normas de iluminaci\u00f3n de sus proyectos, las expectativas de vida \u00fatil de los productos y los retos a los que se enfrenta; Utilizar su experiencia colectiva para presentar a su equipo las soluciones de mejores pr\u00e1cticas que funcionan; Comprender sus sistemas de compra e instalaci\u00f3n; Ser capaz de realizar la entrega completa y a tiempo y dentro del presupuesto; Garantizar que cualquier soluci\u00f3n...<\/p>","protected":false},"author":6,"featured_media":21250,"parent":8,"menu_order":0,"comment_status":"open","ping_status":"closed","template":"","meta":{"_acf_changed":false,"footnotes":""},"class_list":["post-20954","page","type-page","status-publish","has-post-thumbnail","hentry","case-study-category-lighting-optimisation"],"acf":[],"yoast_head":"<!-- This site is optimized with the Yoast SEO Premium plugin v26.9 (Yoast SEO v26.9) - https:\/\/yoast.com\/product\/yoast-seo-premium-wordpress\/ -->\n<title>Optimised Lighting Solutions: Heavy Equipment \/ Mobile Fleets - APS<\/title>\n<meta name=\"robots\" content=\"index, follow, max-snippet:-1, max-image-preview:large, max-video-preview:-1\" \/>\n<link rel=\"canonical\" href=\"https:\/\/aps-supply.com\/es\/servicios\/soluciones-de-iluminacion-optimizadas-equipos-pesados-flotas-moviles\/\" \/>\n<meta property=\"og:locale\" content=\"es_ES\" \/>\n<meta property=\"og:type\" content=\"article\" \/>\n<meta property=\"og:title\" content=\"Optimised Lighting Solutions: Heavy Equipment \/ Mobile Fleets\" \/>\n<meta property=\"og:description\" content=\"What you can expect from APS: To understand your projects lighting standards, product life expectations and challenges; To use its collective experience to introduce your team to best practice solutions that work; To understand your purchasing and installation systems; Being able to deliver in full and on time and on budget; Ensure that any solution&hellip;\" \/>\n<meta property=\"og:url\" content=\"https:\/\/aps-supply.com\/es\/servicios\/soluciones-de-iluminacion-optimizadas-equipos-pesados-flotas-moviles\/\" \/>\n<meta property=\"og:site_name\" content=\"APS\" \/>\n<meta property=\"article:publisher\" content=\"https:\/\/www.facebook.com\/pages\/APS-Lighting-and-Safety-Products\/499382100107067\" \/>\n<meta property=\"article:modified_time\" content=\"2021-06-01T01:59:07+00:00\" \/>\n<meta property=\"og:image\" content=\"https:\/\/aps-supply.com\/wp-content\/uploads\/2021\/05\/Heavy_duty_LOP2.jpg\" \/>\n\t<meta property=\"og:image:width\" content=\"1613\" \/>\n\t<meta property=\"og:image:height\" content=\"1054\" \/>\n\t<meta property=\"og:image:type\" content=\"image\/jpeg\" \/>\n<meta name=\"twitter:card\" content=\"summary_large_image\" \/>\n<meta name=\"twitter:site\" content=\"@APSLighting_JB\" \/>\n<meta name=\"twitter:label1\" content=\"Tiempo de lectura\" \/>\n\t<meta name=\"twitter:data1\" content=\"2 minutos\" \/>\n<script type=\"application\/ld+json\" class=\"yoast-schema-graph\">{\"@context\":\"https:\/\/schema.org\",\"@graph\":[{\"@type\":\"WebPage\",\"@id\":\"https:\/\/aps-supply.com\/services\/optimised-lighting-solutions-heavy-equipment-mobile-fleets\/\",\"url\":\"https:\/\/aps-supply.com\/services\/optimised-lighting-solutions-heavy-equipment-mobile-fleets\/\",\"name\":\"Optimised Lighting Solutions: Heavy Equipment \/ Mobile Fleets - APS\",\"isPartOf\":{\"@id\":\"https:\/\/aps-supply.com\/#website\"},\"primaryImageOfPage\":{\"@id\":\"https:\/\/aps-supply.com\/services\/optimised-lighting-solutions-heavy-equipment-mobile-fleets\/#primaryimage\"},\"image\":{\"@id\":\"https:\/\/aps-supply.com\/services\/optimised-lighting-solutions-heavy-equipment-mobile-fleets\/#primaryimage\"},\"thumbnailUrl\":\"https:\/\/aps-supply.com\/wp-content\/uploads\/2021\/05\/Heavy_duty_LOP2.jpg\",\"datePublished\":\"2021-05-14T02:55:09+00:00\",\"dateModified\":\"2021-06-01T01:59:07+00:00\",\"breadcrumb\":{\"@id\":\"https:\/\/aps-supply.com\/services\/optimised-lighting-solutions-heavy-equipment-mobile-fleets\/#breadcrumb\"},\"inLanguage\":\"es-CO\",\"potentialAction\":[{\"@type\":\"ReadAction\",\"target\":[\"https:\/\/aps-supply.com\/services\/optimised-lighting-solutions-heavy-equipment-mobile-fleets\/\"]}]},{\"@type\":\"ImageObject\",\"inLanguage\":\"es-CO\",\"@id\":\"https:\/\/aps-supply.com\/services\/optimised-lighting-solutions-heavy-equipment-mobile-fleets\/#primaryimage\",\"url\":\"https:\/\/aps-supply.com\/wp-content\/uploads\/2021\/05\/Heavy_duty_LOP2.jpg\",\"contentUrl\":\"https:\/\/aps-supply.com\/wp-content\/uploads\/2021\/05\/Heavy_duty_LOP2.jpg\",\"width\":1613,\"height\":1054},{\"@type\":\"BreadcrumbList\",\"@id\":\"https:\/\/aps-supply.com\/services\/optimised-lighting-solutions-heavy-equipment-mobile-fleets\/#breadcrumb\",\"itemListElement\":[{\"@type\":\"ListItem\",\"position\":1,\"name\":\"Home\",\"item\":\"https:\/\/aps-supply.com\/\"},{\"@type\":\"ListItem\",\"position\":2,\"name\":\"Services\",\"item\":\"https:\/\/aps-supply.com\/services\/\"},{\"@type\":\"ListItem\",\"position\":3,\"name\":\"Optimised Lighting Solutions: Heavy Equipment \/ Mobile Fleets\"}]},{\"@type\":\"WebSite\",\"@id\":\"https:\/\/aps-supply.com\/#website\",\"url\":\"https:\/\/aps-supply.com\/\",\"name\":\"APS\",\"description\":\"Lighting &amp; Safety\",\"publisher\":{\"@id\":\"https:\/\/aps-supply.com\/#organization\"},\"potentialAction\":[{\"@type\":\"SearchAction\",\"target\":{\"@type\":\"EntryPoint\",\"urlTemplate\":\"https:\/\/aps-supply.com\/?s={search_term_string}\"},\"query-input\":{\"@type\":\"PropertyValueSpecification\",\"valueRequired\":true,\"valueName\":\"search_term_string\"}}],\"inLanguage\":\"es-CO\"},{\"@type\":\"Organization\",\"@id\":\"https:\/\/aps-supply.com\/#organization\",\"name\":\"APS Supply\",\"url\":\"https:\/\/aps-supply.com\/\",\"logo\":{\"@type\":\"ImageObject\",\"inLanguage\":\"es-CO\",\"@id\":\"https:\/\/aps-supply.com\/#\/schema\/logo\/image\/\",\"url\":\"https:\/\/aps-supply.com\/wp-content\/uploads\/2025\/07\/APS-Logo-Master_HD.png\",\"contentUrl\":\"https:\/\/aps-supply.com\/wp-content\/uploads\/2025\/07\/APS-Logo-Master_HD.png\",\"width\":26589,\"height\":6468,\"caption\":\"APS Supply\"},\"image\":{\"@id\":\"https:\/\/aps-supply.com\/#\/schema\/logo\/image\/\"},\"sameAs\":[\"https:\/\/www.facebook.com\/pages\/APS-Lighting-and-Safety-Products\/499382100107067\",\"https:\/\/x.com\/APSLighting_JB\",\"https:\/\/www.linkedin.com\/company\/aps-lighting-&-safety\/\",\"https:\/\/www.youtube.com\/@APSLightingandSafety\"]}]}<\/script>\n<!-- \/ Yoast SEO Premium plugin. -->","yoast_head_json":{"title":"Soluciones de iluminaci\u00f3n optimizadas: Maquinaria Pesada \/ Flotas M\u00f3viles - APS","robots":{"index":"index","follow":"follow","max-snippet":"max-snippet:-1","max-image-preview":"max-image-preview:large","max-video-preview":"max-video-preview:-1"},"canonical":"https:\/\/aps-supply.com\/es\/servicios\/soluciones-de-iluminacion-optimizadas-equipos-pesados-flotas-moviles\/","og_locale":"es_ES","og_type":"article","og_title":"Optimised Lighting Solutions: Heavy Equipment \/ Mobile Fleets","og_description":"What you can expect from APS: To understand your projects lighting standards, product life expectations and challenges; To use its collective experience to introduce your team to best practice solutions that work; To understand your purchasing and installation systems; Being able to deliver in full and on time and on budget; Ensure that any solution&hellip;","og_url":"https:\/\/aps-supply.com\/es\/servicios\/soluciones-de-iluminacion-optimizadas-equipos-pesados-flotas-moviles\/","og_site_name":"APS","article_publisher":"https:\/\/www.facebook.com\/pages\/APS-Lighting-and-Safety-Products\/499382100107067","article_modified_time":"2021-06-01T01:59:07+00:00","og_image":[{"width":1613,"height":1054,"url":"https:\/\/aps-supply.com\/wp-content\/uploads\/2021\/05\/Heavy_duty_LOP2.jpg","type":"image\/jpeg"}],"twitter_card":"summary_large_image","twitter_site":"@APSLighting_JB","twitter_misc":{"Tiempo de lectura":"2 minutos"},"schema":{"@context":"https:\/\/schema.org","@graph":[{"@type":"WebPage","@id":"https:\/\/aps-supply.com\/services\/optimised-lighting-solutions-heavy-equipment-mobile-fleets\/","url":"https:\/\/aps-supply.com\/services\/optimised-lighting-solutions-heavy-equipment-mobile-fleets\/","name":"Soluciones de iluminaci\u00f3n optimizadas: Maquinaria Pesada \/ Flotas M\u00f3viles - APS","isPartOf":{"@id":"https:\/\/aps-supply.com\/#website"},"primaryImageOfPage":{"@id":"https:\/\/aps-supply.com\/services\/optimised-lighting-solutions-heavy-equipment-mobile-fleets\/#primaryimage"},"image":{"@id":"https:\/\/aps-supply.com\/services\/optimised-lighting-solutions-heavy-equipment-mobile-fleets\/#primaryimage"},"thumbnailUrl":"https:\/\/aps-supply.com\/wp-content\/uploads\/2021\/05\/Heavy_duty_LOP2.jpg","datePublished":"2021-05-14T02:55:09+00:00","dateModified":"2021-06-01T01:59:07+00:00","breadcrumb":{"@id":"https:\/\/aps-supply.com\/services\/optimised-lighting-solutions-heavy-equipment-mobile-fleets\/#breadcrumb"},"inLanguage":"es-CO","potentialAction":[{"@type":"ReadAction","target":["https:\/\/aps-supply.com\/services\/optimised-lighting-solutions-heavy-equipment-mobile-fleets\/"]}]},{"@type":"ImageObject","inLanguage":"es-CO","@id":"https:\/\/aps-supply.com\/services\/optimised-lighting-solutions-heavy-equipment-mobile-fleets\/#primaryimage","url":"https:\/\/aps-supply.com\/wp-content\/uploads\/2021\/05\/Heavy_duty_LOP2.jpg","contentUrl":"https:\/\/aps-supply.com\/wp-content\/uploads\/2021\/05\/Heavy_duty_LOP2.jpg","width":1613,"height":1054},{"@type":"BreadcrumbList","@id":"https:\/\/aps-supply.com\/services\/optimised-lighting-solutions-heavy-equipment-mobile-fleets\/#breadcrumb","itemListElement":[{"@type":"ListItem","position":1,"name":"Home","item":"https:\/\/aps-supply.com\/"},{"@type":"ListItem","position":2,"name":"Services","item":"https:\/\/aps-supply.com\/services\/"},{"@type":"ListItem","position":3,"name":"Optimised Lighting Solutions: Heavy Equipment \/ Mobile Fleets"}]},{"@type":"WebSite","@id":"https:\/\/aps-supply.com\/#website","url":"https:\/\/aps-supply.com\/","name":"APS","description":"Iluminaci\u00f3n y seguridad","publisher":{"@id":"https:\/\/aps-supply.com\/#organization"},"potentialAction":[{"@type":"SearchAction","target":{"@type":"EntryPoint","urlTemplate":"https:\/\/aps-supply.com\/?s={search_term_string}"},"query-input":{"@type":"PropertyValueSpecification","valueRequired":true,"valueName":"search_term_string"}}],"inLanguage":"es-CO"},{"@type":"Organization","@id":"https:\/\/aps-supply.com\/#organization","name":"Suministros APS","url":"https:\/\/aps-supply.com\/","logo":{"@type":"ImageObject","inLanguage":"es-CO","@id":"https:\/\/aps-supply.com\/#\/schema\/logo\/image\/","url":"https:\/\/aps-supply.com\/wp-content\/uploads\/2025\/07\/APS-Logo-Master_HD.png","contentUrl":"https:\/\/aps-supply.com\/wp-content\/uploads\/2025\/07\/APS-Logo-Master_HD.png","width":26589,"height":6468,"caption":"APS Supply"},"image":{"@id":"https:\/\/aps-supply.com\/#\/schema\/logo\/image\/"},"sameAs":["https:\/\/www.facebook.com\/pages\/APS-Lighting-and-Safety-Products\/499382100107067","https:\/\/x.com\/APSLighting_JB","https:\/\/www.linkedin.com\/company\/aps-lighting-&-safety\/","https:\/\/www.youtube.com\/@APSLightingandSafety"]}]}},"_links":{"self":[{"href":"https:\/\/aps-supply.com\/es\/wp-json\/wp\/v2\/pages\/20954","targetHints":{"allow":["GET"]}}],"collection":[{"href":"https:\/\/aps-supply.com\/es\/wp-json\/wp\/v2\/pages"}],"about":[{"href":"https:\/\/aps-supply.com\/es\/wp-json\/wp\/v2\/types\/page"}],"author":[{"embeddable":true,"href":"https:\/\/aps-supply.com\/es\/wp-json\/wp\/v2\/users\/6"}],"replies":[{"embeddable":true,"href":"https:\/\/aps-supply.com\/es\/wp-json\/wp\/v2\/comments?post=20954"}],"version-history":[{"count":0,"href":"https:\/\/aps-supply.com\/es\/wp-json\/wp\/v2\/pages\/20954\/revisions"}],"up":[{"embeddable":true,"href":"https:\/\/aps-supply.com\/es\/wp-json\/wp\/v2\/pages\/8"}],"wp:featuredmedia":[{"embeddable":true,"href":"https:\/\/aps-supply.com\/es\/wp-json\/wp\/v2\/media\/21250"}],"wp:attachment":[{"href":"https:\/\/aps-supply.com\/es\/wp-json\/wp\/v2\/media?parent=20954"}],"curies":[{"name":"wp","href":"https:\/\/api.w.org\/{rel}","templated":true}]}}