{"id":20979,"date":"2021-05-13T21:16:21","date_gmt":"2021-05-14T04:16:21","guid":{"rendered":"https:\/\/aps-supply.com\/?page_id=20979"},"modified":"2021-05-31T18:04:36","modified_gmt":"2021-06-01T01:04:36","slug":"soluciones-optimizadas-de-iluminacion-industrial","status":"publish","type":"page","link":"https:\/\/aps-supply.com\/es\/servicios\/soluciones-optimizadas-de-iluminacion-industrial\/","title":{"rendered":"Soluciones de iluminaci\u00f3n optimizadas: Industrial"},"content":{"rendered":"<p><img loading=\"lazy\" decoding=\"async\" class=\"alignright wp-image-20988\" src=\"https:\/\/aps-supply.com\/wp-content\/uploads\/2021\/05\/image-2.png\" alt=\"\" width=\"500\" height=\"297\" srcset=\"https:\/\/aps-supply.com\/wp-content\/uploads\/2021\/05\/image-2.png 772w, https:\/\/aps-supply.com\/wp-content\/uploads\/2021\/05\/image-2-300x178.png 300w, https:\/\/aps-supply.com\/wp-content\/uploads\/2021\/05\/image-2-768x457.png 768w\" sizes=\"auto, (max-width: 500px) 100vw, 500px\" \/>APS est\u00e1 desarrollando un cat\u00e1logo cada vez mayor de soluciones de iluminaci\u00f3n industrial de tensi\u00f3n alterna para clientes de:<\/p>\n<ul>\n<li class=\"p1\">Torres de luz<\/li>\n<li class=\"p1\">Talleres, almacenes y edificios comerciales;<\/li>\n<li class=\"p1\">Puertos y Mar\u00edtimo;<\/li>\n<li class=\"p1\">Dragalinas y palas;<\/li>\n<\/ul>\n<p>&nbsp;<\/p>\n<h3><b>Iluminaci\u00f3n industrial y estructural:<\/b><\/h3>\n<p>Durante los \u00faltimos 15 a\u00f1os, APS ha trabajado con minas, puertos y proyectos industriales en sus necesidades de iluminaci\u00f3n de corriente alterna. Ha sido en los \u00faltimos 5 a\u00f1os cuando la tecnolog\u00eda de iluminaci\u00f3n LED ha alcanzado el nivel de potencia lum\u00ednica necesario para sustituir realmente a las fuentes de iluminaci\u00f3n HPS, MV y halogenuros met\u00e1licos.<\/p>\n<h3><b>AC Industrial: Aproximaci\u00f3n al Muelle de Cargadores de Buques<\/b><\/h3>\n<p><b>ALCANCE: <\/b>La aproximaci\u00f3n al muelle, de 72 m de largo x 3 m de ancho, s\u00f3lo tiene 7 de las 12 luminarias de sodio iluminadas, la iluminaci\u00f3n actual no proporciona suficiente luz en toda la aproximaci\u00f3n, los niveles de luz tomados fueron una media de 3,85 LUX a 1,2 m y 0,4 LUX a 3 m de la luminaria.<\/p>\n<p><img loading=\"lazy\" decoding=\"async\" class=\"alignnone size-large wp-image-21034\" src=\"https:\/\/aps-supply.com\/wp-content\/uploads\/2021\/05\/Wharf_Approach_Lighting_Plan-1024x569.jpg\" alt=\"\" width=\"1024\" height=\"569\" srcset=\"https:\/\/aps-supply.com\/wp-content\/uploads\/2021\/05\/Wharf_Approach_Lighting_Plan-1024x569.jpg 1024w, https:\/\/aps-supply.com\/wp-content\/uploads\/2021\/05\/Wharf_Approach_Lighting_Plan-300x167.jpg 300w, https:\/\/aps-supply.com\/wp-content\/uploads\/2021\/05\/Wharf_Approach_Lighting_Plan-768x427.jpg 768w, https:\/\/aps-supply.com\/wp-content\/uploads\/2021\/05\/Wharf_Approach_Lighting_Plan-1536x854.jpg 1536w, https:\/\/aps-supply.com\/wp-content\/uploads\/2021\/05\/Wharf_Approach_Lighting_Plan.jpg 1760w\" sizes=\"auto, (max-width: 1024px) 100vw, 1024px\" \/><br \/>\n<img loading=\"lazy\" decoding=\"async\" class=\"alignright wp-image-20995\" src=\"https:\/\/aps-supply.com\/wp-content\/uploads\/2021\/05\/image-3.jpg\" alt=\"\" width=\"401\" height=\"439\" srcset=\"https:\/\/aps-supply.com\/wp-content\/uploads\/2021\/05\/image-3.jpg 731w, https:\/\/aps-supply.com\/wp-content\/uploads\/2021\/05\/image-3-300x328.jpg 300w, https:\/\/aps-supply.com\/wp-content\/uploads\/2021\/05\/image-3-274x300.jpg 274w\" sizes=\"auto, (max-width: 401px) 100vw, 401px\" \/><\/p>\n<p><b>PROPUESTA: <\/b>Proporcionar una soluci\u00f3n de iluminaci\u00f3n m\u00e1s respetuosa con el medio ambiente y con menores costes de mantenimiento para el acceso al muelle, sustituyendo las 12 luminarias de sodio de 80 vatios existentes por 12 luminarias LED de 10 vatios en caja de empalme, que se instalar\u00e1n en la posici\u00f3n y altura de montaje actuales.<\/p>\n<p><b>AIM: <\/b>Proporcionar iluminaci\u00f3n suficiente para un desplazamiento seguro a trav\u00e9s de la aproximaci\u00f3n con un nivel m\u00ednimo de lux de 5 LUX. Esto se consigui\u00f3 con una media de 6,41 LUX a 3 metros y 60,34 LUX a 1m.<\/p>\n<p><strong>Luminaria de pared<\/strong><br \/>\n\n<table id=\"tablepress-490\" class=\"tablepress tablepress-id-490\">\n<tbody class=\"row-striping row-hover\">\n<tr class=\"row-1\">\n\t<td class=\"column-1\">Cantidad<\/td><td class=\"column-2\">Fabricante<\/td><td class=\"column-3\">Descripci\u00f3n<\/td><td class=\"column-4\">L\u00famenes<\/td><td class=\"column-5\">LLF<\/td><td class=\"column-6\">Watts<\/td>\n<\/tr>\n<tr class=\"row-2\">\n\t<td class=\"column-1\">12<\/td><td class=\"column-2\">Iluminaci\u00f3n Vision X<\/td><td class=\"column-3\">Caja de empalmes de luz<\/td><td class=\"column-4\">1091.4<\/td><td class=\"column-5\">0.85<\/td><td class=\"column-6\">10<\/td>\n<\/tr>\n<\/tbody>\n<\/table>\n<!-- #tablepress-490 from cache --><\/p>\n<p><strong>Resumen de los c\u00e1lculos Lux<\/strong><br \/>\n\n<table id=\"tablepress-491\" class=\"tablepress tablepress-id-491\">\n<tbody class=\"row-striping row-hover\">\n<tr class=\"row-1\">\n\t<td class=\"column-1\">Etiqueta<\/td><td class=\"column-2\">Avg<\/td><td class=\"column-3\">Max<\/td><td class=\"column-4\">Min<\/td><td class=\"column-5\">Avg\/Min<\/td><td class=\"column-6\">M\u00e1x\/M\u00edn<\/td>\n<\/tr>\n<tr class=\"row-2\">\n\t<td class=\"column-1\">Entre luminarias @ Grado<\/td><td class=\"column-2\">3.56<\/td><td class=\"column-3\">3.6<\/td><td class=\"column-4\">3.5<\/td><td class=\"column-5\">1.02<\/td><td class=\"column-6\">1.03<\/td>\n<\/tr>\n<tr class=\"row-3\">\n\t<td class=\"column-1\">Acceso al muelle a nivel<\/td><td class=\"column-2\">28.07<\/td><td class=\"column-3\">120.2<\/td><td class=\"column-4\">2.1<\/td><td class=\"column-5\">13.37<\/td><td class=\"column-6\">57.24<\/td>\n<\/tr>\n<tr class=\"row-4\">\n\t<td class=\"column-1\">1m Media<\/td><td class=\"column-2\">60.34<\/td><td class=\"column-3\">120.2<\/td><td class=\"column-4\">2.6<\/td><td class=\"column-5\">23.21<\/td><td class=\"column-6\">46.23<\/td>\n<\/tr>\n<tr class=\"row-5\">\n\t<td class=\"column-1\">2m Media<\/td><td class=\"column-2\">17.44<\/td><td class=\"column-3\">29.6<\/td><td class=\"column-4\">3.2<\/td><td class=\"column-5\">5.45<\/td><td class=\"column-6\">9.25<\/td>\n<\/tr>\n<tr class=\"row-6\">\n\t<td class=\"column-1\">3m Media<\/td><td class=\"column-2\">6.41<\/td><td class=\"column-3\">9.2<\/td><td class=\"column-4\">2.1<\/td><td class=\"column-5\">3.05<\/td><td class=\"column-6\">4.38<\/td>\n<\/tr>\n<\/tbody>\n<\/table>\n<!-- #tablepress-491 from cache --><br \/>\nP\u00f3ngase en contacto con su equipo de APS para hablar de estas aplicaciones y de las normas y retos exclusivos de su proyecto. El desarrollo de planes y dise\u00f1os de iluminaci\u00f3n puede llevarse a cabo a un coste relativamente bajo, proporcionando a su equipo la seguridad de que la soluci\u00f3n cumplir\u00e1 o superar\u00e1 sus normas de iluminaci\u00f3n.<\/p>","protected":false},"excerpt":{"rendered":"<p>APS est\u00e1 desarrollando un creciente cat\u00e1logo de soluciones de iluminaci\u00f3n industrial de tensi\u00f3n alterna para clientes en: Torres de iluminaci\u00f3n Talleres, almacenes y edificios comerciales; Puertos y mar\u00edtimo; Dragalinas y palas; Iluminaci\u00f3n industrial y estructural: Durante los \u00faltimos 15 a\u00f1os APS ha estado trabajando con minas, puertos y proyectos industriales en sus necesidades de iluminaci\u00f3n de CA. Es...<\/p>","protected":false},"author":6,"featured_media":21245,"parent":8,"menu_order":0,"comment_status":"open","ping_status":"closed","template":"","meta":{"_acf_changed":false,"footnotes":""},"class_list":["post-20979","page","type-page","status-publish","has-post-thumbnail","hentry","case-study-category-lighting-optimisation"],"acf":[],"yoast_head":"<!-- This site is optimized with the Yoast SEO Premium plugin v26.9 (Yoast SEO v26.9) - https:\/\/yoast.com\/product\/yoast-seo-premium-wordpress\/ -->\n<title>Optimised Lighting Solutions: Industrial - APS<\/title>\n<meta name=\"robots\" content=\"index, follow, max-snippet:-1, max-image-preview:large, max-video-preview:-1\" \/>\n<link rel=\"canonical\" href=\"https:\/\/aps-supply.com\/es\/servicios\/soluciones-optimizadas-de-iluminacion-industrial\/\" \/>\n<meta property=\"og:locale\" content=\"es_ES\" \/>\n<meta property=\"og:type\" content=\"article\" \/>\n<meta property=\"og:title\" content=\"Optimised Lighting Solutions: Industrial\" \/>\n<meta property=\"og:description\" content=\"APS is developing a growing catalog of AC Voltage Industrial Lighting Solutions for customers in: Light Towers Workshops, warehouses and commercial buildings; Ports and Maritime; Draglines and Shovels; &nbsp; Industrial &amp; Structural Lighting: Over the past 15 years APS has been working with mine sites, ports and industrial projects on their AC lighting requirements. It&hellip;\" \/>\n<meta property=\"og:url\" content=\"https:\/\/aps-supply.com\/es\/servicios\/soluciones-optimizadas-de-iluminacion-industrial\/\" \/>\n<meta property=\"og:site_name\" content=\"APS\" \/>\n<meta property=\"article:publisher\" content=\"https:\/\/www.facebook.com\/pages\/APS-Lighting-and-Safety-Products\/499382100107067\" \/>\n<meta property=\"article:modified_time\" content=\"2021-06-01T01:04:36+00:00\" \/>\n<meta property=\"og:image\" content=\"https:\/\/aps-supply.com\/wp-content\/uploads\/2021\/05\/Wharf_Approach_LOP_featured.jpg\" \/>\n\t<meta property=\"og:image:width\" content=\"1200\" \/>\n\t<meta property=\"og:image:height\" content=\"770\" \/>\n\t<meta property=\"og:image:type\" content=\"image\/jpeg\" \/>\n<meta name=\"twitter:card\" content=\"summary_large_image\" \/>\n<meta name=\"twitter:site\" content=\"@APSLighting_JB\" \/>\n<meta name=\"twitter:label1\" content=\"Tiempo de lectura\" \/>\n\t<meta name=\"twitter:data1\" content=\"1 minuto\" \/>\n<script type=\"application\/ld+json\" class=\"yoast-schema-graph\">{\"@context\":\"https:\/\/schema.org\",\"@graph\":[{\"@type\":\"WebPage\",\"@id\":\"https:\/\/aps-supply.com\/services\/optimised-lighting-solutions-industrial\/\",\"url\":\"https:\/\/aps-supply.com\/services\/optimised-lighting-solutions-industrial\/\",\"name\":\"Optimised Lighting Solutions: Industrial - APS\",\"isPartOf\":{\"@id\":\"https:\/\/aps-supply.com\/#website\"},\"primaryImageOfPage\":{\"@id\":\"https:\/\/aps-supply.com\/services\/optimised-lighting-solutions-industrial\/#primaryimage\"},\"image\":{\"@id\":\"https:\/\/aps-supply.com\/services\/optimised-lighting-solutions-industrial\/#primaryimage\"},\"thumbnailUrl\":\"https:\/\/aps-supply.com\/wp-content\/uploads\/2021\/05\/Wharf_Approach_LOP_featured.jpg\",\"datePublished\":\"2021-05-14T04:16:21+00:00\",\"dateModified\":\"2021-06-01T01:04:36+00:00\",\"breadcrumb\":{\"@id\":\"https:\/\/aps-supply.com\/services\/optimised-lighting-solutions-industrial\/#breadcrumb\"},\"inLanguage\":\"es-CO\",\"potentialAction\":[{\"@type\":\"ReadAction\",\"target\":[\"https:\/\/aps-supply.com\/services\/optimised-lighting-solutions-industrial\/\"]}]},{\"@type\":\"ImageObject\",\"inLanguage\":\"es-CO\",\"@id\":\"https:\/\/aps-supply.com\/services\/optimised-lighting-solutions-industrial\/#primaryimage\",\"url\":\"https:\/\/aps-supply.com\/wp-content\/uploads\/2021\/05\/Wharf_Approach_LOP_featured.jpg\",\"contentUrl\":\"https:\/\/aps-supply.com\/wp-content\/uploads\/2021\/05\/Wharf_Approach_LOP_featured.jpg\",\"width\":1200,\"height\":770},{\"@type\":\"BreadcrumbList\",\"@id\":\"https:\/\/aps-supply.com\/services\/optimised-lighting-solutions-industrial\/#breadcrumb\",\"itemListElement\":[{\"@type\":\"ListItem\",\"position\":1,\"name\":\"Home\",\"item\":\"https:\/\/aps-supply.com\/\"},{\"@type\":\"ListItem\",\"position\":2,\"name\":\"Services\",\"item\":\"https:\/\/aps-supply.com\/services\/\"},{\"@type\":\"ListItem\",\"position\":3,\"name\":\"Optimised Lighting Solutions: Industrial\"}]},{\"@type\":\"WebSite\",\"@id\":\"https:\/\/aps-supply.com\/#website\",\"url\":\"https:\/\/aps-supply.com\/\",\"name\":\"APS\",\"description\":\"Lighting &amp; Safety\",\"publisher\":{\"@id\":\"https:\/\/aps-supply.com\/#organization\"},\"potentialAction\":[{\"@type\":\"SearchAction\",\"target\":{\"@type\":\"EntryPoint\",\"urlTemplate\":\"https:\/\/aps-supply.com\/?s={search_term_string}\"},\"query-input\":{\"@type\":\"PropertyValueSpecification\",\"valueRequired\":true,\"valueName\":\"search_term_string\"}}],\"inLanguage\":\"es-CO\"},{\"@type\":\"Organization\",\"@id\":\"https:\/\/aps-supply.com\/#organization\",\"name\":\"APS Supply\",\"url\":\"https:\/\/aps-supply.com\/\",\"logo\":{\"@type\":\"ImageObject\",\"inLanguage\":\"es-CO\",\"@id\":\"https:\/\/aps-supply.com\/#\/schema\/logo\/image\/\",\"url\":\"https:\/\/aps-supply.com\/wp-content\/uploads\/2025\/07\/APS-Logo-Master_HD.png\",\"contentUrl\":\"https:\/\/aps-supply.com\/wp-content\/uploads\/2025\/07\/APS-Logo-Master_HD.png\",\"width\":26589,\"height\":6468,\"caption\":\"APS Supply\"},\"image\":{\"@id\":\"https:\/\/aps-supply.com\/#\/schema\/logo\/image\/\"},\"sameAs\":[\"https:\/\/www.facebook.com\/pages\/APS-Lighting-and-Safety-Products\/499382100107067\",\"https:\/\/x.com\/APSLighting_JB\",\"https:\/\/www.linkedin.com\/company\/aps-lighting-&-safety\/\",\"https:\/\/www.youtube.com\/@APSLightingandSafety\"]}]}<\/script>\n<!-- \/ Yoast SEO Premium plugin. -->","yoast_head_json":{"title":"Soluciones de iluminaci\u00f3n optimizadas: Industrial - APS","robots":{"index":"index","follow":"follow","max-snippet":"max-snippet:-1","max-image-preview":"max-image-preview:large","max-video-preview":"max-video-preview:-1"},"canonical":"https:\/\/aps-supply.com\/es\/servicios\/soluciones-optimizadas-de-iluminacion-industrial\/","og_locale":"es_ES","og_type":"article","og_title":"Optimised Lighting Solutions: Industrial","og_description":"APS is developing a growing catalog of AC Voltage Industrial Lighting Solutions for customers in: Light Towers Workshops, warehouses and commercial buildings; Ports and Maritime; Draglines and Shovels; &nbsp; Industrial &amp; Structural Lighting: Over the past 15 years APS has been working with mine sites, ports and industrial projects on their AC lighting requirements. It&hellip;","og_url":"https:\/\/aps-supply.com\/es\/servicios\/soluciones-optimizadas-de-iluminacion-industrial\/","og_site_name":"APS","article_publisher":"https:\/\/www.facebook.com\/pages\/APS-Lighting-and-Safety-Products\/499382100107067","article_modified_time":"2021-06-01T01:04:36+00:00","og_image":[{"width":1200,"height":770,"url":"https:\/\/aps-supply.com\/wp-content\/uploads\/2021\/05\/Wharf_Approach_LOP_featured.jpg","type":"image\/jpeg"}],"twitter_card":"summary_large_image","twitter_site":"@APSLighting_JB","twitter_misc":{"Tiempo de lectura":"1 minuto"},"schema":{"@context":"https:\/\/schema.org","@graph":[{"@type":"WebPage","@id":"https:\/\/aps-supply.com\/services\/optimised-lighting-solutions-industrial\/","url":"https:\/\/aps-supply.com\/services\/optimised-lighting-solutions-industrial\/","name":"Soluciones de iluminaci\u00f3n optimizadas: Industrial - APS","isPartOf":{"@id":"https:\/\/aps-supply.com\/#website"},"primaryImageOfPage":{"@id":"https:\/\/aps-supply.com\/services\/optimised-lighting-solutions-industrial\/#primaryimage"},"image":{"@id":"https:\/\/aps-supply.com\/services\/optimised-lighting-solutions-industrial\/#primaryimage"},"thumbnailUrl":"https:\/\/aps-supply.com\/wp-content\/uploads\/2021\/05\/Wharf_Approach_LOP_featured.jpg","datePublished":"2021-05-14T04:16:21+00:00","dateModified":"2021-06-01T01:04:36+00:00","breadcrumb":{"@id":"https:\/\/aps-supply.com\/services\/optimised-lighting-solutions-industrial\/#breadcrumb"},"inLanguage":"es-CO","potentialAction":[{"@type":"ReadAction","target":["https:\/\/aps-supply.com\/services\/optimised-lighting-solutions-industrial\/"]}]},{"@type":"ImageObject","inLanguage":"es-CO","@id":"https:\/\/aps-supply.com\/services\/optimised-lighting-solutions-industrial\/#primaryimage","url":"https:\/\/aps-supply.com\/wp-content\/uploads\/2021\/05\/Wharf_Approach_LOP_featured.jpg","contentUrl":"https:\/\/aps-supply.com\/wp-content\/uploads\/2021\/05\/Wharf_Approach_LOP_featured.jpg","width":1200,"height":770},{"@type":"BreadcrumbList","@id":"https:\/\/aps-supply.com\/services\/optimised-lighting-solutions-industrial\/#breadcrumb","itemListElement":[{"@type":"ListItem","position":1,"name":"Home","item":"https:\/\/aps-supply.com\/"},{"@type":"ListItem","position":2,"name":"Services","item":"https:\/\/aps-supply.com\/services\/"},{"@type":"ListItem","position":3,"name":"Optimised Lighting Solutions: Industrial"}]},{"@type":"WebSite","@id":"https:\/\/aps-supply.com\/#website","url":"https:\/\/aps-supply.com\/","name":"APS","description":"Iluminaci\u00f3n y seguridad","publisher":{"@id":"https:\/\/aps-supply.com\/#organization"},"potentialAction":[{"@type":"SearchAction","target":{"@type":"EntryPoint","urlTemplate":"https:\/\/aps-supply.com\/?s={search_term_string}"},"query-input":{"@type":"PropertyValueSpecification","valueRequired":true,"valueName":"search_term_string"}}],"inLanguage":"es-CO"},{"@type":"Organization","@id":"https:\/\/aps-supply.com\/#organization","name":"Suministros APS","url":"https:\/\/aps-supply.com\/","logo":{"@type":"ImageObject","inLanguage":"es-CO","@id":"https:\/\/aps-supply.com\/#\/schema\/logo\/image\/","url":"https:\/\/aps-supply.com\/wp-content\/uploads\/2025\/07\/APS-Logo-Master_HD.png","contentUrl":"https:\/\/aps-supply.com\/wp-content\/uploads\/2025\/07\/APS-Logo-Master_HD.png","width":26589,"height":6468,"caption":"APS Supply"},"image":{"@id":"https:\/\/aps-supply.com\/#\/schema\/logo\/image\/"},"sameAs":["https:\/\/www.facebook.com\/pages\/APS-Lighting-and-Safety-Products\/499382100107067","https:\/\/x.com\/APSLighting_JB","https:\/\/www.linkedin.com\/company\/aps-lighting-&-safety\/","https:\/\/www.youtube.com\/@APSLightingandSafety"]}]}},"_links":{"self":[{"href":"https:\/\/aps-supply.com\/es\/wp-json\/wp\/v2\/pages\/20979","targetHints":{"allow":["GET"]}}],"collection":[{"href":"https:\/\/aps-supply.com\/es\/wp-json\/wp\/v2\/pages"}],"about":[{"href":"https:\/\/aps-supply.com\/es\/wp-json\/wp\/v2\/types\/page"}],"author":[{"embeddable":true,"href":"https:\/\/aps-supply.com\/es\/wp-json\/wp\/v2\/users\/6"}],"replies":[{"embeddable":true,"href":"https:\/\/aps-supply.com\/es\/wp-json\/wp\/v2\/comments?post=20979"}],"version-history":[{"count":0,"href":"https:\/\/aps-supply.com\/es\/wp-json\/wp\/v2\/pages\/20979\/revisions"}],"up":[{"embeddable":true,"href":"https:\/\/aps-supply.com\/es\/wp-json\/wp\/v2\/pages\/8"}],"wp:featuredmedia":[{"embeddable":true,"href":"https:\/\/aps-supply.com\/es\/wp-json\/wp\/v2\/media\/21245"}],"wp:attachment":[{"href":"https:\/\/aps-supply.com\/es\/wp-json\/wp\/v2\/media?parent=20979"}],"curies":[{"name":"wp","href":"https:\/\/api.w.org\/{rel}","templated":true}]}}