{"id":21065,"date":"2021-05-18T00:18:07","date_gmt":"2021-05-18T07:18:07","guid":{"rendered":"https:\/\/aps-supply.com\/?page_id=21065"},"modified":"2022-05-04T21:36:24","modified_gmt":"2022-05-05T04:36:24","slug":"aps-vision-valores-caracter","status":"publish","type":"page","link":"https:\/\/aps-supply.com\/es\/aps-vision-valores-caracter\/","title":{"rendered":"Visi\u00f3n, valores y car\u00e1cter de APS"},"content":{"rendered":"<div id=\"pl-21065\"  class=\"panel-layout\" ><div id=\"pg-21065-0\"  class=\"panel-grid panel-no-style\" ><div id=\"pgc-21065-0-0\"  class=\"panel-grid-cell\" ><div id=\"panel-21065-0-0-0\" class=\"so-panel widget widget_black-studio-tinymce widget_black_studio_tinymce panel-first-child panel-last-child\" data-index=\"0\" ><div class=\"textwidget\"><p>APS Lighting &amp; Safety Products es un proveedor especializado e innovador de equipos pesados y productos industriales de iluminaci\u00f3n y seguridad. APS tiene la capacidad de proporcionar planes completos de productos de iluminaci\u00f3n y seguridad optimizados para el emplazamiento y el proyecto.<\/p>\n<p>APS lleva desde 1999 prestando servicios a los mercados internacionales minero, industrial y portuario de Norteam\u00e9rica, Centroam\u00e9rica, Sudam\u00e9rica, Australia y el sudeste asi\u00e1tico. APS ha desarrollado una reputaci\u00f3n por sus altos est\u00e1ndares de soporte y servicio al usuario final, su conocimiento de las aplicaciones y su genuino deseo de trabajar con sus clientes para optimizar la productividad de sus proyectos, la seguridad y los costes operativos, ya que se ven afectados por las opciones de productos de iluminaci\u00f3n y seguridad.<br \/>\nAPS proporciona a su proyecto:<\/p>\n<ul>\n<li class=\"p3\">Acceso a las mejores soluciones de iluminaci\u00f3n para equipos pesados, veh\u00edculos ligeros, flotas y aplicaciones industriales.<\/li>\n<li class=\"p3\">Acceso a los \u00faltimos productos de alerta de colisi\u00f3n por radar y a una gama completa de productos de seguridad para flotas;<\/li>\n<li class=\"p3\">Acceso a soluciones pr\u00e1cticas de seguridad industrial y del personal de obra;<\/li>\n<li class=\"p3\">Acceso a un equipo experimentado en iluminaci\u00f3n y seguridad que comprende sus aplicaciones y normas y est\u00e1 dispuesto a trabajar duro para garantizar su satisfacci\u00f3n;<\/li>\n<li class=\"p3\">Soluciones tecnol\u00f3gicas nuevas e innovadoras.<\/li>\n<\/ul>\n<\/div><\/div><\/div><\/div><div id=\"pg-21065-1\"  class=\"panel-grid panel-no-style\" ><div id=\"pgc-21065-1-0\"  class=\"panel-grid-cell\" ><div id=\"panel-21065-1-0-0\" class=\"so-panel widget widget_black-studio-tinymce widget_black_studio_tinymce panel-first-child\" data-index=\"1\" ><div class=\"textwidget\"><h2 style=\"text-align: center;\">Prop\u00f3sito de la EPA<\/h1>\n<\/div><\/div><div id=\"panel-21065-1-0-1\" class=\"so-panel widget widget_black-studio-tinymce widget_black_studio_tinymce panel-last-child\" data-index=\"2\" ><div class=\"textwidget\"><h3 style=\"text-align: center;\"><span style=\"color: #999999; font-weight:300;\"><em>Crear un entorno m\u00e1s seguro y productivo en el que coexistan m\u00e1quinas, veh\u00edculos y personas.<\/em><\/span><\/h2>\n<p>&nbsp;<\/p>\n<\/div><\/div><\/div><\/div><div id=\"pg-21065-2\"  class=\"panel-grid panel-no-style\" ><div id=\"pgc-21065-2-0\"  class=\"panel-grid-cell\" ><div id=\"panel-21065-2-0-0\" class=\"so-panel widget widget_black-studio-tinymce widget_black_studio_tinymce panel-first-child panel-last-child\" data-index=\"3\" ><div class=\"textwidget\"><h2 style=\"text-align: center;\">Visi\u00f3n de APS<\/h2>\n<\/div><\/div><\/div><\/div><div id=\"pg-21065-3\"  class=\"panel-grid panel-no-style\" ><div id=\"pgc-21065-3-0\"  class=\"panel-grid-cell\" ><div id=\"panel-21065-3-0-0\" class=\"so-panel widget widget_black-studio-tinymce widget_black_studio_tinymce panel-first-child panel-last-child\" data-index=\"4\" ><div class=\"panel-widget-style panel-widget-style-for-21065-3-0-0\" ><div class=\"textwidget\"><p style=\"text-align: center;\"><strong>Convertirse en un grupo l\u00edder internacional de distribuci\u00f3n mayorista y marketing industrial especializado en<\/strong><br \/>\n<strong>soluciones de productos de iluminaci\u00f3n y seguridad de veh\u00edculos para su uso en entornos operativos dif\u00edciles.<\/strong><\/p>\n<\/div><\/div><\/div><\/div><div id=\"pgc-21065-3-1\"  class=\"panel-grid-cell\" ><div id=\"panel-21065-3-1-0\" class=\"so-panel widget widget_black-studio-tinymce widget_black_studio_tinymce panel-first-child panel-last-child\" data-index=\"5\" ><div class=\"panel-widget-style panel-widget-style-for-21065-3-1-0\" ><div class=\"textwidget\"><p style=\"text-align: center;\"><strong>Conocer nuestros productos t\u00e9cnicamente mejor que cualquiera de nuestros competidores y ser capaces de utilizar este conocimiento para ofrecer soluciones reales a nuestro mercado.<\/strong><\/p>\n<\/div><\/div><\/div><\/div><div id=\"pgc-21065-3-2\"  class=\"panel-grid-cell\" ><div id=\"panel-21065-3-2-0\" class=\"so-panel widget widget_black-studio-tinymce widget_black_studio_tinymce panel-first-child panel-last-child\" data-index=\"6\" ><div class=\"panel-widget-style panel-widget-style-for-21065-3-2-0\" ><div class=\"textwidget\"><p style=\"text-align: center;\"><strong>Establecer un centro de servicio al cliente y de distribuci\u00f3n sin fisuras que sea eficiente y est\u00e9 orientado al cliente desde la consulta hasta la repetici\u00f3n de la compra.<\/strong><\/p>\n<\/div><\/div><\/div><\/div><\/div><div id=\"pg-21065-4\"  class=\"panel-grid panel-no-style\" ><div id=\"pgc-21065-4-0\"  class=\"panel-grid-cell\" ><div id=\"panel-21065-4-0-0\" class=\"so-panel widget widget_black-studio-tinymce widget_black_studio_tinymce panel-first-child panel-last-child\" data-index=\"7\" ><div class=\"textwidget\"><h2 style=\"text-align: center;\">Valores y car\u00e1cter de APS<\/h2>\n<p>Nuestros Valores y Car\u00e1cter provienen de:<\/p>\n<\/div><\/div><\/div><\/div><div id=\"pg-21065-5\"  class=\"panel-grid panel-no-style\" ><div id=\"pgc-21065-5-0\"  class=\"panel-grid-cell\" ><div id=\"panel-21065-5-0-0\" class=\"so-panel widget widget_black-studio-tinymce widget_black_studio_tinymce panel-first-child\" data-index=\"8\" ><div class=\"panel-widget-style panel-widget-style-for-21065-5-0-0\" ><div class=\"textwidget\"><p style=\"text-align: center;\"><strong>Cuidar de nuestro equipo y de la cultura, comportamientos que mostramos a nuestros clientes;<\/strong><\/p>\n<\/div><\/div><\/div><div id=\"panel-21065-5-0-1\" class=\"so-panel widget widget_black-studio-tinymce widget_black_studio_tinymce\" data-index=\"9\" ><div class=\"panel-widget-style panel-widget-style-for-21065-5-0-1\" ><div class=\"textwidget\"><p style=\"text-align: center;\"><strong>Desafiando y probando constantemente nuestras soluciones;<\/strong><\/p>\n<\/div><\/div><\/div><div id=\"panel-21065-5-0-2\" class=\"so-panel widget widget_black-studio-tinymce widget_black_studio_tinymce\" data-index=\"10\" ><div class=\"panel-widget-style panel-widget-style-for-21065-5-0-2\" ><div class=\"textwidget\"><p class=\"p1\" style=\"text-align: center;\"><b>Nos preocupamos por nuestros clientes, su personal y sus m\u00e1quinas;<\/b><\/p>\n<\/div><\/div><\/div><div id=\"panel-21065-5-0-3\" class=\"so-panel widget widget_black-studio-tinymce widget_black_studio_tinymce panel-last-child\" data-index=\"11\" ><div class=\"panel-widget-style panel-widget-style-for-21065-5-0-3\" ><div class=\"textwidget\"><p class=\"p1\" style=\"text-align: center;\"><b>Cuidar el entorno en el que operan y viven nuestros clientes, sus grupos de inter\u00e9s y nuestro equipo.<\/b><\/p>\n<\/div><\/div><\/div><\/div><div id=\"pgc-21065-5-1\"  class=\"panel-grid-cell\" ><div id=\"panel-21065-5-1-0\" class=\"so-panel widget widget_black-studio-tinymce widget_black_studio_tinymce panel-first-child panel-last-child\" data-index=\"12\" ><div class=\"textwidget\"><h3><strong><img loading=\"lazy\" decoding=\"async\" class=\"size-full wp-image-21068 alignleft\" src=\"https:\/\/aps-supply.com\/wp-content\/uploads\/2021\/05\/Purpose.png\" alt=\"\" width=\"534\" height=\"522\" data-wp-editing=\"1\" srcset=\"https:\/\/aps-supply.com\/wp-content\/uploads\/2021\/05\/Purpose.png 534w, https:\/\/aps-supply.com\/wp-content\/uploads\/2021\/05\/Purpose-300x293.png 300w\" sizes=\"auto, (max-width: 534px) 100vw, 534px\" \/><br \/>\n<\/strong><\/h3>\n<\/div><\/div><\/div><\/div><div id=\"pg-21065-6\"  class=\"panel-grid panel-no-style\" ><div id=\"pgc-21065-6-0\"  class=\"panel-grid-cell\" ><div id=\"panel-21065-6-0-0\" class=\"so-panel widget widget_black-studio-tinymce widget_black_studio_tinymce panel-first-child\" data-index=\"13\" ><div class=\"textwidget\"><h2 style=\"text-align: center;\">Capacidades APS<\/h2>\n<\/div><\/div><div id=\"panel-21065-6-0-1\" class=\"so-panel widget widget_black-studio-tinymce widget_black_studio_tinymce\" data-index=\"14\" ><div class=\"textwidget\"><ul>\n<li class=\"p1\">Creaci\u00f3n de centros de asistencia y distribuci\u00f3n de APS en EE.UU., Australia, Chile, Per\u00fa y Colombia.<\/li>\n<li class=\"p1\">Cat\u00e1logo en l\u00ednea y sistema de solicitud de presupuesto<\/li>\n<li class=\"p1\">Compras al contado, licitaciones MRO y peticiones de oferta para adquisiciones<\/li>\n<li class=\"p1\">Experiencia y credibilidad acreditadas en el suministro a proyectos mineros e industriales internacionales.<\/li>\n<li class=\"p1\">Amplias redes de suministro, asistencia y OEM en todos los mercados clave<\/li>\n<li class=\"p1\">Acceso a personal especializado que se mantiene al d\u00eda de las \u00faltimas tecnolog\u00edas.<\/li>\n<li class=\"p1\">Obtenci\u00f3n de productos OEM exclusivos<\/li>\n<li class=\"p1\">El poder adquisitivo de una red mundial con capacidad de respuesta<\/li>\n<\/ul>\n<\/div><\/div><div id=\"panel-21065-6-0-2\" class=\"so-panel widget widget_black-studio-tinymce widget_black_studio_tinymce\" data-index=\"15\" ><div class=\"textwidget\"><h2 style=\"text-align: center;\">APS - Propuesta de valor<\/h2>\n<\/div><\/div><div id=\"panel-21065-6-0-3\" class=\"so-panel widget widget_black-studio-tinymce widget_black_studio_tinymce\" data-index=\"16\" ><div class=\"textwidget\"><ul>\n<li class=\"p1\">\n<p class=\"p1\">Experiencia: APS ha estado en el negocio de suministros mineros e industriales desde 1999 y tiene una incre\u00edble profundidad de conocimientos: Instalaci\u00f3n \/ Especificaci\u00f3n \/ Soporte;<\/p>\n<\/li>\n<li class=\"p1\">\n<p class=\"p1\">T\u00e9cnicos sobre el terreno que proporcionan: Formaci\u00f3n, asesoramiento, instalaci\u00f3n, puesta en servicio y asistencia posventa;<\/p>\n<\/li>\n<li class=\"p1\">\n<p class=\"p1\">Beneficios demostrados en materia de costes y seguridad para los clientes de la industria de los recursos a la hora de planificar la optimizaci\u00f3n del alumbrado y la seguridad de los veh\u00edculos;<\/p>\n<\/li>\n<li class=\"p1\">\n<p class=\"p1\">La amplia experiencia en aplicaciones de miner\u00eda, puertos y manipulaci\u00f3n de materiales, OEM, transporte, gobierno, agricultura, construcci\u00f3n e industrias forestales permite a APS compartir con sus clientes informaci\u00f3n sobre lo que est\u00e1n haciendo para resolver problemas similares.<\/p>\n<\/li>\n<li class=\"p1\">\n<p class=\"p1\">$1,4 millones en existencias en 8 pa\u00edses para toda la gama de iluminaci\u00f3n; inventario gestionado por el proveedor; acceso en 7 d\u00edas a todos los mercados internacionales. Esto permite plazos de entrega r\u00e1pidos y tiempos de inactividad m\u00ednimos.<\/p>\n<\/li>\n<li class=\"p1\">\n<p class=\"p1\">Producto<span class=\"Apple-converted-space\">\u00a0 <\/span>y las sinergias de servicios permiten una oferta de productos mucho m\u00e1s completa e integrada.<\/p>\n<\/li>\n<\/ul>\n<\/div><\/div><div id=\"panel-21065-6-0-4\" class=\"so-panel widget widget_black-studio-tinymce widget_black_studio_tinymce\" data-index=\"17\" ><div class=\"textwidget\"><h2 style=\"text-align: center;\">Nuestro compromiso<\/h2>\n<\/div><\/div><div id=\"panel-21065-6-0-5\" class=\"so-panel widget widget_black-studio-tinymce widget_black_studio_tinymce panel-last-child\" data-index=\"18\" ><div class=\"textwidget\"><p>APS se compromete a prestar el mejor servicio a sus clientes y a desarrollar soluciones que reduzcan los riesgos y mejoren la seguridad y la productividad.<\/p>\n<p>Nuestras pol\u00edticas describen los principios que gu\u00edan nuestras decisiones y nuestro funcionamiento empresarial.<\/p>\n<ul>\n<li class=\"p3\">Pol\u00edtica de salud y seguridad en el trabajo<\/li>\n<li class=\"p3\">Declaraci\u00f3n de pol\u00edtica de calidad<\/li>\n<li class=\"p3\">Pol\u00edtica medioambiental<\/li>\n<li class=\"p3\">Pol\u00edtica de diversidad<\/li>\n<\/ul>\n<\/div><\/div><\/div><\/div><\/div>","protected":false},"excerpt":{"rendered":"<p>APS Lighting &amp; Safety Products es un proveedor especializado e innovador de equipos pesados y productos industriales de iluminaci\u00f3n y seguridad. APS tiene la capacidad de proporcionar planes completos de productos de iluminaci\u00f3n y seguridad optimizados para el emplazamiento y el proyecto. APS ha prestado sus servicios a los mercados internacionales mineros, industriales y portuarios de Norteam\u00e9rica, Centroam\u00e9rica, Sudam\u00e9rica,...<\/p>","protected":false},"author":6,"featured_media":0,"parent":0,"menu_order":0,"comment_status":"closed","ping_status":"closed","template":"","meta":{"_acf_changed":false,"footnotes":""},"class_list":["post-21065","page","type-page","status-publish","hentry"],"acf":[],"yoast_head":"<!-- This site is optimized with the Yoast SEO Premium plugin v26.9 (Yoast SEO v26.9) - https:\/\/yoast.com\/product\/yoast-seo-premium-wordpress\/ -->\n<title>APS Vision, Values &amp; Character - APS<\/title>\n<meta name=\"robots\" content=\"index, follow, max-snippet:-1, max-image-preview:large, max-video-preview:-1\" \/>\n<link rel=\"canonical\" href=\"https:\/\/aps-supply.com\/es\/aps-vision-valores-caracter\/\" \/>\n<meta property=\"og:locale\" content=\"es_ES\" \/>\n<meta property=\"og:type\" content=\"article\" \/>\n<meta property=\"og:title\" content=\"APS Vision, Values &amp; Character\" \/>\n<meta property=\"og:description\" content=\"APS Lighting &amp; Safety Products is a specialised and innovative heavy equipment and industrial supplier of Lighting and Safety Products. APS has the capability to provide complete site and project optimized lighting and safety product plans. APS has been servicing the international mining, industrial and port markets in the North &amp; Central America, South America,&hellip;\" \/>\n<meta property=\"og:url\" content=\"https:\/\/aps-supply.com\/es\/aps-vision-valores-caracter\/\" \/>\n<meta property=\"og:site_name\" content=\"APS\" \/>\n<meta property=\"article:publisher\" content=\"https:\/\/www.facebook.com\/pages\/APS-Lighting-and-Safety-Products\/499382100107067\" \/>\n<meta property=\"article:modified_time\" content=\"2022-05-05T04:36:24+00:00\" \/>\n<meta property=\"og:image\" content=\"https:\/\/aps-supply.com\/wp-content\/uploads\/2021\/05\/Purpose.png\" \/>\n<meta name=\"twitter:card\" content=\"summary_large_image\" \/>\n<meta name=\"twitter:site\" content=\"@APSLighting_JB\" \/>\n<meta name=\"twitter:label1\" content=\"Tiempo de lectura\" \/>\n\t<meta name=\"twitter:data1\" content=\"3 minutos\" \/>\n<script type=\"application\/ld+json\" class=\"yoast-schema-graph\">{\"@context\":\"https:\/\/schema.org\",\"@graph\":[{\"@type\":\"WebPage\",\"@id\":\"https:\/\/aps-supply.com\/aps-vision-values-character\/\",\"url\":\"https:\/\/aps-supply.com\/aps-vision-values-character\/\",\"name\":\"APS Vision, Values & Character - APS\",\"isPartOf\":{\"@id\":\"https:\/\/aps-supply.com\/#website\"},\"primaryImageOfPage\":{\"@id\":\"https:\/\/aps-supply.com\/aps-vision-values-character\/#primaryimage\"},\"image\":{\"@id\":\"https:\/\/aps-supply.com\/aps-vision-values-character\/#primaryimage\"},\"thumbnailUrl\":\"https:\/\/aps-supply.com\/wp-content\/uploads\/2021\/05\/Purpose.png\",\"datePublished\":\"2021-05-18T07:18:07+00:00\",\"dateModified\":\"2022-05-05T04:36:24+00:00\",\"breadcrumb\":{\"@id\":\"https:\/\/aps-supply.com\/aps-vision-values-character\/#breadcrumb\"},\"inLanguage\":\"es-CO\",\"potentialAction\":[{\"@type\":\"ReadAction\",\"target\":[\"https:\/\/aps-supply.com\/aps-vision-values-character\/\"]}]},{\"@type\":\"ImageObject\",\"inLanguage\":\"es-CO\",\"@id\":\"https:\/\/aps-supply.com\/aps-vision-values-character\/#primaryimage\",\"url\":\"https:\/\/aps-supply.com\/wp-content\/uploads\/2021\/05\/Purpose.png\",\"contentUrl\":\"https:\/\/aps-supply.com\/wp-content\/uploads\/2021\/05\/Purpose.png\"},{\"@type\":\"BreadcrumbList\",\"@id\":\"https:\/\/aps-supply.com\/aps-vision-values-character\/#breadcrumb\",\"itemListElement\":[{\"@type\":\"ListItem\",\"position\":1,\"name\":\"Home\",\"item\":\"https:\/\/aps-supply.com\/\"},{\"@type\":\"ListItem\",\"position\":2,\"name\":\"APS Vision, Values &#038; Character\"}]},{\"@type\":\"WebSite\",\"@id\":\"https:\/\/aps-supply.com\/#website\",\"url\":\"https:\/\/aps-supply.com\/\",\"name\":\"APS\",\"description\":\"Lighting &amp; Safety\",\"publisher\":{\"@id\":\"https:\/\/aps-supply.com\/#organization\"},\"potentialAction\":[{\"@type\":\"SearchAction\",\"target\":{\"@type\":\"EntryPoint\",\"urlTemplate\":\"https:\/\/aps-supply.com\/?s={search_term_string}\"},\"query-input\":{\"@type\":\"PropertyValueSpecification\",\"valueRequired\":true,\"valueName\":\"search_term_string\"}}],\"inLanguage\":\"es-CO\"},{\"@type\":\"Organization\",\"@id\":\"https:\/\/aps-supply.com\/#organization\",\"name\":\"APS Supply\",\"url\":\"https:\/\/aps-supply.com\/\",\"logo\":{\"@type\":\"ImageObject\",\"inLanguage\":\"es-CO\",\"@id\":\"https:\/\/aps-supply.com\/#\/schema\/logo\/image\/\",\"url\":\"https:\/\/aps-supply.com\/wp-content\/uploads\/2025\/07\/APS-Logo-Master_HD.png\",\"contentUrl\":\"https:\/\/aps-supply.com\/wp-content\/uploads\/2025\/07\/APS-Logo-Master_HD.png\",\"width\":26589,\"height\":6468,\"caption\":\"APS Supply\"},\"image\":{\"@id\":\"https:\/\/aps-supply.com\/#\/schema\/logo\/image\/\"},\"sameAs\":[\"https:\/\/www.facebook.com\/pages\/APS-Lighting-and-Safety-Products\/499382100107067\",\"https:\/\/x.com\/APSLighting_JB\",\"https:\/\/www.linkedin.com\/company\/aps-lighting-&-safety\/\",\"https:\/\/www.youtube.com\/@APSLightingandSafety\"]}]}<\/script>\n<!-- \/ Yoast SEO Premium plugin. -->","yoast_head_json":{"title":"Visi\u00f3n, valores y car\u00e1cter de APS - APS","robots":{"index":"index","follow":"follow","max-snippet":"max-snippet:-1","max-image-preview":"max-image-preview:large","max-video-preview":"max-video-preview:-1"},"canonical":"https:\/\/aps-supply.com\/es\/aps-vision-valores-caracter\/","og_locale":"es_ES","og_type":"article","og_title":"APS Vision, Values & Character","og_description":"APS Lighting &amp; Safety Products is a specialised and innovative heavy equipment and industrial supplier of Lighting and Safety Products. APS has the capability to provide complete site and project optimized lighting and safety product plans. APS has been servicing the international mining, industrial and port markets in the North &amp; Central America, South America,&hellip;","og_url":"https:\/\/aps-supply.com\/es\/aps-vision-valores-caracter\/","og_site_name":"APS","article_publisher":"https:\/\/www.facebook.com\/pages\/APS-Lighting-and-Safety-Products\/499382100107067","article_modified_time":"2022-05-05T04:36:24+00:00","og_image":[{"url":"https:\/\/aps-supply.com\/wp-content\/uploads\/2021\/05\/Purpose.png","type":"","width":"","height":""}],"twitter_card":"summary_large_image","twitter_site":"@APSLighting_JB","twitter_misc":{"Tiempo de lectura":"3 minutos"},"schema":{"@context":"https:\/\/schema.org","@graph":[{"@type":"WebPage","@id":"https:\/\/aps-supply.com\/aps-vision-values-character\/","url":"https:\/\/aps-supply.com\/aps-vision-values-character\/","name":"Visi\u00f3n, valores y car\u00e1cter de APS - APS","isPartOf":{"@id":"https:\/\/aps-supply.com\/#website"},"primaryImageOfPage":{"@id":"https:\/\/aps-supply.com\/aps-vision-values-character\/#primaryimage"},"image":{"@id":"https:\/\/aps-supply.com\/aps-vision-values-character\/#primaryimage"},"thumbnailUrl":"https:\/\/aps-supply.com\/wp-content\/uploads\/2021\/05\/Purpose.png","datePublished":"2021-05-18T07:18:07+00:00","dateModified":"2022-05-05T04:36:24+00:00","breadcrumb":{"@id":"https:\/\/aps-supply.com\/aps-vision-values-character\/#breadcrumb"},"inLanguage":"es-CO","potentialAction":[{"@type":"ReadAction","target":["https:\/\/aps-supply.com\/aps-vision-values-character\/"]}]},{"@type":"ImageObject","inLanguage":"es-CO","@id":"https:\/\/aps-supply.com\/aps-vision-values-character\/#primaryimage","url":"https:\/\/aps-supply.com\/wp-content\/uploads\/2021\/05\/Purpose.png","contentUrl":"https:\/\/aps-supply.com\/wp-content\/uploads\/2021\/05\/Purpose.png"},{"@type":"BreadcrumbList","@id":"https:\/\/aps-supply.com\/aps-vision-values-character\/#breadcrumb","itemListElement":[{"@type":"ListItem","position":1,"name":"Home","item":"https:\/\/aps-supply.com\/"},{"@type":"ListItem","position":2,"name":"APS Vision, Values &#038; Character"}]},{"@type":"WebSite","@id":"https:\/\/aps-supply.com\/#website","url":"https:\/\/aps-supply.com\/","name":"APS","description":"Iluminaci\u00f3n y seguridad","publisher":{"@id":"https:\/\/aps-supply.com\/#organization"},"potentialAction":[{"@type":"SearchAction","target":{"@type":"EntryPoint","urlTemplate":"https:\/\/aps-supply.com\/?s={search_term_string}"},"query-input":{"@type":"PropertyValueSpecification","valueRequired":true,"valueName":"search_term_string"}}],"inLanguage":"es-CO"},{"@type":"Organization","@id":"https:\/\/aps-supply.com\/#organization","name":"Suministros APS","url":"https:\/\/aps-supply.com\/","logo":{"@type":"ImageObject","inLanguage":"es-CO","@id":"https:\/\/aps-supply.com\/#\/schema\/logo\/image\/","url":"https:\/\/aps-supply.com\/wp-content\/uploads\/2025\/07\/APS-Logo-Master_HD.png","contentUrl":"https:\/\/aps-supply.com\/wp-content\/uploads\/2025\/07\/APS-Logo-Master_HD.png","width":26589,"height":6468,"caption":"APS Supply"},"image":{"@id":"https:\/\/aps-supply.com\/#\/schema\/logo\/image\/"},"sameAs":["https:\/\/www.facebook.com\/pages\/APS-Lighting-and-Safety-Products\/499382100107067","https:\/\/x.com\/APSLighting_JB","https:\/\/www.linkedin.com\/company\/aps-lighting-&-safety\/","https:\/\/www.youtube.com\/@APSLightingandSafety"]}]}},"_links":{"self":[{"href":"https:\/\/aps-supply.com\/es\/wp-json\/wp\/v2\/pages\/21065","targetHints":{"allow":["GET"]}}],"collection":[{"href":"https:\/\/aps-supply.com\/es\/wp-json\/wp\/v2\/pages"}],"about":[{"href":"https:\/\/aps-supply.com\/es\/wp-json\/wp\/v2\/types\/page"}],"author":[{"embeddable":true,"href":"https:\/\/aps-supply.com\/es\/wp-json\/wp\/v2\/users\/6"}],"replies":[{"embeddable":true,"href":"https:\/\/aps-supply.com\/es\/wp-json\/wp\/v2\/comments?post=21065"}],"version-history":[{"count":0,"href":"https:\/\/aps-supply.com\/es\/wp-json\/wp\/v2\/pages\/21065\/revisions"}],"wp:attachment":[{"href":"https:\/\/aps-supply.com\/es\/wp-json\/wp\/v2\/media?parent=21065"}],"curies":[{"name":"wp","href":"https:\/\/api.w.org\/{rel}","templated":true}]}}