{"id":21081,"date":"2021-05-18T00:51:20","date_gmt":"2021-05-18T07:51:20","guid":{"rendered":"https:\/\/aps-supply.com\/?page_id=21081"},"modified":"2021-09-29T22:15:20","modified_gmt":"2021-09-30T05:15:20","slug":"soluciones-optimizadas-de-seguridad-para-vehiculos","status":"publish","type":"page","link":"https:\/\/aps-supply.com\/es\/servicios\/soluciones-optimizadas-de-seguridad-para-vehiculos\/","title":{"rendered":"Soluciones optimizadas de seguridad para veh\u00edculos"},"content":{"rendered":"<p class=\"p1\">Los planes de optimizaci\u00f3n de la seguridad de los veh\u00edculos (VSOP) de APS se centran en mejorar el conocimiento de la situaci\u00f3n tanto del operador como de los transe\u00fantes mediante sistemas ac\u00fasticos, visuales y de radar (proximidad \/ \u00e1ngulo muerto).<\/p>\n<p><img loading=\"lazy\" decoding=\"async\" class=\"alignright wp-image-21092 size-full\" src=\"https:\/\/aps-supply.com\/wp-content\/uploads\/2021\/05\/objects.png\" alt=\"\" width=\"559\" height=\"255\" srcset=\"https:\/\/aps-supply.com\/wp-content\/uploads\/2021\/05\/objects.png 559w, https:\/\/aps-supply.com\/wp-content\/uploads\/2021\/05\/objects-300x137.png 300w\" sizes=\"auto, (max-width: 559px) 100vw, 559px\" \/><\/p>\n<p class=\"p1\"><b>Un APS VSOP puede proporcionar:<\/b><\/p>\n<ul>\n<li class=\"p1\">veh\u00edculos adaptados, que permiten un mayor control de la seguridad;<\/li>\n<li class=\"p1\">reducci\u00f3n de los costes relacionados con lesiones y activos;<\/li>\n<li class=\"p1\">reducci\u00f3n de los da\u00f1os al veh\u00edculo y al equipo;<\/li>\n<li class=\"p1\">mejora de la concienciaci\u00f3n y la precisi\u00f3n del operador; y<\/li>\n<li class=\"p1\">una soluci\u00f3n de seguridad adaptada a sus necesidades y presupuesto.<\/li>\n<\/ul>\n<p>&nbsp;<\/p>\n<p>&nbsp;<\/p>\n<p>&nbsp;<\/p>\n<p><img loading=\"lazy\" decoding=\"async\" class=\"alignnone size-full wp-image-21143\" src=\"https:\/\/aps-supply.com\/wp-content\/uploads\/2021\/05\/APS_Safety_collage.jpg\" alt=\"\" width=\"2342\" height=\"1791\" srcset=\"https:\/\/aps-supply.com\/wp-content\/uploads\/2021\/05\/APS_Safety_collage.jpg 2342w, https:\/\/aps-supply.com\/wp-content\/uploads\/2021\/05\/APS_Safety_collage-300x229.jpg 300w, https:\/\/aps-supply.com\/wp-content\/uploads\/2021\/05\/APS_Safety_collage-1024x783.jpg 1024w, https:\/\/aps-supply.com\/wp-content\/uploads\/2021\/05\/APS_Safety_collage-768x587.jpg 768w, https:\/\/aps-supply.com\/wp-content\/uploads\/2021\/05\/APS_Safety_collage-1536x1175.jpg 1536w, https:\/\/aps-supply.com\/wp-content\/uploads\/2021\/05\/APS_Safety_collage-2048x1566.jpg 2048w\" sizes=\"auto, (max-width: 2342px) 100vw, 2342px\" \/><\/p>\n<p>&nbsp;<\/p>\n<p>&nbsp;<\/p>\n<p>&nbsp;<\/p>\n<p class=\"p1\">","protected":false},"excerpt":{"rendered":"<p>Los planes de optimizaci\u00f3n de la seguridad de los veh\u00edculos (VSOP) de APS se centran en mejorar el conocimiento de la situaci\u00f3n tanto del operador como de los transe\u00fantes mediante sistemas ac\u00fasticos, visuales y de radar (proximidad \/ \u00e1ngulo muerto). Un APS VSOP puede proporcionar: veh\u00edculos adaptados a su finalidad, que permiten un mayor control de la seguridad; reducciones de los costes relacionados con...<\/p>","protected":false},"author":6,"featured_media":22158,"parent":8,"menu_order":0,"comment_status":"open","ping_status":"closed","template":"","meta":{"_acf_changed":false,"footnotes":""},"class_list":["post-21081","page","type-page","status-publish","has-post-thumbnail","hentry","case-study-category-vehicle-safety-optimisation"],"acf":[],"yoast_head":"<!-- This site is optimized with the Yoast SEO Premium plugin v26.9 (Yoast SEO v26.9) - https:\/\/yoast.com\/product\/yoast-seo-premium-wordpress\/ -->\n<title>Optimised Vehicle Safety Solutions - APS<\/title>\n<meta name=\"robots\" content=\"index, follow, max-snippet:-1, max-image-preview:large, max-video-preview:-1\" \/>\n<link rel=\"canonical\" href=\"https:\/\/aps-supply.com\/es\/servicios\/soluciones-optimizadas-de-seguridad-para-vehiculos\/\" \/>\n<meta property=\"og:locale\" content=\"es_ES\" \/>\n<meta property=\"og:type\" content=\"article\" \/>\n<meta property=\"og:title\" content=\"Optimised Vehicle Safety Solutions\" \/>\n<meta property=\"og:description\" content=\"APS Vehicle Safety Optimization Plans (VSOP) are driven by focusing on enhancing Situational Awareness at both the operator and bystander level by utilizing audible, visual and radar (proximity \/ blind spot) systems. An APS VSOP can provide: fit for purpose vehicles, which allow greater control over safety; reductions in costs related to injury and assets;&hellip;\" \/>\n<meta property=\"og:url\" content=\"https:\/\/aps-supply.com\/es\/servicios\/soluciones-optimizadas-de-seguridad-para-vehiculos\/\" \/>\n<meta property=\"og:site_name\" content=\"APS\" \/>\n<meta property=\"article:publisher\" content=\"https:\/\/www.facebook.com\/pages\/APS-Lighting-and-Safety-Products\/499382100107067\" \/>\n<meta property=\"article:modified_time\" content=\"2021-09-30T05:15:20+00:00\" \/>\n<meta property=\"og:image\" content=\"https:\/\/aps-supply.com\/wp-content\/uploads\/2021\/09\/Light-Vehicle-safety-background.jpg\" \/>\n\t<meta property=\"og:image:width\" content=\"1200\" \/>\n\t<meta property=\"og:image:height\" content=\"770\" \/>\n\t<meta property=\"og:image:type\" content=\"image\/jpeg\" \/>\n<meta name=\"twitter:card\" content=\"summary_large_image\" \/>\n<meta name=\"twitter:site\" content=\"@APSLighting_JB\" \/>\n<script type=\"application\/ld+json\" class=\"yoast-schema-graph\">{\"@context\":\"https:\/\/schema.org\",\"@graph\":[{\"@type\":\"WebPage\",\"@id\":\"https:\/\/aps-supply.com\/services\/optimised-vehicle-safety-solutions\/\",\"url\":\"https:\/\/aps-supply.com\/services\/optimised-vehicle-safety-solutions\/\",\"name\":\"Optimised Vehicle Safety Solutions - APS\",\"isPartOf\":{\"@id\":\"https:\/\/aps-supply.com\/#website\"},\"primaryImageOfPage\":{\"@id\":\"https:\/\/aps-supply.com\/services\/optimised-vehicle-safety-solutions\/#primaryimage\"},\"image\":{\"@id\":\"https:\/\/aps-supply.com\/services\/optimised-vehicle-safety-solutions\/#primaryimage\"},\"thumbnailUrl\":\"https:\/\/aps-supply.com\/wp-content\/uploads\/2021\/09\/Light-Vehicle-safety-background.jpg\",\"datePublished\":\"2021-05-18T07:51:20+00:00\",\"dateModified\":\"2021-09-30T05:15:20+00:00\",\"breadcrumb\":{\"@id\":\"https:\/\/aps-supply.com\/services\/optimised-vehicle-safety-solutions\/#breadcrumb\"},\"inLanguage\":\"es-CO\",\"potentialAction\":[{\"@type\":\"ReadAction\",\"target\":[\"https:\/\/aps-supply.com\/services\/optimised-vehicle-safety-solutions\/\"]}]},{\"@type\":\"ImageObject\",\"inLanguage\":\"es-CO\",\"@id\":\"https:\/\/aps-supply.com\/services\/optimised-vehicle-safety-solutions\/#primaryimage\",\"url\":\"https:\/\/aps-supply.com\/wp-content\/uploads\/2021\/09\/Light-Vehicle-safety-background.jpg\",\"contentUrl\":\"https:\/\/aps-supply.com\/wp-content\/uploads\/2021\/09\/Light-Vehicle-safety-background.jpg\",\"width\":1200,\"height\":770},{\"@type\":\"BreadcrumbList\",\"@id\":\"https:\/\/aps-supply.com\/services\/optimised-vehicle-safety-solutions\/#breadcrumb\",\"itemListElement\":[{\"@type\":\"ListItem\",\"position\":1,\"name\":\"Home\",\"item\":\"https:\/\/aps-supply.com\/\"},{\"@type\":\"ListItem\",\"position\":2,\"name\":\"Services\",\"item\":\"https:\/\/aps-supply.com\/services\/\"},{\"@type\":\"ListItem\",\"position\":3,\"name\":\"Optimised Vehicle Safety Solutions\"}]},{\"@type\":\"WebSite\",\"@id\":\"https:\/\/aps-supply.com\/#website\",\"url\":\"https:\/\/aps-supply.com\/\",\"name\":\"APS\",\"description\":\"Lighting &amp; Safety\",\"publisher\":{\"@id\":\"https:\/\/aps-supply.com\/#organization\"},\"potentialAction\":[{\"@type\":\"SearchAction\",\"target\":{\"@type\":\"EntryPoint\",\"urlTemplate\":\"https:\/\/aps-supply.com\/?s={search_term_string}\"},\"query-input\":{\"@type\":\"PropertyValueSpecification\",\"valueRequired\":true,\"valueName\":\"search_term_string\"}}],\"inLanguage\":\"es-CO\"},{\"@type\":\"Organization\",\"@id\":\"https:\/\/aps-supply.com\/#organization\",\"name\":\"APS Supply\",\"url\":\"https:\/\/aps-supply.com\/\",\"logo\":{\"@type\":\"ImageObject\",\"inLanguage\":\"es-CO\",\"@id\":\"https:\/\/aps-supply.com\/#\/schema\/logo\/image\/\",\"url\":\"https:\/\/aps-supply.com\/wp-content\/uploads\/2025\/07\/APS-Logo-Master_HD.png\",\"contentUrl\":\"https:\/\/aps-supply.com\/wp-content\/uploads\/2025\/07\/APS-Logo-Master_HD.png\",\"width\":26589,\"height\":6468,\"caption\":\"APS Supply\"},\"image\":{\"@id\":\"https:\/\/aps-supply.com\/#\/schema\/logo\/image\/\"},\"sameAs\":[\"https:\/\/www.facebook.com\/pages\/APS-Lighting-and-Safety-Products\/499382100107067\",\"https:\/\/x.com\/APSLighting_JB\",\"https:\/\/www.linkedin.com\/company\/aps-lighting-&-safety\/\",\"https:\/\/www.youtube.com\/@APSLightingandSafety\"]}]}<\/script>\n<!-- \/ Yoast SEO Premium plugin. -->","yoast_head_json":{"title":"Soluciones optimizadas de seguridad para veh\u00edculos - APS","robots":{"index":"index","follow":"follow","max-snippet":"max-snippet:-1","max-image-preview":"max-image-preview:large","max-video-preview":"max-video-preview:-1"},"canonical":"https:\/\/aps-supply.com\/es\/servicios\/soluciones-optimizadas-de-seguridad-para-vehiculos\/","og_locale":"es_ES","og_type":"article","og_title":"Optimised Vehicle Safety Solutions","og_description":"APS Vehicle Safety Optimization Plans (VSOP) are driven by focusing on enhancing Situational Awareness at both the operator and bystander level by utilizing audible, visual and radar (proximity \/ blind spot) systems. An APS VSOP can provide: fit for purpose vehicles, which allow greater control over safety; reductions in costs related to injury and assets;&hellip;","og_url":"https:\/\/aps-supply.com\/es\/servicios\/soluciones-optimizadas-de-seguridad-para-vehiculos\/","og_site_name":"APS","article_publisher":"https:\/\/www.facebook.com\/pages\/APS-Lighting-and-Safety-Products\/499382100107067","article_modified_time":"2021-09-30T05:15:20+00:00","og_image":[{"width":1200,"height":770,"url":"https:\/\/aps-supply.com\/wp-content\/uploads\/2021\/09\/Light-Vehicle-safety-background.jpg","type":"image\/jpeg"}],"twitter_card":"summary_large_image","twitter_site":"@APSLighting_JB","schema":{"@context":"https:\/\/schema.org","@graph":[{"@type":"WebPage","@id":"https:\/\/aps-supply.com\/services\/optimised-vehicle-safety-solutions\/","url":"https:\/\/aps-supply.com\/services\/optimised-vehicle-safety-solutions\/","name":"Soluciones optimizadas de seguridad para veh\u00edculos - APS","isPartOf":{"@id":"https:\/\/aps-supply.com\/#website"},"primaryImageOfPage":{"@id":"https:\/\/aps-supply.com\/services\/optimised-vehicle-safety-solutions\/#primaryimage"},"image":{"@id":"https:\/\/aps-supply.com\/services\/optimised-vehicle-safety-solutions\/#primaryimage"},"thumbnailUrl":"https:\/\/aps-supply.com\/wp-content\/uploads\/2021\/09\/Light-Vehicle-safety-background.jpg","datePublished":"2021-05-18T07:51:20+00:00","dateModified":"2021-09-30T05:15:20+00:00","breadcrumb":{"@id":"https:\/\/aps-supply.com\/services\/optimised-vehicle-safety-solutions\/#breadcrumb"},"inLanguage":"es-CO","potentialAction":[{"@type":"ReadAction","target":["https:\/\/aps-supply.com\/services\/optimised-vehicle-safety-solutions\/"]}]},{"@type":"ImageObject","inLanguage":"es-CO","@id":"https:\/\/aps-supply.com\/services\/optimised-vehicle-safety-solutions\/#primaryimage","url":"https:\/\/aps-supply.com\/wp-content\/uploads\/2021\/09\/Light-Vehicle-safety-background.jpg","contentUrl":"https:\/\/aps-supply.com\/wp-content\/uploads\/2021\/09\/Light-Vehicle-safety-background.jpg","width":1200,"height":770},{"@type":"BreadcrumbList","@id":"https:\/\/aps-supply.com\/services\/optimised-vehicle-safety-solutions\/#breadcrumb","itemListElement":[{"@type":"ListItem","position":1,"name":"Home","item":"https:\/\/aps-supply.com\/"},{"@type":"ListItem","position":2,"name":"Services","item":"https:\/\/aps-supply.com\/services\/"},{"@type":"ListItem","position":3,"name":"Optimised Vehicle Safety Solutions"}]},{"@type":"WebSite","@id":"https:\/\/aps-supply.com\/#website","url":"https:\/\/aps-supply.com\/","name":"APS","description":"Iluminaci\u00f3n y seguridad","publisher":{"@id":"https:\/\/aps-supply.com\/#organization"},"potentialAction":[{"@type":"SearchAction","target":{"@type":"EntryPoint","urlTemplate":"https:\/\/aps-supply.com\/?s={search_term_string}"},"query-input":{"@type":"PropertyValueSpecification","valueRequired":true,"valueName":"search_term_string"}}],"inLanguage":"es-CO"},{"@type":"Organization","@id":"https:\/\/aps-supply.com\/#organization","name":"Suministros APS","url":"https:\/\/aps-supply.com\/","logo":{"@type":"ImageObject","inLanguage":"es-CO","@id":"https:\/\/aps-supply.com\/#\/schema\/logo\/image\/","url":"https:\/\/aps-supply.com\/wp-content\/uploads\/2025\/07\/APS-Logo-Master_HD.png","contentUrl":"https:\/\/aps-supply.com\/wp-content\/uploads\/2025\/07\/APS-Logo-Master_HD.png","width":26589,"height":6468,"caption":"APS Supply"},"image":{"@id":"https:\/\/aps-supply.com\/#\/schema\/logo\/image\/"},"sameAs":["https:\/\/www.facebook.com\/pages\/APS-Lighting-and-Safety-Products\/499382100107067","https:\/\/x.com\/APSLighting_JB","https:\/\/www.linkedin.com\/company\/aps-lighting-&-safety\/","https:\/\/www.youtube.com\/@APSLightingandSafety"]}]}},"_links":{"self":[{"href":"https:\/\/aps-supply.com\/es\/wp-json\/wp\/v2\/pages\/21081","targetHints":{"allow":["GET"]}}],"collection":[{"href":"https:\/\/aps-supply.com\/es\/wp-json\/wp\/v2\/pages"}],"about":[{"href":"https:\/\/aps-supply.com\/es\/wp-json\/wp\/v2\/types\/page"}],"author":[{"embeddable":true,"href":"https:\/\/aps-supply.com\/es\/wp-json\/wp\/v2\/users\/6"}],"replies":[{"embeddable":true,"href":"https:\/\/aps-supply.com\/es\/wp-json\/wp\/v2\/comments?post=21081"}],"version-history":[{"count":0,"href":"https:\/\/aps-supply.com\/es\/wp-json\/wp\/v2\/pages\/21081\/revisions"}],"up":[{"embeddable":true,"href":"https:\/\/aps-supply.com\/es\/wp-json\/wp\/v2\/pages\/8"}],"wp:featuredmedia":[{"embeddable":true,"href":"https:\/\/aps-supply.com\/es\/wp-json\/wp\/v2\/media\/22158"}],"wp:attachment":[{"href":"https:\/\/aps-supply.com\/es\/wp-json\/wp\/v2\/media?parent=21081"}],"curies":[{"name":"wp","href":"https:\/\/api.w.org\/{rel}","templated":true}]}}