{"id":21901,"date":"2021-09-29T21:53:10","date_gmt":"2021-09-30T04:53:10","guid":{"rendered":"https:\/\/aps-supply.com\/?page_id=21901"},"modified":"2021-09-29T22:04:35","modified_gmt":"2021-09-30T05:04:35","slug":"estudio-de-caso-iluminacion-de-aproximacion-al-muelle","status":"publish","type":"page","link":"https:\/\/aps-supply.com\/es\/estudio-de-caso-iluminacion-de-aproximacion-al-muelle\/","title":{"rendered":"Estudio de caso: Iluminaci\u00f3n de acceso al muelle"},"content":{"rendered":"<h3>Tensi\u00f3n: 90-277 V CA<\/h3>\n<p><a href=\"https:\/\/aps-supply.com\/es\/publicar-producto\/vx-10w-caja-de-empalmes\/\" target=\"_blank\" rel=\"noopener\"><img loading=\"lazy\" decoding=\"async\" class=\"alignnone wp-image-21905 size-full\" src=\"https:\/\/aps-supply.com\/wp-content\/uploads\/2021\/08\/Wharf_Approach_Lighting_Plan.jpg\" alt=\"\" width=\"1760\" height=\"978\" srcset=\"https:\/\/aps-supply.com\/wp-content\/uploads\/2021\/08\/Wharf_Approach_Lighting_Plan.jpg 1760w, https:\/\/aps-supply.com\/wp-content\/uploads\/2021\/08\/Wharf_Approach_Lighting_Plan-300x167.jpg 300w, https:\/\/aps-supply.com\/wp-content\/uploads\/2021\/08\/Wharf_Approach_Lighting_Plan-1024x569.jpg 1024w, https:\/\/aps-supply.com\/wp-content\/uploads\/2021\/08\/Wharf_Approach_Lighting_Plan-768x427.jpg 768w, https:\/\/aps-supply.com\/wp-content\/uploads\/2021\/08\/Wharf_Approach_Lighting_Plan-1536x854.jpg 1536w\" sizes=\"auto, (max-width: 1760px) 100vw, 1760px\" \/><\/a><\/p>\n<p>&nbsp;<\/p>\n<h3 class=\"p2\">Alcance del proyecto<\/h3>\n<p class=\"p1\">Un cliente se puso en contacto con APS para ver si pod\u00edamos ofrecerle una soluci\u00f3n de iluminaci\u00f3n m\u00e1s segura y eficaz para el acceso a su muelle. La escasa iluminaci\u00f3n del tramo de carretera de 72 m de longitud estaba creando un problema potencial de seguridad, ya que s\u00f3lo siete de las 12 luminarias de sodio existentes funcionaban correctamente.  El cliente quer\u00eda una soluci\u00f3n de iluminaci\u00f3n m\u00e1s ecol\u00f3gica, con menores costes de mantenimiento y mejores resultados en materia de seguridad.<\/p>\n<p>&nbsp;<\/p>\n<p><a href=\"https:\/\/aps-supply.com\/es\/publicar-producto\/vx-10w-caja-de-empalmes\/\" target=\"_blank\" rel=\"noopener\"><img loading=\"lazy\" decoding=\"async\" class=\"alignnone wp-image-21906 size-full\" src=\"https:\/\/aps-supply.com\/wp-content\/uploads\/2021\/08\/Wharf_Approach_Lighting_Plan_1.png\" alt=\"\" width=\"2095\" height=\"204\" srcset=\"https:\/\/aps-supply.com\/wp-content\/uploads\/2021\/08\/Wharf_Approach_Lighting_Plan_1.png 2095w, https:\/\/aps-supply.com\/wp-content\/uploads\/2021\/08\/Wharf_Approach_Lighting_Plan_1-300x29.png 300w, https:\/\/aps-supply.com\/wp-content\/uploads\/2021\/08\/Wharf_Approach_Lighting_Plan_1-1024x100.png 1024w, https:\/\/aps-supply.com\/wp-content\/uploads\/2021\/08\/Wharf_Approach_Lighting_Plan_1-768x75.png 768w, https:\/\/aps-supply.com\/wp-content\/uploads\/2021\/08\/Wharf_Approach_Lighting_Plan_1-1536x150.png 1536w, https:\/\/aps-supply.com\/wp-content\/uploads\/2021\/08\/Wharf_Approach_Lighting_Plan_1-2048x199.png 2048w\" sizes=\"auto, (max-width: 2095px) 100vw, 2095px\" \/><\/a><\/p>\n<p>&nbsp;<\/p>\n<h3 class=\"p2\">Soluci\u00f3n propuesta<\/h3>\n<p><a href=\"https:\/\/aps-supply.com\/es\/publicar-producto\/vx-10w-caja-de-empalmes\/\" target=\"_blank\" rel=\"noopener\"><img loading=\"lazy\" decoding=\"async\" class=\"alignright wp-image-21909 size-full\" src=\"https:\/\/aps-supply.com\/wp-content\/uploads\/2021\/08\/Wharf_Approach_Lighting_Plan_5.jpg\" alt=\"\" width=\"600\" height=\"559\" srcset=\"https:\/\/aps-supply.com\/wp-content\/uploads\/2021\/08\/Wharf_Approach_Lighting_Plan_5.jpg 600w, https:\/\/aps-supply.com\/wp-content\/uploads\/2021\/08\/Wharf_Approach_Lighting_Plan_5-300x280.jpg 300w\" sizes=\"auto, (max-width: 600px) 100vw, 600px\" \/><\/a><\/p>\n<p class=\"p1\">Las pruebas realizadas a lo largo de la zona de 3 m de ancho registraron una media de 3,85 lux a 1,2 m y 0,4 lux a 3 m de la luminaria, lo que no era suficiente para iluminar adecuadamente la carretera de aproximaci\u00f3n. Se encarg\u00f3 a APS que proporcionara una iluminaci\u00f3n adecuada (con un nivel de lux m\u00ednimo de 5) para permitir un desplazamiento seguro a trav\u00e9s de la v\u00eda de aproximaci\u00f3n.<\/p>\n<p class=\"p1\">La soluci\u00f3n preferida era sustituir las 12 luminarias murales de sodio de 80 W existentes por 12 del modelo <a href=\"https:\/\/aps-supply.com\/es\/publicar-producto\/vx-10w-caja-de-empalmes\/\">Vision X 10 vatios LED Caja de empalmes<\/a>. Deb\u00edan instalarse en la posici\u00f3n de montaje actual.<\/p>\n<p class=\"p1\">Las luminarias LED, espaciadas a intervalos de 6 m, proporcionaron m\u00e1s luz \u00fatil en toda la aproximaci\u00f3n que las luminarias de sodio, con una media de 6,41 lux a 3 m y 60,34 lux a 1 m. Esto super\u00f3 con creces las expectativas de nuestro cliente, no s\u00f3lo mejorando la seguridad en el lugar, sino tambi\u00e9n reduciendo significativamente su consumo de energ\u00eda y sus costes energ\u00e9ticos. Esto super\u00f3 con creces las expectativas de nuestro cliente, ya que no s\u00f3lo mejor\u00f3 la seguridad in situ, sino que tambi\u00e9n supuso una reducci\u00f3n significativa del consumo el\u00e9ctrico y de los costes energ\u00e9ticos.<\/p>\n<p>&nbsp;<\/p>\n<p class=\"p1\">P\u00f3ngase en contacto con su representante local de APS para hablar de c\u00f3mo podemos adaptar una soluci\u00f3n a sus necesidades.<\/p>\n<p>&nbsp;<\/p>","protected":false},"excerpt":{"rendered":"<p>Tensi\u00f3n: 90-277 V CA Alcance del proyecto Un cliente se puso en contacto con APS para ver si pod\u00edamos proporcionarle una soluci\u00f3n de iluminaci\u00f3n m\u00e1s segura y eficaz para el acceso a su muelle. La iluminaci\u00f3n insuficiente del tramo de carretera de 72 m de longitud estaba creando un problema potencial de seguridad, ya que s\u00f3lo siete de las 12 luminarias de sodio existentes funcionaban correctamente.  La...<\/p>","protected":false},"author":6,"featured_media":22157,"parent":0,"menu_order":0,"comment_status":"closed","ping_status":"closed","template":"","meta":{"_acf_changed":false,"footnotes":""},"class_list":["post-21901","page","type-page","status-publish","has-post-thumbnail","hentry","case-study-category-lighting-optimisation"],"acf":[],"yoast_head":"<!-- This site is optimized with the Yoast SEO Premium plugin v26.9 (Yoast SEO v26.9) - https:\/\/yoast.com\/product\/yoast-seo-premium-wordpress\/ -->\n<title>Case Study: Wharf Approach Lighting - APS<\/title>\n<meta name=\"description\" content=\"Tests carried out along the 3m-wide area recorded an average of 3.85 lux at 1.2m and 0.4 lux at 3m from the fixture, which was not sufficient to properly light up the approach road. APS was tasked with providing appropriate lighting (with a minimum lux level of five) to allow safe travel across the approach, which at the same time would also be more eco-friendly and have reduced maintenance costs.\" \/>\n<meta name=\"robots\" content=\"index, follow, max-snippet:-1, max-image-preview:large, max-video-preview:-1\" \/>\n<link rel=\"canonical\" href=\"https:\/\/aps-supply.com\/es\/estudio-de-caso-iluminacion-de-aproximacion-al-muelle\/\" \/>\n<meta property=\"og:locale\" content=\"es_ES\" \/>\n<meta property=\"og:type\" content=\"article\" \/>\n<meta property=\"og:title\" content=\"Case Study: Wharf Approach Lighting\" \/>\n<meta property=\"og:description\" content=\"Tests carried out along the 3m-wide area recorded an average of 3.85 lux at 1.2m and 0.4 lux at 3m from the fixture, which was not sufficient to properly light up the approach road. APS was tasked with providing appropriate lighting (with a minimum lux level of five) to allow safe travel across the approach, which at the same time would also be more eco-friendly and have reduced maintenance costs.\" \/>\n<meta property=\"og:url\" content=\"https:\/\/aps-supply.com\/es\/estudio-de-caso-iluminacion-de-aproximacion-al-muelle\/\" \/>\n<meta property=\"og:site_name\" content=\"APS\" \/>\n<meta property=\"article:publisher\" content=\"https:\/\/www.facebook.com\/pages\/APS-Lighting-and-Safety-Products\/499382100107067\" \/>\n<meta property=\"article:modified_time\" content=\"2021-09-30T05:04:35+00:00\" \/>\n<meta property=\"og:image\" content=\"https:\/\/aps-supply.com\/wp-content\/uploads\/2021\/09\/Wharf_Approach_Lighting_Plan-1200.jpg\" \/>\n\t<meta property=\"og:image:width\" content=\"1200\" \/>\n\t<meta property=\"og:image:height\" content=\"770\" \/>\n\t<meta property=\"og:image:type\" content=\"image\/jpeg\" \/>\n<meta name=\"twitter:card\" content=\"summary_large_image\" \/>\n<meta name=\"twitter:site\" content=\"@APSLighting_JB\" \/>\n<meta name=\"twitter:label1\" content=\"Tiempo de lectura\" \/>\n\t<meta name=\"twitter:data1\" content=\"2 minutos\" \/>\n<script type=\"application\/ld+json\" class=\"yoast-schema-graph\">{\"@context\":\"https:\/\/schema.org\",\"@graph\":[{\"@type\":\"WebPage\",\"@id\":\"https:\/\/aps-supply.com\/case-study-wharf-approach-lighting\/\",\"url\":\"https:\/\/aps-supply.com\/case-study-wharf-approach-lighting\/\",\"name\":\"Case Study: Wharf Approach Lighting - APS\",\"isPartOf\":{\"@id\":\"https:\/\/aps-supply.com\/#website\"},\"primaryImageOfPage\":{\"@id\":\"https:\/\/aps-supply.com\/case-study-wharf-approach-lighting\/#primaryimage\"},\"image\":{\"@id\":\"https:\/\/aps-supply.com\/case-study-wharf-approach-lighting\/#primaryimage\"},\"thumbnailUrl\":\"https:\/\/aps-supply.com\/wp-content\/uploads\/2021\/09\/Wharf_Approach_Lighting_Plan-1200.jpg\",\"datePublished\":\"2021-09-30T04:53:10+00:00\",\"dateModified\":\"2021-09-30T05:04:35+00:00\",\"description\":\"Tests carried out along the 3m-wide area recorded an average of 3.85 lux at 1.2m and 0.4 lux at 3m from the fixture, which was not sufficient to properly light up the approach road. APS was tasked with providing appropriate lighting (with a minimum lux level of five) to allow safe travel across the approach, which at the same time would also be more eco-friendly and have reduced maintenance costs.\",\"breadcrumb\":{\"@id\":\"https:\/\/aps-supply.com\/case-study-wharf-approach-lighting\/#breadcrumb\"},\"inLanguage\":\"es-CO\",\"potentialAction\":[{\"@type\":\"ReadAction\",\"target\":[\"https:\/\/aps-supply.com\/case-study-wharf-approach-lighting\/\"]}]},{\"@type\":\"ImageObject\",\"inLanguage\":\"es-CO\",\"@id\":\"https:\/\/aps-supply.com\/case-study-wharf-approach-lighting\/#primaryimage\",\"url\":\"https:\/\/aps-supply.com\/wp-content\/uploads\/2021\/09\/Wharf_Approach_Lighting_Plan-1200.jpg\",\"contentUrl\":\"https:\/\/aps-supply.com\/wp-content\/uploads\/2021\/09\/Wharf_Approach_Lighting_Plan-1200.jpg\",\"width\":1200,\"height\":770},{\"@type\":\"BreadcrumbList\",\"@id\":\"https:\/\/aps-supply.com\/case-study-wharf-approach-lighting\/#breadcrumb\",\"itemListElement\":[{\"@type\":\"ListItem\",\"position\":1,\"name\":\"Home\",\"item\":\"https:\/\/aps-supply.com\/\"},{\"@type\":\"ListItem\",\"position\":2,\"name\":\"Case Study: Wharf Approach Lighting\"}]},{\"@type\":\"WebSite\",\"@id\":\"https:\/\/aps-supply.com\/#website\",\"url\":\"https:\/\/aps-supply.com\/\",\"name\":\"APS\",\"description\":\"Lighting &amp; Safety\",\"publisher\":{\"@id\":\"https:\/\/aps-supply.com\/#organization\"},\"potentialAction\":[{\"@type\":\"SearchAction\",\"target\":{\"@type\":\"EntryPoint\",\"urlTemplate\":\"https:\/\/aps-supply.com\/?s={search_term_string}\"},\"query-input\":{\"@type\":\"PropertyValueSpecification\",\"valueRequired\":true,\"valueName\":\"search_term_string\"}}],\"inLanguage\":\"es-CO\"},{\"@type\":\"Organization\",\"@id\":\"https:\/\/aps-supply.com\/#organization\",\"name\":\"APS Supply\",\"url\":\"https:\/\/aps-supply.com\/\",\"logo\":{\"@type\":\"ImageObject\",\"inLanguage\":\"es-CO\",\"@id\":\"https:\/\/aps-supply.com\/#\/schema\/logo\/image\/\",\"url\":\"https:\/\/aps-supply.com\/wp-content\/uploads\/2025\/07\/APS-Logo-Master_HD.png\",\"contentUrl\":\"https:\/\/aps-supply.com\/wp-content\/uploads\/2025\/07\/APS-Logo-Master_HD.png\",\"width\":26589,\"height\":6468,\"caption\":\"APS Supply\"},\"image\":{\"@id\":\"https:\/\/aps-supply.com\/#\/schema\/logo\/image\/\"},\"sameAs\":[\"https:\/\/www.facebook.com\/pages\/APS-Lighting-and-Safety-Products\/499382100107067\",\"https:\/\/x.com\/APSLighting_JB\",\"https:\/\/www.linkedin.com\/company\/aps-lighting-&-safety\/\",\"https:\/\/www.youtube.com\/@APSLightingandSafety\"]}]}<\/script>\n<!-- \/ Yoast SEO Premium plugin. -->","yoast_head_json":{"title":"Estudio de caso: Iluminaci\u00f3n de aproximaci\u00f3n al muelle - APS","description":"Las pruebas realizadas a lo largo de la zona de 3 m de ancho registraron una media de 3,85 lux a 1,2 m y 0,4 lux a 3 m de la luminaria, lo que no era suficiente para iluminar adecuadamente la carretera de aproximaci\u00f3n. Se encarg\u00f3 a APS que proporcionara una iluminaci\u00f3n adecuada (con un nivel de lux m\u00ednimo de cinco) para permitir una circulaci\u00f3n segura por la v\u00eda de acceso, que al mismo tiempo fuera m\u00e1s respetuosa con el medio ambiente y redujera los costes de mantenimiento.","robots":{"index":"index","follow":"follow","max-snippet":"max-snippet:-1","max-image-preview":"max-image-preview:large","max-video-preview":"max-video-preview:-1"},"canonical":"https:\/\/aps-supply.com\/es\/estudio-de-caso-iluminacion-de-aproximacion-al-muelle\/","og_locale":"es_ES","og_type":"article","og_title":"Case Study: Wharf Approach Lighting","og_description":"Tests carried out along the 3m-wide area recorded an average of 3.85 lux at 1.2m and 0.4 lux at 3m from the fixture, which was not sufficient to properly light up the approach road. APS was tasked with providing appropriate lighting (with a minimum lux level of five) to allow safe travel across the approach, which at the same time would also be more eco-friendly and have reduced maintenance costs.","og_url":"https:\/\/aps-supply.com\/es\/estudio-de-caso-iluminacion-de-aproximacion-al-muelle\/","og_site_name":"APS","article_publisher":"https:\/\/www.facebook.com\/pages\/APS-Lighting-and-Safety-Products\/499382100107067","article_modified_time":"2021-09-30T05:04:35+00:00","og_image":[{"width":1200,"height":770,"url":"https:\/\/aps-supply.com\/wp-content\/uploads\/2021\/09\/Wharf_Approach_Lighting_Plan-1200.jpg","type":"image\/jpeg"}],"twitter_card":"summary_large_image","twitter_site":"@APSLighting_JB","twitter_misc":{"Tiempo de lectura":"2 minutos"},"schema":{"@context":"https:\/\/schema.org","@graph":[{"@type":"WebPage","@id":"https:\/\/aps-supply.com\/case-study-wharf-approach-lighting\/","url":"https:\/\/aps-supply.com\/case-study-wharf-approach-lighting\/","name":"Estudio de caso: Iluminaci\u00f3n de aproximaci\u00f3n al muelle - APS","isPartOf":{"@id":"https:\/\/aps-supply.com\/#website"},"primaryImageOfPage":{"@id":"https:\/\/aps-supply.com\/case-study-wharf-approach-lighting\/#primaryimage"},"image":{"@id":"https:\/\/aps-supply.com\/case-study-wharf-approach-lighting\/#primaryimage"},"thumbnailUrl":"https:\/\/aps-supply.com\/wp-content\/uploads\/2021\/09\/Wharf_Approach_Lighting_Plan-1200.jpg","datePublished":"2021-09-30T04:53:10+00:00","dateModified":"2021-09-30T05:04:35+00:00","description":"Las pruebas realizadas a lo largo de la zona de 3 m de ancho registraron una media de 3,85 lux a 1,2 m y 0,4 lux a 3 m de la luminaria, lo que no era suficiente para iluminar adecuadamente la carretera de aproximaci\u00f3n. Se encarg\u00f3 a APS que proporcionara una iluminaci\u00f3n adecuada (con un nivel de lux m\u00ednimo de cinco) para permitir una circulaci\u00f3n segura por la v\u00eda de acceso, que al mismo tiempo fuera m\u00e1s respetuosa con el medio ambiente y redujera los costes de mantenimiento.","breadcrumb":{"@id":"https:\/\/aps-supply.com\/case-study-wharf-approach-lighting\/#breadcrumb"},"inLanguage":"es-CO","potentialAction":[{"@type":"ReadAction","target":["https:\/\/aps-supply.com\/case-study-wharf-approach-lighting\/"]}]},{"@type":"ImageObject","inLanguage":"es-CO","@id":"https:\/\/aps-supply.com\/case-study-wharf-approach-lighting\/#primaryimage","url":"https:\/\/aps-supply.com\/wp-content\/uploads\/2021\/09\/Wharf_Approach_Lighting_Plan-1200.jpg","contentUrl":"https:\/\/aps-supply.com\/wp-content\/uploads\/2021\/09\/Wharf_Approach_Lighting_Plan-1200.jpg","width":1200,"height":770},{"@type":"BreadcrumbList","@id":"https:\/\/aps-supply.com\/case-study-wharf-approach-lighting\/#breadcrumb","itemListElement":[{"@type":"ListItem","position":1,"name":"Home","item":"https:\/\/aps-supply.com\/"},{"@type":"ListItem","position":2,"name":"Case Study: Wharf Approach Lighting"}]},{"@type":"WebSite","@id":"https:\/\/aps-supply.com\/#website","url":"https:\/\/aps-supply.com\/","name":"APS","description":"Iluminaci\u00f3n y seguridad","publisher":{"@id":"https:\/\/aps-supply.com\/#organization"},"potentialAction":[{"@type":"SearchAction","target":{"@type":"EntryPoint","urlTemplate":"https:\/\/aps-supply.com\/?s={search_term_string}"},"query-input":{"@type":"PropertyValueSpecification","valueRequired":true,"valueName":"search_term_string"}}],"inLanguage":"es-CO"},{"@type":"Organization","@id":"https:\/\/aps-supply.com\/#organization","name":"Suministros APS","url":"https:\/\/aps-supply.com\/","logo":{"@type":"ImageObject","inLanguage":"es-CO","@id":"https:\/\/aps-supply.com\/#\/schema\/logo\/image\/","url":"https:\/\/aps-supply.com\/wp-content\/uploads\/2025\/07\/APS-Logo-Master_HD.png","contentUrl":"https:\/\/aps-supply.com\/wp-content\/uploads\/2025\/07\/APS-Logo-Master_HD.png","width":26589,"height":6468,"caption":"APS Supply"},"image":{"@id":"https:\/\/aps-supply.com\/#\/schema\/logo\/image\/"},"sameAs":["https:\/\/www.facebook.com\/pages\/APS-Lighting-and-Safety-Products\/499382100107067","https:\/\/x.com\/APSLighting_JB","https:\/\/www.linkedin.com\/company\/aps-lighting-&-safety\/","https:\/\/www.youtube.com\/@APSLightingandSafety"]}]}},"_links":{"self":[{"href":"https:\/\/aps-supply.com\/es\/wp-json\/wp\/v2\/pages\/21901","targetHints":{"allow":["GET"]}}],"collection":[{"href":"https:\/\/aps-supply.com\/es\/wp-json\/wp\/v2\/pages"}],"about":[{"href":"https:\/\/aps-supply.com\/es\/wp-json\/wp\/v2\/types\/page"}],"author":[{"embeddable":true,"href":"https:\/\/aps-supply.com\/es\/wp-json\/wp\/v2\/users\/6"}],"replies":[{"embeddable":true,"href":"https:\/\/aps-supply.com\/es\/wp-json\/wp\/v2\/comments?post=21901"}],"version-history":[{"count":0,"href":"https:\/\/aps-supply.com\/es\/wp-json\/wp\/v2\/pages\/21901\/revisions"}],"wp:featuredmedia":[{"embeddable":true,"href":"https:\/\/aps-supply.com\/es\/wp-json\/wp\/v2\/media\/22157"}],"wp:attachment":[{"href":"https:\/\/aps-supply.com\/es\/wp-json\/wp\/v2\/media?parent=21901"}],"curies":[{"name":"wp","href":"https:\/\/api.w.org\/{rel}","templated":true}]}}