{"id":21904,"date":"2021-09-29T21:52:42","date_gmt":"2021-09-30T04:52:42","guid":{"rendered":"https:\/\/aps-supply.com\/?page_id=21904"},"modified":"2021-09-29T21:52:42","modified_gmt":"2021-09-30T04:52:42","slug":"estudio-de-caso-sistema-de-camara-ecco-para-motoniveladoras-komatsu","status":"publish","type":"page","link":"https:\/\/aps-supply.com\/es\/estudio-de-caso-sistema-de-camara-ecco-para-motoniveladoras-komatsu\/","title":{"rendered":"Estudio de caso: Sistema de c\u00e1maras ECCO para motoniveladoras Komatsu"},"content":{"rendered":"<h3>Alcance del proyecto<\/h3>\n<p class=\"p1\">Los operadores de motoniveladoras en un proyecto de carretera para la Ruta Nacional 40 en Nilo (departamento de Cundinamarca), que es un municipio y ciudad de Colombia, necesitaban una mejor visibilidad de otros trabajadores de la carretera y veh\u00edculos cuando sus motoniveladoras daban marcha atr\u00e1s.<\/p>\n<h3 class=\"p2\">Soluci\u00f3n propuesta<\/h3>\n<p class=\"p1\">APS recomend\u00f3 la <a href=\"https:\/\/aps-supply.com\/es\/product-category\/seguridad-de-los-equipos-moviles\/sistemas-de-camaras\/sistemas-de-camaras-con-cable\/\">Sistema de c\u00e1mara y monitor ECCO Gemineye<\/a> para satisfacer los requisitos de uso intensivo de las motoniveladoras. El sistema inclu\u00eda un monitor LCD de 7\" (178 mm) y una c\u00e1mara con un \u00e1ngulo de visi\u00f3n de 120 grados, resistencia mec\u00e1nica a las vibraciones 6G y protecci\u00f3n IP69K. La instalaci\u00f3n del monitor y la c\u00e1mara fue sencilla, y los operadores quedaron impresionados con la excelente calidad de imagen, incluso en condiciones de poca luz. Se instal\u00f3 este sistema en cuatro motoniveladoras Komatsu GD555-5.<\/p>\n<p><a href=\"https:\/\/aps-supply.com\/es\/product-category\/seguridad-de-los-equipos-moviles\/sistemas-de-camaras\/sistemas-de-camaras-con-cable\/\" target=\"_blank\" rel=\"noopener\"><img loading=\"lazy\" decoding=\"async\" class=\"aligncenter wp-image-21911 size-full\" src=\"https:\/\/aps-supply.com\/wp-content\/uploads\/2021\/08\/case-study_image2.jpg\" alt=\"\" width=\"2285\" height=\"667\" srcset=\"https:\/\/aps-supply.com\/wp-content\/uploads\/2021\/08\/case-study_image2.jpg 2285w, https:\/\/aps-supply.com\/wp-content\/uploads\/2021\/08\/case-study_image2-300x88.jpg 300w, https:\/\/aps-supply.com\/wp-content\/uploads\/2021\/08\/case-study_image2-1024x299.jpg 1024w, https:\/\/aps-supply.com\/wp-content\/uploads\/2021\/08\/case-study_image2-768x224.jpg 768w, https:\/\/aps-supply.com\/wp-content\/uploads\/2021\/08\/case-study_image2-1536x448.jpg 1536w, https:\/\/aps-supply.com\/wp-content\/uploads\/2021\/08\/case-study_image2-2048x598.jpg 2048w\" sizes=\"auto, (max-width: 2285px) 100vw, 2285px\" \/><\/a><\/p>\n<p><a href=\"https:\/\/aps-supply.com\/es\/product-category\/seguridad-de-los-equipos-moviles\/sistemas-de-camaras\/sistemas-de-camaras-con-cable\/\" target=\"_blank\" rel=\"noopener\"><img loading=\"lazy\" decoding=\"async\" class=\"aligncenter wp-image-21915 size-full\" src=\"https:\/\/aps-supply.com\/wp-content\/uploads\/2021\/08\/case-study_image1.jpg\" alt=\"\" width=\"1194\" height=\"819\" srcset=\"https:\/\/aps-supply.com\/wp-content\/uploads\/2021\/08\/case-study_image1.jpg 1194w, https:\/\/aps-supply.com\/wp-content\/uploads\/2021\/08\/case-study_image1-300x206.jpg 300w, https:\/\/aps-supply.com\/wp-content\/uploads\/2021\/08\/case-study_image1-1024x702.jpg 1024w, https:\/\/aps-supply.com\/wp-content\/uploads\/2021\/08\/case-study_image1-768x527.jpg 768w\" sizes=\"auto, (max-width: 1194px) 100vw, 1194px\" \/><\/a><\/p>\n<p>&nbsp;<\/p>","protected":false},"excerpt":{"rendered":"<p>Alcance del proyecto Los operadores de motoniveladoras en un proyecto vial para la Ruta Nacional 40 en Nilo (departamento de Cundinamarca), que es un municipio y ciudad de Colombia, requer\u00edan una mejor visibilidad de otros trabajadores viales y veh\u00edculos cuando sus motoniveladoras daban marcha atr\u00e1s. Soluci\u00f3n propuesta APS recomend\u00f3 el sistema de c\u00e1mara y monitor ECCO Gemineye para...<\/p>","protected":false},"author":6,"featured_media":22103,"parent":0,"menu_order":0,"comment_status":"closed","ping_status":"closed","template":"","meta":{"_acf_changed":false,"footnotes":""},"class_list":["post-21904","page","type-page","status-publish","has-post-thumbnail","hentry","case-study-category-vehicle-safety-optimisation"],"acf":[],"yoast_head":"<!-- This site is optimized with the Yoast SEO Premium plugin v26.9 (Yoast SEO v26.9) - https:\/\/yoast.com\/product\/yoast-seo-premium-wordpress\/ -->\n<title>Case Study: ECCO Camera System for Komatsu Motor Graders - APS<\/title>\n<meta name=\"description\" content=\"APS recommended the ECCO Gemineye camera and monitor system to meet the heavy-duty requirements of the motor graders. The system included a large 7\u201d (178mm) LCD monitor, and a camera that featured a 120 degree viewing angle, 6G mechanical vibration resistance and IP69K ingress protection.\" \/>\n<meta name=\"robots\" content=\"index, follow, max-snippet:-1, max-image-preview:large, max-video-preview:-1\" \/>\n<link rel=\"canonical\" href=\"https:\/\/aps-supply.com\/es\/estudio-de-caso-sistema-de-camara-ecco-para-motoniveladoras-komatsu\/\" \/>\n<meta property=\"og:locale\" content=\"es_ES\" \/>\n<meta property=\"og:type\" content=\"article\" \/>\n<meta property=\"og:title\" content=\"Case Study: ECCO Camera System for Komatsu Motor Graders\" \/>\n<meta property=\"og:description\" content=\"APS recommended the ECCO Gemineye camera and monitor system to meet the heavy-duty requirements of the motor graders. The system included a large 7\u201d (178mm) LCD monitor, and a camera that featured a 120 degree viewing angle, 6G mechanical vibration resistance and IP69K ingress protection.\" \/>\n<meta property=\"og:url\" content=\"https:\/\/aps-supply.com\/es\/estudio-de-caso-sistema-de-camara-ecco-para-motoniveladoras-komatsu\/\" \/>\n<meta property=\"og:site_name\" content=\"APS\" \/>\n<meta property=\"article:publisher\" content=\"https:\/\/www.facebook.com\/pages\/APS-Lighting-and-Safety-Products\/499382100107067\" \/>\n<meta property=\"og:image\" content=\"https:\/\/aps-supply.com\/wp-content\/uploads\/2021\/09\/case-study_image2-feature.jpg\" \/>\n\t<meta property=\"og:image:width\" content=\"1200\" \/>\n\t<meta property=\"og:image:height\" content=\"770\" \/>\n\t<meta property=\"og:image:type\" content=\"image\/jpeg\" \/>\n<meta name=\"twitter:card\" content=\"summary_large_image\" \/>\n<meta name=\"twitter:site\" content=\"@APSLighting_JB\" \/>\n<meta name=\"twitter:label1\" content=\"Tiempo de lectura\" \/>\n\t<meta name=\"twitter:data1\" content=\"1 minuto\" \/>\n<script type=\"application\/ld+json\" class=\"yoast-schema-graph\">{\"@context\":\"https:\/\/schema.org\",\"@graph\":[{\"@type\":\"WebPage\",\"@id\":\"https:\/\/aps-supply.com\/case-study-ecco-camera-system-for-komatsu-motor-graders\/\",\"url\":\"https:\/\/aps-supply.com\/case-study-ecco-camera-system-for-komatsu-motor-graders\/\",\"name\":\"Case Study: ECCO Camera System for Komatsu Motor Graders - APS\",\"isPartOf\":{\"@id\":\"https:\/\/aps-supply.com\/#website\"},\"primaryImageOfPage\":{\"@id\":\"https:\/\/aps-supply.com\/case-study-ecco-camera-system-for-komatsu-motor-graders\/#primaryimage\"},\"image\":{\"@id\":\"https:\/\/aps-supply.com\/case-study-ecco-camera-system-for-komatsu-motor-graders\/#primaryimage\"},\"thumbnailUrl\":\"https:\/\/aps-supply.com\/wp-content\/uploads\/2021\/09\/case-study_image2-feature.jpg\",\"datePublished\":\"2021-09-30T04:52:42+00:00\",\"description\":\"APS recommended the ECCO Gemineye camera and monitor system to meet the heavy-duty requirements of the motor graders. The system included a large 7\u201d (178mm) LCD monitor, and a camera that featured a 120 degree viewing angle, 6G mechanical vibration resistance and IP69K ingress protection.\",\"breadcrumb\":{\"@id\":\"https:\/\/aps-supply.com\/case-study-ecco-camera-system-for-komatsu-motor-graders\/#breadcrumb\"},\"inLanguage\":\"es-CO\",\"potentialAction\":[{\"@type\":\"ReadAction\",\"target\":[\"https:\/\/aps-supply.com\/case-study-ecco-camera-system-for-komatsu-motor-graders\/\"]}]},{\"@type\":\"ImageObject\",\"inLanguage\":\"es-CO\",\"@id\":\"https:\/\/aps-supply.com\/case-study-ecco-camera-system-for-komatsu-motor-graders\/#primaryimage\",\"url\":\"https:\/\/aps-supply.com\/wp-content\/uploads\/2021\/09\/case-study_image2-feature.jpg\",\"contentUrl\":\"https:\/\/aps-supply.com\/wp-content\/uploads\/2021\/09\/case-study_image2-feature.jpg\",\"width\":1200,\"height\":770},{\"@type\":\"BreadcrumbList\",\"@id\":\"https:\/\/aps-supply.com\/case-study-ecco-camera-system-for-komatsu-motor-graders\/#breadcrumb\",\"itemListElement\":[{\"@type\":\"ListItem\",\"position\":1,\"name\":\"Home\",\"item\":\"https:\/\/aps-supply.com\/\"},{\"@type\":\"ListItem\",\"position\":2,\"name\":\"Case Study: ECCO Camera System for Komatsu Motor Graders\"}]},{\"@type\":\"WebSite\",\"@id\":\"https:\/\/aps-supply.com\/#website\",\"url\":\"https:\/\/aps-supply.com\/\",\"name\":\"APS\",\"description\":\"Lighting &amp; Safety\",\"publisher\":{\"@id\":\"https:\/\/aps-supply.com\/#organization\"},\"potentialAction\":[{\"@type\":\"SearchAction\",\"target\":{\"@type\":\"EntryPoint\",\"urlTemplate\":\"https:\/\/aps-supply.com\/?s={search_term_string}\"},\"query-input\":{\"@type\":\"PropertyValueSpecification\",\"valueRequired\":true,\"valueName\":\"search_term_string\"}}],\"inLanguage\":\"es-CO\"},{\"@type\":\"Organization\",\"@id\":\"https:\/\/aps-supply.com\/#organization\",\"name\":\"APS Supply\",\"url\":\"https:\/\/aps-supply.com\/\",\"logo\":{\"@type\":\"ImageObject\",\"inLanguage\":\"es-CO\",\"@id\":\"https:\/\/aps-supply.com\/#\/schema\/logo\/image\/\",\"url\":\"https:\/\/aps-supply.com\/wp-content\/uploads\/2025\/07\/APS-Logo-Master_HD.png\",\"contentUrl\":\"https:\/\/aps-supply.com\/wp-content\/uploads\/2025\/07\/APS-Logo-Master_HD.png\",\"width\":26589,\"height\":6468,\"caption\":\"APS Supply\"},\"image\":{\"@id\":\"https:\/\/aps-supply.com\/#\/schema\/logo\/image\/\"},\"sameAs\":[\"https:\/\/www.facebook.com\/pages\/APS-Lighting-and-Safety-Products\/499382100107067\",\"https:\/\/x.com\/APSLighting_JB\",\"https:\/\/www.linkedin.com\/company\/aps-lighting-&-safety\/\",\"https:\/\/www.youtube.com\/@APSLightingandSafety\"]}]}<\/script>\n<!-- \/ Yoast SEO Premium plugin. -->","yoast_head_json":{"title":"Estudio de caso: Sistema de c\u00e1maras ECCO para motoniveladoras Komatsu - APS","description":"APS recomend\u00f3 el sistema de c\u00e1mara y monitor Gemineye de ECCO para satisfacer los exigentes requisitos de las motoniveladoras. El sistema inclu\u00eda un gran monitor LCD de 7\" (178 mm) y una c\u00e1mara con un \u00e1ngulo de visi\u00f3n de 120 grados, resistencia mec\u00e1nica a las vibraciones 6G y protecci\u00f3n contra la entrada IP69K.","robots":{"index":"index","follow":"follow","max-snippet":"max-snippet:-1","max-image-preview":"max-image-preview:large","max-video-preview":"max-video-preview:-1"},"canonical":"https:\/\/aps-supply.com\/es\/estudio-de-caso-sistema-de-camara-ecco-para-motoniveladoras-komatsu\/","og_locale":"es_ES","og_type":"article","og_title":"Case Study: ECCO Camera System for Komatsu Motor Graders","og_description":"APS recommended the ECCO Gemineye camera and monitor system to meet the heavy-duty requirements of the motor graders. The system included a large 7\u201d (178mm) LCD monitor, and a camera that featured a 120 degree viewing angle, 6G mechanical vibration resistance and IP69K ingress protection.","og_url":"https:\/\/aps-supply.com\/es\/estudio-de-caso-sistema-de-camara-ecco-para-motoniveladoras-komatsu\/","og_site_name":"APS","article_publisher":"https:\/\/www.facebook.com\/pages\/APS-Lighting-and-Safety-Products\/499382100107067","og_image":[{"width":1200,"height":770,"url":"https:\/\/aps-supply.com\/wp-content\/uploads\/2021\/09\/case-study_image2-feature.jpg","type":"image\/jpeg"}],"twitter_card":"summary_large_image","twitter_site":"@APSLighting_JB","twitter_misc":{"Tiempo de lectura":"1 minuto"},"schema":{"@context":"https:\/\/schema.org","@graph":[{"@type":"WebPage","@id":"https:\/\/aps-supply.com\/case-study-ecco-camera-system-for-komatsu-motor-graders\/","url":"https:\/\/aps-supply.com\/case-study-ecco-camera-system-for-komatsu-motor-graders\/","name":"Estudio de caso: Sistema de c\u00e1maras ECCO para motoniveladoras Komatsu - APS","isPartOf":{"@id":"https:\/\/aps-supply.com\/#website"},"primaryImageOfPage":{"@id":"https:\/\/aps-supply.com\/case-study-ecco-camera-system-for-komatsu-motor-graders\/#primaryimage"},"image":{"@id":"https:\/\/aps-supply.com\/case-study-ecco-camera-system-for-komatsu-motor-graders\/#primaryimage"},"thumbnailUrl":"https:\/\/aps-supply.com\/wp-content\/uploads\/2021\/09\/case-study_image2-feature.jpg","datePublished":"2021-09-30T04:52:42+00:00","description":"APS recomend\u00f3 el sistema de c\u00e1mara y monitor Gemineye de ECCO para satisfacer los exigentes requisitos de las motoniveladoras. El sistema inclu\u00eda un gran monitor LCD de 7\" (178 mm) y una c\u00e1mara con un \u00e1ngulo de visi\u00f3n de 120 grados, resistencia mec\u00e1nica a las vibraciones 6G y protecci\u00f3n contra la entrada IP69K.","breadcrumb":{"@id":"https:\/\/aps-supply.com\/case-study-ecco-camera-system-for-komatsu-motor-graders\/#breadcrumb"},"inLanguage":"es-CO","potentialAction":[{"@type":"ReadAction","target":["https:\/\/aps-supply.com\/case-study-ecco-camera-system-for-komatsu-motor-graders\/"]}]},{"@type":"ImageObject","inLanguage":"es-CO","@id":"https:\/\/aps-supply.com\/case-study-ecco-camera-system-for-komatsu-motor-graders\/#primaryimage","url":"https:\/\/aps-supply.com\/wp-content\/uploads\/2021\/09\/case-study_image2-feature.jpg","contentUrl":"https:\/\/aps-supply.com\/wp-content\/uploads\/2021\/09\/case-study_image2-feature.jpg","width":1200,"height":770},{"@type":"BreadcrumbList","@id":"https:\/\/aps-supply.com\/case-study-ecco-camera-system-for-komatsu-motor-graders\/#breadcrumb","itemListElement":[{"@type":"ListItem","position":1,"name":"Home","item":"https:\/\/aps-supply.com\/"},{"@type":"ListItem","position":2,"name":"Case Study: ECCO Camera System for Komatsu Motor Graders"}]},{"@type":"WebSite","@id":"https:\/\/aps-supply.com\/#website","url":"https:\/\/aps-supply.com\/","name":"APS","description":"Iluminaci\u00f3n y seguridad","publisher":{"@id":"https:\/\/aps-supply.com\/#organization"},"potentialAction":[{"@type":"SearchAction","target":{"@type":"EntryPoint","urlTemplate":"https:\/\/aps-supply.com\/?s={search_term_string}"},"query-input":{"@type":"PropertyValueSpecification","valueRequired":true,"valueName":"search_term_string"}}],"inLanguage":"es-CO"},{"@type":"Organization","@id":"https:\/\/aps-supply.com\/#organization","name":"Suministros APS","url":"https:\/\/aps-supply.com\/","logo":{"@type":"ImageObject","inLanguage":"es-CO","@id":"https:\/\/aps-supply.com\/#\/schema\/logo\/image\/","url":"https:\/\/aps-supply.com\/wp-content\/uploads\/2025\/07\/APS-Logo-Master_HD.png","contentUrl":"https:\/\/aps-supply.com\/wp-content\/uploads\/2025\/07\/APS-Logo-Master_HD.png","width":26589,"height":6468,"caption":"APS Supply"},"image":{"@id":"https:\/\/aps-supply.com\/#\/schema\/logo\/image\/"},"sameAs":["https:\/\/www.facebook.com\/pages\/APS-Lighting-and-Safety-Products\/499382100107067","https:\/\/x.com\/APSLighting_JB","https:\/\/www.linkedin.com\/company\/aps-lighting-&-safety\/","https:\/\/www.youtube.com\/@APSLightingandSafety"]}]}},"_links":{"self":[{"href":"https:\/\/aps-supply.com\/es\/wp-json\/wp\/v2\/pages\/21904","targetHints":{"allow":["GET"]}}],"collection":[{"href":"https:\/\/aps-supply.com\/es\/wp-json\/wp\/v2\/pages"}],"about":[{"href":"https:\/\/aps-supply.com\/es\/wp-json\/wp\/v2\/types\/page"}],"author":[{"embeddable":true,"href":"https:\/\/aps-supply.com\/es\/wp-json\/wp\/v2\/users\/6"}],"replies":[{"embeddable":true,"href":"https:\/\/aps-supply.com\/es\/wp-json\/wp\/v2\/comments?post=21904"}],"version-history":[{"count":0,"href":"https:\/\/aps-supply.com\/es\/wp-json\/wp\/v2\/pages\/21904\/revisions"}],"wp:featuredmedia":[{"embeddable":true,"href":"https:\/\/aps-supply.com\/es\/wp-json\/wp\/v2\/media\/22103"}],"wp:attachment":[{"href":"https:\/\/aps-supply.com\/es\/wp-json\/wp\/v2\/media?parent=21904"}],"curies":[{"name":"wp","href":"https:\/\/api.w.org\/{rel}","templated":true}]}}