{"id":21918,"date":"2021-09-29T21:53:39","date_gmt":"2021-09-30T04:53:39","guid":{"rendered":"https:\/\/aps-supply.com\/?page_id=21918"},"modified":"2021-09-29T21:53:39","modified_gmt":"2021-09-30T04:53:39","slug":"estudio-de-caso-ly400-accesorio-transportador-de-pasarela","status":"publish","type":"page","link":"https:\/\/aps-supply.com\/es\/estudio-de-caso-ly400-accesorio-transportador-de-pasarela\/","title":{"rendered":"Estudio de caso: LY400 Pasarela \/ Accesorio transportador"},"content":{"rendered":"<h3>Tensi\u00f3n: 120-240 V CA<\/h3>\n<p class=\"p1\">En <a href=\"https:\/\/aps-supply.com\/es\/publicar-producto\/aps-ly400-led-linear-walkway-light-con-emb\/\">LY400 accesorio para pasarelas\/transportadores<\/a> es un muy buen sustituto 1 a 1 de las fuentes de luz tradicionales HPS de 70 W o MV de 80 W. El mantenimiento de los est\u00e1ndares m\u00ednimos de 40 lux en las distancias de transporte tradicionales de 6 metros y la tranquilidad a\u00f1adida de la reserva de emergencia como caracter\u00edstica est\u00e1ndar garantizan que esta unidad mantendr\u00e1 su sitio bien iluminado con o sin alimentaci\u00f3n, proporcionando al personal un m\u00ednimo de 90 minutos para la salida segura de la zona.<\/p>\n<p class=\"p1\">Esta luminaria tiene un patr\u00f3n de luz en forma de ala de murci\u00e9lago que la hace adecuada para cintas transportadoras y pasillos. Est\u00e1 disponible tanto para montaje en poste como en superficie, y la unidad tambi\u00e9n puede suministrarse con una fuente de luz verde para estaciones lavaojos. Se suministra de serie con 5 metros de cable flexible para que pueda bajarse por cualquier poste.<\/p>\n<p class=\"p1\"><a href=\"https:\/\/aps-supply.com\/es\/publicar-producto\/aps-ly400-led-linear-walkway-light-con-emb\/\" target=\"_blank\" rel=\"noopener\"><img loading=\"lazy\" decoding=\"async\" class=\"alignnone wp-image-21922 size-full\" src=\"https:\/\/aps-supply.com\/wp-content\/uploads\/2021\/08\/LY400_Conveyor_Lights_v2.jpg\" alt=\"\" width=\"1200\" height=\"848\" srcset=\"https:\/\/aps-supply.com\/wp-content\/uploads\/2021\/08\/LY400_Conveyor_Lights_v2.jpg 1200w, https:\/\/aps-supply.com\/wp-content\/uploads\/2021\/08\/LY400_Conveyor_Lights_v2-300x212.jpg 300w, https:\/\/aps-supply.com\/wp-content\/uploads\/2021\/08\/LY400_Conveyor_Lights_v2-1024x724.jpg 1024w, https:\/\/aps-supply.com\/wp-content\/uploads\/2021\/08\/LY400_Conveyor_Lights_v2-768x543.jpg 768w\" sizes=\"auto, (max-width: 1200px) 100vw, 1200px\" \/><\/a><\/p>\n<p><a href=\"https:\/\/aps-supply.com\/es\/publicar-producto\/aps-ly400-led-linear-walkway-light-con-emb\/\" target=\"_blank\" rel=\"noopener\"><img loading=\"lazy\" decoding=\"async\" class=\"alignnone wp-image-21923 size-full\" src=\"https:\/\/aps-supply.com\/wp-content\/uploads\/2021\/08\/LY400_Walkway_Conveyor_Fixture_image2.png\" alt=\"\" width=\"1089\" height=\"491\" srcset=\"https:\/\/aps-supply.com\/wp-content\/uploads\/2021\/08\/LY400_Walkway_Conveyor_Fixture_image2.png 1089w, https:\/\/aps-supply.com\/wp-content\/uploads\/2021\/08\/LY400_Walkway_Conveyor_Fixture_image2-300x135.png 300w, https:\/\/aps-supply.com\/wp-content\/uploads\/2021\/08\/LY400_Walkway_Conveyor_Fixture_image2-1024x462.png 1024w, https:\/\/aps-supply.com\/wp-content\/uploads\/2021\/08\/LY400_Walkway_Conveyor_Fixture_image2-768x346.png 768w\" sizes=\"auto, (max-width: 1089px) 100vw, 1089px\" \/><\/a><\/p>\n<p>&nbsp;<\/p>\n<p><a href=\"https:\/\/aps-supply.com\/es\/publicar-producto\/aps-ly400-led-linear-walkway-light-con-emb\/\" target=\"_blank\" rel=\"noopener\"><img loading=\"lazy\" decoding=\"async\" class=\"alignnone wp-image-21924 size-full\" src=\"https:\/\/aps-supply.com\/wp-content\/uploads\/2021\/08\/LY400_Walkway_Conveyor_Fixture_image1.png\" alt=\"\" width=\"1086\" height=\"483\" srcset=\"https:\/\/aps-supply.com\/wp-content\/uploads\/2021\/08\/LY400_Walkway_Conveyor_Fixture_image1.png 1086w, https:\/\/aps-supply.com\/wp-content\/uploads\/2021\/08\/LY400_Walkway_Conveyor_Fixture_image1-300x133.png 300w, https:\/\/aps-supply.com\/wp-content\/uploads\/2021\/08\/LY400_Walkway_Conveyor_Fixture_image1-1024x455.png 1024w, https:\/\/aps-supply.com\/wp-content\/uploads\/2021\/08\/LY400_Walkway_Conveyor_Fixture_image1-768x342.png 768w\" sizes=\"auto, (max-width: 1086px) 100vw, 1086px\" \/><\/a><\/p>\n<p>&nbsp;<\/p>","protected":false},"excerpt":{"rendered":"<p>Voltaje: 120-240V AC La luminaria LY400 para pasillos\/transportadores es un buen sustituto 1 a 1 de las fuentes de luz tradicionales de 70W HPS o 80W MV. El mantenimiento de los est\u00e1ndares m\u00ednimos de 40 lux en distancias tradicionales de transportador de 6 metros y con la tranquilidad a\u00f1adida del respaldo de emergencia como caracter\u00edstica est\u00e1ndar garantiza que esta unidad mantendr\u00e1 su sitio bien iluminado...<\/p>","protected":false},"author":6,"featured_media":22092,"parent":0,"menu_order":0,"comment_status":"closed","ping_status":"closed","template":"","meta":{"_acf_changed":false,"footnotes":""},"class_list":["post-21918","page","type-page","status-publish","has-post-thumbnail","hentry","case-study-category-lighting-optimisation"],"acf":[],"yoast_head":"<!-- This site is optimized with the Yoast SEO Premium plugin v26.9 (Yoast SEO v26.9) - https:\/\/yoast.com\/product\/yoast-seo-premium-wordpress\/ -->\n<title>Case Study: LY400 Walkway \/ Conveyor Fixture - APS<\/title>\n<meta name=\"description\" content=\"The LY400 walkway\/conveyor fixture is the perfect 1-for-1 substitute for traditional 70W HPS or 80W MV light sources. Maintaining 40 lux minimum standards on traditional 6mtr conveyor spacings and with the added peace of mind of emergency back-up as standard ensures this unit will keep your site well lit with or without power, providing personnel a minimum of 90 minutes for safe egress from the area.\" \/>\n<meta name=\"robots\" content=\"index, follow, max-snippet:-1, max-image-preview:large, max-video-preview:-1\" \/>\n<link rel=\"canonical\" href=\"https:\/\/aps-supply.com\/es\/estudio-de-caso-ly400-accesorio-transportador-de-pasarela\/\" \/>\n<meta property=\"og:locale\" content=\"es_ES\" \/>\n<meta property=\"og:type\" content=\"article\" \/>\n<meta property=\"og:title\" content=\"Case Study: LY400 Walkway \/ Conveyor Fixture\" \/>\n<meta property=\"og:description\" content=\"The LY400 walkway\/conveyor fixture is the perfect 1-for-1 substitute for traditional 70W HPS or 80W MV light sources. Maintaining 40 lux minimum standards on traditional 6mtr conveyor spacings and with the added peace of mind of emergency back-up as standard ensures this unit will keep your site well lit with or without power, providing personnel a minimum of 90 minutes for safe egress from the area.\" \/>\n<meta property=\"og:url\" content=\"https:\/\/aps-supply.com\/es\/estudio-de-caso-ly400-accesorio-transportador-de-pasarela\/\" \/>\n<meta property=\"og:site_name\" content=\"APS\" \/>\n<meta property=\"article:publisher\" content=\"https:\/\/www.facebook.com\/pages\/APS-Lighting-and-Safety-Products\/499382100107067\" \/>\n<meta property=\"og:image\" content=\"https:\/\/aps-supply.com\/wp-content\/uploads\/2021\/09\/LY400_Conveyor_Lights_feature.jpg\" \/>\n\t<meta property=\"og:image:width\" content=\"1200\" \/>\n\t<meta property=\"og:image:height\" content=\"770\" \/>\n\t<meta property=\"og:image:type\" content=\"image\/jpeg\" \/>\n<meta name=\"twitter:card\" content=\"summary_large_image\" \/>\n<meta name=\"twitter:site\" content=\"@APSLighting_JB\" \/>\n<meta name=\"twitter:label1\" content=\"Tiempo de lectura\" \/>\n\t<meta name=\"twitter:data1\" content=\"2 minutos\" \/>\n<script type=\"application\/ld+json\" class=\"yoast-schema-graph\">{\"@context\":\"https:\/\/schema.org\",\"@graph\":[{\"@type\":\"WebPage\",\"@id\":\"https:\/\/aps-supply.com\/case-study-ly400-walkway-conveyor-fixture\/\",\"url\":\"https:\/\/aps-supply.com\/case-study-ly400-walkway-conveyor-fixture\/\",\"name\":\"Case Study: LY400 Walkway \/ Conveyor Fixture - APS\",\"isPartOf\":{\"@id\":\"https:\/\/aps-supply.com\/#website\"},\"primaryImageOfPage\":{\"@id\":\"https:\/\/aps-supply.com\/case-study-ly400-walkway-conveyor-fixture\/#primaryimage\"},\"image\":{\"@id\":\"https:\/\/aps-supply.com\/case-study-ly400-walkway-conveyor-fixture\/#primaryimage\"},\"thumbnailUrl\":\"https:\/\/aps-supply.com\/wp-content\/uploads\/2021\/09\/LY400_Conveyor_Lights_feature.jpg\",\"datePublished\":\"2021-09-30T04:53:39+00:00\",\"description\":\"The LY400 walkway\/conveyor fixture is the perfect 1-for-1 substitute for traditional 70W HPS or 80W MV light sources. Maintaining 40 lux minimum standards on traditional 6mtr conveyor spacings and with the added peace of mind of emergency back-up as standard ensures this unit will keep your site well lit with or without power, providing personnel a minimum of 90 minutes for safe egress from the area.\",\"breadcrumb\":{\"@id\":\"https:\/\/aps-supply.com\/case-study-ly400-walkway-conveyor-fixture\/#breadcrumb\"},\"inLanguage\":\"es-CO\",\"potentialAction\":[{\"@type\":\"ReadAction\",\"target\":[\"https:\/\/aps-supply.com\/case-study-ly400-walkway-conveyor-fixture\/\"]}]},{\"@type\":\"ImageObject\",\"inLanguage\":\"es-CO\",\"@id\":\"https:\/\/aps-supply.com\/case-study-ly400-walkway-conveyor-fixture\/#primaryimage\",\"url\":\"https:\/\/aps-supply.com\/wp-content\/uploads\/2021\/09\/LY400_Conveyor_Lights_feature.jpg\",\"contentUrl\":\"https:\/\/aps-supply.com\/wp-content\/uploads\/2021\/09\/LY400_Conveyor_Lights_feature.jpg\",\"width\":1200,\"height\":770},{\"@type\":\"BreadcrumbList\",\"@id\":\"https:\/\/aps-supply.com\/case-study-ly400-walkway-conveyor-fixture\/#breadcrumb\",\"itemListElement\":[{\"@type\":\"ListItem\",\"position\":1,\"name\":\"Home\",\"item\":\"https:\/\/aps-supply.com\/\"},{\"@type\":\"ListItem\",\"position\":2,\"name\":\"Case Study: LY400 Walkway \/ Conveyor Fixture\"}]},{\"@type\":\"WebSite\",\"@id\":\"https:\/\/aps-supply.com\/#website\",\"url\":\"https:\/\/aps-supply.com\/\",\"name\":\"APS\",\"description\":\"Lighting &amp; Safety\",\"publisher\":{\"@id\":\"https:\/\/aps-supply.com\/#organization\"},\"potentialAction\":[{\"@type\":\"SearchAction\",\"target\":{\"@type\":\"EntryPoint\",\"urlTemplate\":\"https:\/\/aps-supply.com\/?s={search_term_string}\"},\"query-input\":{\"@type\":\"PropertyValueSpecification\",\"valueRequired\":true,\"valueName\":\"search_term_string\"}}],\"inLanguage\":\"es-CO\"},{\"@type\":\"Organization\",\"@id\":\"https:\/\/aps-supply.com\/#organization\",\"name\":\"APS Supply\",\"url\":\"https:\/\/aps-supply.com\/\",\"logo\":{\"@type\":\"ImageObject\",\"inLanguage\":\"es-CO\",\"@id\":\"https:\/\/aps-supply.com\/#\/schema\/logo\/image\/\",\"url\":\"https:\/\/aps-supply.com\/wp-content\/uploads\/2025\/07\/APS-Logo-Master_HD.png\",\"contentUrl\":\"https:\/\/aps-supply.com\/wp-content\/uploads\/2025\/07\/APS-Logo-Master_HD.png\",\"width\":26589,\"height\":6468,\"caption\":\"APS Supply\"},\"image\":{\"@id\":\"https:\/\/aps-supply.com\/#\/schema\/logo\/image\/\"},\"sameAs\":[\"https:\/\/www.facebook.com\/pages\/APS-Lighting-and-Safety-Products\/499382100107067\",\"https:\/\/x.com\/APSLighting_JB\",\"https:\/\/www.linkedin.com\/company\/aps-lighting-&-safety\/\",\"https:\/\/www.youtube.com\/@APSLightingandSafety\"]}]}<\/script>\n<!-- \/ Yoast SEO Premium plugin. -->","yoast_head_json":{"title":"Estudio de caso: LY400 Pasarela \/ Accesorio transportador - APS","description":"La luminaria LY400 para pasillos\/transportadores es el sustituto perfecto 1 a 1 de las fuentes de luz tradicionales de 70 W HPS u 80 W MV. El mantenimiento de los est\u00e1ndares m\u00ednimos de 40 lux en distancias tradicionales de transportadores de 6 metros y la tranquilidad a\u00f1adida de la copia de seguridad de emergencia de serie garantizan que esta unidad mantendr\u00e1 su sitio bien iluminado con o sin alimentaci\u00f3n, proporcionando al personal un m\u00ednimo de 90 minutos para una salida segura de la zona.","robots":{"index":"index","follow":"follow","max-snippet":"max-snippet:-1","max-image-preview":"max-image-preview:large","max-video-preview":"max-video-preview:-1"},"canonical":"https:\/\/aps-supply.com\/es\/estudio-de-caso-ly400-accesorio-transportador-de-pasarela\/","og_locale":"es_ES","og_type":"article","og_title":"Case Study: LY400 Walkway \/ Conveyor Fixture","og_description":"The LY400 walkway\/conveyor fixture is the perfect 1-for-1 substitute for traditional 70W HPS or 80W MV light sources. Maintaining 40 lux minimum standards on traditional 6mtr conveyor spacings and with the added peace of mind of emergency back-up as standard ensures this unit will keep your site well lit with or without power, providing personnel a minimum of 90 minutes for safe egress from the area.","og_url":"https:\/\/aps-supply.com\/es\/estudio-de-caso-ly400-accesorio-transportador-de-pasarela\/","og_site_name":"APS","article_publisher":"https:\/\/www.facebook.com\/pages\/APS-Lighting-and-Safety-Products\/499382100107067","og_image":[{"width":1200,"height":770,"url":"https:\/\/aps-supply.com\/wp-content\/uploads\/2021\/09\/LY400_Conveyor_Lights_feature.jpg","type":"image\/jpeg"}],"twitter_card":"summary_large_image","twitter_site":"@APSLighting_JB","twitter_misc":{"Tiempo de lectura":"2 minutos"},"schema":{"@context":"https:\/\/schema.org","@graph":[{"@type":"WebPage","@id":"https:\/\/aps-supply.com\/case-study-ly400-walkway-conveyor-fixture\/","url":"https:\/\/aps-supply.com\/case-study-ly400-walkway-conveyor-fixture\/","name":"Estudio de caso: LY400 Pasarela \/ Accesorio transportador - APS","isPartOf":{"@id":"https:\/\/aps-supply.com\/#website"},"primaryImageOfPage":{"@id":"https:\/\/aps-supply.com\/case-study-ly400-walkway-conveyor-fixture\/#primaryimage"},"image":{"@id":"https:\/\/aps-supply.com\/case-study-ly400-walkway-conveyor-fixture\/#primaryimage"},"thumbnailUrl":"https:\/\/aps-supply.com\/wp-content\/uploads\/2021\/09\/LY400_Conveyor_Lights_feature.jpg","datePublished":"2021-09-30T04:53:39+00:00","description":"La luminaria LY400 para pasillos\/transportadores es el sustituto perfecto 1 a 1 de las fuentes de luz tradicionales de 70 W HPS u 80 W MV. El mantenimiento de los est\u00e1ndares m\u00ednimos de 40 lux en distancias tradicionales de transportadores de 6 metros y la tranquilidad a\u00f1adida de la copia de seguridad de emergencia de serie garantizan que esta unidad mantendr\u00e1 su sitio bien iluminado con o sin alimentaci\u00f3n, proporcionando al personal un m\u00ednimo de 90 minutos para una salida segura de la zona.","breadcrumb":{"@id":"https:\/\/aps-supply.com\/case-study-ly400-walkway-conveyor-fixture\/#breadcrumb"},"inLanguage":"es-CO","potentialAction":[{"@type":"ReadAction","target":["https:\/\/aps-supply.com\/case-study-ly400-walkway-conveyor-fixture\/"]}]},{"@type":"ImageObject","inLanguage":"es-CO","@id":"https:\/\/aps-supply.com\/case-study-ly400-walkway-conveyor-fixture\/#primaryimage","url":"https:\/\/aps-supply.com\/wp-content\/uploads\/2021\/09\/LY400_Conveyor_Lights_feature.jpg","contentUrl":"https:\/\/aps-supply.com\/wp-content\/uploads\/2021\/09\/LY400_Conveyor_Lights_feature.jpg","width":1200,"height":770},{"@type":"BreadcrumbList","@id":"https:\/\/aps-supply.com\/case-study-ly400-walkway-conveyor-fixture\/#breadcrumb","itemListElement":[{"@type":"ListItem","position":1,"name":"Home","item":"https:\/\/aps-supply.com\/"},{"@type":"ListItem","position":2,"name":"Case Study: LY400 Walkway \/ Conveyor Fixture"}]},{"@type":"WebSite","@id":"https:\/\/aps-supply.com\/#website","url":"https:\/\/aps-supply.com\/","name":"APS","description":"Iluminaci\u00f3n y seguridad","publisher":{"@id":"https:\/\/aps-supply.com\/#organization"},"potentialAction":[{"@type":"SearchAction","target":{"@type":"EntryPoint","urlTemplate":"https:\/\/aps-supply.com\/?s={search_term_string}"},"query-input":{"@type":"PropertyValueSpecification","valueRequired":true,"valueName":"search_term_string"}}],"inLanguage":"es-CO"},{"@type":"Organization","@id":"https:\/\/aps-supply.com\/#organization","name":"Suministros APS","url":"https:\/\/aps-supply.com\/","logo":{"@type":"ImageObject","inLanguage":"es-CO","@id":"https:\/\/aps-supply.com\/#\/schema\/logo\/image\/","url":"https:\/\/aps-supply.com\/wp-content\/uploads\/2025\/07\/APS-Logo-Master_HD.png","contentUrl":"https:\/\/aps-supply.com\/wp-content\/uploads\/2025\/07\/APS-Logo-Master_HD.png","width":26589,"height":6468,"caption":"APS Supply"},"image":{"@id":"https:\/\/aps-supply.com\/#\/schema\/logo\/image\/"},"sameAs":["https:\/\/www.facebook.com\/pages\/APS-Lighting-and-Safety-Products\/499382100107067","https:\/\/x.com\/APSLighting_JB","https:\/\/www.linkedin.com\/company\/aps-lighting-&-safety\/","https:\/\/www.youtube.com\/@APSLightingandSafety"]}]}},"_links":{"self":[{"href":"https:\/\/aps-supply.com\/es\/wp-json\/wp\/v2\/pages\/21918","targetHints":{"allow":["GET"]}}],"collection":[{"href":"https:\/\/aps-supply.com\/es\/wp-json\/wp\/v2\/pages"}],"about":[{"href":"https:\/\/aps-supply.com\/es\/wp-json\/wp\/v2\/types\/page"}],"author":[{"embeddable":true,"href":"https:\/\/aps-supply.com\/es\/wp-json\/wp\/v2\/users\/6"}],"replies":[{"embeddable":true,"href":"https:\/\/aps-supply.com\/es\/wp-json\/wp\/v2\/comments?post=21918"}],"version-history":[{"count":0,"href":"https:\/\/aps-supply.com\/es\/wp-json\/wp\/v2\/pages\/21918\/revisions"}],"wp:featuredmedia":[{"embeddable":true,"href":"https:\/\/aps-supply.com\/es\/wp-json\/wp\/v2\/media\/22092"}],"wp:attachment":[{"href":"https:\/\/aps-supply.com\/es\/wp-json\/wp\/v2\/media?parent=21918"}],"curies":[{"name":"wp","href":"https:\/\/api.w.org\/{rel}","templated":true}]}}