{"id":21930,"date":"2021-09-29T21:53:20","date_gmt":"2021-09-30T04:53:20","guid":{"rendered":"https:\/\/aps-supply.com\/?page_id=21930"},"modified":"2021-09-29T21:53:20","modified_gmt":"2021-09-30T04:53:20","slug":"estudio-de-caso-camion-volquete-alimentador-de-delantal","status":"publish","type":"page","link":"https:\/\/aps-supply.com\/es\/estudio-de-caso-camion-volquete-alimentador-de-delantal\/","title":{"rendered":"Estudio de caso: Alimentador de delantal de descarga de camiones"},"content":{"rendered":"<h3>Tensi\u00f3n: 90-277 V CA<\/h3>\n<h3 class=\"p2\">Alcance del proyecto<\/h3>\n<p>Se contact\u00f3 con APS Lighting &amp; Safety para que ayudara a proporcionar una soluci\u00f3n de iluminaci\u00f3n eficaz para un alimentador de plataforma de descarga de camiones, que ten\u00eda un \u00e1rea de 25 m de largo por 15 m de ancho en forma de U alrededor del propio alimentador.<\/p>\n<p>&nbsp;<\/p>\n<p><a href=\"https:\/\/aps-supply.com\/es\/publicar-producto\/vision-x-50w-caja-de-empalmes-luz\/\" target=\"_blank\" rel=\"noopener\"><img loading=\"lazy\" decoding=\"async\" class=\"alignnone wp-image-21932 size-full\" src=\"https:\/\/aps-supply.com\/wp-content\/uploads\/2021\/08\/Truck_Dump_Apron_Feeder.jpg\" alt=\"\" width=\"1760\" height=\"978\" srcset=\"https:\/\/aps-supply.com\/wp-content\/uploads\/2021\/08\/Truck_Dump_Apron_Feeder.jpg 1760w, https:\/\/aps-supply.com\/wp-content\/uploads\/2021\/08\/Truck_Dump_Apron_Feeder-300x167.jpg 300w, https:\/\/aps-supply.com\/wp-content\/uploads\/2021\/08\/Truck_Dump_Apron_Feeder-1024x569.jpg 1024w, https:\/\/aps-supply.com\/wp-content\/uploads\/2021\/08\/Truck_Dump_Apron_Feeder-768x427.jpg 768w, https:\/\/aps-supply.com\/wp-content\/uploads\/2021\/08\/Truck_Dump_Apron_Feeder-1536x854.jpg 1536w\" sizes=\"auto, (max-width: 1760px) 100vw, 1760px\" \/><\/a><\/p>\n<p>&nbsp;<\/p>\n<p>Originalmente, el alimentador estaba iluminado por una mezcolanza de aparatos de iluminaci\u00f3n de distintas potencias (80 W, 250 W y 400 W) y tecnolog\u00edas (halogenuros met\u00e1licos, sodio, etc.). Hab\u00eda 14 aparatos instalados a lo largo de las paredes exteriores y varios de ellos no funcionaban. En las que funcionaban, los niveles de iluminaci\u00f3n estaban por debajo de las recomendaciones est\u00e1ndar para este tipo de aplicaci\u00f3n. Algunos problemas notables eran: lecturas de luz inadecuadas de 21,23 Lux en la entrada, donde 2 de las 4 grandes luminarias de halogenuros met\u00e1licos estaban en funcionamiento, y un pobre rendimiento lum\u00ednico a lo largo de la pared trasera, que era significativamente inferior, con s\u00f3lo 3,59 Lux.<\/p>\n<p>&nbsp;<\/p>\n<p><a href=\"https:\/\/aps-supply.com\/es\/publicar-producto\/vision-x-50w-caja-de-empalmes-luz\/\" target=\"_blank\" rel=\"noopener\"><img loading=\"lazy\" decoding=\"async\" class=\"alignright wp-image-21933 size-full\" src=\"https:\/\/aps-supply.com\/wp-content\/uploads\/2021\/08\/Rio_Tinto_Weipa_Apron_Feeder_Case_Study_image9b.png\" alt=\"\" width=\"600\" height=\"673\" srcset=\"https:\/\/aps-supply.com\/wp-content\/uploads\/2021\/08\/Rio_Tinto_Weipa_Apron_Feeder_Case_Study_image9b.png 600w, https:\/\/aps-supply.com\/wp-content\/uploads\/2021\/08\/Rio_Tinto_Weipa_Apron_Feeder_Case_Study_image9b-300x337.png 300w, https:\/\/aps-supply.com\/wp-content\/uploads\/2021\/08\/Rio_Tinto_Weipa_Apron_Feeder_Case_Study_image9b-267x300.png 267w\" sizes=\"auto, (max-width: 600px) 100vw, 600px\" \/><\/a><\/p>\n<h3 class=\"p2\">Soluci\u00f3n propuesta<\/h3>\n<p class=\"p1\">APS propuso una soluci\u00f3n de iluminaci\u00f3n m\u00e1s respetuosa con el medio ambiente y con menores costes de mantenimiento mediante la sustituci\u00f3n de todas las luminarias existentes por otras de LED de bajo consumo. Esto inclu\u00eda <a href=\"https:\/\/aps-supply.com\/es\/publicar-producto\/vision-x-50w-caja-de-empalmes-luz\/\">Caja de empalmes LED 50W<\/a> accesorios para ambos lados del alimentador de la plataforma mediante soportes de techo y pared, y <a href=\"https:\/\/aps-supply.com\/es\/publicar-producto\/vx-10w-caja-de-empalmes\/\">Caja de empalmes LED 10W<\/a> a la pared trasera.<\/p>\n<p class=\"p1\">El objetivo era proporcionar una iluminaci\u00f3n suficiente a lo largo de la zona de paso del alimentador con un nivel m\u00ednimo de 25 Lux. Con las luminarias LED de 50 W y 10 W propuestas para la caja de conexiones, APS hab\u00eda conseguido un nivel m\u00ednimo de 34,25 Lux en la parte trasera del alimentador y 123,82 Lux a lo largo de ambos lados. Una mejora significativa para nuestro cliente.<\/p>\n<p class=\"p1\">P\u00f3ngase en contacto con su representante local de APS para hablar de c\u00f3mo podemos adaptar una soluci\u00f3n a sus necesidades.<\/p>\n<p>&nbsp;<\/p>\n<p>&nbsp;<\/p>\n<p>&nbsp;<\/p>\n<p><a href=\"https:\/\/aps-supply.com\/es\/publicar-producto\/vision-x-50w-caja-de-empalmes-luz\/\" target=\"_blank\" rel=\"noopener\"><img loading=\"lazy\" decoding=\"async\" class=\"alignnone wp-image-21934 size-full\" src=\"https:\/\/aps-supply.com\/wp-content\/uploads\/2021\/08\/Rio_Tinto_Weipa_Apron_Feeder_Case_Study_image8.png\" alt=\"\" width=\"1285\" height=\"447\" srcset=\"https:\/\/aps-supply.com\/wp-content\/uploads\/2021\/08\/Rio_Tinto_Weipa_Apron_Feeder_Case_Study_image8.png 1285w, https:\/\/aps-supply.com\/wp-content\/uploads\/2021\/08\/Rio_Tinto_Weipa_Apron_Feeder_Case_Study_image8-300x104.png 300w, https:\/\/aps-supply.com\/wp-content\/uploads\/2021\/08\/Rio_Tinto_Weipa_Apron_Feeder_Case_Study_image8-1024x356.png 1024w, https:\/\/aps-supply.com\/wp-content\/uploads\/2021\/08\/Rio_Tinto_Weipa_Apron_Feeder_Case_Study_image8-768x267.png 768w\" sizes=\"auto, (max-width: 1285px) 100vw, 1285px\" \/><\/a><\/p>\n<p>&nbsp;<\/p>\n<p>&nbsp;<\/p>","protected":false},"excerpt":{"rendered":"<p>Tensi\u00f3n: 90-277 V CA Alcance del proyecto Se contact\u00f3 con APS Lighting &amp; Safety para que ayudara a proporcionar una soluci\u00f3n de iluminaci\u00f3n eficaz para un alimentador de plataforma de descarga de camiones, que ten\u00eda un \u00e1rea de 25 m de largo por 15 m de ancho en forma de U alrededor del propio alimentador.     Originalmente, el alimentador estaba iluminado por una mezcolanza de...<\/p>","protected":false},"author":6,"featured_media":22098,"parent":0,"menu_order":0,"comment_status":"closed","ping_status":"closed","template":"","meta":{"_acf_changed":false,"footnotes":""},"class_list":["post-21930","page","type-page","status-publish","has-post-thumbnail","hentry","case-study-category-lighting-optimisation"],"acf":[],"yoast_head":"<!-- This site is optimized with the Yoast SEO Premium plugin v26.9 (Yoast SEO v26.9) - https:\/\/yoast.com\/product\/yoast-seo-premium-wordpress\/ -->\n<title>Case Study: Truck Dump Apron Feeder - APS<\/title>\n<meta name=\"description\" content=\"APS proposed a more eco-friendly lighting solution with reduced maintenance costs by replacing all existing fixtures with low-power LED light fixtures. This included 50W LED Junction Box Light fixtures for both sides of the apron feeder via roof and wall mounts, and 10W LED Junction Box Light fixtures to the back wall.\" \/>\n<meta name=\"robots\" content=\"index, follow, max-snippet:-1, max-image-preview:large, max-video-preview:-1\" \/>\n<link rel=\"canonical\" href=\"https:\/\/aps-supply.com\/es\/estudio-de-caso-camion-volquete-alimentador-de-delantal\/\" \/>\n<meta property=\"og:locale\" content=\"es_ES\" \/>\n<meta property=\"og:type\" content=\"article\" \/>\n<meta property=\"og:title\" content=\"Case Study: Truck Dump Apron Feeder\" \/>\n<meta property=\"og:description\" content=\"APS proposed a more eco-friendly lighting solution with reduced maintenance costs by replacing all existing fixtures with low-power LED light fixtures. This included 50W LED Junction Box Light fixtures for both sides of the apron feeder via roof and wall mounts, and 10W LED Junction Box Light fixtures to the back wall.\" \/>\n<meta property=\"og:url\" content=\"https:\/\/aps-supply.com\/es\/estudio-de-caso-camion-volquete-alimentador-de-delantal\/\" \/>\n<meta property=\"og:site_name\" content=\"APS\" \/>\n<meta property=\"article:publisher\" content=\"https:\/\/www.facebook.com\/pages\/APS-Lighting-and-Safety-Products\/499382100107067\" \/>\n<meta property=\"og:image\" content=\"https:\/\/aps-supply.com\/wp-content\/uploads\/2021\/09\/Truck_Dump_Apron_Feeder-feature.jpg\" \/>\n\t<meta property=\"og:image:width\" content=\"1200\" \/>\n\t<meta property=\"og:image:height\" content=\"770\" \/>\n\t<meta property=\"og:image:type\" content=\"image\/jpeg\" \/>\n<meta name=\"twitter:card\" content=\"summary_large_image\" \/>\n<meta name=\"twitter:site\" content=\"@APSLighting_JB\" \/>\n<meta name=\"twitter:label1\" content=\"Tiempo de lectura\" \/>\n\t<meta name=\"twitter:data1\" content=\"2 minutos\" \/>\n<script type=\"application\/ld+json\" class=\"yoast-schema-graph\">{\"@context\":\"https:\/\/schema.org\",\"@graph\":[{\"@type\":\"WebPage\",\"@id\":\"https:\/\/aps-supply.com\/case-study-truck-dump-apron-feeder\/\",\"url\":\"https:\/\/aps-supply.com\/case-study-truck-dump-apron-feeder\/\",\"name\":\"Case Study: Truck Dump Apron Feeder - APS\",\"isPartOf\":{\"@id\":\"https:\/\/aps-supply.com\/#website\"},\"primaryImageOfPage\":{\"@id\":\"https:\/\/aps-supply.com\/case-study-truck-dump-apron-feeder\/#primaryimage\"},\"image\":{\"@id\":\"https:\/\/aps-supply.com\/case-study-truck-dump-apron-feeder\/#primaryimage\"},\"thumbnailUrl\":\"https:\/\/aps-supply.com\/wp-content\/uploads\/2021\/09\/Truck_Dump_Apron_Feeder-feature.jpg\",\"datePublished\":\"2021-09-30T04:53:20+00:00\",\"description\":\"APS proposed a more eco-friendly lighting solution with reduced maintenance costs by replacing all existing fixtures with low-power LED light fixtures. This included 50W LED Junction Box Light fixtures for both sides of the apron feeder via roof and wall mounts, and 10W LED Junction Box Light fixtures to the back wall.\",\"breadcrumb\":{\"@id\":\"https:\/\/aps-supply.com\/case-study-truck-dump-apron-feeder\/#breadcrumb\"},\"inLanguage\":\"es-CO\",\"potentialAction\":[{\"@type\":\"ReadAction\",\"target\":[\"https:\/\/aps-supply.com\/case-study-truck-dump-apron-feeder\/\"]}]},{\"@type\":\"ImageObject\",\"inLanguage\":\"es-CO\",\"@id\":\"https:\/\/aps-supply.com\/case-study-truck-dump-apron-feeder\/#primaryimage\",\"url\":\"https:\/\/aps-supply.com\/wp-content\/uploads\/2021\/09\/Truck_Dump_Apron_Feeder-feature.jpg\",\"contentUrl\":\"https:\/\/aps-supply.com\/wp-content\/uploads\/2021\/09\/Truck_Dump_Apron_Feeder-feature.jpg\",\"width\":1200,\"height\":770},{\"@type\":\"BreadcrumbList\",\"@id\":\"https:\/\/aps-supply.com\/case-study-truck-dump-apron-feeder\/#breadcrumb\",\"itemListElement\":[{\"@type\":\"ListItem\",\"position\":1,\"name\":\"Home\",\"item\":\"https:\/\/aps-supply.com\/\"},{\"@type\":\"ListItem\",\"position\":2,\"name\":\"Case Study: Truck Dump Apron Feeder\"}]},{\"@type\":\"WebSite\",\"@id\":\"https:\/\/aps-supply.com\/#website\",\"url\":\"https:\/\/aps-supply.com\/\",\"name\":\"APS\",\"description\":\"Lighting &amp; Safety\",\"publisher\":{\"@id\":\"https:\/\/aps-supply.com\/#organization\"},\"potentialAction\":[{\"@type\":\"SearchAction\",\"target\":{\"@type\":\"EntryPoint\",\"urlTemplate\":\"https:\/\/aps-supply.com\/?s={search_term_string}\"},\"query-input\":{\"@type\":\"PropertyValueSpecification\",\"valueRequired\":true,\"valueName\":\"search_term_string\"}}],\"inLanguage\":\"es-CO\"},{\"@type\":\"Organization\",\"@id\":\"https:\/\/aps-supply.com\/#organization\",\"name\":\"APS Supply\",\"url\":\"https:\/\/aps-supply.com\/\",\"logo\":{\"@type\":\"ImageObject\",\"inLanguage\":\"es-CO\",\"@id\":\"https:\/\/aps-supply.com\/#\/schema\/logo\/image\/\",\"url\":\"https:\/\/aps-supply.com\/wp-content\/uploads\/2025\/07\/APS-Logo-Master_HD.png\",\"contentUrl\":\"https:\/\/aps-supply.com\/wp-content\/uploads\/2025\/07\/APS-Logo-Master_HD.png\",\"width\":26589,\"height\":6468,\"caption\":\"APS Supply\"},\"image\":{\"@id\":\"https:\/\/aps-supply.com\/#\/schema\/logo\/image\/\"},\"sameAs\":[\"https:\/\/www.facebook.com\/pages\/APS-Lighting-and-Safety-Products\/499382100107067\",\"https:\/\/x.com\/APSLighting_JB\",\"https:\/\/www.linkedin.com\/company\/aps-lighting-&-safety\/\",\"https:\/\/www.youtube.com\/@APSLightingandSafety\"]}]}<\/script>\n<!-- \/ Yoast SEO Premium plugin. -->","yoast_head_json":{"title":"Estudio de caso: Alimentador de delantal de descarga de camiones - APS","description":"APS propuso una soluci\u00f3n de iluminaci\u00f3n m\u00e1s respetuosa con el medio ambiente y con menores costes de mantenimiento mediante la sustituci\u00f3n de todas las luminarias existentes por luminarias LED de bajo consumo. Esto inclu\u00eda luminarias LED de caja de empalme de 50 W para ambos lados del alimentador de la plataforma mediante soportes de techo y pared, y luminarias LED de caja de empalme de 10 W para la pared trasera.","robots":{"index":"index","follow":"follow","max-snippet":"max-snippet:-1","max-image-preview":"max-image-preview:large","max-video-preview":"max-video-preview:-1"},"canonical":"https:\/\/aps-supply.com\/es\/estudio-de-caso-camion-volquete-alimentador-de-delantal\/","og_locale":"es_ES","og_type":"article","og_title":"Case Study: Truck Dump Apron Feeder","og_description":"APS proposed a more eco-friendly lighting solution with reduced maintenance costs by replacing all existing fixtures with low-power LED light fixtures. This included 50W LED Junction Box Light fixtures for both sides of the apron feeder via roof and wall mounts, and 10W LED Junction Box Light fixtures to the back wall.","og_url":"https:\/\/aps-supply.com\/es\/estudio-de-caso-camion-volquete-alimentador-de-delantal\/","og_site_name":"APS","article_publisher":"https:\/\/www.facebook.com\/pages\/APS-Lighting-and-Safety-Products\/499382100107067","og_image":[{"width":1200,"height":770,"url":"https:\/\/aps-supply.com\/wp-content\/uploads\/2021\/09\/Truck_Dump_Apron_Feeder-feature.jpg","type":"image\/jpeg"}],"twitter_card":"summary_large_image","twitter_site":"@APSLighting_JB","twitter_misc":{"Tiempo de lectura":"2 minutos"},"schema":{"@context":"https:\/\/schema.org","@graph":[{"@type":"WebPage","@id":"https:\/\/aps-supply.com\/case-study-truck-dump-apron-feeder\/","url":"https:\/\/aps-supply.com\/case-study-truck-dump-apron-feeder\/","name":"Estudio de caso: Alimentador de delantal de descarga de camiones - APS","isPartOf":{"@id":"https:\/\/aps-supply.com\/#website"},"primaryImageOfPage":{"@id":"https:\/\/aps-supply.com\/case-study-truck-dump-apron-feeder\/#primaryimage"},"image":{"@id":"https:\/\/aps-supply.com\/case-study-truck-dump-apron-feeder\/#primaryimage"},"thumbnailUrl":"https:\/\/aps-supply.com\/wp-content\/uploads\/2021\/09\/Truck_Dump_Apron_Feeder-feature.jpg","datePublished":"2021-09-30T04:53:20+00:00","description":"APS propuso una soluci\u00f3n de iluminaci\u00f3n m\u00e1s respetuosa con el medio ambiente y con menores costes de mantenimiento mediante la sustituci\u00f3n de todas las luminarias existentes por luminarias LED de bajo consumo. Esto inclu\u00eda luminarias LED de caja de empalme de 50 W para ambos lados del alimentador de la plataforma mediante soportes de techo y pared, y luminarias LED de caja de empalme de 10 W para la pared trasera.","breadcrumb":{"@id":"https:\/\/aps-supply.com\/case-study-truck-dump-apron-feeder\/#breadcrumb"},"inLanguage":"es-CO","potentialAction":[{"@type":"ReadAction","target":["https:\/\/aps-supply.com\/case-study-truck-dump-apron-feeder\/"]}]},{"@type":"ImageObject","inLanguage":"es-CO","@id":"https:\/\/aps-supply.com\/case-study-truck-dump-apron-feeder\/#primaryimage","url":"https:\/\/aps-supply.com\/wp-content\/uploads\/2021\/09\/Truck_Dump_Apron_Feeder-feature.jpg","contentUrl":"https:\/\/aps-supply.com\/wp-content\/uploads\/2021\/09\/Truck_Dump_Apron_Feeder-feature.jpg","width":1200,"height":770},{"@type":"BreadcrumbList","@id":"https:\/\/aps-supply.com\/case-study-truck-dump-apron-feeder\/#breadcrumb","itemListElement":[{"@type":"ListItem","position":1,"name":"Home","item":"https:\/\/aps-supply.com\/"},{"@type":"ListItem","position":2,"name":"Case Study: Truck Dump Apron Feeder"}]},{"@type":"WebSite","@id":"https:\/\/aps-supply.com\/#website","url":"https:\/\/aps-supply.com\/","name":"APS","description":"Iluminaci\u00f3n y seguridad","publisher":{"@id":"https:\/\/aps-supply.com\/#organization"},"potentialAction":[{"@type":"SearchAction","target":{"@type":"EntryPoint","urlTemplate":"https:\/\/aps-supply.com\/?s={search_term_string}"},"query-input":{"@type":"PropertyValueSpecification","valueRequired":true,"valueName":"search_term_string"}}],"inLanguage":"es-CO"},{"@type":"Organization","@id":"https:\/\/aps-supply.com\/#organization","name":"Suministros APS","url":"https:\/\/aps-supply.com\/","logo":{"@type":"ImageObject","inLanguage":"es-CO","@id":"https:\/\/aps-supply.com\/#\/schema\/logo\/image\/","url":"https:\/\/aps-supply.com\/wp-content\/uploads\/2025\/07\/APS-Logo-Master_HD.png","contentUrl":"https:\/\/aps-supply.com\/wp-content\/uploads\/2025\/07\/APS-Logo-Master_HD.png","width":26589,"height":6468,"caption":"APS Supply"},"image":{"@id":"https:\/\/aps-supply.com\/#\/schema\/logo\/image\/"},"sameAs":["https:\/\/www.facebook.com\/pages\/APS-Lighting-and-Safety-Products\/499382100107067","https:\/\/x.com\/APSLighting_JB","https:\/\/www.linkedin.com\/company\/aps-lighting-&-safety\/","https:\/\/www.youtube.com\/@APSLightingandSafety"]}]}},"_links":{"self":[{"href":"https:\/\/aps-supply.com\/es\/wp-json\/wp\/v2\/pages\/21930","targetHints":{"allow":["GET"]}}],"collection":[{"href":"https:\/\/aps-supply.com\/es\/wp-json\/wp\/v2\/pages"}],"about":[{"href":"https:\/\/aps-supply.com\/es\/wp-json\/wp\/v2\/types\/page"}],"author":[{"embeddable":true,"href":"https:\/\/aps-supply.com\/es\/wp-json\/wp\/v2\/users\/6"}],"replies":[{"embeddable":true,"href":"https:\/\/aps-supply.com\/es\/wp-json\/wp\/v2\/comments?post=21930"}],"version-history":[{"count":0,"href":"https:\/\/aps-supply.com\/es\/wp-json\/wp\/v2\/pages\/21930\/revisions"}],"wp:featuredmedia":[{"embeddable":true,"href":"https:\/\/aps-supply.com\/es\/wp-json\/wp\/v2\/media\/22098"}],"wp:attachment":[{"href":"https:\/\/aps-supply.com\/es\/wp-json\/wp\/v2\/media?parent=21930"}],"curies":[{"name":"wp","href":"https:\/\/api.w.org\/{rel}","templated":true}]}}