{"id":21936,"date":"2021-09-29T21:54:01","date_gmt":"2021-09-30T04:54:01","guid":{"rendered":"https:\/\/aps-supply.com\/?page_id=21936"},"modified":"2021-09-29T21:54:01","modified_gmt":"2021-09-30T04:54:01","slug":"estudio-de-caso-ecco-58-covert-barra-de-luces-de-bajo-perfil","status":"publish","type":"page","link":"https:\/\/aps-supply.com\/es\/estudio-de-caso-ecco-58-covert-barra-de-luces-de-bajo-perfil\/","title":{"rendered":"Estudio de caso: Barra de luces de bajo perfil ECCO 58\u2033 Covert"},"content":{"rendered":"<h3>Alcance del proyecto<\/h3>\n<p class=\"p2\">Nuestro socio proveedor ECCO Safety Group se puso en contacto con APS para preguntarnos si ten\u00edamos un cliente interesado en probar un nuevo modelo de barra de luces para el mercado \u00e1mbar. Una Unidad de Obras P\u00fablicas de San Diego mostr\u00f3 inter\u00e9s en probar la nueva barra de luces ECCO Covert Series 58\", que presenta un nuevo dise\u00f1o compacto\/de perfil bajo, m\u00e1s luminosidad y opciones que la actual barra de luces ECCO 21 Series. Tambi\u00e9n inclu\u00eda una consola integrada en la cabina para el Director de Tr\u00e1fico.<\/p>\n<h3 class=\"p2\">Soluci\u00f3n propuesta<\/h3>\n<p class=\"p2\">APS entreg\u00f3 2 barras de luces ECCO Covert de 58\", 1 de las cuales se instal\u00f3 recientemente en un Chevy Colorado, junto con un v\u00eddeo de la barra de luces en acci\u00f3n. Despu\u00e9s de las conversaciones de seguimiento con el Supervisor de Obras P\u00fablicas, nos hicieron saber que estaban muy contentos y que la nueva barra de luces ECCO Covert Series 58\" ha superado con creces sus expectativas. Estaban especialmente satisfechos de tener un Director de Tr\u00e1fico y m\u00e1s m\u00f3dulos de iluminaci\u00f3n que los que utilizaban actualmente.<\/p>\n<p><img loading=\"lazy\" decoding=\"async\" class=\"aligncenter wp-image-21939 size-large\" src=\"https:\/\/aps-supply.com\/wp-content\/uploads\/2021\/08\/case-study_collage-1024x482.jpg\" alt=\"\" width=\"1024\" height=\"482\" srcset=\"https:\/\/aps-supply.com\/wp-content\/uploads\/2021\/08\/case-study_collage-1024x482.jpg 1024w, https:\/\/aps-supply.com\/wp-content\/uploads\/2021\/08\/case-study_collage-300x141.jpg 300w, https:\/\/aps-supply.com\/wp-content\/uploads\/2021\/08\/case-study_collage-768x361.jpg 768w, https:\/\/aps-supply.com\/wp-content\/uploads\/2021\/08\/case-study_collage.jpg 1490w\" sizes=\"auto, (max-width: 1024px) 100vw, 1024px\" \/><\/p>","protected":false},"excerpt":{"rendered":"<p>Alcance del proyecto Nuestro socio proveedor ECCO Safety Group se puso en contacto con APS para preguntarnos si ten\u00edamos un cliente interesado en probar un nuevo modelo de barra de luces para el mercado \u00e1mbar. Una Unidad de Obras P\u00fablicas de San Diego mostr\u00f3 inter\u00e9s en probar la nueva barra de luces ECCO Covert Series 58\", que...<\/p>","protected":false},"author":6,"featured_media":22102,"parent":0,"menu_order":0,"comment_status":"closed","ping_status":"closed","template":"","meta":{"_acf_changed":false,"footnotes":""},"class_list":["post-21936","page","type-page","status-publish","has-post-thumbnail","hentry","case-study-category-vehicle-safety-optimisation"],"acf":[],"yoast_head":"<!-- This site is optimized with the Yoast SEO Premium plugin v26.9 (Yoast SEO v26.9) - https:\/\/yoast.com\/product\/yoast-seo-premium-wordpress\/ -->\n<title>Case Study: ECCO 58&quot; Covert Low Profile Lightbar - APS<\/title>\n<meta name=\"description\" content=\"APS was approached by our supply partner the ECCO Safety Group to ask if we had a customer that would be interested in trialling a new lightbar model for the amber market.\" \/>\n<meta name=\"robots\" content=\"index, follow, max-snippet:-1, max-image-preview:large, max-video-preview:-1\" \/>\n<link rel=\"canonical\" href=\"https:\/\/aps-supply.com\/es\/estudio-de-caso-ecco-58-covert-barra-de-luces-de-bajo-perfil\/\" \/>\n<meta property=\"og:locale\" content=\"es_ES\" \/>\n<meta property=\"og:type\" content=\"article\" \/>\n<meta property=\"og:title\" content=\"Case Study: ECCO 58&quot; Covert Low Profile Lightbar\" \/>\n<meta property=\"og:description\" content=\"APS was approached by our supply partner the ECCO Safety Group to ask if we had a customer that would be interested in trialling a new lightbar model for the amber market.\" \/>\n<meta property=\"og:url\" content=\"https:\/\/aps-supply.com\/es\/estudio-de-caso-ecco-58-covert-barra-de-luces-de-bajo-perfil\/\" \/>\n<meta property=\"og:site_name\" content=\"APS\" \/>\n<meta property=\"article:publisher\" content=\"https:\/\/www.facebook.com\/pages\/APS-Lighting-and-Safety-Products\/499382100107067\" \/>\n<meta property=\"og:image\" content=\"https:\/\/aps-supply.com\/wp-content\/uploads\/2021\/09\/case-study_collage-feature.jpg\" \/>\n\t<meta property=\"og:image:width\" content=\"1200\" \/>\n\t<meta property=\"og:image:height\" content=\"770\" \/>\n\t<meta property=\"og:image:type\" content=\"image\/jpeg\" \/>\n<meta name=\"twitter:card\" content=\"summary_large_image\" \/>\n<meta name=\"twitter:site\" content=\"@APSLighting_JB\" \/>\n<meta name=\"twitter:label1\" content=\"Tiempo de lectura\" \/>\n\t<meta name=\"twitter:data1\" content=\"1 minuto\" \/>\n<script type=\"application\/ld+json\" class=\"yoast-schema-graph\">{\"@context\":\"https:\/\/schema.org\",\"@graph\":[{\"@type\":\"WebPage\",\"@id\":\"https:\/\/aps-supply.com\/case-study-ecco-58-covert-low-profile-lightbar\/\",\"url\":\"https:\/\/aps-supply.com\/case-study-ecco-58-covert-low-profile-lightbar\/\",\"name\":\"Case Study: ECCO 58\\\" Covert Low Profile Lightbar - APS\",\"isPartOf\":{\"@id\":\"https:\/\/aps-supply.com\/#website\"},\"primaryImageOfPage\":{\"@id\":\"https:\/\/aps-supply.com\/case-study-ecco-58-covert-low-profile-lightbar\/#primaryimage\"},\"image\":{\"@id\":\"https:\/\/aps-supply.com\/case-study-ecco-58-covert-low-profile-lightbar\/#primaryimage\"},\"thumbnailUrl\":\"https:\/\/aps-supply.com\/wp-content\/uploads\/2021\/09\/case-study_collage-feature.jpg\",\"datePublished\":\"2021-09-30T04:54:01+00:00\",\"description\":\"APS was approached by our supply partner the ECCO Safety Group to ask if we had a customer that would be interested in trialling a new lightbar model for the amber market.\",\"breadcrumb\":{\"@id\":\"https:\/\/aps-supply.com\/case-study-ecco-58-covert-low-profile-lightbar\/#breadcrumb\"},\"inLanguage\":\"es-CO\",\"potentialAction\":[{\"@type\":\"ReadAction\",\"target\":[\"https:\/\/aps-supply.com\/case-study-ecco-58-covert-low-profile-lightbar\/\"]}]},{\"@type\":\"ImageObject\",\"inLanguage\":\"es-CO\",\"@id\":\"https:\/\/aps-supply.com\/case-study-ecco-58-covert-low-profile-lightbar\/#primaryimage\",\"url\":\"https:\/\/aps-supply.com\/wp-content\/uploads\/2021\/09\/case-study_collage-feature.jpg\",\"contentUrl\":\"https:\/\/aps-supply.com\/wp-content\/uploads\/2021\/09\/case-study_collage-feature.jpg\",\"width\":1200,\"height\":770},{\"@type\":\"BreadcrumbList\",\"@id\":\"https:\/\/aps-supply.com\/case-study-ecco-58-covert-low-profile-lightbar\/#breadcrumb\",\"itemListElement\":[{\"@type\":\"ListItem\",\"position\":1,\"name\":\"Home\",\"item\":\"https:\/\/aps-supply.com\/\"},{\"@type\":\"ListItem\",\"position\":2,\"name\":\"Case Study: ECCO 58&#8243; Covert Low Profile Lightbar\"}]},{\"@type\":\"WebSite\",\"@id\":\"https:\/\/aps-supply.com\/#website\",\"url\":\"https:\/\/aps-supply.com\/\",\"name\":\"APS\",\"description\":\"Lighting &amp; Safety\",\"publisher\":{\"@id\":\"https:\/\/aps-supply.com\/#organization\"},\"potentialAction\":[{\"@type\":\"SearchAction\",\"target\":{\"@type\":\"EntryPoint\",\"urlTemplate\":\"https:\/\/aps-supply.com\/?s={search_term_string}\"},\"query-input\":{\"@type\":\"PropertyValueSpecification\",\"valueRequired\":true,\"valueName\":\"search_term_string\"}}],\"inLanguage\":\"es-CO\"},{\"@type\":\"Organization\",\"@id\":\"https:\/\/aps-supply.com\/#organization\",\"name\":\"APS Supply\",\"url\":\"https:\/\/aps-supply.com\/\",\"logo\":{\"@type\":\"ImageObject\",\"inLanguage\":\"es-CO\",\"@id\":\"https:\/\/aps-supply.com\/#\/schema\/logo\/image\/\",\"url\":\"https:\/\/aps-supply.com\/wp-content\/uploads\/2025\/07\/APS-Logo-Master_HD.png\",\"contentUrl\":\"https:\/\/aps-supply.com\/wp-content\/uploads\/2025\/07\/APS-Logo-Master_HD.png\",\"width\":26589,\"height\":6468,\"caption\":\"APS Supply\"},\"image\":{\"@id\":\"https:\/\/aps-supply.com\/#\/schema\/logo\/image\/\"},\"sameAs\":[\"https:\/\/www.facebook.com\/pages\/APS-Lighting-and-Safety-Products\/499382100107067\",\"https:\/\/x.com\/APSLighting_JB\",\"https:\/\/www.linkedin.com\/company\/aps-lighting-&-safety\/\",\"https:\/\/www.youtube.com\/@APSLightingandSafety\"]}]}<\/script>\n<!-- \/ Yoast SEO Premium plugin. -->","yoast_head_json":{"title":"Estudio de caso: Barra de luces encubierta de perfil bajo ECCO 58\" - APS","description":"Nuestro socio proveedor ECCO Safety Group se puso en contacto con APS para preguntarnos si ten\u00edamos un cliente interesado en probar un nuevo modelo de barra de luces para el mercado \u00e1mbar.","robots":{"index":"index","follow":"follow","max-snippet":"max-snippet:-1","max-image-preview":"max-image-preview:large","max-video-preview":"max-video-preview:-1"},"canonical":"https:\/\/aps-supply.com\/es\/estudio-de-caso-ecco-58-covert-barra-de-luces-de-bajo-perfil\/","og_locale":"es_ES","og_type":"article","og_title":"Case Study: ECCO 58\" Covert Low Profile Lightbar","og_description":"APS was approached by our supply partner the ECCO Safety Group to ask if we had a customer that would be interested in trialling a new lightbar model for the amber market.","og_url":"https:\/\/aps-supply.com\/es\/estudio-de-caso-ecco-58-covert-barra-de-luces-de-bajo-perfil\/","og_site_name":"APS","article_publisher":"https:\/\/www.facebook.com\/pages\/APS-Lighting-and-Safety-Products\/499382100107067","og_image":[{"width":1200,"height":770,"url":"https:\/\/aps-supply.com\/wp-content\/uploads\/2021\/09\/case-study_collage-feature.jpg","type":"image\/jpeg"}],"twitter_card":"summary_large_image","twitter_site":"@APSLighting_JB","twitter_misc":{"Tiempo de lectura":"1 minuto"},"schema":{"@context":"https:\/\/schema.org","@graph":[{"@type":"WebPage","@id":"https:\/\/aps-supply.com\/case-study-ecco-58-covert-low-profile-lightbar\/","url":"https:\/\/aps-supply.com\/case-study-ecco-58-covert-low-profile-lightbar\/","name":"Estudio de caso: Barra de luces encubierta de perfil bajo ECCO 58\" - APS","isPartOf":{"@id":"https:\/\/aps-supply.com\/#website"},"primaryImageOfPage":{"@id":"https:\/\/aps-supply.com\/case-study-ecco-58-covert-low-profile-lightbar\/#primaryimage"},"image":{"@id":"https:\/\/aps-supply.com\/case-study-ecco-58-covert-low-profile-lightbar\/#primaryimage"},"thumbnailUrl":"https:\/\/aps-supply.com\/wp-content\/uploads\/2021\/09\/case-study_collage-feature.jpg","datePublished":"2021-09-30T04:54:01+00:00","description":"Nuestro socio proveedor ECCO Safety Group se puso en contacto con APS para preguntarnos si ten\u00edamos un cliente interesado en probar un nuevo modelo de barra de luces para el mercado \u00e1mbar.","breadcrumb":{"@id":"https:\/\/aps-supply.com\/case-study-ecco-58-covert-low-profile-lightbar\/#breadcrumb"},"inLanguage":"es-CO","potentialAction":[{"@type":"ReadAction","target":["https:\/\/aps-supply.com\/case-study-ecco-58-covert-low-profile-lightbar\/"]}]},{"@type":"ImageObject","inLanguage":"es-CO","@id":"https:\/\/aps-supply.com\/case-study-ecco-58-covert-low-profile-lightbar\/#primaryimage","url":"https:\/\/aps-supply.com\/wp-content\/uploads\/2021\/09\/case-study_collage-feature.jpg","contentUrl":"https:\/\/aps-supply.com\/wp-content\/uploads\/2021\/09\/case-study_collage-feature.jpg","width":1200,"height":770},{"@type":"BreadcrumbList","@id":"https:\/\/aps-supply.com\/case-study-ecco-58-covert-low-profile-lightbar\/#breadcrumb","itemListElement":[{"@type":"ListItem","position":1,"name":"Home","item":"https:\/\/aps-supply.com\/"},{"@type":"ListItem","position":2,"name":"Case Study: ECCO 58&#8243; Covert Low Profile Lightbar"}]},{"@type":"WebSite","@id":"https:\/\/aps-supply.com\/#website","url":"https:\/\/aps-supply.com\/","name":"APS","description":"Iluminaci\u00f3n y seguridad","publisher":{"@id":"https:\/\/aps-supply.com\/#organization"},"potentialAction":[{"@type":"SearchAction","target":{"@type":"EntryPoint","urlTemplate":"https:\/\/aps-supply.com\/?s={search_term_string}"},"query-input":{"@type":"PropertyValueSpecification","valueRequired":true,"valueName":"search_term_string"}}],"inLanguage":"es-CO"},{"@type":"Organization","@id":"https:\/\/aps-supply.com\/#organization","name":"Suministros APS","url":"https:\/\/aps-supply.com\/","logo":{"@type":"ImageObject","inLanguage":"es-CO","@id":"https:\/\/aps-supply.com\/#\/schema\/logo\/image\/","url":"https:\/\/aps-supply.com\/wp-content\/uploads\/2025\/07\/APS-Logo-Master_HD.png","contentUrl":"https:\/\/aps-supply.com\/wp-content\/uploads\/2025\/07\/APS-Logo-Master_HD.png","width":26589,"height":6468,"caption":"APS Supply"},"image":{"@id":"https:\/\/aps-supply.com\/#\/schema\/logo\/image\/"},"sameAs":["https:\/\/www.facebook.com\/pages\/APS-Lighting-and-Safety-Products\/499382100107067","https:\/\/x.com\/APSLighting_JB","https:\/\/www.linkedin.com\/company\/aps-lighting-&-safety\/","https:\/\/www.youtube.com\/@APSLightingandSafety"]}]}},"_links":{"self":[{"href":"https:\/\/aps-supply.com\/es\/wp-json\/wp\/v2\/pages\/21936","targetHints":{"allow":["GET"]}}],"collection":[{"href":"https:\/\/aps-supply.com\/es\/wp-json\/wp\/v2\/pages"}],"about":[{"href":"https:\/\/aps-supply.com\/es\/wp-json\/wp\/v2\/types\/page"}],"author":[{"embeddable":true,"href":"https:\/\/aps-supply.com\/es\/wp-json\/wp\/v2\/users\/6"}],"replies":[{"embeddable":true,"href":"https:\/\/aps-supply.com\/es\/wp-json\/wp\/v2\/comments?post=21936"}],"version-history":[{"count":0,"href":"https:\/\/aps-supply.com\/es\/wp-json\/wp\/v2\/pages\/21936\/revisions"}],"wp:featuredmedia":[{"embeddable":true,"href":"https:\/\/aps-supply.com\/es\/wp-json\/wp\/v2\/media\/22102"}],"wp:attachment":[{"href":"https:\/\/aps-supply.com\/es\/wp-json\/wp\/v2\/media?parent=21936"}],"curies":[{"name":"wp","href":"https:\/\/api.w.org\/{rel}","templated":true}]}}