{"id":21937,"date":"2021-09-29T21:52:26","date_gmt":"2021-09-30T04:52:26","guid":{"rendered":"https:\/\/aps-supply.com\/?page_id=21937"},"modified":"2021-09-29T21:52:26","modified_gmt":"2021-09-30T04:52:26","slug":"estudio-de-caso-sustitucion-de-luces-para-remolques-de-torres-de-iluminacion","status":"publish","type":"page","link":"https:\/\/aps-supply.com\/es\/estudio-de-caso-sustitucion-de-luces-para-remolques-de-torres-de-iluminacion\/","title":{"rendered":"Caso pr\u00e1ctico: Sustituci\u00f3n de luces para remolques Tower Light"},"content":{"rendered":"<h3>Tensi\u00f3n: Soluci\u00f3n CA y CC<\/h3>\n<h3 class=\"p2\">Alcance del proyecto<\/h3>\n<p>APS Lighting &amp; Safety ha estado investigando una luminaria de calidad que pueda utilizarse para sustituir a los cabezales de luz est\u00e1ndar de los remolques de torre de iluminaci\u00f3n.<\/p>\n<p>Los focos HPS y MH tradicionales de las torres de iluminaci\u00f3n tienen un consumo muy elevado, tradicionalmente entre 400 y 500 W por aparato o entre 2,4 y 3 kW para una torre de 6 focos. Este elevado consumo de energ\u00eda se traduce en mayores costes de combustible, menor tiempo de funcionamiento debido al elevado consumo de corriente y mayor mantenimiento, ya que los grupos electr\u00f3genos funcionan a un ritmo m\u00e1s elevado. Muchas luminarias suelen ser grandes y pesadas. No es raro que cada aparato pese m\u00e1s de 8,5 kg, por lo que una torre de 6 luces pesa casi 50 kg s\u00f3lo en accesorios. Esto no es lo ideal en condiciones de viento muy fuerte, ya que el gran tama\u00f1o de estos dispositivos puede actuar como velas y, por lo tanto, provocar el vuelco del remolque. Muchos remolques modernos de torres de iluminaci\u00f3n tienen sistemas de retracci\u00f3n autom\u00e1tica y, en caso de vientos fuertes, retraen la torre hasta una altura de funcionamiento segura. Esto no es lo ideal cuando se necesita el m\u00e1ximo per\u00edmetro de luz sobre el terreno.<\/p>\n<p>&nbsp;<\/p>\n<p><a href=\"https:\/\/aps-supply.com\/es\/publicar-producto\/vision-x-vl-pitmaster-serie-dc\/\" target=\"_blank\" rel=\"noopener\"><img loading=\"lazy\" decoding=\"async\" class=\"alignnone wp-image-21941 size-full\" src=\"https:\/\/aps-supply.com\/wp-content\/uploads\/2021\/08\/Light_Replacement_for_Tower_Light_Trailers-_featured.jpg\" alt=\"\" width=\"1403\" height=\"787\" srcset=\"https:\/\/aps-supply.com\/wp-content\/uploads\/2021\/08\/Light_Replacement_for_Tower_Light_Trailers-_featured.jpg 1403w, https:\/\/aps-supply.com\/wp-content\/uploads\/2021\/08\/Light_Replacement_for_Tower_Light_Trailers-_featured-300x168.jpg 300w, https:\/\/aps-supply.com\/wp-content\/uploads\/2021\/08\/Light_Replacement_for_Tower_Light_Trailers-_featured-1024x574.jpg 1024w, https:\/\/aps-supply.com\/wp-content\/uploads\/2021\/08\/Light_Replacement_for_Tower_Light_Trailers-_featured-768x431.jpg 768w\" sizes=\"auto, (max-width: 1403px) 100vw, 1403px\" \/><\/a><\/p>\n<p>&nbsp;<\/p>\n<h3 class=\"p2\">Soluci\u00f3n<\/h3>\n<p>En <a href=\"https:\/\/aps-supply.com\/es\/publicar-producto\/vision-x-vl-pitmaster-serie-dc\/\">Luminaria LED Pitmaster Vision X Serie VL<\/a> fue la alternativa preferida para sustituir las actuales luminarias m\u00f3viles est\u00e1ndar para remolques. Cada aparato produce 16.785 l\u00famenes (o 100.710 l\u00famenes en el caso de la torre de 6 luces que se muestra en la imagen). Esta soluci\u00f3n es id\u00f3nea para remolques torre h\u00edbridos que funcionan tanto con energ\u00eda solar como con gas\u00f3leo.<\/p>\n<p>En <a href=\"https:\/\/aps-supply.com\/es\/publicar-producto\/vision-x-vl-pitmaster-serie-dc\/\">Serie VL Pitmaster LED<\/a> est\u00e1n disponibles en 48 V CC s\u00f3lo para torres de iluminaci\u00f3n dedicadas de 48 V, 90-277 V CA y 10-32 V CC. Esto permite al usuario montar sus controladores en el grupo electr\u00f3geno y suministrar alimentaci\u00f3n de baja tensi\u00f3n (BT) hasta sus cabezales de iluminaci\u00f3n, lo que hace que sea m\u00e1s seguro trabajar con ellos.<\/p>\n<p>Otra ventaja de la <a href=\"https:\/\/aps-supply.com\/es\/product-category\/marcas\/marcas-vision-x\/\">Pitmaster Vision X Serie VL<\/a> luces es que pesan 2,5kg (5,5 lbs) cada una. El peso total del cabezal luminoso para una configuraci\u00f3n de 6 luces es de 15 kg (33 libras). Un peso reducido combinado con unas luminarias de perfil bajo reduce la resistencia al viento y el riesgo de da\u00f1os estructurales en la torre de iluminaci\u00f3n. Esto significa que pueden funcionar a mayor altura de la torre incluso con vientos m\u00e1s fuertes de lo normal.<\/p>\n<p>P\u00f3ngase en contacto con su representante local de APS para probar el <a href=\"https:\/\/aps-supply.com\/es\/publicar-producto\/vision-x-vl-pitmaster-serie-dc\/\">Luz LED Vision X Serie VL Pitmaster (DC)<\/a> en su flota de remolques de torre de iluminaci\u00f3n.<\/p>\n<p>&nbsp;<\/p>\n<p><strong>Torre de 8 m de altura, 6 luces Pitmaster VX serie VL<\/strong><\/p>\n<p><a href=\"https:\/\/aps-supply.com\/es\/publicar-producto\/vision-x-vl-pitmaster-serie-dc\/\" target=\"_blank\" rel=\"noopener\"><img loading=\"lazy\" decoding=\"async\" class=\"alignnone wp-image-21942 size-full\" src=\"https:\/\/aps-supply.com\/wp-content\/uploads\/2021\/08\/Light_Replacement_for_Tower_Light_Trailers-_image2b.png\" alt=\"\" width=\"1200\" height=\"615\" srcset=\"https:\/\/aps-supply.com\/wp-content\/uploads\/2021\/08\/Light_Replacement_for_Tower_Light_Trailers-_image2b.png 1200w, https:\/\/aps-supply.com\/wp-content\/uploads\/2021\/08\/Light_Replacement_for_Tower_Light_Trailers-_image2b-300x154.png 300w, https:\/\/aps-supply.com\/wp-content\/uploads\/2021\/08\/Light_Replacement_for_Tower_Light_Trailers-_image2b-1024x525.png 1024w, https:\/\/aps-supply.com\/wp-content\/uploads\/2021\/08\/Light_Replacement_for_Tower_Light_Trailers-_image2b-768x394.png 768w\" sizes=\"auto, (max-width: 1200px) 100vw, 1200px\" \/><\/a><\/p>\n<p>&nbsp;<\/p>","protected":false},"excerpt":{"rendered":"<p>Voltaje: AC &amp; DC Soluci\u00f3n Alcance del proyecto APS Lighting &amp; Safety ha estado investigando una luminaria de calidad que pueda utilizarse para sustituir los cabezales de luz est\u00e1ndar de los remolques de iluminaci\u00f3n de torres. Los cabezales de luz HPS y MH tradicionales de las torres de iluminaci\u00f3n tienen un consumo de energ\u00eda muy elevado, tradicionalmente entre 400W y 500W por luminaria o 2,4KW...<\/p>","protected":false},"author":6,"featured_media":22087,"parent":0,"menu_order":0,"comment_status":"closed","ping_status":"closed","template":"","meta":{"_acf_changed":false,"footnotes":""},"class_list":["post-21937","page","type-page","status-publish","has-post-thumbnail","hentry","case-study-category-lighting-optimisation"],"acf":[],"yoast_head":"<!-- This site is optimized with the Yoast SEO Premium plugin v26.9 (Yoast SEO v26.9) - https:\/\/yoast.com\/product\/yoast-seo-premium-wordpress\/ -->\n<title>Case Study: Light Replacement for Tower Light Trailers - APS<\/title>\n<meta name=\"description\" content=\"APS Lighting &amp; Safety have been investigating a quality light fixture that can be used to replace standard light heads on tower light trailers.\" \/>\n<meta name=\"robots\" content=\"index, follow, max-snippet:-1, max-image-preview:large, max-video-preview:-1\" \/>\n<link rel=\"canonical\" href=\"https:\/\/aps-supply.com\/es\/estudio-de-caso-sustitucion-de-luces-para-remolques-de-torres-de-iluminacion\/\" \/>\n<meta property=\"og:locale\" content=\"es_ES\" \/>\n<meta property=\"og:type\" content=\"article\" \/>\n<meta property=\"og:title\" content=\"Case Study: Light Replacement for Tower Light Trailers\" \/>\n<meta property=\"og:description\" content=\"APS Lighting &amp; Safety have been investigating a quality light fixture that can be used to replace standard light heads on tower light trailers.\" \/>\n<meta property=\"og:url\" content=\"https:\/\/aps-supply.com\/es\/estudio-de-caso-sustitucion-de-luces-para-remolques-de-torres-de-iluminacion\/\" \/>\n<meta property=\"og:site_name\" content=\"APS\" \/>\n<meta property=\"article:publisher\" content=\"https:\/\/www.facebook.com\/pages\/APS-Lighting-and-Safety-Products\/499382100107067\" \/>\n<meta property=\"og:image\" content=\"https:\/\/aps-supply.com\/wp-content\/uploads\/2021\/09\/Case_Study_Light_Replacement_for_Tower_Light_Trailers.jpg\" \/>\n\t<meta property=\"og:image:width\" content=\"1200\" \/>\n\t<meta property=\"og:image:height\" content=\"770\" \/>\n\t<meta property=\"og:image:type\" content=\"image\/jpeg\" \/>\n<meta name=\"twitter:card\" content=\"summary_large_image\" \/>\n<meta name=\"twitter:site\" content=\"@APSLighting_JB\" \/>\n<meta name=\"twitter:label1\" content=\"Tiempo de lectura\" \/>\n\t<meta name=\"twitter:data1\" content=\"3 minutos\" \/>\n<script type=\"application\/ld+json\" class=\"yoast-schema-graph\">{\"@context\":\"https:\/\/schema.org\",\"@graph\":[{\"@type\":\"WebPage\",\"@id\":\"https:\/\/aps-supply.com\/case-study-light-replacement-for-tower-light-trailers\/\",\"url\":\"https:\/\/aps-supply.com\/case-study-light-replacement-for-tower-light-trailers\/\",\"name\":\"Case Study: Light Replacement for Tower Light Trailers - APS\",\"isPartOf\":{\"@id\":\"https:\/\/aps-supply.com\/#website\"},\"primaryImageOfPage\":{\"@id\":\"https:\/\/aps-supply.com\/case-study-light-replacement-for-tower-light-trailers\/#primaryimage\"},\"image\":{\"@id\":\"https:\/\/aps-supply.com\/case-study-light-replacement-for-tower-light-trailers\/#primaryimage\"},\"thumbnailUrl\":\"https:\/\/aps-supply.com\/wp-content\/uploads\/2021\/09\/Case_Study_Light_Replacement_for_Tower_Light_Trailers.jpg\",\"datePublished\":\"2021-09-30T04:52:26+00:00\",\"description\":\"APS Lighting & Safety have been investigating a quality light fixture that can be used to replace standard light heads on tower light trailers.\",\"breadcrumb\":{\"@id\":\"https:\/\/aps-supply.com\/case-study-light-replacement-for-tower-light-trailers\/#breadcrumb\"},\"inLanguage\":\"es-CO\",\"potentialAction\":[{\"@type\":\"ReadAction\",\"target\":[\"https:\/\/aps-supply.com\/case-study-light-replacement-for-tower-light-trailers\/\"]}]},{\"@type\":\"ImageObject\",\"inLanguage\":\"es-CO\",\"@id\":\"https:\/\/aps-supply.com\/case-study-light-replacement-for-tower-light-trailers\/#primaryimage\",\"url\":\"https:\/\/aps-supply.com\/wp-content\/uploads\/2021\/09\/Case_Study_Light_Replacement_for_Tower_Light_Trailers.jpg\",\"contentUrl\":\"https:\/\/aps-supply.com\/wp-content\/uploads\/2021\/09\/Case_Study_Light_Replacement_for_Tower_Light_Trailers.jpg\",\"width\":1200,\"height\":770},{\"@type\":\"BreadcrumbList\",\"@id\":\"https:\/\/aps-supply.com\/case-study-light-replacement-for-tower-light-trailers\/#breadcrumb\",\"itemListElement\":[{\"@type\":\"ListItem\",\"position\":1,\"name\":\"Home\",\"item\":\"https:\/\/aps-supply.com\/\"},{\"@type\":\"ListItem\",\"position\":2,\"name\":\"Case Study: Light Replacement for Tower Light Trailers\"}]},{\"@type\":\"WebSite\",\"@id\":\"https:\/\/aps-supply.com\/#website\",\"url\":\"https:\/\/aps-supply.com\/\",\"name\":\"APS\",\"description\":\"Lighting &amp; Safety\",\"publisher\":{\"@id\":\"https:\/\/aps-supply.com\/#organization\"},\"potentialAction\":[{\"@type\":\"SearchAction\",\"target\":{\"@type\":\"EntryPoint\",\"urlTemplate\":\"https:\/\/aps-supply.com\/?s={search_term_string}\"},\"query-input\":{\"@type\":\"PropertyValueSpecification\",\"valueRequired\":true,\"valueName\":\"search_term_string\"}}],\"inLanguage\":\"es-CO\"},{\"@type\":\"Organization\",\"@id\":\"https:\/\/aps-supply.com\/#organization\",\"name\":\"APS Supply\",\"url\":\"https:\/\/aps-supply.com\/\",\"logo\":{\"@type\":\"ImageObject\",\"inLanguage\":\"es-CO\",\"@id\":\"https:\/\/aps-supply.com\/#\/schema\/logo\/image\/\",\"url\":\"https:\/\/aps-supply.com\/wp-content\/uploads\/2025\/07\/APS-Logo-Master_HD.png\",\"contentUrl\":\"https:\/\/aps-supply.com\/wp-content\/uploads\/2025\/07\/APS-Logo-Master_HD.png\",\"width\":26589,\"height\":6468,\"caption\":\"APS Supply\"},\"image\":{\"@id\":\"https:\/\/aps-supply.com\/#\/schema\/logo\/image\/\"},\"sameAs\":[\"https:\/\/www.facebook.com\/pages\/APS-Lighting-and-Safety-Products\/499382100107067\",\"https:\/\/x.com\/APSLighting_JB\",\"https:\/\/www.linkedin.com\/company\/aps-lighting-&-safety\/\",\"https:\/\/www.youtube.com\/@APSLightingandSafety\"]}]}<\/script>\n<!-- \/ Yoast SEO Premium plugin. -->","yoast_head_json":{"title":"Caso pr\u00e1ctico: Sustituci\u00f3n de luces para remolques Tower Light - APS","description":"APS Lighting &amp; Safety ha estado investigando una luminaria de calidad que pueda utilizarse para sustituir a los cabezales de luz est\u00e1ndar de los remolques de torre de iluminaci\u00f3n.","robots":{"index":"index","follow":"follow","max-snippet":"max-snippet:-1","max-image-preview":"max-image-preview:large","max-video-preview":"max-video-preview:-1"},"canonical":"https:\/\/aps-supply.com\/es\/estudio-de-caso-sustitucion-de-luces-para-remolques-de-torres-de-iluminacion\/","og_locale":"es_ES","og_type":"article","og_title":"Case Study: Light Replacement for Tower Light Trailers","og_description":"APS Lighting & Safety have been investigating a quality light fixture that can be used to replace standard light heads on tower light trailers.","og_url":"https:\/\/aps-supply.com\/es\/estudio-de-caso-sustitucion-de-luces-para-remolques-de-torres-de-iluminacion\/","og_site_name":"APS","article_publisher":"https:\/\/www.facebook.com\/pages\/APS-Lighting-and-Safety-Products\/499382100107067","og_image":[{"width":1200,"height":770,"url":"https:\/\/aps-supply.com\/wp-content\/uploads\/2021\/09\/Case_Study_Light_Replacement_for_Tower_Light_Trailers.jpg","type":"image\/jpeg"}],"twitter_card":"summary_large_image","twitter_site":"@APSLighting_JB","twitter_misc":{"Tiempo de lectura":"3 minutos"},"schema":{"@context":"https:\/\/schema.org","@graph":[{"@type":"WebPage","@id":"https:\/\/aps-supply.com\/case-study-light-replacement-for-tower-light-trailers\/","url":"https:\/\/aps-supply.com\/case-study-light-replacement-for-tower-light-trailers\/","name":"Caso pr\u00e1ctico: Sustituci\u00f3n de luces para remolques Tower Light - APS","isPartOf":{"@id":"https:\/\/aps-supply.com\/#website"},"primaryImageOfPage":{"@id":"https:\/\/aps-supply.com\/case-study-light-replacement-for-tower-light-trailers\/#primaryimage"},"image":{"@id":"https:\/\/aps-supply.com\/case-study-light-replacement-for-tower-light-trailers\/#primaryimage"},"thumbnailUrl":"https:\/\/aps-supply.com\/wp-content\/uploads\/2021\/09\/Case_Study_Light_Replacement_for_Tower_Light_Trailers.jpg","datePublished":"2021-09-30T04:52:26+00:00","description":"APS Lighting &amp; Safety ha estado investigando una luminaria de calidad que pueda utilizarse para sustituir a los cabezales de luz est\u00e1ndar de los remolques de torre de iluminaci\u00f3n.","breadcrumb":{"@id":"https:\/\/aps-supply.com\/case-study-light-replacement-for-tower-light-trailers\/#breadcrumb"},"inLanguage":"es-CO","potentialAction":[{"@type":"ReadAction","target":["https:\/\/aps-supply.com\/case-study-light-replacement-for-tower-light-trailers\/"]}]},{"@type":"ImageObject","inLanguage":"es-CO","@id":"https:\/\/aps-supply.com\/case-study-light-replacement-for-tower-light-trailers\/#primaryimage","url":"https:\/\/aps-supply.com\/wp-content\/uploads\/2021\/09\/Case_Study_Light_Replacement_for_Tower_Light_Trailers.jpg","contentUrl":"https:\/\/aps-supply.com\/wp-content\/uploads\/2021\/09\/Case_Study_Light_Replacement_for_Tower_Light_Trailers.jpg","width":1200,"height":770},{"@type":"BreadcrumbList","@id":"https:\/\/aps-supply.com\/case-study-light-replacement-for-tower-light-trailers\/#breadcrumb","itemListElement":[{"@type":"ListItem","position":1,"name":"Home","item":"https:\/\/aps-supply.com\/"},{"@type":"ListItem","position":2,"name":"Case Study: Light Replacement for Tower Light Trailers"}]},{"@type":"WebSite","@id":"https:\/\/aps-supply.com\/#website","url":"https:\/\/aps-supply.com\/","name":"APS","description":"Iluminaci\u00f3n y seguridad","publisher":{"@id":"https:\/\/aps-supply.com\/#organization"},"potentialAction":[{"@type":"SearchAction","target":{"@type":"EntryPoint","urlTemplate":"https:\/\/aps-supply.com\/?s={search_term_string}"},"query-input":{"@type":"PropertyValueSpecification","valueRequired":true,"valueName":"search_term_string"}}],"inLanguage":"es-CO"},{"@type":"Organization","@id":"https:\/\/aps-supply.com\/#organization","name":"Suministros APS","url":"https:\/\/aps-supply.com\/","logo":{"@type":"ImageObject","inLanguage":"es-CO","@id":"https:\/\/aps-supply.com\/#\/schema\/logo\/image\/","url":"https:\/\/aps-supply.com\/wp-content\/uploads\/2025\/07\/APS-Logo-Master_HD.png","contentUrl":"https:\/\/aps-supply.com\/wp-content\/uploads\/2025\/07\/APS-Logo-Master_HD.png","width":26589,"height":6468,"caption":"APS Supply"},"image":{"@id":"https:\/\/aps-supply.com\/#\/schema\/logo\/image\/"},"sameAs":["https:\/\/www.facebook.com\/pages\/APS-Lighting-and-Safety-Products\/499382100107067","https:\/\/x.com\/APSLighting_JB","https:\/\/www.linkedin.com\/company\/aps-lighting-&-safety\/","https:\/\/www.youtube.com\/@APSLightingandSafety"]}]}},"_links":{"self":[{"href":"https:\/\/aps-supply.com\/es\/wp-json\/wp\/v2\/pages\/21937","targetHints":{"allow":["GET"]}}],"collection":[{"href":"https:\/\/aps-supply.com\/es\/wp-json\/wp\/v2\/pages"}],"about":[{"href":"https:\/\/aps-supply.com\/es\/wp-json\/wp\/v2\/types\/page"}],"author":[{"embeddable":true,"href":"https:\/\/aps-supply.com\/es\/wp-json\/wp\/v2\/users\/6"}],"replies":[{"embeddable":true,"href":"https:\/\/aps-supply.com\/es\/wp-json\/wp\/v2\/comments?post=21937"}],"version-history":[{"count":0,"href":"https:\/\/aps-supply.com\/es\/wp-json\/wp\/v2\/pages\/21937\/revisions"}],"wp:featuredmedia":[{"embeddable":true,"href":"https:\/\/aps-supply.com\/es\/wp-json\/wp\/v2\/media\/22087"}],"wp:attachment":[{"href":"https:\/\/aps-supply.com\/es\/wp-json\/wp\/v2\/media?parent=21937"}],"curies":[{"name":"wp","href":"https:\/\/api.w.org\/{rel}","templated":true}]}}