{"id":21946,"date":"2021-09-29T21:52:53","date_gmt":"2021-09-30T04:52:53","guid":{"rendered":"https:\/\/aps-supply.com\/?page_id=21946"},"modified":"2021-09-29T21:52:53","modified_gmt":"2021-09-30T04:52:53","slug":"estudio-de-caso-de-diseno-de-iluminacion-para-camaras-frigorificas-de-centrales-electricas","status":"publish","type":"page","link":"https:\/\/aps-supply.com\/es\/estudio-de-caso-de-diseno-de-iluminacion-para-camaras-frigorificas-de-centrales-electricas\/","title":{"rendered":"Estudio de caso: Dise\u00f1o de iluminaci\u00f3n para c\u00e1maras frigor\u00edficas de centrales el\u00e9ctricas"},"content":{"rendered":"<h3>Tensi\u00f3n: 120-240 V CA<\/h3>\n<h3 class=\"p2\">Alcance del proyecto<\/h3>\n<p class=\"p2\">APS recibi\u00f3 el encargo de dise\u00f1ar un plan de iluminaci\u00f3n para las salas de refrigeraci\u00f3n de la central el\u00e9ctrica con el fin de aumentar la uniformidad de la iluminaci\u00f3n en toda la estructura de 3 plantas para facilitar el mantenimiento visual de los filtros y los paneles electr\u00f3nicos. El requisito m\u00ednimo de 50 lux de media no se cumpl\u00eda con las luminarias actuales.<\/p>\n<p class=\"p3\">La soluci\u00f3n tambi\u00e9n deb\u00eda proporcionar una opci\u00f3n de reserva de emergencia, de modo que, en el improbable caso de que se produjera un corte del suministro el\u00e9ctrico, hubiera luz suficiente de la reserva de emergencia para salir con seguridad de las c\u00e1maras frigor\u00edficas. Tambi\u00e9n se necesitaba una luz lavaojos verde en los lugares designados para la seguridad del personal.<\/p>\n<h3 class=\"p2\">Soluci\u00f3n propuesta<\/h3>\n<p class=\"p2\">APS recomend\u00f3 sustituir todas las luminarias MH y HPS existentes por <a href=\"https:\/\/aps-supply.com\/es\/publicar-producto\/aps-serie-lw400-led-linear-walkway-light\/\">Luminarias LED de 20 W para no emergencias<\/a> y <a href=\"https:\/\/aps-supply.com\/es\/publicar-producto\/aps-ly400-led-linear-walkway-light-con-emb\/\">Luminarias LED de emergencia de 22 W<\/a> para aumentar uniformemente los niveles de Lux seg\u00fan los diagramas de iluminaci\u00f3n. APS super\u00f3 los requisitos con un nivel m\u00ednimo de Lux de 54 Lux y un nivel medio de Lux de 84,5 Lux, superando as\u00ed las expectativas del cliente. APS consigui\u00f3 no s\u00f3lo aumentar el nivel de Lux, sino tambi\u00e9n reducir el consumo de energ\u00eda.<\/p>\n<p><img loading=\"lazy\" decoding=\"async\" class=\"size-full wp-image-21948 aligncenter\" src=\"https:\/\/aps-supply.com\/wp-content\/uploads\/2021\/08\/case_study_lighting-plan-1.jpg\" alt=\"\" width=\"1294\" height=\"692\" srcset=\"https:\/\/aps-supply.com\/wp-content\/uploads\/2021\/08\/case_study_lighting-plan-1.jpg 1294w, https:\/\/aps-supply.com\/wp-content\/uploads\/2021\/08\/case_study_lighting-plan-1-300x160.jpg 300w, https:\/\/aps-supply.com\/wp-content\/uploads\/2021\/08\/case_study_lighting-plan-1-1024x548.jpg 1024w, https:\/\/aps-supply.com\/wp-content\/uploads\/2021\/08\/case_study_lighting-plan-1-768x411.jpg 768w\" sizes=\"auto, (max-width: 1294px) 100vw, 1294px\" \/><\/p>\n<p>&nbsp;<\/p>\n<p><img loading=\"lazy\" decoding=\"async\" class=\"size-full wp-image-21947 aligncenter\" src=\"https:\/\/aps-supply.com\/wp-content\/uploads\/2021\/08\/case_study_lighting-plan-2.jpg\" alt=\"\" width=\"1288\" height=\"692\" srcset=\"https:\/\/aps-supply.com\/wp-content\/uploads\/2021\/08\/case_study_lighting-plan-2.jpg 1288w, https:\/\/aps-supply.com\/wp-content\/uploads\/2021\/08\/case_study_lighting-plan-2-300x161.jpg 300w, https:\/\/aps-supply.com\/wp-content\/uploads\/2021\/08\/case_study_lighting-plan-2-1024x550.jpg 1024w, https:\/\/aps-supply.com\/wp-content\/uploads\/2021\/08\/case_study_lighting-plan-2-768x413.jpg 768w\" sizes=\"auto, (max-width: 1288px) 100vw, 1288px\" \/><\/p>","protected":false},"excerpt":{"rendered":"<p>Tensi\u00f3n: 120-240 V CA Alcance del proyecto Se encarg\u00f3 a APS el dise\u00f1o de un plan de iluminaci\u00f3n para las salas de refrigeraci\u00f3n de la central el\u00e9ctrica con el fin de aumentar la uniformidad de la iluminaci\u00f3n en toda la estructura de 3 plantas para facilitar el mantenimiento visual de los filtros y los paneles electr\u00f3nicos. El requisito de una media m\u00ednima de 50 Lux no se cumpl\u00eda con las luminarias actuales. La soluci\u00f3n tambi\u00e9n deb\u00eda proporcionar...<\/p>","protected":false},"author":6,"featured_media":22110,"parent":0,"menu_order":0,"comment_status":"closed","ping_status":"closed","template":"","meta":{"_acf_changed":false,"footnotes":""},"class_list":["post-21946","page","type-page","status-publish","has-post-thumbnail","hentry","case-study-category-lighting-optimisation"],"acf":[],"yoast_head":"<!-- This site is optimized with the Yoast SEO Premium plugin v26.9 (Yoast SEO v26.9) - https:\/\/yoast.com\/product\/yoast-seo-premium-wordpress\/ -->\n<title>Case Study: Lighting Design for Power Plant Cooler Rooms - APS<\/title>\n<meta name=\"description\" content=\"APS was tasked to design a lighting plan for power plant cooler rooms to increase lighting uniformity throughout the 3-story structure to assist visual maintenance of filters and electronic panels. The minimum 50 Lux average requirement was not being met with the current fixtures.\" \/>\n<meta name=\"robots\" content=\"index, follow, max-snippet:-1, max-image-preview:large, max-video-preview:-1\" \/>\n<link rel=\"canonical\" href=\"https:\/\/aps-supply.com\/es\/estudio-de-caso-de-diseno-de-iluminacion-para-camaras-frigorificas-de-centrales-electricas\/\" \/>\n<meta property=\"og:locale\" content=\"es_ES\" \/>\n<meta property=\"og:type\" content=\"article\" \/>\n<meta property=\"og:title\" content=\"Case Study: Lighting Design for Power Plant Cooler Rooms\" \/>\n<meta property=\"og:description\" content=\"APS was tasked to design a lighting plan for power plant cooler rooms to increase lighting uniformity throughout the 3-story structure to assist visual maintenance of filters and electronic panels. The minimum 50 Lux average requirement was not being met with the current fixtures.\" \/>\n<meta property=\"og:url\" content=\"https:\/\/aps-supply.com\/es\/estudio-de-caso-de-diseno-de-iluminacion-para-camaras-frigorificas-de-centrales-electricas\/\" \/>\n<meta property=\"og:site_name\" content=\"APS\" \/>\n<meta property=\"article:publisher\" content=\"https:\/\/www.facebook.com\/pages\/APS-Lighting-and-Safety-Products\/499382100107067\" \/>\n<meta property=\"og:image\" content=\"https:\/\/aps-supply.com\/wp-content\/uploads\/2021\/09\/case_study_lighting-plan-feature.jpg\" \/>\n\t<meta property=\"og:image:width\" content=\"1200\" \/>\n\t<meta property=\"og:image:height\" content=\"770\" \/>\n\t<meta property=\"og:image:type\" content=\"image\/jpeg\" \/>\n<meta name=\"twitter:card\" content=\"summary_large_image\" \/>\n<meta name=\"twitter:site\" content=\"@APSLighting_JB\" \/>\n<meta name=\"twitter:label1\" content=\"Tiempo de lectura\" \/>\n\t<meta name=\"twitter:data1\" content=\"2 minutos\" \/>\n<script type=\"application\/ld+json\" class=\"yoast-schema-graph\">{\"@context\":\"https:\/\/schema.org\",\"@graph\":[{\"@type\":\"WebPage\",\"@id\":\"https:\/\/aps-supply.com\/case-study-lighting-design-for-power-plant-cooler-rooms\/\",\"url\":\"https:\/\/aps-supply.com\/case-study-lighting-design-for-power-plant-cooler-rooms\/\",\"name\":\"Case Study: Lighting Design for Power Plant Cooler Rooms - APS\",\"isPartOf\":{\"@id\":\"https:\/\/aps-supply.com\/#website\"},\"primaryImageOfPage\":{\"@id\":\"https:\/\/aps-supply.com\/case-study-lighting-design-for-power-plant-cooler-rooms\/#primaryimage\"},\"image\":{\"@id\":\"https:\/\/aps-supply.com\/case-study-lighting-design-for-power-plant-cooler-rooms\/#primaryimage\"},\"thumbnailUrl\":\"https:\/\/aps-supply.com\/wp-content\/uploads\/2021\/09\/case_study_lighting-plan-feature.jpg\",\"datePublished\":\"2021-09-30T04:52:53+00:00\",\"description\":\"APS was tasked to design a lighting plan for power plant cooler rooms to increase lighting uniformity throughout the 3-story structure to assist visual maintenance of filters and electronic panels. The minimum 50 Lux average requirement was not being met with the current fixtures.\",\"breadcrumb\":{\"@id\":\"https:\/\/aps-supply.com\/case-study-lighting-design-for-power-plant-cooler-rooms\/#breadcrumb\"},\"inLanguage\":\"es-CO\",\"potentialAction\":[{\"@type\":\"ReadAction\",\"target\":[\"https:\/\/aps-supply.com\/case-study-lighting-design-for-power-plant-cooler-rooms\/\"]}]},{\"@type\":\"ImageObject\",\"inLanguage\":\"es-CO\",\"@id\":\"https:\/\/aps-supply.com\/case-study-lighting-design-for-power-plant-cooler-rooms\/#primaryimage\",\"url\":\"https:\/\/aps-supply.com\/wp-content\/uploads\/2021\/09\/case_study_lighting-plan-feature.jpg\",\"contentUrl\":\"https:\/\/aps-supply.com\/wp-content\/uploads\/2021\/09\/case_study_lighting-plan-feature.jpg\",\"width\":1200,\"height\":770},{\"@type\":\"BreadcrumbList\",\"@id\":\"https:\/\/aps-supply.com\/case-study-lighting-design-for-power-plant-cooler-rooms\/#breadcrumb\",\"itemListElement\":[{\"@type\":\"ListItem\",\"position\":1,\"name\":\"Home\",\"item\":\"https:\/\/aps-supply.com\/\"},{\"@type\":\"ListItem\",\"position\":2,\"name\":\"Case Study: Lighting Design for Power Plant Cooler Rooms\"}]},{\"@type\":\"WebSite\",\"@id\":\"https:\/\/aps-supply.com\/#website\",\"url\":\"https:\/\/aps-supply.com\/\",\"name\":\"APS\",\"description\":\"Lighting &amp; Safety\",\"publisher\":{\"@id\":\"https:\/\/aps-supply.com\/#organization\"},\"potentialAction\":[{\"@type\":\"SearchAction\",\"target\":{\"@type\":\"EntryPoint\",\"urlTemplate\":\"https:\/\/aps-supply.com\/?s={search_term_string}\"},\"query-input\":{\"@type\":\"PropertyValueSpecification\",\"valueRequired\":true,\"valueName\":\"search_term_string\"}}],\"inLanguage\":\"es-CO\"},{\"@type\":\"Organization\",\"@id\":\"https:\/\/aps-supply.com\/#organization\",\"name\":\"APS Supply\",\"url\":\"https:\/\/aps-supply.com\/\",\"logo\":{\"@type\":\"ImageObject\",\"inLanguage\":\"es-CO\",\"@id\":\"https:\/\/aps-supply.com\/#\/schema\/logo\/image\/\",\"url\":\"https:\/\/aps-supply.com\/wp-content\/uploads\/2025\/07\/APS-Logo-Master_HD.png\",\"contentUrl\":\"https:\/\/aps-supply.com\/wp-content\/uploads\/2025\/07\/APS-Logo-Master_HD.png\",\"width\":26589,\"height\":6468,\"caption\":\"APS Supply\"},\"image\":{\"@id\":\"https:\/\/aps-supply.com\/#\/schema\/logo\/image\/\"},\"sameAs\":[\"https:\/\/www.facebook.com\/pages\/APS-Lighting-and-Safety-Products\/499382100107067\",\"https:\/\/x.com\/APSLighting_JB\",\"https:\/\/www.linkedin.com\/company\/aps-lighting-&-safety\/\",\"https:\/\/www.youtube.com\/@APSLightingandSafety\"]}]}<\/script>\n<!-- \/ Yoast SEO Premium plugin. -->","yoast_head_json":{"title":"Estudio de caso: Dise\u00f1o de iluminaci\u00f3n para salas de refrigeraci\u00f3n de centrales el\u00e9ctricas - APS","description":"APS recibi\u00f3 el encargo de dise\u00f1ar un plan de iluminaci\u00f3n para las salas de refrigeraci\u00f3n de la central el\u00e9ctrica con el fin de aumentar la uniformidad de la iluminaci\u00f3n en toda la estructura de 3 plantas para facilitar el mantenimiento visual de los filtros y los paneles electr\u00f3nicos. El requisito m\u00ednimo de 50 lux de media no se cumpl\u00eda con las luminarias actuales.","robots":{"index":"index","follow":"follow","max-snippet":"max-snippet:-1","max-image-preview":"max-image-preview:large","max-video-preview":"max-video-preview:-1"},"canonical":"https:\/\/aps-supply.com\/es\/estudio-de-caso-de-diseno-de-iluminacion-para-camaras-frigorificas-de-centrales-electricas\/","og_locale":"es_ES","og_type":"article","og_title":"Case Study: Lighting Design for Power Plant Cooler Rooms","og_description":"APS was tasked to design a lighting plan for power plant cooler rooms to increase lighting uniformity throughout the 3-story structure to assist visual maintenance of filters and electronic panels. The minimum 50 Lux average requirement was not being met with the current fixtures.","og_url":"https:\/\/aps-supply.com\/es\/estudio-de-caso-de-diseno-de-iluminacion-para-camaras-frigorificas-de-centrales-electricas\/","og_site_name":"APS","article_publisher":"https:\/\/www.facebook.com\/pages\/APS-Lighting-and-Safety-Products\/499382100107067","og_image":[{"width":1200,"height":770,"url":"https:\/\/aps-supply.com\/wp-content\/uploads\/2021\/09\/case_study_lighting-plan-feature.jpg","type":"image\/jpeg"}],"twitter_card":"summary_large_image","twitter_site":"@APSLighting_JB","twitter_misc":{"Tiempo de lectura":"2 minutos"},"schema":{"@context":"https:\/\/schema.org","@graph":[{"@type":"WebPage","@id":"https:\/\/aps-supply.com\/case-study-lighting-design-for-power-plant-cooler-rooms\/","url":"https:\/\/aps-supply.com\/case-study-lighting-design-for-power-plant-cooler-rooms\/","name":"Estudio de caso: Dise\u00f1o de iluminaci\u00f3n para salas de refrigeraci\u00f3n de centrales el\u00e9ctricas - APS","isPartOf":{"@id":"https:\/\/aps-supply.com\/#website"},"primaryImageOfPage":{"@id":"https:\/\/aps-supply.com\/case-study-lighting-design-for-power-plant-cooler-rooms\/#primaryimage"},"image":{"@id":"https:\/\/aps-supply.com\/case-study-lighting-design-for-power-plant-cooler-rooms\/#primaryimage"},"thumbnailUrl":"https:\/\/aps-supply.com\/wp-content\/uploads\/2021\/09\/case_study_lighting-plan-feature.jpg","datePublished":"2021-09-30T04:52:53+00:00","description":"APS recibi\u00f3 el encargo de dise\u00f1ar un plan de iluminaci\u00f3n para las salas de refrigeraci\u00f3n de la central el\u00e9ctrica con el fin de aumentar la uniformidad de la iluminaci\u00f3n en toda la estructura de 3 plantas para facilitar el mantenimiento visual de los filtros y los paneles electr\u00f3nicos. El requisito m\u00ednimo de 50 lux de media no se cumpl\u00eda con las luminarias actuales.","breadcrumb":{"@id":"https:\/\/aps-supply.com\/case-study-lighting-design-for-power-plant-cooler-rooms\/#breadcrumb"},"inLanguage":"es-CO","potentialAction":[{"@type":"ReadAction","target":["https:\/\/aps-supply.com\/case-study-lighting-design-for-power-plant-cooler-rooms\/"]}]},{"@type":"ImageObject","inLanguage":"es-CO","@id":"https:\/\/aps-supply.com\/case-study-lighting-design-for-power-plant-cooler-rooms\/#primaryimage","url":"https:\/\/aps-supply.com\/wp-content\/uploads\/2021\/09\/case_study_lighting-plan-feature.jpg","contentUrl":"https:\/\/aps-supply.com\/wp-content\/uploads\/2021\/09\/case_study_lighting-plan-feature.jpg","width":1200,"height":770},{"@type":"BreadcrumbList","@id":"https:\/\/aps-supply.com\/case-study-lighting-design-for-power-plant-cooler-rooms\/#breadcrumb","itemListElement":[{"@type":"ListItem","position":1,"name":"Home","item":"https:\/\/aps-supply.com\/"},{"@type":"ListItem","position":2,"name":"Case Study: Lighting Design for Power Plant Cooler Rooms"}]},{"@type":"WebSite","@id":"https:\/\/aps-supply.com\/#website","url":"https:\/\/aps-supply.com\/","name":"APS","description":"Iluminaci\u00f3n y seguridad","publisher":{"@id":"https:\/\/aps-supply.com\/#organization"},"potentialAction":[{"@type":"SearchAction","target":{"@type":"EntryPoint","urlTemplate":"https:\/\/aps-supply.com\/?s={search_term_string}"},"query-input":{"@type":"PropertyValueSpecification","valueRequired":true,"valueName":"search_term_string"}}],"inLanguage":"es-CO"},{"@type":"Organization","@id":"https:\/\/aps-supply.com\/#organization","name":"Suministros APS","url":"https:\/\/aps-supply.com\/","logo":{"@type":"ImageObject","inLanguage":"es-CO","@id":"https:\/\/aps-supply.com\/#\/schema\/logo\/image\/","url":"https:\/\/aps-supply.com\/wp-content\/uploads\/2025\/07\/APS-Logo-Master_HD.png","contentUrl":"https:\/\/aps-supply.com\/wp-content\/uploads\/2025\/07\/APS-Logo-Master_HD.png","width":26589,"height":6468,"caption":"APS Supply"},"image":{"@id":"https:\/\/aps-supply.com\/#\/schema\/logo\/image\/"},"sameAs":["https:\/\/www.facebook.com\/pages\/APS-Lighting-and-Safety-Products\/499382100107067","https:\/\/x.com\/APSLighting_JB","https:\/\/www.linkedin.com\/company\/aps-lighting-&-safety\/","https:\/\/www.youtube.com\/@APSLightingandSafety"]}]}},"_links":{"self":[{"href":"https:\/\/aps-supply.com\/es\/wp-json\/wp\/v2\/pages\/21946","targetHints":{"allow":["GET"]}}],"collection":[{"href":"https:\/\/aps-supply.com\/es\/wp-json\/wp\/v2\/pages"}],"about":[{"href":"https:\/\/aps-supply.com\/es\/wp-json\/wp\/v2\/types\/page"}],"author":[{"embeddable":true,"href":"https:\/\/aps-supply.com\/es\/wp-json\/wp\/v2\/users\/6"}],"replies":[{"embeddable":true,"href":"https:\/\/aps-supply.com\/es\/wp-json\/wp\/v2\/comments?post=21946"}],"version-history":[{"count":0,"href":"https:\/\/aps-supply.com\/es\/wp-json\/wp\/v2\/pages\/21946\/revisions"}],"wp:featuredmedia":[{"embeddable":true,"href":"https:\/\/aps-supply.com\/es\/wp-json\/wp\/v2\/media\/22110"}],"wp:attachment":[{"href":"https:\/\/aps-supply.com\/es\/wp-json\/wp\/v2\/media?parent=21946"}],"curies":[{"name":"wp","href":"https:\/\/api.w.org\/{rel}","templated":true}]}}