{"id":21950,"date":"2021-09-29T21:53:02","date_gmt":"2021-09-30T04:53:02","guid":{"rendered":"https:\/\/aps-supply.com\/?page_id=21950"},"modified":"2021-09-29T22:00:15","modified_gmt":"2021-09-30T05:00:15","slug":"estudio-de-caso-taller-cobertizo-de-engranajes-solucion-de-iluminacion-exterior","status":"publish","type":"page","link":"https:\/\/aps-supply.com\/es\/estudio-de-caso-taller-cobertizo-de-engranajes-solucion-de-iluminacion-exterior\/","title":{"rendered":"Estudio de caso: Taller \/ Cobertizo de engranajes - Soluci\u00f3n de iluminaci\u00f3n exterior"},"content":{"rendered":"<h3>Tensi\u00f3n: 90-277 V CA<\/h3>\n<h3><a href=\"https:\/\/aps-supply.com\/es\/publicar-producto\/vision-x-50w-caja-de-empalmes-luz\/\" target=\"_blank\" rel=\"noopener\"><img loading=\"lazy\" decoding=\"async\" class=\"aligncenter wp-image-21952 size-full\" src=\"https:\/\/aps-supply.com\/wp-content\/uploads\/2021\/08\/Workshop-Gear-shed-graphic.jpg\" alt=\"\" width=\"847\" height=\"700\" srcset=\"https:\/\/aps-supply.com\/wp-content\/uploads\/2021\/08\/Workshop-Gear-shed-graphic.jpg 847w, https:\/\/aps-supply.com\/wp-content\/uploads\/2021\/08\/Workshop-Gear-shed-graphic-300x248.jpg 300w, https:\/\/aps-supply.com\/wp-content\/uploads\/2021\/08\/Workshop-Gear-shed-graphic-768x635.jpg 768w\" sizes=\"auto, (max-width: 847px) 100vw, 847px\" \/><\/a><\/h3>\n<h3 class=\"p2\">Alcance del proyecto<\/h3>\n<p class=\"p1\">Para mejorar el exterior de un patio poco iluminado y reducir las costosas facturas de electricidad, al tiempo que se sustituye una iluminaci\u00f3n de mala calidad que afecta directamente a la productividad, la seguridad y la protecci\u00f3n.<\/p>\n<p class=\"p1\">Ese fue el reto que plante\u00f3 Vision X Lighting a LFS Homer, que buscaba mejorar el rendimiento de la iluminaci\u00f3n y reducir los costes energ\u00e9ticos en su cobertizo de engranajes de Kachemak en Homer, Alaska. La iluminaci\u00f3n exterior del patio era escasa o nula, por lo que era fundamental encontrar una soluci\u00f3n en la que las luces ofrecieran un rendimiento excelente y fueran capaces de soportar el duro entorno de Alaska, al tiempo que aumentaban la seguridad en torno al cobertizo de engranajes.<\/p>\n<h3 class=\"p2\">Soluci\u00f3n propuesta<\/h3>\n<p class=\"p1\">Vision X desarroll\u00f3 inicialmente un dibujo a escala en 3D del lugar de trabajo, as\u00ed como una simulaci\u00f3n de iluminaci\u00f3n para permitir al cliente visualizar la salida de luz que pod\u00eda esperar en el per\u00edmetro del cobertizo\/almac\u00e9n de engranajes.<\/p>\n<p class=\"p1\">La soluci\u00f3n utilizaba tanto el <a href=\"https:\/\/aps-supply.com\/es\/publicar-producto\/vision-x-50w-caja-de-empalmes-luz\/\">50W J-Box<\/a> de pared en las paredes del cobertizo de engranajes y el <a href=\"https:\/\/aps-supply.com\/es\/publicar-producto\/vision-x-280w-pala-draga-luz-perimetral\/\">Foco reflector 280W LUC60<\/a> en el m\u00e1stil alto, as\u00ed como en lo alto de los cobertizos frente al Gear Shed. En <a href=\"https:\/\/aps-supply.com\/es\/publicar-producto\/vision-x-50w-caja-de-empalmes-luz\/\">J-Box<\/a> tiene una potencia de 6.390 l\u00famenes en un haz ultraamplio de 180 grados, mientras que el <a href=\"https:\/\/aps-supply.com\/es\/publicar-producto\/vision-x-280w-pala-draga-luz-perimetral\/\">Proyector de 280W serie LUC60<\/a> es de 36.000 l\u00famenes. Con un mejor control de la luz, pudieron obtener una potencia luminosa en la zona de trabajo equivalente a la de un halogenuro met\u00e1lico de 1000 W.<\/p>\n<p class=\"p1\">Una vez aceptada la soluci\u00f3n propuesta e instalada in situ, el cliente experiment\u00f3:<\/p>\n<ul>\n<li class=\"p1\">mejora de la visibilidad, lo que se traduce en un entorno de trabajo m\u00e1s seguro y una mayor vigilancia de la seguridad;<\/li>\n<li class=\"p1\">una reducci\u00f3n de su factura de electricidad de unos 28%;<\/li>\n<li class=\"p1\">Reducci\u00f3n significativa de los costes de mantenimiento gracias a la larga vida \u00fatil de las luminarias LED, incluso en entornos operativos dif\u00edciles.<\/li>\n<\/ul>\n<p class=\"p1\">Estas im\u00e1genes y simulaciones de iluminaci\u00f3n en 3D muestran el resultado final de la instalaci\u00f3n.<\/p>\n<p><a href=\"https:\/\/aps-supply.com\/es\/publicar-producto\/vision-x-280w-pala-draga-luz-perimetral\/\" target=\"_blank\" rel=\"noopener\"><img loading=\"lazy\" decoding=\"async\" class=\"aligncenter wp-image-21953 size-full\" src=\"https:\/\/aps-supply.com\/wp-content\/uploads\/2021\/08\/Workshop-Gear-shed-graphic-2.jpg\" alt=\"\" width=\"1189\" height=\"912\" srcset=\"https:\/\/aps-supply.com\/wp-content\/uploads\/2021\/08\/Workshop-Gear-shed-graphic-2.jpg 1189w, https:\/\/aps-supply.com\/wp-content\/uploads\/2021\/08\/Workshop-Gear-shed-graphic-2-300x230.jpg 300w, https:\/\/aps-supply.com\/wp-content\/uploads\/2021\/08\/Workshop-Gear-shed-graphic-2-1024x785.jpg 1024w, https:\/\/aps-supply.com\/wp-content\/uploads\/2021\/08\/Workshop-Gear-shed-graphic-2-768x589.jpg 768w\" sizes=\"auto, (max-width: 1189px) 100vw, 1189px\" \/><\/a><\/p>","protected":false},"excerpt":{"rendered":"<p>Tensi\u00f3n: 90-277 V CA Alcance del proyecto Mejorar un patio exterior poco iluminado y reducir las costosas facturas de electricidad, sustituyendo al mismo tiempo una iluminaci\u00f3n de mala calidad que afecta directamente a la productividad, la seguridad y la protecci\u00f3n. Ese fue el reto que plante\u00f3 LFS Homer a Vision X Lighting, que buscaba mejorar el rendimiento de la iluminaci\u00f3n y reducir los costes de energ\u00eda en su...<\/p>","protected":false},"author":6,"featured_media":22105,"parent":0,"menu_order":0,"comment_status":"closed","ping_status":"closed","template":"","meta":{"_acf_changed":false,"footnotes":""},"class_list":["post-21950","page","type-page","status-publish","has-post-thumbnail","hentry","case-study-category-lighting-optimisation"],"acf":[],"yoast_head":"<!-- This site is optimized with the Yoast SEO Premium plugin v26.9 (Yoast SEO v26.9) - https:\/\/yoast.com\/product\/yoast-seo-premium-wordpress\/ -->\n<title>Case Study: Workshop \/ Gear Shed - Exterior Lighting Solution - APS<\/title>\n<meta name=\"description\" content=\"Vision X initially developed a 3D scale drawing of the work site, as well as a lighting simulation to allow the customer to visualise the lighting output they could expect in the perimeter of the Gear Shed \/ Warehouse. The solution used both the 50W J-Box wall mount fixture on the walls of the Gear Shed and the 280W LUC60 Flood Light on the high mast as well as high on the sheds across from the Gear Shed.\" \/>\n<meta name=\"robots\" content=\"index, follow, max-snippet:-1, max-image-preview:large, max-video-preview:-1\" \/>\n<link rel=\"canonical\" href=\"https:\/\/aps-supply.com\/es\/estudio-de-caso-taller-cobertizo-de-engranajes-solucion-de-iluminacion-exterior\/\" \/>\n<meta property=\"og:locale\" content=\"es_ES\" \/>\n<meta property=\"og:type\" content=\"article\" \/>\n<meta property=\"og:title\" content=\"Case Study: Workshop \/ Gear Shed - Exterior Lighting Solution\" \/>\n<meta property=\"og:description\" content=\"Vision X initially developed a 3D scale drawing of the work site, as well as a lighting simulation to allow the customer to visualise the lighting output they could expect in the perimeter of the Gear Shed \/ Warehouse. The solution used both the 50W J-Box wall mount fixture on the walls of the Gear Shed and the 280W LUC60 Flood Light on the high mast as well as high on the sheds across from the Gear Shed.\" \/>\n<meta property=\"og:url\" content=\"https:\/\/aps-supply.com\/es\/estudio-de-caso-taller-cobertizo-de-engranajes-solucion-de-iluminacion-exterior\/\" \/>\n<meta property=\"og:site_name\" content=\"APS\" \/>\n<meta property=\"article:publisher\" content=\"https:\/\/www.facebook.com\/pages\/APS-Lighting-and-Safety-Products\/499382100107067\" \/>\n<meta property=\"article:modified_time\" content=\"2021-09-30T05:00:15+00:00\" \/>\n<meta property=\"og:image\" content=\"https:\/\/aps-supply.com\/wp-content\/uploads\/2021\/09\/Workshop-Gear-shed-feature.jpg\" \/>\n\t<meta property=\"og:image:width\" content=\"1200\" \/>\n\t<meta property=\"og:image:height\" content=\"770\" \/>\n\t<meta property=\"og:image:type\" content=\"image\/jpeg\" \/>\n<meta name=\"twitter:card\" content=\"summary_large_image\" \/>\n<meta name=\"twitter:site\" content=\"@APSLighting_JB\" \/>\n<meta name=\"twitter:label1\" content=\"Tiempo de lectura\" \/>\n\t<meta name=\"twitter:data1\" content=\"2 minutos\" \/>\n<script type=\"application\/ld+json\" class=\"yoast-schema-graph\">{\"@context\":\"https:\/\/schema.org\",\"@graph\":[{\"@type\":\"WebPage\",\"@id\":\"https:\/\/aps-supply.com\/case-study-workshop-gear-shed-exterior-lighting-solution\/\",\"url\":\"https:\/\/aps-supply.com\/case-study-workshop-gear-shed-exterior-lighting-solution\/\",\"name\":\"Case Study: Workshop \/ Gear Shed - Exterior Lighting Solution - APS\",\"isPartOf\":{\"@id\":\"https:\/\/aps-supply.com\/#website\"},\"primaryImageOfPage\":{\"@id\":\"https:\/\/aps-supply.com\/case-study-workshop-gear-shed-exterior-lighting-solution\/#primaryimage\"},\"image\":{\"@id\":\"https:\/\/aps-supply.com\/case-study-workshop-gear-shed-exterior-lighting-solution\/#primaryimage\"},\"thumbnailUrl\":\"https:\/\/aps-supply.com\/wp-content\/uploads\/2021\/09\/Workshop-Gear-shed-feature.jpg\",\"datePublished\":\"2021-09-30T04:53:02+00:00\",\"dateModified\":\"2021-09-30T05:00:15+00:00\",\"description\":\"Vision X initially developed a 3D scale drawing of the work site, as well as a lighting simulation to allow the customer to visualise the lighting output they could expect in the perimeter of the Gear Shed \/ Warehouse. The solution used both the 50W J-Box wall mount fixture on the walls of the Gear Shed and the 280W LUC60 Flood Light on the high mast as well as high on the sheds across from the Gear Shed.\",\"breadcrumb\":{\"@id\":\"https:\/\/aps-supply.com\/case-study-workshop-gear-shed-exterior-lighting-solution\/#breadcrumb\"},\"inLanguage\":\"es-CO\",\"potentialAction\":[{\"@type\":\"ReadAction\",\"target\":[\"https:\/\/aps-supply.com\/case-study-workshop-gear-shed-exterior-lighting-solution\/\"]}]},{\"@type\":\"ImageObject\",\"inLanguage\":\"es-CO\",\"@id\":\"https:\/\/aps-supply.com\/case-study-workshop-gear-shed-exterior-lighting-solution\/#primaryimage\",\"url\":\"https:\/\/aps-supply.com\/wp-content\/uploads\/2021\/09\/Workshop-Gear-shed-feature.jpg\",\"contentUrl\":\"https:\/\/aps-supply.com\/wp-content\/uploads\/2021\/09\/Workshop-Gear-shed-feature.jpg\",\"width\":1200,\"height\":770},{\"@type\":\"BreadcrumbList\",\"@id\":\"https:\/\/aps-supply.com\/case-study-workshop-gear-shed-exterior-lighting-solution\/#breadcrumb\",\"itemListElement\":[{\"@type\":\"ListItem\",\"position\":1,\"name\":\"Home\",\"item\":\"https:\/\/aps-supply.com\/\"},{\"@type\":\"ListItem\",\"position\":2,\"name\":\"Case Study: Workshop \/ Gear Shed &#8211; Exterior Lighting Solution\"}]},{\"@type\":\"WebSite\",\"@id\":\"https:\/\/aps-supply.com\/#website\",\"url\":\"https:\/\/aps-supply.com\/\",\"name\":\"APS\",\"description\":\"Lighting &amp; Safety\",\"publisher\":{\"@id\":\"https:\/\/aps-supply.com\/#organization\"},\"potentialAction\":[{\"@type\":\"SearchAction\",\"target\":{\"@type\":\"EntryPoint\",\"urlTemplate\":\"https:\/\/aps-supply.com\/?s={search_term_string}\"},\"query-input\":{\"@type\":\"PropertyValueSpecification\",\"valueRequired\":true,\"valueName\":\"search_term_string\"}}],\"inLanguage\":\"es-CO\"},{\"@type\":\"Organization\",\"@id\":\"https:\/\/aps-supply.com\/#organization\",\"name\":\"APS Supply\",\"url\":\"https:\/\/aps-supply.com\/\",\"logo\":{\"@type\":\"ImageObject\",\"inLanguage\":\"es-CO\",\"@id\":\"https:\/\/aps-supply.com\/#\/schema\/logo\/image\/\",\"url\":\"https:\/\/aps-supply.com\/wp-content\/uploads\/2025\/07\/APS-Logo-Master_HD.png\",\"contentUrl\":\"https:\/\/aps-supply.com\/wp-content\/uploads\/2025\/07\/APS-Logo-Master_HD.png\",\"width\":26589,\"height\":6468,\"caption\":\"APS Supply\"},\"image\":{\"@id\":\"https:\/\/aps-supply.com\/#\/schema\/logo\/image\/\"},\"sameAs\":[\"https:\/\/www.facebook.com\/pages\/APS-Lighting-and-Safety-Products\/499382100107067\",\"https:\/\/x.com\/APSLighting_JB\",\"https:\/\/www.linkedin.com\/company\/aps-lighting-&-safety\/\",\"https:\/\/www.youtube.com\/@APSLightingandSafety\"]}]}<\/script>\n<!-- \/ Yoast SEO Premium plugin. -->","yoast_head_json":{"title":"Estudio de caso: Taller \/ Cobertizo de engranajes - Soluci\u00f3n de iluminaci\u00f3n exterior - APS","description":"Vision X desarroll\u00f3 inicialmente un dibujo a escala en 3D del lugar de trabajo, as\u00ed como una simulaci\u00f3n de iluminaci\u00f3n para permitir al cliente visualizar la salida de luz que pod\u00eda esperar en el per\u00edmetro del cobertizo de engranajes\/almac\u00e9n. La soluci\u00f3n utiliz\u00f3 tanto la luminaria de montaje en pared J-Box de 50 W en las paredes de la nave de engranajes como el proyector LUC60 de 280 W en el m\u00e1stil alto y en los cobertizos situados frente a la nave de engranajes.","robots":{"index":"index","follow":"follow","max-snippet":"max-snippet:-1","max-image-preview":"max-image-preview:large","max-video-preview":"max-video-preview:-1"},"canonical":"https:\/\/aps-supply.com\/es\/estudio-de-caso-taller-cobertizo-de-engranajes-solucion-de-iluminacion-exterior\/","og_locale":"es_ES","og_type":"article","og_title":"Case Study: Workshop \/ Gear Shed - Exterior Lighting Solution","og_description":"Vision X initially developed a 3D scale drawing of the work site, as well as a lighting simulation to allow the customer to visualise the lighting output they could expect in the perimeter of the Gear Shed \/ Warehouse. The solution used both the 50W J-Box wall mount fixture on the walls of the Gear Shed and the 280W LUC60 Flood Light on the high mast as well as high on the sheds across from the Gear Shed.","og_url":"https:\/\/aps-supply.com\/es\/estudio-de-caso-taller-cobertizo-de-engranajes-solucion-de-iluminacion-exterior\/","og_site_name":"APS","article_publisher":"https:\/\/www.facebook.com\/pages\/APS-Lighting-and-Safety-Products\/499382100107067","article_modified_time":"2021-09-30T05:00:15+00:00","og_image":[{"width":1200,"height":770,"url":"https:\/\/aps-supply.com\/wp-content\/uploads\/2021\/09\/Workshop-Gear-shed-feature.jpg","type":"image\/jpeg"}],"twitter_card":"summary_large_image","twitter_site":"@APSLighting_JB","twitter_misc":{"Tiempo de lectura":"2 minutos"},"schema":{"@context":"https:\/\/schema.org","@graph":[{"@type":"WebPage","@id":"https:\/\/aps-supply.com\/case-study-workshop-gear-shed-exterior-lighting-solution\/","url":"https:\/\/aps-supply.com\/case-study-workshop-gear-shed-exterior-lighting-solution\/","name":"Estudio de caso: Taller \/ Cobertizo de engranajes - Soluci\u00f3n de iluminaci\u00f3n exterior - APS","isPartOf":{"@id":"https:\/\/aps-supply.com\/#website"},"primaryImageOfPage":{"@id":"https:\/\/aps-supply.com\/case-study-workshop-gear-shed-exterior-lighting-solution\/#primaryimage"},"image":{"@id":"https:\/\/aps-supply.com\/case-study-workshop-gear-shed-exterior-lighting-solution\/#primaryimage"},"thumbnailUrl":"https:\/\/aps-supply.com\/wp-content\/uploads\/2021\/09\/Workshop-Gear-shed-feature.jpg","datePublished":"2021-09-30T04:53:02+00:00","dateModified":"2021-09-30T05:00:15+00:00","description":"Vision X desarroll\u00f3 inicialmente un dibujo a escala en 3D del lugar de trabajo, as\u00ed como una simulaci\u00f3n de iluminaci\u00f3n para permitir al cliente visualizar la salida de luz que pod\u00eda esperar en el per\u00edmetro del cobertizo de engranajes\/almac\u00e9n. La soluci\u00f3n utiliz\u00f3 tanto la luminaria de montaje en pared J-Box de 50 W en las paredes de la nave de engranajes como el proyector LUC60 de 280 W en el m\u00e1stil alto y en los cobertizos situados frente a la nave de engranajes.","breadcrumb":{"@id":"https:\/\/aps-supply.com\/case-study-workshop-gear-shed-exterior-lighting-solution\/#breadcrumb"},"inLanguage":"es-CO","potentialAction":[{"@type":"ReadAction","target":["https:\/\/aps-supply.com\/case-study-workshop-gear-shed-exterior-lighting-solution\/"]}]},{"@type":"ImageObject","inLanguage":"es-CO","@id":"https:\/\/aps-supply.com\/case-study-workshop-gear-shed-exterior-lighting-solution\/#primaryimage","url":"https:\/\/aps-supply.com\/wp-content\/uploads\/2021\/09\/Workshop-Gear-shed-feature.jpg","contentUrl":"https:\/\/aps-supply.com\/wp-content\/uploads\/2021\/09\/Workshop-Gear-shed-feature.jpg","width":1200,"height":770},{"@type":"BreadcrumbList","@id":"https:\/\/aps-supply.com\/case-study-workshop-gear-shed-exterior-lighting-solution\/#breadcrumb","itemListElement":[{"@type":"ListItem","position":1,"name":"Home","item":"https:\/\/aps-supply.com\/"},{"@type":"ListItem","position":2,"name":"Case Study: Workshop \/ Gear Shed &#8211; Exterior Lighting Solution"}]},{"@type":"WebSite","@id":"https:\/\/aps-supply.com\/#website","url":"https:\/\/aps-supply.com\/","name":"APS","description":"Iluminaci\u00f3n y seguridad","publisher":{"@id":"https:\/\/aps-supply.com\/#organization"},"potentialAction":[{"@type":"SearchAction","target":{"@type":"EntryPoint","urlTemplate":"https:\/\/aps-supply.com\/?s={search_term_string}"},"query-input":{"@type":"PropertyValueSpecification","valueRequired":true,"valueName":"search_term_string"}}],"inLanguage":"es-CO"},{"@type":"Organization","@id":"https:\/\/aps-supply.com\/#organization","name":"Suministros APS","url":"https:\/\/aps-supply.com\/","logo":{"@type":"ImageObject","inLanguage":"es-CO","@id":"https:\/\/aps-supply.com\/#\/schema\/logo\/image\/","url":"https:\/\/aps-supply.com\/wp-content\/uploads\/2025\/07\/APS-Logo-Master_HD.png","contentUrl":"https:\/\/aps-supply.com\/wp-content\/uploads\/2025\/07\/APS-Logo-Master_HD.png","width":26589,"height":6468,"caption":"APS Supply"},"image":{"@id":"https:\/\/aps-supply.com\/#\/schema\/logo\/image\/"},"sameAs":["https:\/\/www.facebook.com\/pages\/APS-Lighting-and-Safety-Products\/499382100107067","https:\/\/x.com\/APSLighting_JB","https:\/\/www.linkedin.com\/company\/aps-lighting-&-safety\/","https:\/\/www.youtube.com\/@APSLightingandSafety"]}]}},"_links":{"self":[{"href":"https:\/\/aps-supply.com\/es\/wp-json\/wp\/v2\/pages\/21950","targetHints":{"allow":["GET"]}}],"collection":[{"href":"https:\/\/aps-supply.com\/es\/wp-json\/wp\/v2\/pages"}],"about":[{"href":"https:\/\/aps-supply.com\/es\/wp-json\/wp\/v2\/types\/page"}],"author":[{"embeddable":true,"href":"https:\/\/aps-supply.com\/es\/wp-json\/wp\/v2\/users\/6"}],"replies":[{"embeddable":true,"href":"https:\/\/aps-supply.com\/es\/wp-json\/wp\/v2\/comments?post=21950"}],"version-history":[{"count":0,"href":"https:\/\/aps-supply.com\/es\/wp-json\/wp\/v2\/pages\/21950\/revisions"}],"wp:featuredmedia":[{"embeddable":true,"href":"https:\/\/aps-supply.com\/es\/wp-json\/wp\/v2\/media\/22105"}],"wp:attachment":[{"href":"https:\/\/aps-supply.com\/es\/wp-json\/wp\/v2\/media?parent=21950"}],"curies":[{"name":"wp","href":"https:\/\/api.w.org\/{rel}","templated":true}]}}