{"id":21959,"date":"2021-09-29T21:52:34","date_gmt":"2021-09-30T04:52:34","guid":{"rendered":"https:\/\/aps-supply.com\/?page_id=21959"},"modified":"2021-09-29T21:52:34","modified_gmt":"2021-09-30T04:52:34","slug":"estudio-de-caso-bucyrus-erie-1570-dragline-lighting-solution","status":"publish","type":"page","link":"https:\/\/aps-supply.com\/es\/estudio-de-caso-bucyrus-erie-1570-dragline-lighting-solution\/","title":{"rendered":"Estudio de caso: Soluci\u00f3n de iluminaci\u00f3n para la dragalina Bucyrus-Erie 1570"},"content":{"rendered":"<h3>Tensi\u00f3n: CA<\/h3>\n<h3><img loading=\"lazy\" decoding=\"async\" class=\"size-full wp-image-21962 aligncenter\" src=\"https:\/\/aps-supply.com\/wp-content\/uploads\/2021\/08\/case-study-image.jpg\" alt=\"\" width=\"2112\" height=\"978\" srcset=\"https:\/\/aps-supply.com\/wp-content\/uploads\/2021\/08\/case-study-image.jpg 2112w, https:\/\/aps-supply.com\/wp-content\/uploads\/2021\/08\/case-study-image-300x139.jpg 300w, https:\/\/aps-supply.com\/wp-content\/uploads\/2021\/08\/case-study-image-1024x474.jpg 1024w, https:\/\/aps-supply.com\/wp-content\/uploads\/2021\/08\/case-study-image-768x356.jpg 768w, https:\/\/aps-supply.com\/wp-content\/uploads\/2021\/08\/case-study-image-1536x711.jpg 1536w, https:\/\/aps-supply.com\/wp-content\/uploads\/2021\/08\/case-study-image-2048x948.jpg 2048w\" sizes=\"auto, (max-width: 2112px) 100vw, 2112px\" \/><\/h3>\n<h3 class=\"p2\">Alcance del proyecto<\/h3>\n<p class=\"p2\">La mina de Spring Creek es una de las tres minas de carb\u00f3n de superficie que posee y explota Cloud Peak Energy Inc. Con sede en Wyoming, Cloud Peak Energy es uno de los mayores productores de carb\u00f3n del pa\u00eds, reconocido por su excelencia en materia de seguridad y medio ambiente.<\/p>\n<p class=\"p2\">Su flota de dragalinas Bucyrus-Erie 1570 contribuye al \u00e9xito de la mina Spring Creek. La iluminaci\u00f3n superior y las soluciones de bajo mantenimiento son cruciales para alcanzar los objetivos de producci\u00f3n.<\/p>\n<p class=\"p3\">A la hora de actualizar su iluminaci\u00f3n, Cloud Peak Energy sopesa una serie de factores, como la disponibilidad, la asistencia t\u00e9cnica, el precio de los productos, su adecuaci\u00f3n a la aplicaci\u00f3n, la durabilidad hist\u00f3rica de la l\u00ednea de productos, la capacidad de cada luminaria para producir la iluminaci\u00f3n deseada, las opciones de montaje, el dise\u00f1o del conector de alimentaci\u00f3n y la gama de colores.<\/p>\n<p><a href=\"https:\/\/aps-supply.com\/es\/publicar-producto\/vision-x-280w-pala-draga-luz-perimetral\/\"><img loading=\"lazy\" decoding=\"async\" class=\"size-full wp-image-21961 aligncenter\" src=\"https:\/\/aps-supply.com\/wp-content\/uploads\/2021\/08\/case-study-image2.jpg\" alt=\"\" width=\"793\" height=\"262\" srcset=\"https:\/\/aps-supply.com\/wp-content\/uploads\/2021\/08\/case-study-image2.jpg 793w, https:\/\/aps-supply.com\/wp-content\/uploads\/2021\/08\/case-study-image2-300x99.jpg 300w, https:\/\/aps-supply.com\/wp-content\/uploads\/2021\/08\/case-study-image2-768x254.jpg 768w\" sizes=\"auto, (max-width: 793px) 100vw, 793px\" \/><\/a><\/p>\n<h3 class=\"p2\">Soluci\u00f3n propuesta<\/h3>\n<p class=\"p1\">Tras cumplir las especificaciones de dise\u00f1o y demostrar la capacidad del producto, el LED de Vision X Lighting fue aceptado como el mejor valor y el m\u00e1s adecuado para la aplicaci\u00f3n.<\/p>\n<p class=\"p1\" style=\"text-align: center;\"><strong>\"SE DETERMIN\u00d3 QUE EL PRODUCTO VISION X ERA EL MEJOR VALOR PARA NUESTRA EMPRESA PARA ESTA APLICACI\u00d3N..\"<\/strong> - Craig Russell, Planificador Jefe de Mantenimiento<\/p>\n<p class=\"p1\">Cuando la dragalina funcione de noche, el <a href=\"https:\/\/aps-supply.com\/es\/publicar-producto\/vision-x-280w-pala-draga-luz-perimetral\/\"><span class=\"s1\">L\u00e1mparas Vision X AC<\/span><\/a> y el espectro de colores ha mejorado la percepci\u00f3n por parte del operario de las caracter\u00edsticas de la superficie de la excavaci\u00f3n y el suelo. Adem\u00e1s, la tecnolog\u00eda LED reduce los requisitos de alimentaci\u00f3n el\u00e9ctrica y la necesidad de cables de alimentaci\u00f3n m\u00e1s grandes.<\/p>\n<p class=\"p1\" style=\"text-align: center;\"><strong>\"La iluminaci\u00f3n LED reduce la carga energ\u00e9tica necesaria para producir la luz en unos 74% en comparaci\u00f3n con la iluminaci\u00f3n de halogenuros met\u00e1licos a la que sustituy\u00f3\", afirm\u00f3 Craig Russell. \"Esto beneficia a la empresa y al medio ambiente al mejorar la eficiencia del funcionamiento\". <\/strong><\/p>\n<p><a href=\"https:\/\/aps-supply.com\/es\/publicar-producto\/vision-x-280w-pala-draga-luz-perimetral\/\"><img loading=\"lazy\" decoding=\"async\" class=\"wp-image-21960 size-large aligncenter\" src=\"https:\/\/aps-supply.com\/wp-content\/uploads\/2021\/08\/case-study-image3-1024x348.jpg\" alt=\"\" width=\"1024\" height=\"348\" srcset=\"https:\/\/aps-supply.com\/wp-content\/uploads\/2021\/08\/case-study-image3-1024x348.jpg 1024w, https:\/\/aps-supply.com\/wp-content\/uploads\/2021\/08\/case-study-image3-300x102.jpg 300w, https:\/\/aps-supply.com\/wp-content\/uploads\/2021\/08\/case-study-image3-768x261.jpg 768w, https:\/\/aps-supply.com\/wp-content\/uploads\/2021\/08\/case-study-image3.jpg 1446w\" sizes=\"auto, (max-width: 1024px) 100vw, 1024px\" \/><\/a><\/p>","protected":false},"excerpt":{"rendered":"<p>Tensi\u00f3n: AC Alcance del proyecto La mina Spring Creek es una de las tres minas de carb\u00f3n de superficie que posee y explota Cloud Peak Energy Inc. Con sede en Wyoming, Cloud Peak Energy es uno de los mayores productores de carb\u00f3n del pa\u00eds, reconocido por su excelencia en materia de seguridad y medio ambiente. Contribuyendo al \u00e9xito de la mina Spring Creek...<\/p>","protected":false},"author":6,"featured_media":22088,"parent":0,"menu_order":0,"comment_status":"closed","ping_status":"closed","template":"","meta":{"_acf_changed":false,"footnotes":""},"class_list":["post-21959","page","type-page","status-publish","has-post-thumbnail","hentry","case-study-category-lighting-optimisation"],"acf":[],"yoast_head":"<!-- This site is optimized with the Yoast SEO Premium plugin v26.9 (Yoast SEO v26.9) - https:\/\/yoast.com\/product\/yoast-seo-premium-wordpress\/ -->\n<title>Case Study: Bucyrus-Erie 1570 Dragline Lighting Solution - APS<\/title>\n<meta name=\"description\" content=\"The Spring Creek Mine is one of three surface coal mines owned and operated by Cloud Peak Energy Inc. Headquartered in Wyoming, Cloud Peak Energy is one of the largest coal producers in the nation recognised for their safety and environmental excellence.\" \/>\n<meta name=\"robots\" content=\"index, follow, max-snippet:-1, max-image-preview:large, max-video-preview:-1\" \/>\n<link rel=\"canonical\" href=\"https:\/\/aps-supply.com\/es\/estudio-de-caso-bucyrus-erie-1570-dragline-lighting-solution\/\" \/>\n<meta property=\"og:locale\" content=\"es_ES\" \/>\n<meta property=\"og:type\" content=\"article\" \/>\n<meta property=\"og:title\" content=\"Case Study: Bucyrus-Erie 1570 Dragline Lighting Solution\" \/>\n<meta property=\"og:description\" content=\"The Spring Creek Mine is one of three surface coal mines owned and operated by Cloud Peak Energy Inc. Headquartered in Wyoming, Cloud Peak Energy is one of the largest coal producers in the nation recognised for their safety and environmental excellence.\" \/>\n<meta property=\"og:url\" content=\"https:\/\/aps-supply.com\/es\/estudio-de-caso-bucyrus-erie-1570-dragline-lighting-solution\/\" \/>\n<meta property=\"og:site_name\" content=\"APS\" \/>\n<meta property=\"article:publisher\" content=\"https:\/\/www.facebook.com\/pages\/APS-Lighting-and-Safety-Products\/499382100107067\" \/>\n<meta property=\"og:image\" content=\"https:\/\/aps-supply.com\/wp-content\/uploads\/2021\/09\/Case_Study_Bucyrus-Erie_1570_Dragline_Lighting_Solution.jpg\" \/>\n\t<meta property=\"og:image:width\" content=\"1200\" \/>\n\t<meta property=\"og:image:height\" content=\"770\" \/>\n\t<meta property=\"og:image:type\" content=\"image\/jpeg\" \/>\n<meta name=\"twitter:card\" content=\"summary_large_image\" \/>\n<meta name=\"twitter:site\" content=\"@APSLighting_JB\" \/>\n<meta name=\"twitter:label1\" content=\"Tiempo de lectura\" \/>\n\t<meta name=\"twitter:data1\" content=\"2 minutos\" \/>\n<script type=\"application\/ld+json\" class=\"yoast-schema-graph\">{\"@context\":\"https:\/\/schema.org\",\"@graph\":[{\"@type\":\"WebPage\",\"@id\":\"https:\/\/aps-supply.com\/case-study-bucyrus-erie-1570-dragline-lighting-solution\/\",\"url\":\"https:\/\/aps-supply.com\/case-study-bucyrus-erie-1570-dragline-lighting-solution\/\",\"name\":\"Case Study: Bucyrus-Erie 1570 Dragline Lighting Solution - APS\",\"isPartOf\":{\"@id\":\"https:\/\/aps-supply.com\/#website\"},\"primaryImageOfPage\":{\"@id\":\"https:\/\/aps-supply.com\/case-study-bucyrus-erie-1570-dragline-lighting-solution\/#primaryimage\"},\"image\":{\"@id\":\"https:\/\/aps-supply.com\/case-study-bucyrus-erie-1570-dragline-lighting-solution\/#primaryimage\"},\"thumbnailUrl\":\"https:\/\/aps-supply.com\/wp-content\/uploads\/2021\/09\/Case_Study_Bucyrus-Erie_1570_Dragline_Lighting_Solution.jpg\",\"datePublished\":\"2021-09-30T04:52:34+00:00\",\"description\":\"The Spring Creek Mine is one of three surface coal mines owned and operated by Cloud Peak Energy Inc. Headquartered in Wyoming, Cloud Peak Energy is one of the largest coal producers in the nation recognised for their safety and environmental excellence.\",\"breadcrumb\":{\"@id\":\"https:\/\/aps-supply.com\/case-study-bucyrus-erie-1570-dragline-lighting-solution\/#breadcrumb\"},\"inLanguage\":\"es-CO\",\"potentialAction\":[{\"@type\":\"ReadAction\",\"target\":[\"https:\/\/aps-supply.com\/case-study-bucyrus-erie-1570-dragline-lighting-solution\/\"]}]},{\"@type\":\"ImageObject\",\"inLanguage\":\"es-CO\",\"@id\":\"https:\/\/aps-supply.com\/case-study-bucyrus-erie-1570-dragline-lighting-solution\/#primaryimage\",\"url\":\"https:\/\/aps-supply.com\/wp-content\/uploads\/2021\/09\/Case_Study_Bucyrus-Erie_1570_Dragline_Lighting_Solution.jpg\",\"contentUrl\":\"https:\/\/aps-supply.com\/wp-content\/uploads\/2021\/09\/Case_Study_Bucyrus-Erie_1570_Dragline_Lighting_Solution.jpg\",\"width\":1200,\"height\":770},{\"@type\":\"BreadcrumbList\",\"@id\":\"https:\/\/aps-supply.com\/case-study-bucyrus-erie-1570-dragline-lighting-solution\/#breadcrumb\",\"itemListElement\":[{\"@type\":\"ListItem\",\"position\":1,\"name\":\"Home\",\"item\":\"https:\/\/aps-supply.com\/\"},{\"@type\":\"ListItem\",\"position\":2,\"name\":\"Case Study: Bucyrus-Erie 1570 Dragline Lighting Solution\"}]},{\"@type\":\"WebSite\",\"@id\":\"https:\/\/aps-supply.com\/#website\",\"url\":\"https:\/\/aps-supply.com\/\",\"name\":\"APS\",\"description\":\"Lighting &amp; Safety\",\"publisher\":{\"@id\":\"https:\/\/aps-supply.com\/#organization\"},\"potentialAction\":[{\"@type\":\"SearchAction\",\"target\":{\"@type\":\"EntryPoint\",\"urlTemplate\":\"https:\/\/aps-supply.com\/?s={search_term_string}\"},\"query-input\":{\"@type\":\"PropertyValueSpecification\",\"valueRequired\":true,\"valueName\":\"search_term_string\"}}],\"inLanguage\":\"es-CO\"},{\"@type\":\"Organization\",\"@id\":\"https:\/\/aps-supply.com\/#organization\",\"name\":\"APS Supply\",\"url\":\"https:\/\/aps-supply.com\/\",\"logo\":{\"@type\":\"ImageObject\",\"inLanguage\":\"es-CO\",\"@id\":\"https:\/\/aps-supply.com\/#\/schema\/logo\/image\/\",\"url\":\"https:\/\/aps-supply.com\/wp-content\/uploads\/2025\/07\/APS-Logo-Master_HD.png\",\"contentUrl\":\"https:\/\/aps-supply.com\/wp-content\/uploads\/2025\/07\/APS-Logo-Master_HD.png\",\"width\":26589,\"height\":6468,\"caption\":\"APS Supply\"},\"image\":{\"@id\":\"https:\/\/aps-supply.com\/#\/schema\/logo\/image\/\"},\"sameAs\":[\"https:\/\/www.facebook.com\/pages\/APS-Lighting-and-Safety-Products\/499382100107067\",\"https:\/\/x.com\/APSLighting_JB\",\"https:\/\/www.linkedin.com\/company\/aps-lighting-&-safety\/\",\"https:\/\/www.youtube.com\/@APSLightingandSafety\"]}]}<\/script>\n<!-- \/ Yoast SEO Premium plugin. -->","yoast_head_json":{"title":"Estudio de caso: Soluci\u00f3n de iluminaci\u00f3n para la dragalina Bucyrus-Erie 1570 - APS","description":"La mina de Spring Creek es una de las tres minas de carb\u00f3n de superficie que posee y explota Cloud Peak Energy Inc. Con sede en Wyoming, Cloud Peak Energy es uno de los mayores productores de carb\u00f3n del pa\u00eds, reconocido por su excelencia en materia de seguridad y medio ambiente.","robots":{"index":"index","follow":"follow","max-snippet":"max-snippet:-1","max-image-preview":"max-image-preview:large","max-video-preview":"max-video-preview:-1"},"canonical":"https:\/\/aps-supply.com\/es\/estudio-de-caso-bucyrus-erie-1570-dragline-lighting-solution\/","og_locale":"es_ES","og_type":"article","og_title":"Case Study: Bucyrus-Erie 1570 Dragline Lighting Solution","og_description":"The Spring Creek Mine is one of three surface coal mines owned and operated by Cloud Peak Energy Inc. Headquartered in Wyoming, Cloud Peak Energy is one of the largest coal producers in the nation recognised for their safety and environmental excellence.","og_url":"https:\/\/aps-supply.com\/es\/estudio-de-caso-bucyrus-erie-1570-dragline-lighting-solution\/","og_site_name":"APS","article_publisher":"https:\/\/www.facebook.com\/pages\/APS-Lighting-and-Safety-Products\/499382100107067","og_image":[{"width":1200,"height":770,"url":"https:\/\/aps-supply.com\/wp-content\/uploads\/2021\/09\/Case_Study_Bucyrus-Erie_1570_Dragline_Lighting_Solution.jpg","type":"image\/jpeg"}],"twitter_card":"summary_large_image","twitter_site":"@APSLighting_JB","twitter_misc":{"Tiempo de lectura":"2 minutos"},"schema":{"@context":"https:\/\/schema.org","@graph":[{"@type":"WebPage","@id":"https:\/\/aps-supply.com\/case-study-bucyrus-erie-1570-dragline-lighting-solution\/","url":"https:\/\/aps-supply.com\/case-study-bucyrus-erie-1570-dragline-lighting-solution\/","name":"Estudio de caso: Soluci\u00f3n de iluminaci\u00f3n para la dragalina Bucyrus-Erie 1570 - APS","isPartOf":{"@id":"https:\/\/aps-supply.com\/#website"},"primaryImageOfPage":{"@id":"https:\/\/aps-supply.com\/case-study-bucyrus-erie-1570-dragline-lighting-solution\/#primaryimage"},"image":{"@id":"https:\/\/aps-supply.com\/case-study-bucyrus-erie-1570-dragline-lighting-solution\/#primaryimage"},"thumbnailUrl":"https:\/\/aps-supply.com\/wp-content\/uploads\/2021\/09\/Case_Study_Bucyrus-Erie_1570_Dragline_Lighting_Solution.jpg","datePublished":"2021-09-30T04:52:34+00:00","description":"La mina de Spring Creek es una de las tres minas de carb\u00f3n de superficie que posee y explota Cloud Peak Energy Inc. Con sede en Wyoming, Cloud Peak Energy es uno de los mayores productores de carb\u00f3n del pa\u00eds, reconocido por su excelencia en materia de seguridad y medio ambiente.","breadcrumb":{"@id":"https:\/\/aps-supply.com\/case-study-bucyrus-erie-1570-dragline-lighting-solution\/#breadcrumb"},"inLanguage":"es-CO","potentialAction":[{"@type":"ReadAction","target":["https:\/\/aps-supply.com\/case-study-bucyrus-erie-1570-dragline-lighting-solution\/"]}]},{"@type":"ImageObject","inLanguage":"es-CO","@id":"https:\/\/aps-supply.com\/case-study-bucyrus-erie-1570-dragline-lighting-solution\/#primaryimage","url":"https:\/\/aps-supply.com\/wp-content\/uploads\/2021\/09\/Case_Study_Bucyrus-Erie_1570_Dragline_Lighting_Solution.jpg","contentUrl":"https:\/\/aps-supply.com\/wp-content\/uploads\/2021\/09\/Case_Study_Bucyrus-Erie_1570_Dragline_Lighting_Solution.jpg","width":1200,"height":770},{"@type":"BreadcrumbList","@id":"https:\/\/aps-supply.com\/case-study-bucyrus-erie-1570-dragline-lighting-solution\/#breadcrumb","itemListElement":[{"@type":"ListItem","position":1,"name":"Home","item":"https:\/\/aps-supply.com\/"},{"@type":"ListItem","position":2,"name":"Case Study: Bucyrus-Erie 1570 Dragline Lighting Solution"}]},{"@type":"WebSite","@id":"https:\/\/aps-supply.com\/#website","url":"https:\/\/aps-supply.com\/","name":"APS","description":"Iluminaci\u00f3n y seguridad","publisher":{"@id":"https:\/\/aps-supply.com\/#organization"},"potentialAction":[{"@type":"SearchAction","target":{"@type":"EntryPoint","urlTemplate":"https:\/\/aps-supply.com\/?s={search_term_string}"},"query-input":{"@type":"PropertyValueSpecification","valueRequired":true,"valueName":"search_term_string"}}],"inLanguage":"es-CO"},{"@type":"Organization","@id":"https:\/\/aps-supply.com\/#organization","name":"Suministros APS","url":"https:\/\/aps-supply.com\/","logo":{"@type":"ImageObject","inLanguage":"es-CO","@id":"https:\/\/aps-supply.com\/#\/schema\/logo\/image\/","url":"https:\/\/aps-supply.com\/wp-content\/uploads\/2025\/07\/APS-Logo-Master_HD.png","contentUrl":"https:\/\/aps-supply.com\/wp-content\/uploads\/2025\/07\/APS-Logo-Master_HD.png","width":26589,"height":6468,"caption":"APS Supply"},"image":{"@id":"https:\/\/aps-supply.com\/#\/schema\/logo\/image\/"},"sameAs":["https:\/\/www.facebook.com\/pages\/APS-Lighting-and-Safety-Products\/499382100107067","https:\/\/x.com\/APSLighting_JB","https:\/\/www.linkedin.com\/company\/aps-lighting-&-safety\/","https:\/\/www.youtube.com\/@APSLightingandSafety"]}]}},"_links":{"self":[{"href":"https:\/\/aps-supply.com\/es\/wp-json\/wp\/v2\/pages\/21959","targetHints":{"allow":["GET"]}}],"collection":[{"href":"https:\/\/aps-supply.com\/es\/wp-json\/wp\/v2\/pages"}],"about":[{"href":"https:\/\/aps-supply.com\/es\/wp-json\/wp\/v2\/types\/page"}],"author":[{"embeddable":true,"href":"https:\/\/aps-supply.com\/es\/wp-json\/wp\/v2\/users\/6"}],"replies":[{"embeddable":true,"href":"https:\/\/aps-supply.com\/es\/wp-json\/wp\/v2\/comments?post=21959"}],"version-history":[{"count":0,"href":"https:\/\/aps-supply.com\/es\/wp-json\/wp\/v2\/pages\/21959\/revisions"}],"wp:featuredmedia":[{"embeddable":true,"href":"https:\/\/aps-supply.com\/es\/wp-json\/wp\/v2\/media\/22088"}],"wp:attachment":[{"href":"https:\/\/aps-supply.com\/es\/wp-json\/wp\/v2\/media?parent=21959"}],"curies":[{"name":"wp","href":"https:\/\/api.w.org\/{rel}","templated":true}]}}