{"id":21967,"date":"2021-09-29T21:53:30","date_gmt":"2021-09-30T04:53:30","guid":{"rendered":"https:\/\/aps-supply.com\/?page_id=21967"},"modified":"2021-09-29T21:53:30","modified_gmt":"2021-09-30T04:53:30","slug":"estudio-de-caso-komatsu-pc2000-8-diseno-de-iluminacion","status":"publish","type":"page","link":"https:\/\/aps-supply.com\/es\/estudio-de-caso-komatsu-pc2000-8-diseno-de-iluminacion\/","title":{"rendered":"Estudio de caso: Komatsu PC2000-8 Dise\u00f1o de iluminaci\u00f3n"},"content":{"rendered":"<h3>Tensi\u00f3n: 24 V CC<br \/>\n<a href=\"https:\/\/aps-supply.com\/es\/publicar-producto\/abl-shd-8-12000-led-modular-heavy-duty-led-luz-de-trabajo\/\" target=\"_blank\" rel=\"noopener\"><img loading=\"lazy\" decoding=\"async\" class=\"aligncenter wp-image-21968 size-full\" src=\"https:\/\/aps-supply.com\/wp-content\/uploads\/2021\/08\/case-study-header-image.jpg\" alt=\"\" width=\"825\" height=\"413\" srcset=\"https:\/\/aps-supply.com\/wp-content\/uploads\/2021\/08\/case-study-header-image.jpg 825w, https:\/\/aps-supply.com\/wp-content\/uploads\/2021\/08\/case-study-header-image-300x150.jpg 300w, https:\/\/aps-supply.com\/wp-content\/uploads\/2021\/08\/case-study-header-image-768x384.jpg 768w\" sizes=\"auto, (max-width: 825px) 100vw, 825px\" \/><\/a><\/h3>\n<h3 class=\"p2\">Alcance del proyecto<\/h3>\n<p class=\"p1\">Se solicit\u00f3 a APS que suministrara una simulaci\u00f3n de dise\u00f1o de luces para la nueva flota de palas PC2000 utilizando el NUEVO <a href=\"https:\/\/aps-supply.com\/es\/publicar-producto\/abl-shd-8-12000-led-modular-heavy-duty-led-luz-de-trabajo\/\">ABL LED8000<\/a>. El cliente pidi\u00f3 una entrega urgente utilizando s\u00f3lo 4 de los <a href=\"https:\/\/aps-supply.com\/es\/publicar-producto\/abl-shd-8-12000-led-modular-heavy-duty-led-luz-de-trabajo\/\">LED8000<\/a> (32.000Lu efectivas \/ 360W). Una consideraci\u00f3n clave en este proyecto fue minimizar el coste (teniendo cuidado de no sobredimensionar el dise\u00f1o de iluminaci\u00f3n), pero proporcionando a los propietarios de los equipos unas luminarias duraderas y probadas en estas duras condiciones. Las simulaciones anteriores de la competencia para el PC2000 hab\u00edan utilizado hasta nueve luminarias. Proporcionando una producci\u00f3n total de l\u00famenes de 67.500Lu a 688W.<\/p>\n<h3 class=\"p2\">Soluci\u00f3n propuesta<\/h3>\n<p class=\"p1\">Hab\u00eda dos claves para cumplir las especificaciones de este proyecto:<\/p>\n<p class=\"p1\">En primer lugar, hab\u00eda que entender d\u00f3nde quer\u00eda el cliente la luz y a qu\u00e9 niveles de LUX. Estos niveles se fijaron en 50 lux o m\u00e1s a 10 m de la parte trasera de la pala y 200 lux o m\u00e1s en la cara del banco. Con s\u00f3lo cuatro luminarias, se acord\u00f3 colocar 1 luminaria en la parte delantera de la cabina de la pala; 1 luminaria en la parte delantera del lado derecho de la pala; 2 luminarias en la parte trasera de las ubicaciones de montaje de la pala (lado derecho e izquierdo del contrapeso), como se muestra en las im\u00e1genes anteriores.<\/p>\n<p class=\"p1\">En segundo lugar, se cre\u00f3 el <a href=\"https:\/\/aps-supply.com\/es\/publicar-producto\/abl-shd-8-12000-led-modular-heavy-duty-led-luz-de-trabajo\/\">LED8000<\/a> con una combinaci\u00f3n de haces que permitiera que la iluminaci\u00f3n se derramara cerca de la m\u00e1quina y tambi\u00e9n se proyectara sobre la superficie del banco. Esto se consigui\u00f3 utilizando la nueva lente asim\u00e9trica de ABL y la lente de inundaci\u00f3n ABL. El resultado final se puede ver en los siguientes mapas de iluminaci\u00f3n. Los niveles de iluminaci\u00f3n deseados se consiguieron utilizando el <a href=\"https:\/\/aps-supply.com\/es\/publicar-producto\/abl-shd-8-12000-led-modular-heavy-duty-led-luz-de-trabajo\/\">LED8000<\/a> con un n\u00famero optimizado de luminarias que proporcionan niveles de luz mejor dirigidos, un consumo de corriente significativamente menor y menos cableado. El dise\u00f1o modular del LED8000 ofrece opciones de personalizaci\u00f3n del patr\u00f3n del haz y redundancia de iluminaci\u00f3n en el improbable caso de que falle uno de los cabezales.<\/p>\n<p><a href=\"https:\/\/aps-supply.com\/es\/publicar-producto\/abl-shd-8-12000-led-modular-heavy-duty-led-luz-de-trabajo\/\" target=\"_blank\" rel=\"noopener\"><img loading=\"lazy\" decoding=\"async\" class=\"aligncenter wp-image-21970 size-full\" src=\"https:\/\/aps-supply.com\/wp-content\/uploads\/2021\/08\/case-study-image4.jpg\" alt=\"\" width=\"1060\" height=\"476\" srcset=\"https:\/\/aps-supply.com\/wp-content\/uploads\/2021\/08\/case-study-image4.jpg 1060w, https:\/\/aps-supply.com\/wp-content\/uploads\/2021\/08\/case-study-image4-300x135.jpg 300w, https:\/\/aps-supply.com\/wp-content\/uploads\/2021\/08\/case-study-image4-1024x460.jpg 1024w, https:\/\/aps-supply.com\/wp-content\/uploads\/2021\/08\/case-study-image4-768x345.jpg 768w\" sizes=\"auto, (max-width: 1060px) 100vw, 1060px\" \/><\/a><\/p>\n<p style=\"text-align: center;\"><strong>A vista de p\u00e1jaro: Simulaci\u00f3n de iluminaci\u00f3n<\/strong><\/p>\n<p><a href=\"https:\/\/aps-supply.com\/es\/publicar-producto\/abl-shd-8-12000-led-modular-heavy-duty-led-luz-de-trabajo\/\" target=\"_blank\" rel=\"noopener\"><img loading=\"lazy\" decoding=\"async\" class=\"aligncenter wp-image-21969 size-full\" src=\"https:\/\/aps-supply.com\/wp-content\/uploads\/2021\/08\/case-study-image5.jpg\" alt=\"\" width=\"1058\" height=\"472\" srcset=\"https:\/\/aps-supply.com\/wp-content\/uploads\/2021\/08\/case-study-image5.jpg 1058w, https:\/\/aps-supply.com\/wp-content\/uploads\/2021\/08\/case-study-image5-300x134.jpg 300w, https:\/\/aps-supply.com\/wp-content\/uploads\/2021\/08\/case-study-image5-1024x457.jpg 1024w, https:\/\/aps-supply.com\/wp-content\/uploads\/2021\/08\/case-study-image5-768x343.jpg 768w\" sizes=\"auto, (max-width: 1058px) 100vw, 1058px\" \/><\/a><\/p>\n<p style=\"text-align: center;\"><strong>Cara de banco: Simulaci\u00f3n de iluminaci\u00f3n<\/strong><\/p>","protected":false},"excerpt":{"rendered":"<p>Tensi\u00f3n: 24 V CC Alcance del proyecto Se solicit\u00f3 a APS el suministro de una simulaci\u00f3n de dise\u00f1o de iluminaci\u00f3n para la nueva flota de palas PC2000 utilizando el NUEVO ABL LED8000. El cliente solicit\u00f3 un plazo de entrega urgente utilizando s\u00f3lo 4 de las luminarias LED8000 (32.000Lu efectivas \/ 360W). Una consideraci\u00f3n clave en este proyecto era minimizar el coste (teniendo cuidado de no...<\/p>","protected":false},"author":6,"featured_media":22094,"parent":0,"menu_order":0,"comment_status":"closed","ping_status":"closed","template":"","meta":{"_acf_changed":false,"footnotes":""},"class_list":["post-21967","page","type-page","status-publish","has-post-thumbnail","hentry","case-study-category-lighting-optimisation"],"acf":[],"yoast_head":"<!-- This site is optimized with the Yoast SEO Premium plugin v26.9 (Yoast SEO v26.9) - https:\/\/yoast.com\/product\/yoast-seo-premium-wordpress\/ -->\n<title>Case Study: Komatsu PC2000-8 Lighting Design - APS<\/title>\n<meta name=\"description\" content=\"APS was requested to supply a light design simulation for the new PC2000 shovel fleet using the NEW ABL LED8000. The customer asked for urgent turnaround using only 4 of the LED8000 fixtures (32,000Lu effective \/ 360W).\" \/>\n<meta name=\"robots\" content=\"index, follow, max-snippet:-1, max-image-preview:large, max-video-preview:-1\" \/>\n<link rel=\"canonical\" href=\"https:\/\/aps-supply.com\/es\/estudio-de-caso-komatsu-pc2000-8-diseno-de-iluminacion\/\" \/>\n<meta property=\"og:locale\" content=\"es_ES\" \/>\n<meta property=\"og:type\" content=\"article\" \/>\n<meta property=\"og:title\" content=\"Case Study: Komatsu PC2000-8 Lighting Design\" \/>\n<meta property=\"og:description\" content=\"APS was requested to supply a light design simulation for the new PC2000 shovel fleet using the NEW ABL LED8000. The customer asked for urgent turnaround using only 4 of the LED8000 fixtures (32,000Lu effective \/ 360W).\" \/>\n<meta property=\"og:url\" content=\"https:\/\/aps-supply.com\/es\/estudio-de-caso-komatsu-pc2000-8-diseno-de-iluminacion\/\" \/>\n<meta property=\"og:site_name\" content=\"APS\" \/>\n<meta property=\"article:publisher\" content=\"https:\/\/www.facebook.com\/pages\/APS-Lighting-and-Safety-Products\/499382100107067\" \/>\n<meta property=\"og:image\" content=\"https:\/\/aps-supply.com\/wp-content\/uploads\/2021\/09\/case-study-header-image_feature.jpg\" \/>\n\t<meta property=\"og:image:width\" content=\"1200\" \/>\n\t<meta property=\"og:image:height\" content=\"770\" \/>\n\t<meta property=\"og:image:type\" content=\"image\/jpeg\" \/>\n<meta name=\"twitter:card\" content=\"summary_large_image\" \/>\n<meta name=\"twitter:site\" content=\"@APSLighting_JB\" \/>\n<meta name=\"twitter:label1\" content=\"Tiempo de lectura\" \/>\n\t<meta name=\"twitter:data1\" content=\"2 minutos\" \/>\n<script type=\"application\/ld+json\" class=\"yoast-schema-graph\">{\"@context\":\"https:\/\/schema.org\",\"@graph\":[{\"@type\":\"WebPage\",\"@id\":\"https:\/\/aps-supply.com\/case-study-komatsu-pc2000-8-lighting-design\/\",\"url\":\"https:\/\/aps-supply.com\/case-study-komatsu-pc2000-8-lighting-design\/\",\"name\":\"Case Study: Komatsu PC2000-8 Lighting Design - APS\",\"isPartOf\":{\"@id\":\"https:\/\/aps-supply.com\/#website\"},\"primaryImageOfPage\":{\"@id\":\"https:\/\/aps-supply.com\/case-study-komatsu-pc2000-8-lighting-design\/#primaryimage\"},\"image\":{\"@id\":\"https:\/\/aps-supply.com\/case-study-komatsu-pc2000-8-lighting-design\/#primaryimage\"},\"thumbnailUrl\":\"https:\/\/aps-supply.com\/wp-content\/uploads\/2021\/09\/case-study-header-image_feature.jpg\",\"datePublished\":\"2021-09-30T04:53:30+00:00\",\"description\":\"APS was requested to supply a light design simulation for the new PC2000 shovel fleet using the NEW ABL LED8000. The customer asked for urgent turnaround using only 4 of the LED8000 fixtures (32,000Lu effective \/ 360W).\",\"breadcrumb\":{\"@id\":\"https:\/\/aps-supply.com\/case-study-komatsu-pc2000-8-lighting-design\/#breadcrumb\"},\"inLanguage\":\"es-CO\",\"potentialAction\":[{\"@type\":\"ReadAction\",\"target\":[\"https:\/\/aps-supply.com\/case-study-komatsu-pc2000-8-lighting-design\/\"]}]},{\"@type\":\"ImageObject\",\"inLanguage\":\"es-CO\",\"@id\":\"https:\/\/aps-supply.com\/case-study-komatsu-pc2000-8-lighting-design\/#primaryimage\",\"url\":\"https:\/\/aps-supply.com\/wp-content\/uploads\/2021\/09\/case-study-header-image_feature.jpg\",\"contentUrl\":\"https:\/\/aps-supply.com\/wp-content\/uploads\/2021\/09\/case-study-header-image_feature.jpg\",\"width\":1200,\"height\":770},{\"@type\":\"BreadcrumbList\",\"@id\":\"https:\/\/aps-supply.com\/case-study-komatsu-pc2000-8-lighting-design\/#breadcrumb\",\"itemListElement\":[{\"@type\":\"ListItem\",\"position\":1,\"name\":\"Home\",\"item\":\"https:\/\/aps-supply.com\/\"},{\"@type\":\"ListItem\",\"position\":2,\"name\":\"Case Study: Komatsu PC2000-8 Lighting Design\"}]},{\"@type\":\"WebSite\",\"@id\":\"https:\/\/aps-supply.com\/#website\",\"url\":\"https:\/\/aps-supply.com\/\",\"name\":\"APS\",\"description\":\"Lighting &amp; Safety\",\"publisher\":{\"@id\":\"https:\/\/aps-supply.com\/#organization\"},\"potentialAction\":[{\"@type\":\"SearchAction\",\"target\":{\"@type\":\"EntryPoint\",\"urlTemplate\":\"https:\/\/aps-supply.com\/?s={search_term_string}\"},\"query-input\":{\"@type\":\"PropertyValueSpecification\",\"valueRequired\":true,\"valueName\":\"search_term_string\"}}],\"inLanguage\":\"es-CO\"},{\"@type\":\"Organization\",\"@id\":\"https:\/\/aps-supply.com\/#organization\",\"name\":\"APS Supply\",\"url\":\"https:\/\/aps-supply.com\/\",\"logo\":{\"@type\":\"ImageObject\",\"inLanguage\":\"es-CO\",\"@id\":\"https:\/\/aps-supply.com\/#\/schema\/logo\/image\/\",\"url\":\"https:\/\/aps-supply.com\/wp-content\/uploads\/2025\/07\/APS-Logo-Master_HD.png\",\"contentUrl\":\"https:\/\/aps-supply.com\/wp-content\/uploads\/2025\/07\/APS-Logo-Master_HD.png\",\"width\":26589,\"height\":6468,\"caption\":\"APS Supply\"},\"image\":{\"@id\":\"https:\/\/aps-supply.com\/#\/schema\/logo\/image\/\"},\"sameAs\":[\"https:\/\/www.facebook.com\/pages\/APS-Lighting-and-Safety-Products\/499382100107067\",\"https:\/\/x.com\/APSLighting_JB\",\"https:\/\/www.linkedin.com\/company\/aps-lighting-&-safety\/\",\"https:\/\/www.youtube.com\/@APSLightingandSafety\"]}]}<\/script>\n<!-- \/ Yoast SEO Premium plugin. -->","yoast_head_json":{"title":"Estudio de caso: Komatsu PC2000-8 Dise\u00f1o de iluminaci\u00f3n - APS","description":"APS recibi\u00f3 el encargo de suministrar una simulaci\u00f3n de dise\u00f1o de iluminaci\u00f3n para la nueva flota de palas PC2000 utilizando los NUEVOS LED8000 de ABL. El cliente solicit\u00f3 un plazo de entrega urgente utilizando s\u00f3lo 4 de las luminarias LED8000 (32.000Lu efectivas \/ 360W).","robots":{"index":"index","follow":"follow","max-snippet":"max-snippet:-1","max-image-preview":"max-image-preview:large","max-video-preview":"max-video-preview:-1"},"canonical":"https:\/\/aps-supply.com\/es\/estudio-de-caso-komatsu-pc2000-8-diseno-de-iluminacion\/","og_locale":"es_ES","og_type":"article","og_title":"Case Study: Komatsu PC2000-8 Lighting Design","og_description":"APS was requested to supply a light design simulation for the new PC2000 shovel fleet using the NEW ABL LED8000. The customer asked for urgent turnaround using only 4 of the LED8000 fixtures (32,000Lu effective \/ 360W).","og_url":"https:\/\/aps-supply.com\/es\/estudio-de-caso-komatsu-pc2000-8-diseno-de-iluminacion\/","og_site_name":"APS","article_publisher":"https:\/\/www.facebook.com\/pages\/APS-Lighting-and-Safety-Products\/499382100107067","og_image":[{"width":1200,"height":770,"url":"https:\/\/aps-supply.com\/wp-content\/uploads\/2021\/09\/case-study-header-image_feature.jpg","type":"image\/jpeg"}],"twitter_card":"summary_large_image","twitter_site":"@APSLighting_JB","twitter_misc":{"Tiempo de lectura":"2 minutos"},"schema":{"@context":"https:\/\/schema.org","@graph":[{"@type":"WebPage","@id":"https:\/\/aps-supply.com\/case-study-komatsu-pc2000-8-lighting-design\/","url":"https:\/\/aps-supply.com\/case-study-komatsu-pc2000-8-lighting-design\/","name":"Estudio de caso: Komatsu PC2000-8 Dise\u00f1o de iluminaci\u00f3n - APS","isPartOf":{"@id":"https:\/\/aps-supply.com\/#website"},"primaryImageOfPage":{"@id":"https:\/\/aps-supply.com\/case-study-komatsu-pc2000-8-lighting-design\/#primaryimage"},"image":{"@id":"https:\/\/aps-supply.com\/case-study-komatsu-pc2000-8-lighting-design\/#primaryimage"},"thumbnailUrl":"https:\/\/aps-supply.com\/wp-content\/uploads\/2021\/09\/case-study-header-image_feature.jpg","datePublished":"2021-09-30T04:53:30+00:00","description":"APS recibi\u00f3 el encargo de suministrar una simulaci\u00f3n de dise\u00f1o de iluminaci\u00f3n para la nueva flota de palas PC2000 utilizando los NUEVOS LED8000 de ABL. El cliente solicit\u00f3 un plazo de entrega urgente utilizando s\u00f3lo 4 de las luminarias LED8000 (32.000Lu efectivas \/ 360W).","breadcrumb":{"@id":"https:\/\/aps-supply.com\/case-study-komatsu-pc2000-8-lighting-design\/#breadcrumb"},"inLanguage":"es-CO","potentialAction":[{"@type":"ReadAction","target":["https:\/\/aps-supply.com\/case-study-komatsu-pc2000-8-lighting-design\/"]}]},{"@type":"ImageObject","inLanguage":"es-CO","@id":"https:\/\/aps-supply.com\/case-study-komatsu-pc2000-8-lighting-design\/#primaryimage","url":"https:\/\/aps-supply.com\/wp-content\/uploads\/2021\/09\/case-study-header-image_feature.jpg","contentUrl":"https:\/\/aps-supply.com\/wp-content\/uploads\/2021\/09\/case-study-header-image_feature.jpg","width":1200,"height":770},{"@type":"BreadcrumbList","@id":"https:\/\/aps-supply.com\/case-study-komatsu-pc2000-8-lighting-design\/#breadcrumb","itemListElement":[{"@type":"ListItem","position":1,"name":"Home","item":"https:\/\/aps-supply.com\/"},{"@type":"ListItem","position":2,"name":"Case Study: Komatsu PC2000-8 Lighting Design"}]},{"@type":"WebSite","@id":"https:\/\/aps-supply.com\/#website","url":"https:\/\/aps-supply.com\/","name":"APS","description":"Iluminaci\u00f3n y seguridad","publisher":{"@id":"https:\/\/aps-supply.com\/#organization"},"potentialAction":[{"@type":"SearchAction","target":{"@type":"EntryPoint","urlTemplate":"https:\/\/aps-supply.com\/?s={search_term_string}"},"query-input":{"@type":"PropertyValueSpecification","valueRequired":true,"valueName":"search_term_string"}}],"inLanguage":"es-CO"},{"@type":"Organization","@id":"https:\/\/aps-supply.com\/#organization","name":"Suministros APS","url":"https:\/\/aps-supply.com\/","logo":{"@type":"ImageObject","inLanguage":"es-CO","@id":"https:\/\/aps-supply.com\/#\/schema\/logo\/image\/","url":"https:\/\/aps-supply.com\/wp-content\/uploads\/2025\/07\/APS-Logo-Master_HD.png","contentUrl":"https:\/\/aps-supply.com\/wp-content\/uploads\/2025\/07\/APS-Logo-Master_HD.png","width":26589,"height":6468,"caption":"APS Supply"},"image":{"@id":"https:\/\/aps-supply.com\/#\/schema\/logo\/image\/"},"sameAs":["https:\/\/www.facebook.com\/pages\/APS-Lighting-and-Safety-Products\/499382100107067","https:\/\/x.com\/APSLighting_JB","https:\/\/www.linkedin.com\/company\/aps-lighting-&-safety\/","https:\/\/www.youtube.com\/@APSLightingandSafety"]}]}},"_links":{"self":[{"href":"https:\/\/aps-supply.com\/es\/wp-json\/wp\/v2\/pages\/21967","targetHints":{"allow":["GET"]}}],"collection":[{"href":"https:\/\/aps-supply.com\/es\/wp-json\/wp\/v2\/pages"}],"about":[{"href":"https:\/\/aps-supply.com\/es\/wp-json\/wp\/v2\/types\/page"}],"author":[{"embeddable":true,"href":"https:\/\/aps-supply.com\/es\/wp-json\/wp\/v2\/users\/6"}],"replies":[{"embeddable":true,"href":"https:\/\/aps-supply.com\/es\/wp-json\/wp\/v2\/comments?post=21967"}],"version-history":[{"count":0,"href":"https:\/\/aps-supply.com\/es\/wp-json\/wp\/v2\/pages\/21967\/revisions"}],"wp:featuredmedia":[{"embeddable":true,"href":"https:\/\/aps-supply.com\/es\/wp-json\/wp\/v2\/media\/22094"}],"wp:attachment":[{"href":"https:\/\/aps-supply.com\/es\/wp-json\/wp\/v2\/media?parent=21967"}],"curies":[{"name":"wp","href":"https:\/\/api.w.org\/{rel}","templated":true}]}}