{"id":24981,"date":"2023-09-03T21:33:02","date_gmt":"2023-09-04T04:33:02","guid":{"rendered":"https:\/\/aps-supply.com\/?page_id=24981"},"modified":"2023-11-05T17:03:33","modified_gmt":"2023-11-06T01:03:33","slug":"solucion-anticolision-lateral-para-camiones-de-residuos","status":"publish","type":"page","link":"https:\/\/aps-supply.com\/es\/solucion-anticolision-lateral-para-camiones-de-residuos\/","title":{"rendered":"Soluci\u00f3n anticolisi\u00f3n lateral para camiones de residuos"},"content":{"rendered":"<p><strong>Problema<\/strong>:  Los veh\u00edculos de residuos y los veh\u00edculos pesados de carretera tienen considerables \u00e1ngulos muertos, incluso con retrovisores ampliados. Debido a estos amplios \u00e1ngulos muertos, se han producido muchos incidentes importantes en los que se han visto implicados VRU (usuarios vulnerables de la v\u00eda p\u00fablica), en particular ciclistas, peatones y e-scooters.  Lamentablemente, algunos de estos incidentes se han saldado con heridos, da\u00f1os materiales y, lo que es m\u00e1s grave, v\u00edctimas mortales, lo que tiene un impacto significativo en la seguridad del personal, la moral, los costes de los seguros y el tiempo de inactividad. <\/p>\n<p><strong>Soluci\u00f3n<\/strong>:  Se contact\u00f3 con APS y se le encarg\u00f3 una soluci\u00f3n para minimizar estos incidentes y crear carreteras m\u00e1s seguras.  APS propuso la instalaci\u00f3n del <a href=\"https:\/\/aps-supply.com\/es\/publicar-producto\/vista-previa-side-defender-ii-para-residuos\/\" rel=\"noopener\" target=\"_blank\">PreView Defensor lateral II<\/a>La soluci\u00f3n de prevenci\u00f3n de colisiones laterales m\u00e1s avanzada del sector para los lados izquierdo y derecho de su flota de veh\u00edculos de residuos.<\/p>\n<h1 style=\"color:black\">Sistema de radar ADAS para camiones de basura<\/h1>\n<p><img loading=\"lazy\" decoding=\"async\" src=\"https:\/\/aps-supply.com\/wp-content\/uploads\/2023\/09\/PreView_Solutions_waste_truck4-1024x730.jpg\" alt=\"\" width=\"1024\" height=\"730\" class=\"alignnone size-large wp-image-25038\" srcset=\"https:\/\/aps-supply.com\/wp-content\/uploads\/2023\/09\/PreView_Solutions_waste_truck4-1024x730.jpg 1024w, https:\/\/aps-supply.com\/wp-content\/uploads\/2023\/09\/PreView_Solutions_waste_truck4-300x214.jpg 300w, https:\/\/aps-supply.com\/wp-content\/uploads\/2023\/09\/PreView_Solutions_waste_truck4-768x547.jpg 768w, https:\/\/aps-supply.com\/wp-content\/uploads\/2023\/09\/PreView_Solutions_waste_truck4-1536x1095.jpg 1536w, https:\/\/aps-supply.com\/wp-content\/uploads\/2023\/09\/PreView_Solutions_waste_truck4.jpg 1602w\" sizes=\"auto, (max-width: 1024px) 100vw, 1024px\" \/><\/p>\n<p>En <a href=\"https:\/\/aps-supply.com\/es\/publicar-producto\/vista-previa-side-defender-ii-para-residuos\/\" rel=\"noopener\" target=\"_blank\">PreView Defensor lateral II<\/a> avisa activamente a los operarios de los camiones de residuos mediante alertas ac\u00fasticas y visuales, con el fin de que tomen las medidas adecuadas para mitigar las colisiones.  El gestor de APS Innovations participa en todo el proceso, desde la configuraci\u00f3n e instalaci\u00f3n del sistema hasta la formaci\u00f3n de los operarios y el equipo de gesti\u00f3n, para garantizar un resultado positivo y un funcionamiento perfecto.<\/p>\n<p><strong>Objetivo<\/strong>:  El objetivo es mitigar las interacciones negativas y los \"incidentes\" con usuarios vulnerables de la carretera, y aumentar la seguridad en toda la flota de residuos proporcionando a los operadores alertas activas que les ayuden a tomar las mejores decisiones en funci\u00f3n del entorno y las condiciones de la carretera.<\/p>\n<h1 style=\"color:black\">Sistemas de radar PreView para camiones de basura<\/h1>\n<p><img loading=\"lazy\" decoding=\"async\" src=\"https:\/\/aps-supply.com\/wp-content\/uploads\/2023\/09\/PREV_Side_Defender_II_image_9-1024x451.jpg\" alt=\"\" width=\"1024\" height=\"451\" class=\"alignnone size-large wp-image-24983\" srcset=\"https:\/\/aps-supply.com\/wp-content\/uploads\/2023\/09\/PREV_Side_Defender_II_image_9-1024x451.jpg 1024w, https:\/\/aps-supply.com\/wp-content\/uploads\/2023\/09\/PREV_Side_Defender_II_image_9-300x132.jpg 300w, https:\/\/aps-supply.com\/wp-content\/uploads\/2023\/09\/PREV_Side_Defender_II_image_9-768x338.jpg 768w, https:\/\/aps-supply.com\/wp-content\/uploads\/2023\/09\/PREV_Side_Defender_II_image_9-1536x676.jpg 1536w, https:\/\/aps-supply.com\/wp-content\/uploads\/2023\/09\/PREV_Side_Defender_II_image_9-2048x901.jpg 2048w\" sizes=\"auto, (max-width: 1024px) 100vw, 1024px\" \/><\/p>\n<p>Esta soluci\u00f3n se ha probado con \u00e9xito en los principales parques de residuos de muchos pa\u00edses.<br \/>\nAPS imparte un paquete de formaci\u00f3n a todos los operadores de camiones de residuos para garantizar que todas las partes comprenden las capacidades de los sistemas.  <\/p>\n<p>Los comentarios de estos proyectos coinciden en que \"el sistema ha creado un entorno de trabajo m\u00e1s seguro y productivo y ha reducido al m\u00ednimo los incidentes viales negativos\" desde su instalaci\u00f3n.\"<\/p>\n<p><a href=\"https:\/\/aps-supply.com\/es\/pongase-en-contacto-con\/\">P\u00f3ngase en contacto con su representante local de APS<\/a> para hablar de c\u00f3mo podemos adaptar una soluci\u00f3n a sus necesidades.<\/p>","protected":false},"excerpt":{"rendered":"<p>Problema: Los veh\u00edculos de residuos y los veh\u00edculos pesados de carretera tienen considerables \u00e1ngulos muertos, incluso con retrovisores ampliados. Debido a estos grandes \u00e1ngulos muertos, se han producido muchos incidentes importantes en los que se han visto implicados VRU (usuarios vulnerables de la v\u00eda p\u00fablica), en particular ciclistas, peatones y e-scooters. Lamentablemente, algunos de estos incidentes se han saldado con heridos, da\u00f1os materiales y, lo que es m\u00e1s grave, v\u00edctimas mortales, lo que...<\/p>","protected":false},"author":10,"featured_media":24984,"parent":0,"menu_order":0,"comment_status":"closed","ping_status":"closed","template":"","meta":{"_acf_changed":false,"footnotes":""},"class_list":["post-24981","page","type-page","status-publish","has-post-thumbnail","hentry","case-study-category-collision-mitigation-radar"],"acf":[],"yoast_head":"<!-- This site is optimized with the Yoast SEO Premium plugin v26.9 (Yoast SEO v26.9) - https:\/\/yoast.com\/product\/yoast-seo-premium-wordpress\/ -->\n<title>Side Collision Avoidance Solution for Waste Trucks - APS<\/title>\n<meta name=\"robots\" content=\"index, follow, max-snippet:-1, max-image-preview:large, max-video-preview:-1\" \/>\n<link rel=\"canonical\" href=\"https:\/\/aps-supply.com\/es\/solucion-anticolision-lateral-para-camiones-de-residuos\/\" \/>\n<meta property=\"og:locale\" content=\"es_ES\" \/>\n<meta property=\"og:type\" content=\"article\" \/>\n<meta property=\"og:title\" content=\"Side Collision Avoidance Solution for Waste Trucks\" \/>\n<meta property=\"og:description\" content=\"Problem: Waste and heavy on-road vehicles have considerable blind spots even with enlarged mirrors. Due to these large blind spots there have been many major incidents involving VRUs (vulnerable road users) particularly cyclists, pedestrians and e-scooters. Some of these incidents have unfortunately resulted in injuries, property damage and more seriously fatalities, which has a significant&hellip;\" \/>\n<meta property=\"og:url\" content=\"https:\/\/aps-supply.com\/es\/solucion-anticolision-lateral-para-camiones-de-residuos\/\" \/>\n<meta property=\"og:site_name\" content=\"APS\" \/>\n<meta property=\"article:publisher\" content=\"https:\/\/www.facebook.com\/pages\/APS-Lighting-and-Safety-Products\/499382100107067\" \/>\n<meta property=\"article:modified_time\" content=\"2023-11-06T01:03:33+00:00\" \/>\n<meta property=\"og:image\" content=\"https:\/\/aps-supply.com\/wp-content\/uploads\/2023\/09\/Side_Collision_Avoidance_Solution_for_Waste_Trucks_featured.jpg\" \/>\n\t<meta property=\"og:image:width\" content=\"1613\" \/>\n\t<meta property=\"og:image:height\" content=\"1054\" \/>\n\t<meta property=\"og:image:type\" content=\"image\/jpeg\" \/>\n<meta name=\"twitter:card\" content=\"summary_large_image\" \/>\n<meta name=\"twitter:site\" content=\"@APSLighting_JB\" \/>\n<meta name=\"twitter:label1\" content=\"Tiempo de lectura\" \/>\n\t<meta name=\"twitter:data1\" content=\"1 minuto\" \/>\n<script type=\"application\/ld+json\" class=\"yoast-schema-graph\">{\"@context\":\"https:\/\/schema.org\",\"@graph\":[{\"@type\":\"WebPage\",\"@id\":\"https:\/\/aps-supply.com\/side-collision-avoidance-solution-for-waste-trucks\/\",\"url\":\"https:\/\/aps-supply.com\/side-collision-avoidance-solution-for-waste-trucks\/\",\"name\":\"Side Collision Avoidance Solution for Waste Trucks - APS\",\"isPartOf\":{\"@id\":\"https:\/\/aps-supply.com\/#website\"},\"primaryImageOfPage\":{\"@id\":\"https:\/\/aps-supply.com\/side-collision-avoidance-solution-for-waste-trucks\/#primaryimage\"},\"image\":{\"@id\":\"https:\/\/aps-supply.com\/side-collision-avoidance-solution-for-waste-trucks\/#primaryimage\"},\"thumbnailUrl\":\"https:\/\/aps-supply.com\/wp-content\/uploads\/2023\/09\/Side_Collision_Avoidance_Solution_for_Waste_Trucks_featured.jpg\",\"datePublished\":\"2023-09-04T04:33:02+00:00\",\"dateModified\":\"2023-11-06T01:03:33+00:00\",\"breadcrumb\":{\"@id\":\"https:\/\/aps-supply.com\/side-collision-avoidance-solution-for-waste-trucks\/#breadcrumb\"},\"inLanguage\":\"es-CO\",\"potentialAction\":[{\"@type\":\"ReadAction\",\"target\":[\"https:\/\/aps-supply.com\/side-collision-avoidance-solution-for-waste-trucks\/\"]}]},{\"@type\":\"ImageObject\",\"inLanguage\":\"es-CO\",\"@id\":\"https:\/\/aps-supply.com\/side-collision-avoidance-solution-for-waste-trucks\/#primaryimage\",\"url\":\"https:\/\/aps-supply.com\/wp-content\/uploads\/2023\/09\/Side_Collision_Avoidance_Solution_for_Waste_Trucks_featured.jpg\",\"contentUrl\":\"https:\/\/aps-supply.com\/wp-content\/uploads\/2023\/09\/Side_Collision_Avoidance_Solution_for_Waste_Trucks_featured.jpg\",\"width\":1613,\"height\":1054},{\"@type\":\"BreadcrumbList\",\"@id\":\"https:\/\/aps-supply.com\/side-collision-avoidance-solution-for-waste-trucks\/#breadcrumb\",\"itemListElement\":[{\"@type\":\"ListItem\",\"position\":1,\"name\":\"Home\",\"item\":\"https:\/\/aps-supply.com\/\"},{\"@type\":\"ListItem\",\"position\":2,\"name\":\"Side Collision Avoidance Solution for Waste Trucks\"}]},{\"@type\":\"WebSite\",\"@id\":\"https:\/\/aps-supply.com\/#website\",\"url\":\"https:\/\/aps-supply.com\/\",\"name\":\"APS\",\"description\":\"Lighting &amp; Safety\",\"publisher\":{\"@id\":\"https:\/\/aps-supply.com\/#organization\"},\"potentialAction\":[{\"@type\":\"SearchAction\",\"target\":{\"@type\":\"EntryPoint\",\"urlTemplate\":\"https:\/\/aps-supply.com\/?s={search_term_string}\"},\"query-input\":{\"@type\":\"PropertyValueSpecification\",\"valueRequired\":true,\"valueName\":\"search_term_string\"}}],\"inLanguage\":\"es-CO\"},{\"@type\":\"Organization\",\"@id\":\"https:\/\/aps-supply.com\/#organization\",\"name\":\"APS Supply\",\"url\":\"https:\/\/aps-supply.com\/\",\"logo\":{\"@type\":\"ImageObject\",\"inLanguage\":\"es-CO\",\"@id\":\"https:\/\/aps-supply.com\/#\/schema\/logo\/image\/\",\"url\":\"https:\/\/aps-supply.com\/wp-content\/uploads\/2025\/07\/APS-Logo-Master_HD.png\",\"contentUrl\":\"https:\/\/aps-supply.com\/wp-content\/uploads\/2025\/07\/APS-Logo-Master_HD.png\",\"width\":26589,\"height\":6468,\"caption\":\"APS Supply\"},\"image\":{\"@id\":\"https:\/\/aps-supply.com\/#\/schema\/logo\/image\/\"},\"sameAs\":[\"https:\/\/www.facebook.com\/pages\/APS-Lighting-and-Safety-Products\/499382100107067\",\"https:\/\/x.com\/APSLighting_JB\",\"https:\/\/www.linkedin.com\/company\/aps-lighting-&-safety\/\",\"https:\/\/www.youtube.com\/@APSLightingandSafety\"]}]}<\/script>\n<!-- \/ Yoast SEO Premium plugin. -->","yoast_head_json":{"title":"Soluci\u00f3n anticolisi\u00f3n lateral para camiones de residuos - APS","robots":{"index":"index","follow":"follow","max-snippet":"max-snippet:-1","max-image-preview":"max-image-preview:large","max-video-preview":"max-video-preview:-1"},"canonical":"https:\/\/aps-supply.com\/es\/solucion-anticolision-lateral-para-camiones-de-residuos\/","og_locale":"es_ES","og_type":"article","og_title":"Side Collision Avoidance Solution for Waste Trucks","og_description":"Problem: Waste and heavy on-road vehicles have considerable blind spots even with enlarged mirrors. Due to these large blind spots there have been many major incidents involving VRUs (vulnerable road users) particularly cyclists, pedestrians and e-scooters. Some of these incidents have unfortunately resulted in injuries, property damage and more seriously fatalities, which has a significant&hellip;","og_url":"https:\/\/aps-supply.com\/es\/solucion-anticolision-lateral-para-camiones-de-residuos\/","og_site_name":"APS","article_publisher":"https:\/\/www.facebook.com\/pages\/APS-Lighting-and-Safety-Products\/499382100107067","article_modified_time":"2023-11-06T01:03:33+00:00","og_image":[{"width":1613,"height":1054,"url":"https:\/\/aps-supply.com\/wp-content\/uploads\/2023\/09\/Side_Collision_Avoidance_Solution_for_Waste_Trucks_featured.jpg","type":"image\/jpeg"}],"twitter_card":"summary_large_image","twitter_site":"@APSLighting_JB","twitter_misc":{"Tiempo de lectura":"1 minuto"},"schema":{"@context":"https:\/\/schema.org","@graph":[{"@type":"WebPage","@id":"https:\/\/aps-supply.com\/side-collision-avoidance-solution-for-waste-trucks\/","url":"https:\/\/aps-supply.com\/side-collision-avoidance-solution-for-waste-trucks\/","name":"Soluci\u00f3n anticolisi\u00f3n lateral para camiones de residuos - APS","isPartOf":{"@id":"https:\/\/aps-supply.com\/#website"},"primaryImageOfPage":{"@id":"https:\/\/aps-supply.com\/side-collision-avoidance-solution-for-waste-trucks\/#primaryimage"},"image":{"@id":"https:\/\/aps-supply.com\/side-collision-avoidance-solution-for-waste-trucks\/#primaryimage"},"thumbnailUrl":"https:\/\/aps-supply.com\/wp-content\/uploads\/2023\/09\/Side_Collision_Avoidance_Solution_for_Waste_Trucks_featured.jpg","datePublished":"2023-09-04T04:33:02+00:00","dateModified":"2023-11-06T01:03:33+00:00","breadcrumb":{"@id":"https:\/\/aps-supply.com\/side-collision-avoidance-solution-for-waste-trucks\/#breadcrumb"},"inLanguage":"es-CO","potentialAction":[{"@type":"ReadAction","target":["https:\/\/aps-supply.com\/side-collision-avoidance-solution-for-waste-trucks\/"]}]},{"@type":"ImageObject","inLanguage":"es-CO","@id":"https:\/\/aps-supply.com\/side-collision-avoidance-solution-for-waste-trucks\/#primaryimage","url":"https:\/\/aps-supply.com\/wp-content\/uploads\/2023\/09\/Side_Collision_Avoidance_Solution_for_Waste_Trucks_featured.jpg","contentUrl":"https:\/\/aps-supply.com\/wp-content\/uploads\/2023\/09\/Side_Collision_Avoidance_Solution_for_Waste_Trucks_featured.jpg","width":1613,"height":1054},{"@type":"BreadcrumbList","@id":"https:\/\/aps-supply.com\/side-collision-avoidance-solution-for-waste-trucks\/#breadcrumb","itemListElement":[{"@type":"ListItem","position":1,"name":"Home","item":"https:\/\/aps-supply.com\/"},{"@type":"ListItem","position":2,"name":"Side Collision Avoidance Solution for Waste Trucks"}]},{"@type":"WebSite","@id":"https:\/\/aps-supply.com\/#website","url":"https:\/\/aps-supply.com\/","name":"APS","description":"Iluminaci\u00f3n y seguridad","publisher":{"@id":"https:\/\/aps-supply.com\/#organization"},"potentialAction":[{"@type":"SearchAction","target":{"@type":"EntryPoint","urlTemplate":"https:\/\/aps-supply.com\/?s={search_term_string}"},"query-input":{"@type":"PropertyValueSpecification","valueRequired":true,"valueName":"search_term_string"}}],"inLanguage":"es-CO"},{"@type":"Organization","@id":"https:\/\/aps-supply.com\/#organization","name":"Suministros APS","url":"https:\/\/aps-supply.com\/","logo":{"@type":"ImageObject","inLanguage":"es-CO","@id":"https:\/\/aps-supply.com\/#\/schema\/logo\/image\/","url":"https:\/\/aps-supply.com\/wp-content\/uploads\/2025\/07\/APS-Logo-Master_HD.png","contentUrl":"https:\/\/aps-supply.com\/wp-content\/uploads\/2025\/07\/APS-Logo-Master_HD.png","width":26589,"height":6468,"caption":"APS Supply"},"image":{"@id":"https:\/\/aps-supply.com\/#\/schema\/logo\/image\/"},"sameAs":["https:\/\/www.facebook.com\/pages\/APS-Lighting-and-Safety-Products\/499382100107067","https:\/\/x.com\/APSLighting_JB","https:\/\/www.linkedin.com\/company\/aps-lighting-&-safety\/","https:\/\/www.youtube.com\/@APSLightingandSafety"]}]}},"_links":{"self":[{"href":"https:\/\/aps-supply.com\/es\/wp-json\/wp\/v2\/pages\/24981","targetHints":{"allow":["GET"]}}],"collection":[{"href":"https:\/\/aps-supply.com\/es\/wp-json\/wp\/v2\/pages"}],"about":[{"href":"https:\/\/aps-supply.com\/es\/wp-json\/wp\/v2\/types\/page"}],"author":[{"embeddable":true,"href":"https:\/\/aps-supply.com\/es\/wp-json\/wp\/v2\/users\/10"}],"replies":[{"embeddable":true,"href":"https:\/\/aps-supply.com\/es\/wp-json\/wp\/v2\/comments?post=24981"}],"version-history":[{"count":0,"href":"https:\/\/aps-supply.com\/es\/wp-json\/wp\/v2\/pages\/24981\/revisions"}],"wp:featuredmedia":[{"embeddable":true,"href":"https:\/\/aps-supply.com\/es\/wp-json\/wp\/v2\/media\/24984"}],"wp:attachment":[{"href":"https:\/\/aps-supply.com\/es\/wp-json\/wp\/v2\/media?parent=24981"}],"curies":[{"name":"wp","href":"https:\/\/api.w.org\/{rel}","templated":true}]}}