{"id":24993,"date":"2023-09-03T21:48:29","date_gmt":"2023-09-04T04:48:29","guid":{"rendered":"https:\/\/aps-supply.com\/?page_id=24993"},"modified":"2023-09-14T20:27:23","modified_gmt":"2023-09-15T03:27:23","slug":"mitigacion-de-colisiones-en-carretillas-elevadoras","status":"publish","type":"page","link":"https:\/\/aps-supply.com\/es\/mitigacion-de-colisiones-en-carretillas-elevadoras\/","title":{"rendered":"Mitigaci\u00f3n de colisiones en carretillas elevadoras"},"content":{"rendered":"<p><strong>Problema<\/strong>: Durante el funcionamiento de una carretilla elevadora de 3,5T en una planta de producci\u00f3n de cemento, las carretillas elevadoras chocan ocasionalmente con filas de ladrillos empaquetados, el impacto puede hacer que la pila se derrumbe o sea empujada sobre un compa\u00f1ero operador de carretilla elevadora en la fila paralela, causando as\u00ed lesiones y da\u00f1os graves.<\/p>\n<p><strong>Soluci\u00f3n<\/strong>: Se contact\u00f3 con APS para que proporcionara una soluci\u00f3n que ayudara a los operarios a ver los \u00e1ngulos muertos y emitiera una alerta ac\u00fastica al dar marcha atr\u00e1s. Se propuso un \u00fanico sensor, un monitor de 7\" y un sistema de c\u00e1maras. APS particip\u00f3 desde la configuraci\u00f3n del sistema y el proceso de instalaci\u00f3n hasta la formaci\u00f3n de los operadores para garantizar la competencia, el funcionamiento y el mantenimiento del sistema de radar.<\/p>\n<p><img loading=\"lazy\" decoding=\"async\" class=\"alignnone size-large wp-image-24997\" src=\"https:\/\/aps-supply.com\/wp-content\/uploads\/2023\/09\/PreView_Sentry_Forklift_collage-1024x368.jpg\" alt=\"\" width=\"1024\" height=\"368\" srcset=\"https:\/\/aps-supply.com\/wp-content\/uploads\/2023\/09\/PreView_Sentry_Forklift_collage-1024x368.jpg 1024w, https:\/\/aps-supply.com\/wp-content\/uploads\/2023\/09\/PreView_Sentry_Forklift_collage-300x108.jpg 300w, https:\/\/aps-supply.com\/wp-content\/uploads\/2023\/09\/PreView_Sentry_Forklift_collage-768x276.jpg 768w, https:\/\/aps-supply.com\/wp-content\/uploads\/2023\/09\/PreView_Sentry_Forklift_collage-1536x551.jpg 1536w, https:\/\/aps-supply.com\/wp-content\/uploads\/2023\/09\/PreView_Sentry_Forklift_collage.jpg 1989w\" sizes=\"auto, (max-width: 1024px) 100vw, 1024px\" \/><\/p>\n<p><strong>Objetivo<\/strong>: Conseguir un entorno de trabajo m\u00e1s seguro para los operadores de carretillas elevadoras y reducir la posibilidad de que vuelvan a producirse incidentes. La soluci\u00f3n implementada ha superado las expectativas de los clientes, no se han producido m\u00e1s incidentes desde la implementaci\u00f3n, prueba del \u00e9xito de las soluciones es que este sistema se ha instalado en m\u00e1s de 75% de la flota con esta soluci\u00f3n de punto ciego de alerta visual \/ audible activa, el despliegue est\u00e1 en curso a lo largo de 2023 para lograr la instalaci\u00f3n de la flota 100%.<\/p>\n<p>Los comentarios del equipo de operaciones nacionales han sido excepcionales. Est\u00e1n muy satisfechos con la experiencia de APS y el soporte t\u00e9cnico in situ y externo.<\/p>\n<p><a href=\"https:\/\/aps-supply.com\/es\/pongase-en-contacto-con\/\">P\u00f3ngase en contacto con su representante local de APS<\/a> para hablar de c\u00f3mo podemos adaptar una soluci\u00f3n a sus necesidades.<\/p>\n<p>&nbsp;<\/p>\n<p class=\"p1\"><b>Nota**<\/b> El indicador de conocimiento de la situaci\u00f3n se proporcion\u00f3 a los operadores de las carretillas elevadoras para ofrecer una f\u00e1cil comprensi\u00f3n de las capacidades auditivas y visuales del sistema.<\/p>\n<p><img loading=\"lazy\" decoding=\"async\" class=\"alignnone size-large wp-image-25000\" src=\"https:\/\/aps-supply.com\/wp-content\/uploads\/2023\/09\/Situational_awareness_indicator-1024x560.png\" alt=\"\" width=\"1024\" height=\"560\" srcset=\"https:\/\/aps-supply.com\/wp-content\/uploads\/2023\/09\/Situational_awareness_indicator-1024x560.png 1024w, https:\/\/aps-supply.com\/wp-content\/uploads\/2023\/09\/Situational_awareness_indicator-300x164.png 300w, https:\/\/aps-supply.com\/wp-content\/uploads\/2023\/09\/Situational_awareness_indicator-768x420.png 768w, https:\/\/aps-supply.com\/wp-content\/uploads\/2023\/09\/Situational_awareness_indicator-1536x839.png 1536w, https:\/\/aps-supply.com\/wp-content\/uploads\/2023\/09\/Situational_awareness_indicator.png 2002w\" sizes=\"auto, (max-width: 1024px) 100vw, 1024px\" \/><\/p>","protected":false},"excerpt":{"rendered":"<p>Problema: Durante el funcionamiento de una carretilla elevadora de 3,5T en una planta de producci\u00f3n de cemento, las carretillas elevadoras chocan ocasionalmente con filas de ladrillos empaquetados, el impacto puede hacer que la pila se derrumbe o sea empujada sobre un operador de carretilla elevadora compa\u00f1ero en la fila paralela, causando as\u00ed lesiones y da\u00f1os graves. Soluci\u00f3n: Se contact\u00f3 con APS para que proporcionara una soluci\u00f3n...<\/p>","protected":false},"author":10,"featured_media":24998,"parent":0,"menu_order":0,"comment_status":"closed","ping_status":"closed","template":"","meta":{"_acf_changed":false,"footnotes":""},"class_list":["post-24993","page","type-page","status-publish","has-post-thumbnail","hentry","case-study-category-collision-mitigation-radar"],"acf":[],"yoast_head":"<!-- This site is optimized with the Yoast SEO Premium plugin v26.9 (Yoast SEO v26.9) - https:\/\/yoast.com\/product\/yoast-seo-premium-wordpress\/ -->\n<title>Mitigating Collisions on Forklifts - APS<\/title>\n<meta name=\"robots\" content=\"index, follow, max-snippet:-1, max-image-preview:large, max-video-preview:-1\" \/>\n<link rel=\"canonical\" href=\"https:\/\/aps-supply.com\/es\/mitigacion-de-colisiones-en-carretillas-elevadoras\/\" \/>\n<meta property=\"og:locale\" content=\"es_ES\" \/>\n<meta property=\"og:type\" content=\"article\" \/>\n<meta property=\"og:title\" content=\"Mitigating Collisions on Forklifts\" \/>\n<meta property=\"og:description\" content=\"Problem: During operation of a 3.5T forklift in a cement production plant, forklifts occasionally collide with rows of packed bricks, the impact can cause the stack to collapse or be pushed onto a fellow forklift operator in the parallel row, thus causing serious injury and damage. Solution: APS was approached to provide a solution to&hellip;\" \/>\n<meta property=\"og:url\" content=\"https:\/\/aps-supply.com\/es\/mitigacion-de-colisiones-en-carretillas-elevadoras\/\" \/>\n<meta property=\"og:site_name\" content=\"APS\" \/>\n<meta property=\"article:publisher\" content=\"https:\/\/www.facebook.com\/pages\/APS-Lighting-and-Safety-Products\/499382100107067\" \/>\n<meta property=\"article:modified_time\" content=\"2023-09-15T03:27:23+00:00\" \/>\n<meta property=\"og:image\" content=\"https:\/\/aps-supply.com\/wp-content\/uploads\/2023\/09\/Mitigating_Collisions_on_Forklifts_featured.jpg\" \/>\n\t<meta property=\"og:image:width\" content=\"1613\" \/>\n\t<meta property=\"og:image:height\" content=\"1054\" \/>\n\t<meta property=\"og:image:type\" content=\"image\/jpeg\" \/>\n<meta name=\"twitter:card\" content=\"summary_large_image\" \/>\n<meta name=\"twitter:site\" content=\"@APSLighting_JB\" \/>\n<meta name=\"twitter:label1\" content=\"Tiempo de lectura\" \/>\n\t<meta name=\"twitter:data1\" content=\"2 minutos\" \/>\n<script type=\"application\/ld+json\" class=\"yoast-schema-graph\">{\"@context\":\"https:\/\/schema.org\",\"@graph\":[{\"@type\":\"WebPage\",\"@id\":\"https:\/\/aps-supply.com\/mitigating-collisions-on-forklifts\/\",\"url\":\"https:\/\/aps-supply.com\/mitigating-collisions-on-forklifts\/\",\"name\":\"Mitigating Collisions on Forklifts - APS\",\"isPartOf\":{\"@id\":\"https:\/\/aps-supply.com\/#website\"},\"primaryImageOfPage\":{\"@id\":\"https:\/\/aps-supply.com\/mitigating-collisions-on-forklifts\/#primaryimage\"},\"image\":{\"@id\":\"https:\/\/aps-supply.com\/mitigating-collisions-on-forklifts\/#primaryimage\"},\"thumbnailUrl\":\"https:\/\/aps-supply.com\/wp-content\/uploads\/2023\/09\/Mitigating_Collisions_on_Forklifts_featured.jpg\",\"datePublished\":\"2023-09-04T04:48:29+00:00\",\"dateModified\":\"2023-09-15T03:27:23+00:00\",\"breadcrumb\":{\"@id\":\"https:\/\/aps-supply.com\/mitigating-collisions-on-forklifts\/#breadcrumb\"},\"inLanguage\":\"es-CO\",\"potentialAction\":[{\"@type\":\"ReadAction\",\"target\":[\"https:\/\/aps-supply.com\/mitigating-collisions-on-forklifts\/\"]}]},{\"@type\":\"ImageObject\",\"inLanguage\":\"es-CO\",\"@id\":\"https:\/\/aps-supply.com\/mitigating-collisions-on-forklifts\/#primaryimage\",\"url\":\"https:\/\/aps-supply.com\/wp-content\/uploads\/2023\/09\/Mitigating_Collisions_on_Forklifts_featured.jpg\",\"contentUrl\":\"https:\/\/aps-supply.com\/wp-content\/uploads\/2023\/09\/Mitigating_Collisions_on_Forklifts_featured.jpg\",\"width\":1613,\"height\":1054},{\"@type\":\"BreadcrumbList\",\"@id\":\"https:\/\/aps-supply.com\/mitigating-collisions-on-forklifts\/#breadcrumb\",\"itemListElement\":[{\"@type\":\"ListItem\",\"position\":1,\"name\":\"Home\",\"item\":\"https:\/\/aps-supply.com\/\"},{\"@type\":\"ListItem\",\"position\":2,\"name\":\"Mitigating Collisions on Forklifts\"}]},{\"@type\":\"WebSite\",\"@id\":\"https:\/\/aps-supply.com\/#website\",\"url\":\"https:\/\/aps-supply.com\/\",\"name\":\"APS\",\"description\":\"Lighting &amp; Safety\",\"publisher\":{\"@id\":\"https:\/\/aps-supply.com\/#organization\"},\"potentialAction\":[{\"@type\":\"SearchAction\",\"target\":{\"@type\":\"EntryPoint\",\"urlTemplate\":\"https:\/\/aps-supply.com\/?s={search_term_string}\"},\"query-input\":{\"@type\":\"PropertyValueSpecification\",\"valueRequired\":true,\"valueName\":\"search_term_string\"}}],\"inLanguage\":\"es-CO\"},{\"@type\":\"Organization\",\"@id\":\"https:\/\/aps-supply.com\/#organization\",\"name\":\"APS Supply\",\"url\":\"https:\/\/aps-supply.com\/\",\"logo\":{\"@type\":\"ImageObject\",\"inLanguage\":\"es-CO\",\"@id\":\"https:\/\/aps-supply.com\/#\/schema\/logo\/image\/\",\"url\":\"https:\/\/aps-supply.com\/wp-content\/uploads\/2025\/07\/APS-Logo-Master_HD.png\",\"contentUrl\":\"https:\/\/aps-supply.com\/wp-content\/uploads\/2025\/07\/APS-Logo-Master_HD.png\",\"width\":26589,\"height\":6468,\"caption\":\"APS Supply\"},\"image\":{\"@id\":\"https:\/\/aps-supply.com\/#\/schema\/logo\/image\/\"},\"sameAs\":[\"https:\/\/www.facebook.com\/pages\/APS-Lighting-and-Safety-Products\/499382100107067\",\"https:\/\/x.com\/APSLighting_JB\",\"https:\/\/www.linkedin.com\/company\/aps-lighting-&-safety\/\",\"https:\/\/www.youtube.com\/@APSLightingandSafety\"]}]}<\/script>\n<!-- \/ Yoast SEO Premium plugin. -->","yoast_head_json":{"title":"Mitigaci\u00f3n de colisiones en carretillas elevadoras - APS","robots":{"index":"index","follow":"follow","max-snippet":"max-snippet:-1","max-image-preview":"max-image-preview:large","max-video-preview":"max-video-preview:-1"},"canonical":"https:\/\/aps-supply.com\/es\/mitigacion-de-colisiones-en-carretillas-elevadoras\/","og_locale":"es_ES","og_type":"article","og_title":"Mitigating Collisions on Forklifts","og_description":"Problem: During operation of a 3.5T forklift in a cement production plant, forklifts occasionally collide with rows of packed bricks, the impact can cause the stack to collapse or be pushed onto a fellow forklift operator in the parallel row, thus causing serious injury and damage. Solution: APS was approached to provide a solution to&hellip;","og_url":"https:\/\/aps-supply.com\/es\/mitigacion-de-colisiones-en-carretillas-elevadoras\/","og_site_name":"APS","article_publisher":"https:\/\/www.facebook.com\/pages\/APS-Lighting-and-Safety-Products\/499382100107067","article_modified_time":"2023-09-15T03:27:23+00:00","og_image":[{"width":1613,"height":1054,"url":"https:\/\/aps-supply.com\/wp-content\/uploads\/2023\/09\/Mitigating_Collisions_on_Forklifts_featured.jpg","type":"image\/jpeg"}],"twitter_card":"summary_large_image","twitter_site":"@APSLighting_JB","twitter_misc":{"Tiempo de lectura":"2 minutos"},"schema":{"@context":"https:\/\/schema.org","@graph":[{"@type":"WebPage","@id":"https:\/\/aps-supply.com\/mitigating-collisions-on-forklifts\/","url":"https:\/\/aps-supply.com\/mitigating-collisions-on-forklifts\/","name":"Mitigaci\u00f3n de colisiones en carretillas elevadoras - APS","isPartOf":{"@id":"https:\/\/aps-supply.com\/#website"},"primaryImageOfPage":{"@id":"https:\/\/aps-supply.com\/mitigating-collisions-on-forklifts\/#primaryimage"},"image":{"@id":"https:\/\/aps-supply.com\/mitigating-collisions-on-forklifts\/#primaryimage"},"thumbnailUrl":"https:\/\/aps-supply.com\/wp-content\/uploads\/2023\/09\/Mitigating_Collisions_on_Forklifts_featured.jpg","datePublished":"2023-09-04T04:48:29+00:00","dateModified":"2023-09-15T03:27:23+00:00","breadcrumb":{"@id":"https:\/\/aps-supply.com\/mitigating-collisions-on-forklifts\/#breadcrumb"},"inLanguage":"es-CO","potentialAction":[{"@type":"ReadAction","target":["https:\/\/aps-supply.com\/mitigating-collisions-on-forklifts\/"]}]},{"@type":"ImageObject","inLanguage":"es-CO","@id":"https:\/\/aps-supply.com\/mitigating-collisions-on-forklifts\/#primaryimage","url":"https:\/\/aps-supply.com\/wp-content\/uploads\/2023\/09\/Mitigating_Collisions_on_Forklifts_featured.jpg","contentUrl":"https:\/\/aps-supply.com\/wp-content\/uploads\/2023\/09\/Mitigating_Collisions_on_Forklifts_featured.jpg","width":1613,"height":1054},{"@type":"BreadcrumbList","@id":"https:\/\/aps-supply.com\/mitigating-collisions-on-forklifts\/#breadcrumb","itemListElement":[{"@type":"ListItem","position":1,"name":"Home","item":"https:\/\/aps-supply.com\/"},{"@type":"ListItem","position":2,"name":"Mitigating Collisions on Forklifts"}]},{"@type":"WebSite","@id":"https:\/\/aps-supply.com\/#website","url":"https:\/\/aps-supply.com\/","name":"APS","description":"Iluminaci\u00f3n y seguridad","publisher":{"@id":"https:\/\/aps-supply.com\/#organization"},"potentialAction":[{"@type":"SearchAction","target":{"@type":"EntryPoint","urlTemplate":"https:\/\/aps-supply.com\/?s={search_term_string}"},"query-input":{"@type":"PropertyValueSpecification","valueRequired":true,"valueName":"search_term_string"}}],"inLanguage":"es-CO"},{"@type":"Organization","@id":"https:\/\/aps-supply.com\/#organization","name":"Suministros APS","url":"https:\/\/aps-supply.com\/","logo":{"@type":"ImageObject","inLanguage":"es-CO","@id":"https:\/\/aps-supply.com\/#\/schema\/logo\/image\/","url":"https:\/\/aps-supply.com\/wp-content\/uploads\/2025\/07\/APS-Logo-Master_HD.png","contentUrl":"https:\/\/aps-supply.com\/wp-content\/uploads\/2025\/07\/APS-Logo-Master_HD.png","width":26589,"height":6468,"caption":"APS Supply"},"image":{"@id":"https:\/\/aps-supply.com\/#\/schema\/logo\/image\/"},"sameAs":["https:\/\/www.facebook.com\/pages\/APS-Lighting-and-Safety-Products\/499382100107067","https:\/\/x.com\/APSLighting_JB","https:\/\/www.linkedin.com\/company\/aps-lighting-&-safety\/","https:\/\/www.youtube.com\/@APSLightingandSafety"]}]}},"_links":{"self":[{"href":"https:\/\/aps-supply.com\/es\/wp-json\/wp\/v2\/pages\/24993","targetHints":{"allow":["GET"]}}],"collection":[{"href":"https:\/\/aps-supply.com\/es\/wp-json\/wp\/v2\/pages"}],"about":[{"href":"https:\/\/aps-supply.com\/es\/wp-json\/wp\/v2\/types\/page"}],"author":[{"embeddable":true,"href":"https:\/\/aps-supply.com\/es\/wp-json\/wp\/v2\/users\/10"}],"replies":[{"embeddable":true,"href":"https:\/\/aps-supply.com\/es\/wp-json\/wp\/v2\/comments?post=24993"}],"version-history":[{"count":0,"href":"https:\/\/aps-supply.com\/es\/wp-json\/wp\/v2\/pages\/24993\/revisions"}],"wp:featuredmedia":[{"embeddable":true,"href":"https:\/\/aps-supply.com\/es\/wp-json\/wp\/v2\/media\/24998"}],"wp:attachment":[{"href":"https:\/\/aps-supply.com\/es\/wp-json\/wp\/v2\/media?parent=24993"}],"curies":[{"name":"wp","href":"https:\/\/api.w.org\/{rel}","templated":true}]}}