{"id":25,"date":"2014-06-15T18:23:29","date_gmt":"2014-06-15T18:23:29","guid":{"rendered":"https:\/\/aps-supply.com?page_id=25"},"modified":"2015-01-20T00:28:17","modified_gmt":"2015-01-20T08:28:17","slug":"logistica-de-compras-en-ee-uu","status":"publish","type":"page","link":"https:\/\/aps-supply.com\/es\/servicios\/logistica-de-compras-en-ee-uu\/","title":{"rendered":"Adquisiciones y log\u00edstica en EE.UU."},"content":{"rendered":"<p><a href=\"https:\/\/aps-supply.com\/wp-content\/uploads\/2014\/06\/Procurement-banner-755px.jpg\"><img loading=\"lazy\" decoding=\"async\" class=\"alignnone size-full wp-image-5355\" src=\"https:\/\/aps-supply.com\/wp-content\/uploads\/2014\/06\/Procurement-banner-755px.jpg\" alt=\"Adquisiciones-banner-755px\" width=\"755\" height=\"108\" srcset=\"https:\/\/aps-supply.com\/wp-content\/uploads\/2014\/06\/Procurement-banner-755px.jpg 755w, https:\/\/aps-supply.com\/wp-content\/uploads\/2014\/06\/Procurement-banner-755px-300x43.jpg 300w\" sizes=\"auto, (max-width: 755px) 100vw, 755px\" \/><\/a><\/p>\n<p>Alcance mundial<br \/>\nConocimientos locales<br \/>\nLog\u00edstica y manipulaci\u00f3n<\/p>\n<p>Los especialistas en adquisiciones de APS USA cuentan con m\u00e1s de 20 a\u00f1os de experiencia en la adquisici\u00f3n de productos el\u00e9ctricos y de seguridad para nuestros clientes a escala internacional.<\/p>\n<p>Proporcionamos a nuestros clientes:<\/p>\n<ul>\n<li>Ahorro sustancial de costes<\/li>\n<li>Instalaciones establecidas en EE.UU. y el m\u00e1ximo nivel de integridad<\/li>\n<li>Experiencia en log\u00edstica y manipulaci\u00f3n internacional<\/li>\n<li>Entrega fiable<\/li>\n<\/ul>\n<p>Cuando se asocia con nosotros, deja que su equipo directivo se centre en su actividad principal mientras nosotros nos encargamos de la adquisici\u00f3n y el suministro de las compras no esenciales.<\/p>\n<p>APS negociar\u00e1 la mejor oferta y coordinar\u00e1 la compra en todas las fases del proceso de suministro, garantizando la calidad del servicio y la fiabilidad. Perm\u00edtanos utilizar nuestros conocimientos, capacidad de compra y experiencia log\u00edstica para minimizar sus costes y ofrecerle un valor real.<\/p>","protected":false},"excerpt":{"rendered":"<p>Alcance mundial Conocimientos locales Experiencia en log\u00edstica y manipulaci\u00f3n Los especialistas en compras de APS USA cuentan con m\u00e1s de 20 a\u00f1os de experiencia en la adquisici\u00f3n de productos el\u00e9ctricos y de seguridad para nuestros clientes a escala internacional. Ofrecemos a nuestros clientes Ahorro sustancial de costes Instalaciones establecidas en EE.UU. y el m\u00e1s alto nivel de integridad Experiencia internacional en log\u00edstica y manipulaci\u00f3n Entrega fiable Cuando se asocia...<\/p>","protected":false},"author":6,"featured_media":0,"parent":8,"menu_order":0,"comment_status":"open","ping_status":"closed","template":"page-sidemenu.php","meta":{"_acf_changed":false,"footnotes":""},"class_list":["post-25","page","type-page","status-publish","hentry"],"acf":[],"yoast_head":"<!-- This site is optimized with the Yoast SEO Premium plugin v26.9 (Yoast SEO v26.9) - https:\/\/yoast.com\/product\/yoast-seo-premium-wordpress\/ -->\n<title>USA Procurement &amp; Logistics - APS<\/title>\n<meta name=\"robots\" content=\"index, follow, max-snippet:-1, max-image-preview:large, max-video-preview:-1\" \/>\n<link rel=\"canonical\" href=\"https:\/\/aps-supply.com\/es\/servicios\/logistica-de-compras-en-ee-uu\/\" \/>\n<meta property=\"og:locale\" content=\"es_ES\" \/>\n<meta property=\"og:type\" content=\"article\" \/>\n<meta property=\"og:title\" content=\"USA Procurement &amp; Logistics\" \/>\n<meta property=\"og:description\" content=\"Global reach Local knowledge Logistics &amp; Handling expertise APS USA procurement specialists have more than 20 years of experience in procuring electrical and safety products for our clients internationally. We provide our clients: Substantial cost savings Established USA facilities and the highest level of integrity International logistics and handling experience Reliable delivery When you partner&hellip;\" \/>\n<meta property=\"og:url\" content=\"https:\/\/aps-supply.com\/es\/servicios\/logistica-de-compras-en-ee-uu\/\" \/>\n<meta property=\"og:site_name\" content=\"APS\" \/>\n<meta property=\"article:publisher\" content=\"https:\/\/www.facebook.com\/pages\/APS-Lighting-and-Safety-Products\/499382100107067\" \/>\n<meta property=\"article:modified_time\" content=\"2015-01-20T08:28:17+00:00\" \/>\n<meta property=\"og:image\" content=\"https:\/\/aps-supply.com\/wp-content\/uploads\/2014\/06\/Procurement-banner-755px.jpg\" \/>\n\t<meta property=\"og:image:width\" content=\"755\" \/>\n\t<meta property=\"og:image:height\" content=\"108\" \/>\n\t<meta property=\"og:image:type\" content=\"image\/jpeg\" \/>\n<meta name=\"twitter:card\" content=\"summary_large_image\" \/>\n<meta name=\"twitter:site\" content=\"@APSLighting_JB\" \/>\n<meta name=\"twitter:label1\" content=\"Tiempo de lectura\" \/>\n\t<meta name=\"twitter:data1\" content=\"1 minuto\" \/>\n<script type=\"application\/ld+json\" class=\"yoast-schema-graph\">{\"@context\":\"https:\/\/schema.org\",\"@graph\":[{\"@type\":\"WebPage\",\"@id\":\"https:\/\/aps-supply.com\/services\/usa-procurement-logistics\/\",\"url\":\"https:\/\/aps-supply.com\/services\/usa-procurement-logistics\/\",\"name\":\"USA Procurement & Logistics - APS\",\"isPartOf\":{\"@id\":\"https:\/\/aps-supply.com\/#website\"},\"primaryImageOfPage\":{\"@id\":\"https:\/\/aps-supply.com\/services\/usa-procurement-logistics\/#primaryimage\"},\"image\":{\"@id\":\"https:\/\/aps-supply.com\/services\/usa-procurement-logistics\/#primaryimage\"},\"thumbnailUrl\":\"https:\/\/aps-supply.com\/wp-content\/uploads\/2014\/06\/Procurement-banner-755px.jpg\",\"datePublished\":\"2014-06-15T18:23:29+00:00\",\"dateModified\":\"2015-01-20T08:28:17+00:00\",\"breadcrumb\":{\"@id\":\"https:\/\/aps-supply.com\/services\/usa-procurement-logistics\/#breadcrumb\"},\"inLanguage\":\"es-CO\",\"potentialAction\":[{\"@type\":\"ReadAction\",\"target\":[\"https:\/\/aps-supply.com\/services\/usa-procurement-logistics\/\"]}]},{\"@type\":\"ImageObject\",\"inLanguage\":\"es-CO\",\"@id\":\"https:\/\/aps-supply.com\/services\/usa-procurement-logistics\/#primaryimage\",\"url\":\"https:\/\/aps-supply.com\/wp-content\/uploads\/2014\/06\/Procurement-banner-755px.jpg\",\"contentUrl\":\"https:\/\/aps-supply.com\/wp-content\/uploads\/2014\/06\/Procurement-banner-755px.jpg\"},{\"@type\":\"BreadcrumbList\",\"@id\":\"https:\/\/aps-supply.com\/services\/usa-procurement-logistics\/#breadcrumb\",\"itemListElement\":[{\"@type\":\"ListItem\",\"position\":1,\"name\":\"Home\",\"item\":\"https:\/\/aps-supply.com\/\"},{\"@type\":\"ListItem\",\"position\":2,\"name\":\"Services\",\"item\":\"https:\/\/aps-supply.com\/services\/\"},{\"@type\":\"ListItem\",\"position\":3,\"name\":\"USA Procurement &#038; Logistics\"}]},{\"@type\":\"WebSite\",\"@id\":\"https:\/\/aps-supply.com\/#website\",\"url\":\"https:\/\/aps-supply.com\/\",\"name\":\"APS\",\"description\":\"Lighting &amp; Safety\",\"publisher\":{\"@id\":\"https:\/\/aps-supply.com\/#organization\"},\"potentialAction\":[{\"@type\":\"SearchAction\",\"target\":{\"@type\":\"EntryPoint\",\"urlTemplate\":\"https:\/\/aps-supply.com\/?s={search_term_string}\"},\"query-input\":{\"@type\":\"PropertyValueSpecification\",\"valueRequired\":true,\"valueName\":\"search_term_string\"}}],\"inLanguage\":\"es-CO\"},{\"@type\":\"Organization\",\"@id\":\"https:\/\/aps-supply.com\/#organization\",\"name\":\"APS Supply\",\"url\":\"https:\/\/aps-supply.com\/\",\"logo\":{\"@type\":\"ImageObject\",\"inLanguage\":\"es-CO\",\"@id\":\"https:\/\/aps-supply.com\/#\/schema\/logo\/image\/\",\"url\":\"https:\/\/aps-supply.com\/wp-content\/uploads\/2025\/07\/APS-Logo-Master_HD.png\",\"contentUrl\":\"https:\/\/aps-supply.com\/wp-content\/uploads\/2025\/07\/APS-Logo-Master_HD.png\",\"width\":26589,\"height\":6468,\"caption\":\"APS Supply\"},\"image\":{\"@id\":\"https:\/\/aps-supply.com\/#\/schema\/logo\/image\/\"},\"sameAs\":[\"https:\/\/www.facebook.com\/pages\/APS-Lighting-and-Safety-Products\/499382100107067\",\"https:\/\/x.com\/APSLighting_JB\",\"https:\/\/www.linkedin.com\/company\/aps-lighting-&-safety\/\",\"https:\/\/www.youtube.com\/@APSLightingandSafety\"]}]}<\/script>\n<!-- \/ Yoast SEO Premium plugin. -->","yoast_head_json":{"title":"Adquisiciones y log\u00edstica en EE.UU. - APS","robots":{"index":"index","follow":"follow","max-snippet":"max-snippet:-1","max-image-preview":"max-image-preview:large","max-video-preview":"max-video-preview:-1"},"canonical":"https:\/\/aps-supply.com\/es\/servicios\/logistica-de-compras-en-ee-uu\/","og_locale":"es_ES","og_type":"article","og_title":"USA Procurement & Logistics","og_description":"Global reach Local knowledge Logistics &amp; Handling expertise APS USA procurement specialists have more than 20 years of experience in procuring electrical and safety products for our clients internationally. We provide our clients: Substantial cost savings Established USA facilities and the highest level of integrity International logistics and handling experience Reliable delivery When you partner&hellip;","og_url":"https:\/\/aps-supply.com\/es\/servicios\/logistica-de-compras-en-ee-uu\/","og_site_name":"APS","article_publisher":"https:\/\/www.facebook.com\/pages\/APS-Lighting-and-Safety-Products\/499382100107067","article_modified_time":"2015-01-20T08:28:17+00:00","og_image":[{"width":755,"height":108,"url":"https:\/\/aps-supply.com\/wp-content\/uploads\/2014\/06\/Procurement-banner-755px.jpg","type":"image\/jpeg"}],"twitter_card":"summary_large_image","twitter_site":"@APSLighting_JB","twitter_misc":{"Tiempo de lectura":"1 minuto"},"schema":{"@context":"https:\/\/schema.org","@graph":[{"@type":"WebPage","@id":"https:\/\/aps-supply.com\/services\/usa-procurement-logistics\/","url":"https:\/\/aps-supply.com\/services\/usa-procurement-logistics\/","name":"Adquisiciones y log\u00edstica en EE.UU. - APS","isPartOf":{"@id":"https:\/\/aps-supply.com\/#website"},"primaryImageOfPage":{"@id":"https:\/\/aps-supply.com\/services\/usa-procurement-logistics\/#primaryimage"},"image":{"@id":"https:\/\/aps-supply.com\/services\/usa-procurement-logistics\/#primaryimage"},"thumbnailUrl":"https:\/\/aps-supply.com\/wp-content\/uploads\/2014\/06\/Procurement-banner-755px.jpg","datePublished":"2014-06-15T18:23:29+00:00","dateModified":"2015-01-20T08:28:17+00:00","breadcrumb":{"@id":"https:\/\/aps-supply.com\/services\/usa-procurement-logistics\/#breadcrumb"},"inLanguage":"es-CO","potentialAction":[{"@type":"ReadAction","target":["https:\/\/aps-supply.com\/services\/usa-procurement-logistics\/"]}]},{"@type":"ImageObject","inLanguage":"es-CO","@id":"https:\/\/aps-supply.com\/services\/usa-procurement-logistics\/#primaryimage","url":"https:\/\/aps-supply.com\/wp-content\/uploads\/2014\/06\/Procurement-banner-755px.jpg","contentUrl":"https:\/\/aps-supply.com\/wp-content\/uploads\/2014\/06\/Procurement-banner-755px.jpg"},{"@type":"BreadcrumbList","@id":"https:\/\/aps-supply.com\/services\/usa-procurement-logistics\/#breadcrumb","itemListElement":[{"@type":"ListItem","position":1,"name":"Home","item":"https:\/\/aps-supply.com\/"},{"@type":"ListItem","position":2,"name":"Services","item":"https:\/\/aps-supply.com\/services\/"},{"@type":"ListItem","position":3,"name":"USA Procurement &#038; Logistics"}]},{"@type":"WebSite","@id":"https:\/\/aps-supply.com\/#website","url":"https:\/\/aps-supply.com\/","name":"APS","description":"Iluminaci\u00f3n y seguridad","publisher":{"@id":"https:\/\/aps-supply.com\/#organization"},"potentialAction":[{"@type":"SearchAction","target":{"@type":"EntryPoint","urlTemplate":"https:\/\/aps-supply.com\/?s={search_term_string}"},"query-input":{"@type":"PropertyValueSpecification","valueRequired":true,"valueName":"search_term_string"}}],"inLanguage":"es-CO"},{"@type":"Organization","@id":"https:\/\/aps-supply.com\/#organization","name":"Suministros APS","url":"https:\/\/aps-supply.com\/","logo":{"@type":"ImageObject","inLanguage":"es-CO","@id":"https:\/\/aps-supply.com\/#\/schema\/logo\/image\/","url":"https:\/\/aps-supply.com\/wp-content\/uploads\/2025\/07\/APS-Logo-Master_HD.png","contentUrl":"https:\/\/aps-supply.com\/wp-content\/uploads\/2025\/07\/APS-Logo-Master_HD.png","width":26589,"height":6468,"caption":"APS Supply"},"image":{"@id":"https:\/\/aps-supply.com\/#\/schema\/logo\/image\/"},"sameAs":["https:\/\/www.facebook.com\/pages\/APS-Lighting-and-Safety-Products\/499382100107067","https:\/\/x.com\/APSLighting_JB","https:\/\/www.linkedin.com\/company\/aps-lighting-&-safety\/","https:\/\/www.youtube.com\/@APSLightingandSafety"]}]}},"_links":{"self":[{"href":"https:\/\/aps-supply.com\/es\/wp-json\/wp\/v2\/pages\/25","targetHints":{"allow":["GET"]}}],"collection":[{"href":"https:\/\/aps-supply.com\/es\/wp-json\/wp\/v2\/pages"}],"about":[{"href":"https:\/\/aps-supply.com\/es\/wp-json\/wp\/v2\/types\/page"}],"author":[{"embeddable":true,"href":"https:\/\/aps-supply.com\/es\/wp-json\/wp\/v2\/users\/6"}],"replies":[{"embeddable":true,"href":"https:\/\/aps-supply.com\/es\/wp-json\/wp\/v2\/comments?post=25"}],"version-history":[{"count":0,"href":"https:\/\/aps-supply.com\/es\/wp-json\/wp\/v2\/pages\/25\/revisions"}],"up":[{"embeddable":true,"href":"https:\/\/aps-supply.com\/es\/wp-json\/wp\/v2\/pages\/8"}],"wp:attachment":[{"href":"https:\/\/aps-supply.com\/es\/wp-json\/wp\/v2\/media?parent=25"}],"curies":[{"name":"wp","href":"https:\/\/api.w.org\/{rel}","templated":true}]}}