{"id":25186,"date":"2023-10-24T19:44:31","date_gmt":"2023-10-25T02:44:31","guid":{"rendered":"https:\/\/aps-supply.com\/?page_id=25186"},"modified":"2023-12-03T20:18:09","modified_gmt":"2023-12-04T04:18:09","slug":"sistema-de-radar-previo-aps-sistema-avanzado-de-asistencia-al-conductor-adas","status":"publish","type":"page","link":"https:\/\/aps-supply.com\/es\/sistema-de-radar-previo-aps-sistema-avanzado-de-asistencia-al-conductor-adas\/","title":{"rendered":"Sistema de radar APS PreView un sistema avanzado de asistencia al conductor (ADAS)"},"content":{"rendered":"<p>Un sistema avanzado de asistencia al conductor (ADAS) incluye tecnolog\u00edas que ayudan a los conductores a manejar un veh\u00edculo de forma segura. Mediante la interfaz m\u00e1quina-operador, los ADAS aumentan la seguridad del veh\u00edculo y del usuario de la carretera. Los ADAS utilizan tecnolog\u00edas automatizadas como el radar para detectar obst\u00e1culos cercanos, sobre todo en los \u00e1ngulos muertos del conductor.<\/p>\n<p>Durante los \u00faltimos 3 meses, APS ha estado trabajando junto con el equipo de Roy Hill y la ciudad de Perth para crear una soluci\u00f3n personalizada e integrada en la m\u00e1quina que mejore significativamente la concienciaci\u00f3n del operador, especialmente en los puntos ciegos laterales y traseros de los veh\u00edculos de saneamiento y barredoras viales del ayuntamiento.<\/p>\n<blockquote><p>\"En las \u00faltimas cuatro semanas, el sistema ha demostrado ser un \u00e9xito en el entorno urbano de Perth. La tecnolog\u00eda ofrece al conductor avisos visuales y sonoros y sensores en los laterales y la parte trasera del cami\u00f3n para evitar accidentes.\"<\/p><\/blockquote>\n<p><img loading=\"lazy\" decoding=\"async\" src=\"https:\/\/aps-supply.com\/wp-content\/uploads\/2023\/10\/Roy_Hill_media_release_image1-1024x524.png\" alt=\"\" width=\"1024\" height=\"524\" class=\"alignnone size-large wp-image-25187\" srcset=\"https:\/\/aps-supply.com\/wp-content\/uploads\/2023\/10\/Roy_Hill_media_release_image1-1024x524.png 1024w, https:\/\/aps-supply.com\/wp-content\/uploads\/2023\/10\/Roy_Hill_media_release_image1-300x154.png 300w, https:\/\/aps-supply.com\/wp-content\/uploads\/2023\/10\/Roy_Hill_media_release_image1-768x393.png 768w, https:\/\/aps-supply.com\/wp-content\/uploads\/2023\/10\/Roy_Hill_media_release_image1-1536x786.png 1536w, https:\/\/aps-supply.com\/wp-content\/uploads\/2023\/10\/Roy_Hill_media_release_image1-2048x1048.png 2048w\" sizes=\"auto, (max-width: 1024px) 100vw, 1024px\" \/><br \/>\n<br \/>\nBasil Zempilas, alcalde de la ciudad de Perth, declar\u00f3 que estaba encantado de que la ciudad pudiera participar en este ensayo pionero y en la implantaci\u00f3n de esta tecnolog\u00eda para crear un entorno m\u00e1s seguro para el personal y la comunidad en general.<\/p>\n<blockquote><p>\"Nuestros equipos de residuos trabajan incansablemente para mantener limpia nuestra ciudad, 22 horas al d\u00eda, siete d\u00edas a la semana. Ahora, gracias a Roy Hill, esta tecnolog\u00eda ofrece a nuestros conductores la garant\u00eda de que pueden realizar el trabajo de forma segura y eficiente.\"<\/p><\/blockquote>\n<p>Gina Rinehart AO, presidenta ejecutiva de Hancock Prospecting y Roy Hill, promovi\u00f3 el acercamiento a la ciudad de Perth, reconociendo la oportunidad de aprovechar las habilidades y experiencia de Roy Hill en la automatizaci\u00f3n de veh\u00edculos para mejorar los resultados de seguridad en Perth.  <a href=\"https:\/\/www.royhill.com.au\/gina-rineharts-personal-tragedy-a-win-for-city-of-perth-government-news\/\" rel=\"noopener\" target=\"_blank\">Noticias RoyHill 16\/8\/2023<\/a>.<\/p>\n<p>El despliegue de la tecnolog\u00eda tendr\u00e1 lugar en los pr\u00f3ximos meses.<\/p>\n<h1 style=\"color:black\">Sistema de radar ADAS para camiones de basura<\/h1>\n<p>APS ha disfrutado de la oportunidad de trabajar con Roy Hill, la ciudad de Perth y otros ayuntamientos australianos. A todos ellos les ha apasionado avanzar hacia Visi\u00f3n Cero. Se trata de un objetivo mundial de seguridad vial que aspira a conseguir un sistema de carreteras sin v\u00edctimas mortales ni heridos graves entre el tr\u00e1fico rodado y los usuarios vulnerables de la v\u00eda p\u00fablica.<br \/>\n<img loading=\"lazy\" decoding=\"async\" src=\"https:\/\/aps-supply.com\/wp-content\/uploads\/2023\/10\/Collage3-1024x398.jpg\" alt=\"\" width=\"1024\" height=\"398\" class=\"alignnone size-large wp-image-25188\" srcset=\"https:\/\/aps-supply.com\/wp-content\/uploads\/2023\/10\/Collage3-1024x398.jpg 1024w, https:\/\/aps-supply.com\/wp-content\/uploads\/2023\/10\/Collage3-300x117.jpg 300w, https:\/\/aps-supply.com\/wp-content\/uploads\/2023\/10\/Collage3-768x298.jpg 768w, https:\/\/aps-supply.com\/wp-content\/uploads\/2023\/10\/Collage3.jpg 1200w\" sizes=\"auto, (max-width: 1024px) 100vw, 1024px\" \/><\/p>\n<h1 style=\"color:black\">Sistemas de radar PreView para camiones de basura<\/h1>\n<p><img loading=\"lazy\" decoding=\"async\" src=\"https:\/\/aps-supply.com\/wp-content\/uploads\/2023\/11\/PreView_Solutions_waste_truck4-1024x730.jpg\" alt=\"\" width=\"1024\" height=\"730\" class=\"alignnone size-large wp-image-25262\" srcset=\"https:\/\/aps-supply.com\/wp-content\/uploads\/2023\/11\/PreView_Solutions_waste_truck4-1024x730.jpg 1024w, https:\/\/aps-supply.com\/wp-content\/uploads\/2023\/11\/PreView_Solutions_waste_truck4-300x214.jpg 300w, https:\/\/aps-supply.com\/wp-content\/uploads\/2023\/11\/PreView_Solutions_waste_truck4-768x547.jpg 768w, https:\/\/aps-supply.com\/wp-content\/uploads\/2023\/11\/PreView_Solutions_waste_truck4-1536x1095.jpg 1536w, https:\/\/aps-supply.com\/wp-content\/uploads\/2023\/11\/PreView_Solutions_waste_truck4.jpg 1602w\" sizes=\"auto, (max-width: 1024px) 100vw, 1024px\" \/><\/p>","protected":false},"excerpt":{"rendered":"<p>Un sistema avanzado de asistencia al conductor (ADAS) incluye tecnolog\u00edas que ayudan a los conductores a manejar un veh\u00edculo de forma segura. Mediante la interfaz m\u00e1quina-operador, los ADAS aumentan la seguridad del veh\u00edculo y del usuario de la carretera. ADAS utiliza tecnolog\u00edas automatizadas como el radar para detectar obst\u00e1culos cercanos, sobre todo en los \u00e1ngulos muertos del conductor. Desde hace 3 meses, APS colabora...<\/p>","protected":false},"author":10,"featured_media":25287,"parent":0,"menu_order":0,"comment_status":"closed","ping_status":"closed","template":"","meta":{"_acf_changed":false,"footnotes":""},"class_list":["post-25186","page","type-page","status-publish","has-post-thumbnail","hentry","case-study-category-collision-mitigation-radar"],"acf":[],"yoast_head":"<!-- This site is optimized with the Yoast SEO Premium plugin v26.9 (Yoast SEO v26.9) - https:\/\/yoast.com\/product\/yoast-seo-premium-wordpress\/ -->\n<title>APS PreView Radar System an Advanced Driver Assisted System (ADAS) - APS<\/title>\n<meta name=\"robots\" content=\"index, follow, max-snippet:-1, max-image-preview:large, max-video-preview:-1\" \/>\n<link rel=\"canonical\" href=\"https:\/\/aps-supply.com\/es\/sistema-de-radar-previo-aps-sistema-avanzado-de-asistencia-al-conductor-adas\/\" \/>\n<meta property=\"og:locale\" content=\"es_ES\" \/>\n<meta property=\"og:type\" content=\"article\" \/>\n<meta property=\"og:title\" content=\"APS PreView Radar System an Advanced Driver Assisted System (ADAS)\" \/>\n<meta property=\"og:description\" content=\"An advanced driver assisted system (ADAS) includes technologies that assist drivers with the safe operation of a vehicle. Through machine \u2013 operator interface ADAS increases vehicle and road user safety. ADAS uses automated technologies like radar to detect nearby obstacles, particularly in driver blind spots. For the past 3 months APS has been working together&hellip;\" \/>\n<meta property=\"og:url\" content=\"https:\/\/aps-supply.com\/es\/sistema-de-radar-previo-aps-sistema-avanzado-de-asistencia-al-conductor-adas\/\" \/>\n<meta property=\"og:site_name\" content=\"APS\" \/>\n<meta property=\"article:publisher\" content=\"https:\/\/www.facebook.com\/pages\/APS-Lighting-and-Safety-Products\/499382100107067\" \/>\n<meta property=\"article:modified_time\" content=\"2023-12-04T04:18:09+00:00\" \/>\n<meta property=\"og:image\" content=\"https:\/\/aps-supply.com\/wp-content\/uploads\/2023\/11\/Roy_Hill_media_release_featured.jpg\" \/>\n\t<meta property=\"og:image:width\" content=\"1613\" \/>\n\t<meta property=\"og:image:height\" content=\"1054\" \/>\n\t<meta property=\"og:image:type\" content=\"image\/jpeg\" \/>\n<meta name=\"twitter:card\" content=\"summary_large_image\" \/>\n<meta name=\"twitter:site\" content=\"@APSLighting_JB\" \/>\n<meta name=\"twitter:label1\" content=\"Tiempo de lectura\" \/>\n\t<meta name=\"twitter:data1\" content=\"2 minutos\" \/>\n<script type=\"application\/ld+json\" class=\"yoast-schema-graph\">{\"@context\":\"https:\/\/schema.org\",\"@graph\":[{\"@type\":\"WebPage\",\"@id\":\"https:\/\/aps-supply.com\/aps-preview-radar-system-an-advanced-driver-assisted-system-adas\/\",\"url\":\"https:\/\/aps-supply.com\/aps-preview-radar-system-an-advanced-driver-assisted-system-adas\/\",\"name\":\"APS PreView Radar System an Advanced Driver Assisted System (ADAS) - APS\",\"isPartOf\":{\"@id\":\"https:\/\/aps-supply.com\/#website\"},\"primaryImageOfPage\":{\"@id\":\"https:\/\/aps-supply.com\/aps-preview-radar-system-an-advanced-driver-assisted-system-adas\/#primaryimage\"},\"image\":{\"@id\":\"https:\/\/aps-supply.com\/aps-preview-radar-system-an-advanced-driver-assisted-system-adas\/#primaryimage\"},\"thumbnailUrl\":\"https:\/\/aps-supply.com\/wp-content\/uploads\/2023\/11\/Roy_Hill_media_release_featured.jpg\",\"datePublished\":\"2023-10-25T02:44:31+00:00\",\"dateModified\":\"2023-12-04T04:18:09+00:00\",\"breadcrumb\":{\"@id\":\"https:\/\/aps-supply.com\/aps-preview-radar-system-an-advanced-driver-assisted-system-adas\/#breadcrumb\"},\"inLanguage\":\"es-CO\",\"potentialAction\":[{\"@type\":\"ReadAction\",\"target\":[\"https:\/\/aps-supply.com\/aps-preview-radar-system-an-advanced-driver-assisted-system-adas\/\"]}]},{\"@type\":\"ImageObject\",\"inLanguage\":\"es-CO\",\"@id\":\"https:\/\/aps-supply.com\/aps-preview-radar-system-an-advanced-driver-assisted-system-adas\/#primaryimage\",\"url\":\"https:\/\/aps-supply.com\/wp-content\/uploads\/2023\/11\/Roy_Hill_media_release_featured.jpg\",\"contentUrl\":\"https:\/\/aps-supply.com\/wp-content\/uploads\/2023\/11\/Roy_Hill_media_release_featured.jpg\",\"width\":1613,\"height\":1054},{\"@type\":\"BreadcrumbList\",\"@id\":\"https:\/\/aps-supply.com\/aps-preview-radar-system-an-advanced-driver-assisted-system-adas\/#breadcrumb\",\"itemListElement\":[{\"@type\":\"ListItem\",\"position\":1,\"name\":\"Home\",\"item\":\"https:\/\/aps-supply.com\/\"},{\"@type\":\"ListItem\",\"position\":2,\"name\":\"APS PreView Radar System an Advanced Driver Assisted System (ADAS)\"}]},{\"@type\":\"WebSite\",\"@id\":\"https:\/\/aps-supply.com\/#website\",\"url\":\"https:\/\/aps-supply.com\/\",\"name\":\"APS\",\"description\":\"Lighting &amp; Safety\",\"publisher\":{\"@id\":\"https:\/\/aps-supply.com\/#organization\"},\"potentialAction\":[{\"@type\":\"SearchAction\",\"target\":{\"@type\":\"EntryPoint\",\"urlTemplate\":\"https:\/\/aps-supply.com\/?s={search_term_string}\"},\"query-input\":{\"@type\":\"PropertyValueSpecification\",\"valueRequired\":true,\"valueName\":\"search_term_string\"}}],\"inLanguage\":\"es-CO\"},{\"@type\":\"Organization\",\"@id\":\"https:\/\/aps-supply.com\/#organization\",\"name\":\"APS Supply\",\"url\":\"https:\/\/aps-supply.com\/\",\"logo\":{\"@type\":\"ImageObject\",\"inLanguage\":\"es-CO\",\"@id\":\"https:\/\/aps-supply.com\/#\/schema\/logo\/image\/\",\"url\":\"https:\/\/aps-supply.com\/wp-content\/uploads\/2025\/07\/APS-Logo-Master_HD.png\",\"contentUrl\":\"https:\/\/aps-supply.com\/wp-content\/uploads\/2025\/07\/APS-Logo-Master_HD.png\",\"width\":26589,\"height\":6468,\"caption\":\"APS Supply\"},\"image\":{\"@id\":\"https:\/\/aps-supply.com\/#\/schema\/logo\/image\/\"},\"sameAs\":[\"https:\/\/www.facebook.com\/pages\/APS-Lighting-and-Safety-Products\/499382100107067\",\"https:\/\/x.com\/APSLighting_JB\",\"https:\/\/www.linkedin.com\/company\/aps-lighting-&-safety\/\",\"https:\/\/www.youtube.com\/@APSLightingandSafety\"]}]}<\/script>\n<!-- \/ Yoast SEO Premium plugin. -->","yoast_head_json":{"title":"Sistema de radar APS PreView un sistema avanzado de asistencia al conductor (ADAS) - APS","robots":{"index":"index","follow":"follow","max-snippet":"max-snippet:-1","max-image-preview":"max-image-preview:large","max-video-preview":"max-video-preview:-1"},"canonical":"https:\/\/aps-supply.com\/es\/sistema-de-radar-previo-aps-sistema-avanzado-de-asistencia-al-conductor-adas\/","og_locale":"es_ES","og_type":"article","og_title":"APS PreView Radar System an Advanced Driver Assisted System (ADAS)","og_description":"An advanced driver assisted system (ADAS) includes technologies that assist drivers with the safe operation of a vehicle. Through machine \u2013 operator interface ADAS increases vehicle and road user safety. ADAS uses automated technologies like radar to detect nearby obstacles, particularly in driver blind spots. For the past 3 months APS has been working together&hellip;","og_url":"https:\/\/aps-supply.com\/es\/sistema-de-radar-previo-aps-sistema-avanzado-de-asistencia-al-conductor-adas\/","og_site_name":"APS","article_publisher":"https:\/\/www.facebook.com\/pages\/APS-Lighting-and-Safety-Products\/499382100107067","article_modified_time":"2023-12-04T04:18:09+00:00","og_image":[{"width":1613,"height":1054,"url":"https:\/\/aps-supply.com\/wp-content\/uploads\/2023\/11\/Roy_Hill_media_release_featured.jpg","type":"image\/jpeg"}],"twitter_card":"summary_large_image","twitter_site":"@APSLighting_JB","twitter_misc":{"Tiempo de lectura":"2 minutos"},"schema":{"@context":"https:\/\/schema.org","@graph":[{"@type":"WebPage","@id":"https:\/\/aps-supply.com\/aps-preview-radar-system-an-advanced-driver-assisted-system-adas\/","url":"https:\/\/aps-supply.com\/aps-preview-radar-system-an-advanced-driver-assisted-system-adas\/","name":"Sistema de radar APS PreView un sistema avanzado de asistencia al conductor (ADAS) - APS","isPartOf":{"@id":"https:\/\/aps-supply.com\/#website"},"primaryImageOfPage":{"@id":"https:\/\/aps-supply.com\/aps-preview-radar-system-an-advanced-driver-assisted-system-adas\/#primaryimage"},"image":{"@id":"https:\/\/aps-supply.com\/aps-preview-radar-system-an-advanced-driver-assisted-system-adas\/#primaryimage"},"thumbnailUrl":"https:\/\/aps-supply.com\/wp-content\/uploads\/2023\/11\/Roy_Hill_media_release_featured.jpg","datePublished":"2023-10-25T02:44:31+00:00","dateModified":"2023-12-04T04:18:09+00:00","breadcrumb":{"@id":"https:\/\/aps-supply.com\/aps-preview-radar-system-an-advanced-driver-assisted-system-adas\/#breadcrumb"},"inLanguage":"es-CO","potentialAction":[{"@type":"ReadAction","target":["https:\/\/aps-supply.com\/aps-preview-radar-system-an-advanced-driver-assisted-system-adas\/"]}]},{"@type":"ImageObject","inLanguage":"es-CO","@id":"https:\/\/aps-supply.com\/aps-preview-radar-system-an-advanced-driver-assisted-system-adas\/#primaryimage","url":"https:\/\/aps-supply.com\/wp-content\/uploads\/2023\/11\/Roy_Hill_media_release_featured.jpg","contentUrl":"https:\/\/aps-supply.com\/wp-content\/uploads\/2023\/11\/Roy_Hill_media_release_featured.jpg","width":1613,"height":1054},{"@type":"BreadcrumbList","@id":"https:\/\/aps-supply.com\/aps-preview-radar-system-an-advanced-driver-assisted-system-adas\/#breadcrumb","itemListElement":[{"@type":"ListItem","position":1,"name":"Home","item":"https:\/\/aps-supply.com\/"},{"@type":"ListItem","position":2,"name":"APS PreView Radar System an Advanced Driver Assisted System (ADAS)"}]},{"@type":"WebSite","@id":"https:\/\/aps-supply.com\/#website","url":"https:\/\/aps-supply.com\/","name":"APS","description":"Iluminaci\u00f3n y seguridad","publisher":{"@id":"https:\/\/aps-supply.com\/#organization"},"potentialAction":[{"@type":"SearchAction","target":{"@type":"EntryPoint","urlTemplate":"https:\/\/aps-supply.com\/?s={search_term_string}"},"query-input":{"@type":"PropertyValueSpecification","valueRequired":true,"valueName":"search_term_string"}}],"inLanguage":"es-CO"},{"@type":"Organization","@id":"https:\/\/aps-supply.com\/#organization","name":"Suministros APS","url":"https:\/\/aps-supply.com\/","logo":{"@type":"ImageObject","inLanguage":"es-CO","@id":"https:\/\/aps-supply.com\/#\/schema\/logo\/image\/","url":"https:\/\/aps-supply.com\/wp-content\/uploads\/2025\/07\/APS-Logo-Master_HD.png","contentUrl":"https:\/\/aps-supply.com\/wp-content\/uploads\/2025\/07\/APS-Logo-Master_HD.png","width":26589,"height":6468,"caption":"APS Supply"},"image":{"@id":"https:\/\/aps-supply.com\/#\/schema\/logo\/image\/"},"sameAs":["https:\/\/www.facebook.com\/pages\/APS-Lighting-and-Safety-Products\/499382100107067","https:\/\/x.com\/APSLighting_JB","https:\/\/www.linkedin.com\/company\/aps-lighting-&-safety\/","https:\/\/www.youtube.com\/@APSLightingandSafety"]}]}},"_links":{"self":[{"href":"https:\/\/aps-supply.com\/es\/wp-json\/wp\/v2\/pages\/25186","targetHints":{"allow":["GET"]}}],"collection":[{"href":"https:\/\/aps-supply.com\/es\/wp-json\/wp\/v2\/pages"}],"about":[{"href":"https:\/\/aps-supply.com\/es\/wp-json\/wp\/v2\/types\/page"}],"author":[{"embeddable":true,"href":"https:\/\/aps-supply.com\/es\/wp-json\/wp\/v2\/users\/10"}],"replies":[{"embeddable":true,"href":"https:\/\/aps-supply.com\/es\/wp-json\/wp\/v2\/comments?post=25186"}],"version-history":[{"count":0,"href":"https:\/\/aps-supply.com\/es\/wp-json\/wp\/v2\/pages\/25186\/revisions"}],"wp:featuredmedia":[{"embeddable":true,"href":"https:\/\/aps-supply.com\/es\/wp-json\/wp\/v2\/media\/25287"}],"wp:attachment":[{"href":"https:\/\/aps-supply.com\/es\/wp-json\/wp\/v2\/media?parent=25186"}],"curies":[{"name":"wp","href":"https:\/\/api.w.org\/{rel}","templated":true}]}}