{"id":27,"date":"2014-06-15T18:23:46","date_gmt":"2014-06-15T18:23:46","guid":{"rendered":"https:\/\/aps-supply.com?page_id=27"},"modified":"2018-02-21T18:30:34","modified_gmt":"2018-02-22T02:30:34","slug":"kit-de-montaje","status":"publish","type":"page","link":"https:\/\/aps-supply.com\/es\/servicios\/kit-de-montaje\/","title":{"rendered":"Kit y montaje"},"content":{"rendered":"<p>APS puede embalar y empaquetar piezas peque\u00f1as a medida. Estas piezas pueden embalarse en bolsas de pl\u00e1stico transparentes o en bolsas personalizadas con los datos de su empresa. Podemos personalizar sus kits de acuerdo con sus requisitos y, dado que APS es una operaci\u00f3n log\u00edstica completa, podemos gestionar la entrega de su producto para garantizar una entrega precisa y puntual.<\/p>\n<p><img loading=\"lazy\" decoding=\"async\" class=\"alignleft size-full wp-image-13067\" src=\"https:\/\/aps-supply.com\/wp-content\/uploads\/2018\/02\/DEU-18-104_image.png\" alt=\"\" width=\"263\" height=\"295\" \/><\/p>\n<p><img loading=\"lazy\" decoding=\"async\" class=\"alignleft size-medium wp-image-13065\" src=\"https:\/\/aps-supply.com\/wp-content\/uploads\/2018\/02\/DEU-18-102_image-282x300.png\" alt=\"\" width=\"282\" height=\"300\" srcset=\"https:\/\/aps-supply.com\/wp-content\/uploads\/2018\/02\/DEU-18-102_image-282x300.png 282w, https:\/\/aps-supply.com\/wp-content\/uploads\/2018\/02\/DEU-18-102_image.png 287w\" sizes=\"auto, (max-width: 282px) 100vw, 282px\" \/><\/p>\n<p>&nbsp;<\/p>","protected":false},"excerpt":{"rendered":"<p>APS puede embalar y empaquetar piezas peque\u00f1as a medida. Estas piezas pueden embalarse en bolsas de pl\u00e1stico transparentes o en bolsas personalizadas con los datos de su empresa. Podemos personalizar sus kits seg\u00fan sus requisitos y, dado que APS es una operaci\u00f3n log\u00edstica completa, podemos gestionar la entrega de su producto para garantizar una entrega precisa en un...<\/p>","protected":false},"author":6,"featured_media":0,"parent":8,"menu_order":0,"comment_status":"open","ping_status":"closed","template":"page-sidemenu.php","meta":{"_acf_changed":false,"footnotes":""},"class_list":["post-27","page","type-page","status-publish","hentry"],"acf":[],"yoast_head":"<!-- This site is optimized with the Yoast SEO Premium plugin v26.9 (Yoast SEO v26.9) - https:\/\/yoast.com\/product\/yoast-seo-premium-wordpress\/ -->\n<title>Kit &amp; Assembly - APS<\/title>\n<meta name=\"robots\" content=\"index, follow, max-snippet:-1, max-image-preview:large, max-video-preview:-1\" \/>\n<link rel=\"canonical\" href=\"https:\/\/aps-supply.com\/es\/servicios\/kit-de-montaje\/\" \/>\n<meta property=\"og:locale\" content=\"es_ES\" \/>\n<meta property=\"og:type\" content=\"article\" \/>\n<meta property=\"og:title\" content=\"Kit &amp; Assembly\" \/>\n<meta property=\"og:description\" content=\"APS can custom package and kit small parts. These parts can be packaged in clear plastic bags or custom bags with your company details. We can customise your kits according to your requirements, and because APS is a complete logistics operation, we can manage the delivery of your product to ensure accurate delivery in a&hellip;\" \/>\n<meta property=\"og:url\" content=\"https:\/\/aps-supply.com\/es\/servicios\/kit-de-montaje\/\" \/>\n<meta property=\"og:site_name\" content=\"APS\" \/>\n<meta property=\"article:publisher\" content=\"https:\/\/www.facebook.com\/pages\/APS-Lighting-and-Safety-Products\/499382100107067\" \/>\n<meta property=\"article:modified_time\" content=\"2018-02-22T02:30:34+00:00\" \/>\n<meta property=\"og:image\" content=\"https:\/\/aps-supply.com\/wp-content\/uploads\/2018\/02\/DEU-18-104_image.png\" \/>\n\t<meta property=\"og:image:width\" content=\"263\" \/>\n\t<meta property=\"og:image:height\" content=\"295\" \/>\n\t<meta property=\"og:image:type\" content=\"image\/png\" \/>\n<meta name=\"twitter:card\" content=\"summary_large_image\" \/>\n<meta name=\"twitter:site\" content=\"@APSLighting_JB\" \/>\n<script type=\"application\/ld+json\" class=\"yoast-schema-graph\">{\"@context\":\"https:\/\/schema.org\",\"@graph\":[{\"@type\":\"WebPage\",\"@id\":\"https:\/\/aps-supply.com\/services\/kit-assembly\/\",\"url\":\"https:\/\/aps-supply.com\/services\/kit-assembly\/\",\"name\":\"Kit & Assembly - APS\",\"isPartOf\":{\"@id\":\"https:\/\/aps-supply.com\/#website\"},\"primaryImageOfPage\":{\"@id\":\"https:\/\/aps-supply.com\/services\/kit-assembly\/#primaryimage\"},\"image\":{\"@id\":\"https:\/\/aps-supply.com\/services\/kit-assembly\/#primaryimage\"},\"thumbnailUrl\":\"https:\/\/aps-supply.com\/wp-content\/uploads\/2018\/02\/DEU-18-104_image.png\",\"datePublished\":\"2014-06-15T18:23:46+00:00\",\"dateModified\":\"2018-02-22T02:30:34+00:00\",\"breadcrumb\":{\"@id\":\"https:\/\/aps-supply.com\/services\/kit-assembly\/#breadcrumb\"},\"inLanguage\":\"es-CO\",\"potentialAction\":[{\"@type\":\"ReadAction\",\"target\":[\"https:\/\/aps-supply.com\/services\/kit-assembly\/\"]}]},{\"@type\":\"ImageObject\",\"inLanguage\":\"es-CO\",\"@id\":\"https:\/\/aps-supply.com\/services\/kit-assembly\/#primaryimage\",\"url\":\"https:\/\/aps-supply.com\/wp-content\/uploads\/2018\/02\/DEU-18-104_image.png\",\"contentUrl\":\"https:\/\/aps-supply.com\/wp-content\/uploads\/2018\/02\/DEU-18-104_image.png\"},{\"@type\":\"BreadcrumbList\",\"@id\":\"https:\/\/aps-supply.com\/services\/kit-assembly\/#breadcrumb\",\"itemListElement\":[{\"@type\":\"ListItem\",\"position\":1,\"name\":\"Home\",\"item\":\"https:\/\/aps-supply.com\/\"},{\"@type\":\"ListItem\",\"position\":2,\"name\":\"Services\",\"item\":\"https:\/\/aps-supply.com\/services\/\"},{\"@type\":\"ListItem\",\"position\":3,\"name\":\"Kit &#038; Assembly\"}]},{\"@type\":\"WebSite\",\"@id\":\"https:\/\/aps-supply.com\/#website\",\"url\":\"https:\/\/aps-supply.com\/\",\"name\":\"APS\",\"description\":\"Lighting &amp; Safety\",\"publisher\":{\"@id\":\"https:\/\/aps-supply.com\/#organization\"},\"potentialAction\":[{\"@type\":\"SearchAction\",\"target\":{\"@type\":\"EntryPoint\",\"urlTemplate\":\"https:\/\/aps-supply.com\/?s={search_term_string}\"},\"query-input\":{\"@type\":\"PropertyValueSpecification\",\"valueRequired\":true,\"valueName\":\"search_term_string\"}}],\"inLanguage\":\"es-CO\"},{\"@type\":\"Organization\",\"@id\":\"https:\/\/aps-supply.com\/#organization\",\"name\":\"APS Supply\",\"url\":\"https:\/\/aps-supply.com\/\",\"logo\":{\"@type\":\"ImageObject\",\"inLanguage\":\"es-CO\",\"@id\":\"https:\/\/aps-supply.com\/#\/schema\/logo\/image\/\",\"url\":\"https:\/\/aps-supply.com\/wp-content\/uploads\/2025\/07\/APS-Logo-Master_HD.png\",\"contentUrl\":\"https:\/\/aps-supply.com\/wp-content\/uploads\/2025\/07\/APS-Logo-Master_HD.png\",\"width\":26589,\"height\":6468,\"caption\":\"APS Supply\"},\"image\":{\"@id\":\"https:\/\/aps-supply.com\/#\/schema\/logo\/image\/\"},\"sameAs\":[\"https:\/\/www.facebook.com\/pages\/APS-Lighting-and-Safety-Products\/499382100107067\",\"https:\/\/x.com\/APSLighting_JB\",\"https:\/\/www.linkedin.com\/company\/aps-lighting-&-safety\/\",\"https:\/\/www.youtube.com\/@APSLightingandSafety\"]}]}<\/script>\n<!-- \/ Yoast SEO Premium plugin. -->","yoast_head_json":{"title":"Kit y montaje - APS","robots":{"index":"index","follow":"follow","max-snippet":"max-snippet:-1","max-image-preview":"max-image-preview:large","max-video-preview":"max-video-preview:-1"},"canonical":"https:\/\/aps-supply.com\/es\/servicios\/kit-de-montaje\/","og_locale":"es_ES","og_type":"article","og_title":"Kit & Assembly","og_description":"APS can custom package and kit small parts. These parts can be packaged in clear plastic bags or custom bags with your company details. We can customise your kits according to your requirements, and because APS is a complete logistics operation, we can manage the delivery of your product to ensure accurate delivery in a&hellip;","og_url":"https:\/\/aps-supply.com\/es\/servicios\/kit-de-montaje\/","og_site_name":"APS","article_publisher":"https:\/\/www.facebook.com\/pages\/APS-Lighting-and-Safety-Products\/499382100107067","article_modified_time":"2018-02-22T02:30:34+00:00","og_image":[{"width":263,"height":295,"url":"https:\/\/aps-supply.com\/wp-content\/uploads\/2018\/02\/DEU-18-104_image.png","type":"image\/png"}],"twitter_card":"summary_large_image","twitter_site":"@APSLighting_JB","schema":{"@context":"https:\/\/schema.org","@graph":[{"@type":"WebPage","@id":"https:\/\/aps-supply.com\/services\/kit-assembly\/","url":"https:\/\/aps-supply.com\/services\/kit-assembly\/","name":"Kit y montaje - APS","isPartOf":{"@id":"https:\/\/aps-supply.com\/#website"},"primaryImageOfPage":{"@id":"https:\/\/aps-supply.com\/services\/kit-assembly\/#primaryimage"},"image":{"@id":"https:\/\/aps-supply.com\/services\/kit-assembly\/#primaryimage"},"thumbnailUrl":"https:\/\/aps-supply.com\/wp-content\/uploads\/2018\/02\/DEU-18-104_image.png","datePublished":"2014-06-15T18:23:46+00:00","dateModified":"2018-02-22T02:30:34+00:00","breadcrumb":{"@id":"https:\/\/aps-supply.com\/services\/kit-assembly\/#breadcrumb"},"inLanguage":"es-CO","potentialAction":[{"@type":"ReadAction","target":["https:\/\/aps-supply.com\/services\/kit-assembly\/"]}]},{"@type":"ImageObject","inLanguage":"es-CO","@id":"https:\/\/aps-supply.com\/services\/kit-assembly\/#primaryimage","url":"https:\/\/aps-supply.com\/wp-content\/uploads\/2018\/02\/DEU-18-104_image.png","contentUrl":"https:\/\/aps-supply.com\/wp-content\/uploads\/2018\/02\/DEU-18-104_image.png"},{"@type":"BreadcrumbList","@id":"https:\/\/aps-supply.com\/services\/kit-assembly\/#breadcrumb","itemListElement":[{"@type":"ListItem","position":1,"name":"Home","item":"https:\/\/aps-supply.com\/"},{"@type":"ListItem","position":2,"name":"Services","item":"https:\/\/aps-supply.com\/services\/"},{"@type":"ListItem","position":3,"name":"Kit &#038; Assembly"}]},{"@type":"WebSite","@id":"https:\/\/aps-supply.com\/#website","url":"https:\/\/aps-supply.com\/","name":"APS","description":"Iluminaci\u00f3n y seguridad","publisher":{"@id":"https:\/\/aps-supply.com\/#organization"},"potentialAction":[{"@type":"SearchAction","target":{"@type":"EntryPoint","urlTemplate":"https:\/\/aps-supply.com\/?s={search_term_string}"},"query-input":{"@type":"PropertyValueSpecification","valueRequired":true,"valueName":"search_term_string"}}],"inLanguage":"es-CO"},{"@type":"Organization","@id":"https:\/\/aps-supply.com\/#organization","name":"Suministros APS","url":"https:\/\/aps-supply.com\/","logo":{"@type":"ImageObject","inLanguage":"es-CO","@id":"https:\/\/aps-supply.com\/#\/schema\/logo\/image\/","url":"https:\/\/aps-supply.com\/wp-content\/uploads\/2025\/07\/APS-Logo-Master_HD.png","contentUrl":"https:\/\/aps-supply.com\/wp-content\/uploads\/2025\/07\/APS-Logo-Master_HD.png","width":26589,"height":6468,"caption":"APS Supply"},"image":{"@id":"https:\/\/aps-supply.com\/#\/schema\/logo\/image\/"},"sameAs":["https:\/\/www.facebook.com\/pages\/APS-Lighting-and-Safety-Products\/499382100107067","https:\/\/x.com\/APSLighting_JB","https:\/\/www.linkedin.com\/company\/aps-lighting-&-safety\/","https:\/\/www.youtube.com\/@APSLightingandSafety"]}]}},"_links":{"self":[{"href":"https:\/\/aps-supply.com\/es\/wp-json\/wp\/v2\/pages\/27","targetHints":{"allow":["GET"]}}],"collection":[{"href":"https:\/\/aps-supply.com\/es\/wp-json\/wp\/v2\/pages"}],"about":[{"href":"https:\/\/aps-supply.com\/es\/wp-json\/wp\/v2\/types\/page"}],"author":[{"embeddable":true,"href":"https:\/\/aps-supply.com\/es\/wp-json\/wp\/v2\/users\/6"}],"replies":[{"embeddable":true,"href":"https:\/\/aps-supply.com\/es\/wp-json\/wp\/v2\/comments?post=27"}],"version-history":[{"count":0,"href":"https:\/\/aps-supply.com\/es\/wp-json\/wp\/v2\/pages\/27\/revisions"}],"up":[{"embeddable":true,"href":"https:\/\/aps-supply.com\/es\/wp-json\/wp\/v2\/pages\/8"}],"wp:attachment":[{"href":"https:\/\/aps-supply.com\/es\/wp-json\/wp\/v2\/media?parent=27"}],"curies":[{"name":"wp","href":"https:\/\/api.w.org\/{rel}","templated":true}]}}