{"id":4850,"date":"2014-09-27T06:41:38","date_gmt":"2014-09-27T06:41:38","guid":{"rendered":"https:\/\/aps-supply.com?page_id=4850"},"modified":"2024-04-23T21:28:48","modified_gmt":"2024-04-24T04:28:48","slug":"formularios-de-solicitud-de-cuenta-nueva","status":"publish","type":"page","link":"https:\/\/aps-supply.com\/es\/soporte\/formularios-de-solicitud-de-cuenta-nueva\/","title":{"rendered":"Cuenta nueva"},"content":{"rendered":"<p>NUEVA CUENTA | \u00a0\u00a0<a href=\"https:\/\/aps-supply.com\/es\/soporte\/condiciones-de-la-garantia-del-fabricante-formularios-de-reclamacion-de-garantia\/\">GARANT\u00cdA<\/a>\u00a0 \u00a0| \u00a0\u00a0<a href=\"https:\/\/aps-supply.com\/es\/soporte\/enlaces-de-seguimiento-de-envios\/\">SEGUIMIENTO<\/a>\u00a0 \u00a0| \u00a0\u00a0<a href=\"https:\/\/aps-supply.com\/es\/soporte\/condiciones\/\">CONDICIONES<\/a>\u00a0 \u00a0| \u00a0 <a href=\"https:\/\/aps-supply.com\/es\/soporte\/catalogos\/\">CAT\u00c1LOGOS<\/a>\u00a0 \u00a0| \u00a0\u00a0<a href=\"https:\/\/aps-supply.com\/es\/soporte\/enlaces\/\">ENLACES<\/a><\/p>\n<p>&nbsp;<\/p>\n<h3>Solicitud de cuenta nueva<\/h3>\n<p>Por favor, rellene las siguientes Solicitudes de Cuenta de Cr\u00e9dito y env\u00edelas por correo electr\u00f3nico o fax a su Gestor de Clientes \/ Oficina de APS. APS procesar\u00e1 su solicitud en un plazo de 2 a 5 d\u00edas laborables y le enviaremos por correo electr\u00f3nico las condiciones de su cuenta.<\/p>\n<p>Gracias por su confianza.<br \/>\n&nbsp;<br \/>\nDescargar <a href=\"https:\/\/aps-supply.com\/wp-content\/uploads\/2016\/10\/APS_USA_Credit_Application.pdf\" target=\"_blank\" rel=\"noopener noreferrer\">Solicitud de cr\u00e9dito APS USA<\/a> (PDF - 170 KB)<br \/>\n&nbsp;<br \/>\nDescargar <a href=\"https:\/\/aps-supply.com\/wp-content\/uploads\/2024\/04\/APS_Australia_Credit_Application_2024.pdf\" target=\"_blank\" rel=\"noopener noreferrer\">APS Australia Solicitud de cr\u00e9dito<\/a> (PDF - 1,1 MB)<br \/>\n&nbsp;<br \/>\nSi necesita m\u00e1s ayuda, no dude en ponerse en contacto con <a href=\"https:\/\/aps-supply.com\/es\/pongase-en-contacto-con\/\">Contacte con nosotros<\/a>.<br \/>\n&nbsp;<\/p>","protected":false},"excerpt":{"rendered":"<p>NUEVA CUENTA | GARANT\u00cdA | SEGUIMIENTO | CONDICIONES | CAT\u00c1LOGOS | ENLACES Solicitud de nueva cuenta Rellene las siguientes solicitudes de cuenta de cr\u00e9dito y env\u00edelas por correo electr\u00f3nico o fax a su gestor de clientes \/ oficina de APS. Por favor, espere de 2 a 5 d\u00edas h\u00e1biles para que APS procese su solicitud y luego le enviaremos...<\/p>","protected":false},"author":6,"featured_media":0,"parent":14,"menu_order":0,"comment_status":"open","ping_status":"closed","template":"","meta":{"_acf_changed":false,"footnotes":""},"class_list":["post-4850","page","type-page","status-publish","hentry"],"acf":[],"yoast_head":"<!-- This site is optimized with the Yoast SEO Premium plugin v26.9 (Yoast SEO v26.9) - https:\/\/yoast.com\/product\/yoast-seo-premium-wordpress\/ -->\n<title>New Account - APS<\/title>\n<meta name=\"robots\" content=\"index, follow, max-snippet:-1, max-image-preview:large, max-video-preview:-1\" \/>\n<link rel=\"canonical\" href=\"https:\/\/aps-supply.com\/es\/soporte\/formularios-de-solicitud-de-cuenta-nueva\/\" \/>\n<meta property=\"og:locale\" content=\"es_ES\" \/>\n<meta property=\"og:type\" content=\"article\" \/>\n<meta property=\"og:title\" content=\"New Account\" \/>\n<meta property=\"og:description\" content=\"NEW ACCOUNT\u00a0 \u00a0| \u00a0\u00a0WARRANTY\u00a0 \u00a0| \u00a0\u00a0TRACKING\u00a0 \u00a0| \u00a0\u00a0TERMS\u00a0 \u00a0| \u00a0 CATALOGS\u00a0 \u00a0| \u00a0\u00a0LINKS &nbsp; New Account Application Please complete the following Credit Account Applications and email or fax these back to your Customer Manager \/ APS Office. Please allow 2-5 business days for APS to process your application and we will then email you the&hellip;\" \/>\n<meta property=\"og:url\" content=\"https:\/\/aps-supply.com\/es\/soporte\/formularios-de-solicitud-de-cuenta-nueva\/\" \/>\n<meta property=\"og:site_name\" content=\"APS\" \/>\n<meta property=\"article:publisher\" content=\"https:\/\/www.facebook.com\/pages\/APS-Lighting-and-Safety-Products\/499382100107067\" \/>\n<meta property=\"article:modified_time\" content=\"2024-04-24T04:28:48+00:00\" \/>\n<meta name=\"twitter:card\" content=\"summary_large_image\" \/>\n<meta name=\"twitter:site\" content=\"@APSLighting_JB\" \/>\n<script type=\"application\/ld+json\" class=\"yoast-schema-graph\">{\"@context\":\"https:\/\/schema.org\",\"@graph\":[{\"@type\":\"WebPage\",\"@id\":\"https:\/\/aps-supply.com\/support\/new-account-application-forms\/\",\"url\":\"https:\/\/aps-supply.com\/support\/new-account-application-forms\/\",\"name\":\"New Account - APS\",\"isPartOf\":{\"@id\":\"https:\/\/aps-supply.com\/#website\"},\"datePublished\":\"2014-09-27T06:41:38+00:00\",\"dateModified\":\"2024-04-24T04:28:48+00:00\",\"breadcrumb\":{\"@id\":\"https:\/\/aps-supply.com\/support\/new-account-application-forms\/#breadcrumb\"},\"inLanguage\":\"es-CO\",\"potentialAction\":[{\"@type\":\"ReadAction\",\"target\":[\"https:\/\/aps-supply.com\/support\/new-account-application-forms\/\"]}]},{\"@type\":\"BreadcrumbList\",\"@id\":\"https:\/\/aps-supply.com\/support\/new-account-application-forms\/#breadcrumb\",\"itemListElement\":[{\"@type\":\"ListItem\",\"position\":1,\"name\":\"Home\",\"item\":\"https:\/\/aps-supply.com\/\"},{\"@type\":\"ListItem\",\"position\":2,\"name\":\"Support\",\"item\":\"https:\/\/aps-supply.com\/support\/\"},{\"@type\":\"ListItem\",\"position\":3,\"name\":\"New Account\"}]},{\"@type\":\"WebSite\",\"@id\":\"https:\/\/aps-supply.com\/#website\",\"url\":\"https:\/\/aps-supply.com\/\",\"name\":\"APS\",\"description\":\"Lighting &amp; Safety\",\"publisher\":{\"@id\":\"https:\/\/aps-supply.com\/#organization\"},\"potentialAction\":[{\"@type\":\"SearchAction\",\"target\":{\"@type\":\"EntryPoint\",\"urlTemplate\":\"https:\/\/aps-supply.com\/?s={search_term_string}\"},\"query-input\":{\"@type\":\"PropertyValueSpecification\",\"valueRequired\":true,\"valueName\":\"search_term_string\"}}],\"inLanguage\":\"es-CO\"},{\"@type\":\"Organization\",\"@id\":\"https:\/\/aps-supply.com\/#organization\",\"name\":\"APS Supply\",\"url\":\"https:\/\/aps-supply.com\/\",\"logo\":{\"@type\":\"ImageObject\",\"inLanguage\":\"es-CO\",\"@id\":\"https:\/\/aps-supply.com\/#\/schema\/logo\/image\/\",\"url\":\"https:\/\/aps-supply.com\/wp-content\/uploads\/2025\/07\/APS-Logo-Master_HD.png\",\"contentUrl\":\"https:\/\/aps-supply.com\/wp-content\/uploads\/2025\/07\/APS-Logo-Master_HD.png\",\"width\":26589,\"height\":6468,\"caption\":\"APS Supply\"},\"image\":{\"@id\":\"https:\/\/aps-supply.com\/#\/schema\/logo\/image\/\"},\"sameAs\":[\"https:\/\/www.facebook.com\/pages\/APS-Lighting-and-Safety-Products\/499382100107067\",\"https:\/\/x.com\/APSLighting_JB\",\"https:\/\/www.linkedin.com\/company\/aps-lighting-&-safety\/\",\"https:\/\/www.youtube.com\/@APSLightingandSafety\"]}]}<\/script>\n<!-- \/ Yoast SEO Premium plugin. -->","yoast_head_json":{"title":"Cuenta nueva - APS","robots":{"index":"index","follow":"follow","max-snippet":"max-snippet:-1","max-image-preview":"max-image-preview:large","max-video-preview":"max-video-preview:-1"},"canonical":"https:\/\/aps-supply.com\/es\/soporte\/formularios-de-solicitud-de-cuenta-nueva\/","og_locale":"es_ES","og_type":"article","og_title":"New Account","og_description":"NEW ACCOUNT\u00a0 \u00a0| \u00a0\u00a0WARRANTY\u00a0 \u00a0| \u00a0\u00a0TRACKING\u00a0 \u00a0| \u00a0\u00a0TERMS\u00a0 \u00a0| \u00a0 CATALOGS\u00a0 \u00a0| \u00a0\u00a0LINKS &nbsp; New Account Application Please complete the following Credit Account Applications and email or fax these back to your Customer Manager \/ APS Office. Please allow 2-5 business days for APS to process your application and we will then email you the&hellip;","og_url":"https:\/\/aps-supply.com\/es\/soporte\/formularios-de-solicitud-de-cuenta-nueva\/","og_site_name":"APS","article_publisher":"https:\/\/www.facebook.com\/pages\/APS-Lighting-and-Safety-Products\/499382100107067","article_modified_time":"2024-04-24T04:28:48+00:00","twitter_card":"summary_large_image","twitter_site":"@APSLighting_JB","schema":{"@context":"https:\/\/schema.org","@graph":[{"@type":"WebPage","@id":"https:\/\/aps-supply.com\/support\/new-account-application-forms\/","url":"https:\/\/aps-supply.com\/support\/new-account-application-forms\/","name":"Cuenta nueva - APS","isPartOf":{"@id":"https:\/\/aps-supply.com\/#website"},"datePublished":"2014-09-27T06:41:38+00:00","dateModified":"2024-04-24T04:28:48+00:00","breadcrumb":{"@id":"https:\/\/aps-supply.com\/support\/new-account-application-forms\/#breadcrumb"},"inLanguage":"es-CO","potentialAction":[{"@type":"ReadAction","target":["https:\/\/aps-supply.com\/support\/new-account-application-forms\/"]}]},{"@type":"BreadcrumbList","@id":"https:\/\/aps-supply.com\/support\/new-account-application-forms\/#breadcrumb","itemListElement":[{"@type":"ListItem","position":1,"name":"Home","item":"https:\/\/aps-supply.com\/"},{"@type":"ListItem","position":2,"name":"Support","item":"https:\/\/aps-supply.com\/support\/"},{"@type":"ListItem","position":3,"name":"New Account"}]},{"@type":"WebSite","@id":"https:\/\/aps-supply.com\/#website","url":"https:\/\/aps-supply.com\/","name":"APS","description":"Iluminaci\u00f3n y seguridad","publisher":{"@id":"https:\/\/aps-supply.com\/#organization"},"potentialAction":[{"@type":"SearchAction","target":{"@type":"EntryPoint","urlTemplate":"https:\/\/aps-supply.com\/?s={search_term_string}"},"query-input":{"@type":"PropertyValueSpecification","valueRequired":true,"valueName":"search_term_string"}}],"inLanguage":"es-CO"},{"@type":"Organization","@id":"https:\/\/aps-supply.com\/#organization","name":"Suministros APS","url":"https:\/\/aps-supply.com\/","logo":{"@type":"ImageObject","inLanguage":"es-CO","@id":"https:\/\/aps-supply.com\/#\/schema\/logo\/image\/","url":"https:\/\/aps-supply.com\/wp-content\/uploads\/2025\/07\/APS-Logo-Master_HD.png","contentUrl":"https:\/\/aps-supply.com\/wp-content\/uploads\/2025\/07\/APS-Logo-Master_HD.png","width":26589,"height":6468,"caption":"APS Supply"},"image":{"@id":"https:\/\/aps-supply.com\/#\/schema\/logo\/image\/"},"sameAs":["https:\/\/www.facebook.com\/pages\/APS-Lighting-and-Safety-Products\/499382100107067","https:\/\/x.com\/APSLighting_JB","https:\/\/www.linkedin.com\/company\/aps-lighting-&-safety\/","https:\/\/www.youtube.com\/@APSLightingandSafety"]}]}},"_links":{"self":[{"href":"https:\/\/aps-supply.com\/es\/wp-json\/wp\/v2\/pages\/4850","targetHints":{"allow":["GET"]}}],"collection":[{"href":"https:\/\/aps-supply.com\/es\/wp-json\/wp\/v2\/pages"}],"about":[{"href":"https:\/\/aps-supply.com\/es\/wp-json\/wp\/v2\/types\/page"}],"author":[{"embeddable":true,"href":"https:\/\/aps-supply.com\/es\/wp-json\/wp\/v2\/users\/6"}],"replies":[{"embeddable":true,"href":"https:\/\/aps-supply.com\/es\/wp-json\/wp\/v2\/comments?post=4850"}],"version-history":[{"count":0,"href":"https:\/\/aps-supply.com\/es\/wp-json\/wp\/v2\/pages\/4850\/revisions"}],"up":[{"embeddable":true,"href":"https:\/\/aps-supply.com\/es\/wp-json\/wp\/v2\/pages\/14"}],"wp:attachment":[{"href":"https:\/\/aps-supply.com\/es\/wp-json\/wp\/v2\/media?parent=4850"}],"curies":[{"name":"wp","href":"https:\/\/api.w.org\/{rel}","templated":true}]}}