{"id":4853,"date":"2014-09-27T06:42:38","date_gmt":"2014-09-27T06:42:38","guid":{"rendered":"https:\/\/aps-supply.com?page_id=4853"},"modified":"2025-11-17T02:08:51","modified_gmt":"2025-11-17T10:08:51","slug":"enlaces-de-seguimiento-de-envios","status":"publish","type":"page","link":"https:\/\/aps-supply.com\/es\/soporte\/enlaces-de-seguimiento-de-envios\/","title":{"rendered":"Seguimiento"},"content":{"rendered":"<p><a href=\"https:\/\/aps-supply.com\/es\/soporte\/formularios-de-solicitud-de-cuenta-nueva\/\">NUEVA CUENTA<\/a>\u00a0 \u00a0| \u00a0\u00a0<a href=\"https:\/\/aps-supply.com\/es\/soporte\/condiciones-de-la-garantia-del-fabricante-formularios-de-reclamacion-de-garantia\/\">GARANT\u00cdA<\/a>\u00a0 \u00a0| TRACKING | \u00a0\u00a0<a href=\"https:\/\/aps-supply.com\/es\/soporte\/condiciones\/\">CONDICIONES<\/a>\u00a0 \u00a0| \u00a0 <a href=\"https:\/\/aps-supply.com\/es\/soporte\/catalogos\/\">CAT\u00c1LOGOS<\/a>\u00a0 \u00a0| \u00a0\u00a0<a href=\"https:\/\/aps-supply.com\/es\/soporte\/enlaces\/\">ENLACES<\/a><\/p>\n<p>&nbsp;<\/p>\n<h3>Seguimiento de env\u00edos<\/h3>\n<p>Compruebe el estado de su env\u00edo, introduciendo la informaci\u00f3n de seguimiento proporcionada en el momento del env\u00edo. Llame al servicio de asistencia de APS si no dispone del n\u00famero de seguimiento o si el transportista utilizado no est\u00e1 incluido y le ayudaremos a realizar el seguimiento de su env\u00edo.<\/p>\n<h4><\/h4>\n<p>&nbsp;<\/p>\n<h3>Transportistas: EE.UU.<\/h3>\n<p><img loading=\"lazy\" decoding=\"async\" class=\"alignleft size-full wp-image-21050\" src=\"https:\/\/aps-supply.com\/wp-content\/uploads\/2021\/05\/FedEx_logo.png\" alt=\"\" width=\"210\" height=\"100\" \/><strong><br \/>\nServicio de atenci\u00f3n al cliente de FedEx USA<\/strong><\/p>\n<p>Tel\u00e9fono: 1-800-GO-FEDEX (1 800 46 33339)<\/p>\n<p>&nbsp;<\/p>\n<p>&nbsp;<\/p>\n<p><img loading=\"lazy\" decoding=\"async\" class=\"alignleft size-full wp-image-21052\" src=\"https:\/\/aps-supply.com\/wp-content\/uploads\/2021\/05\/UPS_logo.png\" alt=\"\" width=\"97\" height=\"100\" \/><\/p>\n<p><strong>Servicio de atenci\u00f3n al cliente de UPS EE.UU. <\/strong><\/p>\n<p>Tel\u00e9fono: 1-800-PICK-UPS (1-800-742-5877)<\/p>\n<p>&nbsp;<\/p>\n<p>&nbsp;<\/p>\n<p><img loading=\"lazy\" decoding=\"async\" class=\"alignleft size-full wp-image-21053\" src=\"https:\/\/aps-supply.com\/wp-content\/uploads\/2021\/05\/DHL_logo.png\" alt=\"\" width=\"210\" height=\"100\" \/><\/p>\n<p><strong>Servicio al Cliente de DHL USA<\/strong><\/p>\n<p>Tel\u00e9fono: 1-800-CALL-DHL ( 1-800-225-5345)<\/p>\n<p>&nbsp;<\/p>\n<p>&nbsp;<\/p>\n<p><img loading=\"lazy\" decoding=\"async\" class=\"alignleft size-full wp-image-21054\" src=\"https:\/\/aps-supply.com\/wp-content\/uploads\/2021\/05\/TNT_logo.png\" alt=\"\" width=\"210\" height=\"100\" \/><\/p>\n<p><strong><br \/>\nAtenci\u00f3n al cliente de TNT USA<\/strong><\/p>\n<p>Tel\u00e9fono: 1-800-558-5555<\/p>\n<p>&nbsp;<\/p>\n<p>&nbsp;<\/p>\n<h3>Transportistas mar\u00edtimos: Australia<\/h3>\n<p><img loading=\"lazy\" decoding=\"async\" class=\"alignleft size-full wp-image-21050\" src=\"https:\/\/aps-supply.com\/wp-content\/uploads\/2021\/05\/FedEx_logo.png\" alt=\"\" width=\"210\" height=\"100\" \/><\/p>\n<p><strong><br \/>\nServicio de atenci\u00f3n al cliente de FedEx Australia<\/strong><\/p>\n<p>Tel\u00e9fono: 13 26 10<\/p>\n<p>&nbsp;<\/p>\n<p>&nbsp;<\/p>\n<p><img loading=\"lazy\" decoding=\"async\" class=\"alignleft size-full wp-image-21055\" src=\"https:\/\/aps-supply.com\/wp-content\/uploads\/2021\/05\/NQX_logo.png\" alt=\"\" width=\"210\" height=\"100\" \/><\/p>\n<p><strong><br \/>\nNQX Freight Systems<\/strong> (Una divisi\u00f3n de Toll)<\/p>\n<p>Tel\u00e9fono: 13 18 21<\/p>\n<p>&nbsp;<\/p>\n<p>&nbsp;<\/p>\n<p><img loading=\"lazy\" decoding=\"async\" class=\"alignleft size-full wp-image-21056\" src=\"https:\/\/aps-supply.com\/wp-content\/uploads\/2021\/05\/Toll_logo.png\" alt=\"\" width=\"210\" height=\"100\" \/><\/p>\n<p>&nbsp;<\/p>\n<p><strong>Servicio telef\u00f3nico de atenci\u00f3n al cliente<\/strong><\/p>\n<p>Tel\u00e9fono: 13 15 31<\/p>\n<p>&nbsp;<\/p>\n<p>&nbsp;<\/p>\n<p><img loading=\"lazy\" decoding=\"async\" class=\"alignleft size-full wp-image-21057\" src=\"https:\/\/aps-supply.com\/wp-content\/uploads\/2021\/05\/Toll_Ipec_logo.png\" alt=\"\" width=\"210\" height=\"100\" \/><\/p>\n<p><strong>Servicio de atenci\u00f3n al cliente del IPEC<\/strong><\/p>\n<p>Tel\u00e9fono: 13 33 66<\/p>\n<p>&nbsp;<\/p>\n<p>&nbsp;<\/p>\n<p><img loading=\"lazy\" decoding=\"async\" class=\"alignleft size-full wp-image-21058\" src=\"https:\/\/aps-supply.com\/wp-content\/uploads\/2021\/05\/StarTrack_Express_logo.png\" alt=\"\" width=\"210\" height=\"100\" \/><\/p>\n<p>&nbsp;<\/p>\n<p><strong>Servicio de atenci\u00f3n al cliente de Star Track<\/strong><\/p>\n<p>Tel\u00e9fono: 13 23 45<\/p>\n<p>&nbsp;<\/p>\n<p><img loading=\"lazy\" decoding=\"async\" class=\"alignleft size-full wp-image-21054\" src=\"https:\/\/aps-supply.com\/wp-content\/uploads\/2021\/05\/TNT_logo.png\" alt=\"\" width=\"210\" height=\"100\" \/><\/p>\n<p><strong><br \/>\nServicio de atenci\u00f3n al cliente de TNT<\/strong><\/p>\n<p>Tel\u00e9fono: 13 11 50<\/p>\n<p>&nbsp;<\/p>\n<p>Si necesita m\u00e1s ayuda, no dude en ponerse en contacto con <a href=\"https:\/\/aps-supply.com\/es\/pongase-en-contacto-con\/\">Contacte con nosotros<\/a><\/p>","protected":false},"excerpt":{"rendered":"<p>NUEVA CUENTA | GARANT\u00cdA | SEGUIMIENTO | T\u00c9RMINOS | CAT\u00c1LOGOS | ENLACES Seguimiento de env\u00edos Compruebe el estado de su env\u00edo introduciendo la informaci\u00f3n de seguimiento proporcionada en el momento del env\u00edo. Si no dispone del n\u00famero de seguimiento o si la empresa de transporte utilizada no est\u00e1 incluida, llame al servicio de asistencia de APS que figura a continuaci\u00f3n y le ayudaremos a...<\/p>","protected":false},"author":6,"featured_media":0,"parent":14,"menu_order":0,"comment_status":"open","ping_status":"closed","template":"","meta":{"_acf_changed":false,"footnotes":""},"class_list":["post-4853","page","type-page","status-publish","hentry"],"acf":[],"yoast_head":"<!-- This site is optimized with the Yoast SEO Premium plugin v26.9 (Yoast SEO v26.9) - https:\/\/yoast.com\/product\/yoast-seo-premium-wordpress\/ -->\n<title>Tracking - APS<\/title>\n<meta name=\"description\" content=\"Shipment Tracking. Check your shipment status, by inputting the tracking information provided at time of shipment.\u00a0Call APS support below if you don&#039;t have the tracking number available or if the carrier used isn&#039;t included and we will assist you in tracking your shipment.\" \/>\n<meta name=\"robots\" content=\"index, follow, max-snippet:-1, max-image-preview:large, max-video-preview:-1\" \/>\n<link rel=\"canonical\" href=\"https:\/\/aps-supply.com\/es\/soporte\/enlaces-de-seguimiento-de-envios\/\" \/>\n<meta property=\"og:locale\" content=\"es_ES\" \/>\n<meta property=\"og:type\" content=\"article\" \/>\n<meta property=\"og:title\" content=\"Tracking\" \/>\n<meta property=\"og:description\" content=\"Shipment Tracking. Check your shipment status, by inputting the tracking information provided at time of shipment.\u00a0Call APS support below if you don&#039;t have the tracking number available or if the carrier used isn&#039;t included and we will assist you in tracking your shipment.\" \/>\n<meta property=\"og:url\" content=\"https:\/\/aps-supply.com\/es\/soporte\/enlaces-de-seguimiento-de-envios\/\" \/>\n<meta property=\"og:site_name\" content=\"APS\" \/>\n<meta property=\"article:publisher\" content=\"https:\/\/www.facebook.com\/pages\/APS-Lighting-and-Safety-Products\/499382100107067\" \/>\n<meta property=\"article:modified_time\" content=\"2025-11-17T10:08:51+00:00\" \/>\n<meta property=\"og:image\" content=\"https:\/\/aps-supply.com\/wp-content\/uploads\/2021\/05\/FedEx_logo.png\" \/>\n\t<meta property=\"og:image:width\" content=\"210\" \/>\n\t<meta property=\"og:image:height\" content=\"100\" \/>\n\t<meta property=\"og:image:type\" content=\"image\/png\" \/>\n<meta name=\"twitter:card\" content=\"summary_large_image\" \/>\n<meta name=\"twitter:site\" content=\"@APSLighting_JB\" \/>\n<meta name=\"twitter:label1\" content=\"Tiempo de lectura\" \/>\n\t<meta name=\"twitter:data1\" content=\"3 minutos\" \/>\n<script type=\"application\/ld+json\" class=\"yoast-schema-graph\">{\"@context\":\"https:\/\/schema.org\",\"@graph\":[{\"@type\":\"WebPage\",\"@id\":\"https:\/\/aps-supply.com\/support\/shipment-tracking-links\/\",\"url\":\"https:\/\/aps-supply.com\/support\/shipment-tracking-links\/\",\"name\":\"Tracking - APS\",\"isPartOf\":{\"@id\":\"https:\/\/aps-supply.com\/#website\"},\"primaryImageOfPage\":{\"@id\":\"https:\/\/aps-supply.com\/support\/shipment-tracking-links\/#primaryimage\"},\"image\":{\"@id\":\"https:\/\/aps-supply.com\/support\/shipment-tracking-links\/#primaryimage\"},\"thumbnailUrl\":\"https:\/\/aps-supply.com\/wp-content\/uploads\/2021\/05\/FedEx_logo.png\",\"datePublished\":\"2014-09-27T06:42:38+00:00\",\"dateModified\":\"2025-11-17T10:08:51+00:00\",\"description\":\"Shipment Tracking. Check your shipment status, by inputting the tracking information provided at time of shipment.\u00a0Call APS support below if you don't have the tracking number available or if the carrier used isn't included and we will assist you in tracking your shipment.\",\"breadcrumb\":{\"@id\":\"https:\/\/aps-supply.com\/support\/shipment-tracking-links\/#breadcrumb\"},\"inLanguage\":\"es-CO\",\"potentialAction\":[{\"@type\":\"ReadAction\",\"target\":[\"https:\/\/aps-supply.com\/support\/shipment-tracking-links\/\"]}]},{\"@type\":\"ImageObject\",\"inLanguage\":\"es-CO\",\"@id\":\"https:\/\/aps-supply.com\/support\/shipment-tracking-links\/#primaryimage\",\"url\":\"https:\/\/aps-supply.com\/wp-content\/uploads\/2021\/05\/FedEx_logo.png\",\"contentUrl\":\"https:\/\/aps-supply.com\/wp-content\/uploads\/2021\/05\/FedEx_logo.png\"},{\"@type\":\"BreadcrumbList\",\"@id\":\"https:\/\/aps-supply.com\/support\/shipment-tracking-links\/#breadcrumb\",\"itemListElement\":[{\"@type\":\"ListItem\",\"position\":1,\"name\":\"Home\",\"item\":\"https:\/\/aps-supply.com\/\"},{\"@type\":\"ListItem\",\"position\":2,\"name\":\"Support\",\"item\":\"https:\/\/aps-supply.com\/support\/\"},{\"@type\":\"ListItem\",\"position\":3,\"name\":\"Tracking\"}]},{\"@type\":\"WebSite\",\"@id\":\"https:\/\/aps-supply.com\/#website\",\"url\":\"https:\/\/aps-supply.com\/\",\"name\":\"APS\",\"description\":\"Lighting &amp; Safety\",\"publisher\":{\"@id\":\"https:\/\/aps-supply.com\/#organization\"},\"potentialAction\":[{\"@type\":\"SearchAction\",\"target\":{\"@type\":\"EntryPoint\",\"urlTemplate\":\"https:\/\/aps-supply.com\/?s={search_term_string}\"},\"query-input\":{\"@type\":\"PropertyValueSpecification\",\"valueRequired\":true,\"valueName\":\"search_term_string\"}}],\"inLanguage\":\"es-CO\"},{\"@type\":\"Organization\",\"@id\":\"https:\/\/aps-supply.com\/#organization\",\"name\":\"APS Supply\",\"url\":\"https:\/\/aps-supply.com\/\",\"logo\":{\"@type\":\"ImageObject\",\"inLanguage\":\"es-CO\",\"@id\":\"https:\/\/aps-supply.com\/#\/schema\/logo\/image\/\",\"url\":\"https:\/\/aps-supply.com\/wp-content\/uploads\/2025\/07\/APS-Logo-Master_HD.png\",\"contentUrl\":\"https:\/\/aps-supply.com\/wp-content\/uploads\/2025\/07\/APS-Logo-Master_HD.png\",\"width\":26589,\"height\":6468,\"caption\":\"APS Supply\"},\"image\":{\"@id\":\"https:\/\/aps-supply.com\/#\/schema\/logo\/image\/\"},\"sameAs\":[\"https:\/\/www.facebook.com\/pages\/APS-Lighting-and-Safety-Products\/499382100107067\",\"https:\/\/x.com\/APSLighting_JB\",\"https:\/\/www.linkedin.com\/company\/aps-lighting-&-safety\/\",\"https:\/\/www.youtube.com\/@APSLightingandSafety\"]}]}<\/script>\n<!-- \/ Yoast SEO Premium plugin. -->","yoast_head_json":{"title":"Seguimiento - APS","description":"Seguimiento del env\u00edo. Compruebe el estado de su env\u00edo, introduciendo la informaci\u00f3n de seguimiento proporcionada en el momento del env\u00edo. Llame al servicio de asistencia de APS si no dispone del n\u00famero de seguimiento o si el transportista utilizado no est\u00e1 incluido y le ayudaremos a realizar el seguimiento de su env\u00edo.","robots":{"index":"index","follow":"follow","max-snippet":"max-snippet:-1","max-image-preview":"max-image-preview:large","max-video-preview":"max-video-preview:-1"},"canonical":"https:\/\/aps-supply.com\/es\/soporte\/enlaces-de-seguimiento-de-envios\/","og_locale":"es_ES","og_type":"article","og_title":"Tracking","og_description":"Shipment Tracking. Check your shipment status, by inputting the tracking information provided at time of shipment.\u00a0Call APS support below if you don't have the tracking number available or if the carrier used isn't included and we will assist you in tracking your shipment.","og_url":"https:\/\/aps-supply.com\/es\/soporte\/enlaces-de-seguimiento-de-envios\/","og_site_name":"APS","article_publisher":"https:\/\/www.facebook.com\/pages\/APS-Lighting-and-Safety-Products\/499382100107067","article_modified_time":"2025-11-17T10:08:51+00:00","og_image":[{"width":210,"height":100,"url":"https:\/\/aps-supply.com\/wp-content\/uploads\/2021\/05\/FedEx_logo.png","type":"image\/png"}],"twitter_card":"summary_large_image","twitter_site":"@APSLighting_JB","twitter_misc":{"Tiempo de lectura":"3 minutos"},"schema":{"@context":"https:\/\/schema.org","@graph":[{"@type":"WebPage","@id":"https:\/\/aps-supply.com\/support\/shipment-tracking-links\/","url":"https:\/\/aps-supply.com\/support\/shipment-tracking-links\/","name":"Seguimiento - APS","isPartOf":{"@id":"https:\/\/aps-supply.com\/#website"},"primaryImageOfPage":{"@id":"https:\/\/aps-supply.com\/support\/shipment-tracking-links\/#primaryimage"},"image":{"@id":"https:\/\/aps-supply.com\/support\/shipment-tracking-links\/#primaryimage"},"thumbnailUrl":"https:\/\/aps-supply.com\/wp-content\/uploads\/2021\/05\/FedEx_logo.png","datePublished":"2014-09-27T06:42:38+00:00","dateModified":"2025-11-17T10:08:51+00:00","description":"Seguimiento del env\u00edo. Compruebe el estado de su env\u00edo, introduciendo la informaci\u00f3n de seguimiento proporcionada en el momento del env\u00edo. Llame al servicio de asistencia de APS si no dispone del n\u00famero de seguimiento o si el transportista utilizado no est\u00e1 incluido y le ayudaremos a realizar el seguimiento de su env\u00edo.","breadcrumb":{"@id":"https:\/\/aps-supply.com\/support\/shipment-tracking-links\/#breadcrumb"},"inLanguage":"es-CO","potentialAction":[{"@type":"ReadAction","target":["https:\/\/aps-supply.com\/support\/shipment-tracking-links\/"]}]},{"@type":"ImageObject","inLanguage":"es-CO","@id":"https:\/\/aps-supply.com\/support\/shipment-tracking-links\/#primaryimage","url":"https:\/\/aps-supply.com\/wp-content\/uploads\/2021\/05\/FedEx_logo.png","contentUrl":"https:\/\/aps-supply.com\/wp-content\/uploads\/2021\/05\/FedEx_logo.png"},{"@type":"BreadcrumbList","@id":"https:\/\/aps-supply.com\/support\/shipment-tracking-links\/#breadcrumb","itemListElement":[{"@type":"ListItem","position":1,"name":"Home","item":"https:\/\/aps-supply.com\/"},{"@type":"ListItem","position":2,"name":"Support","item":"https:\/\/aps-supply.com\/support\/"},{"@type":"ListItem","position":3,"name":"Tracking"}]},{"@type":"WebSite","@id":"https:\/\/aps-supply.com\/#website","url":"https:\/\/aps-supply.com\/","name":"APS","description":"Iluminaci\u00f3n y seguridad","publisher":{"@id":"https:\/\/aps-supply.com\/#organization"},"potentialAction":[{"@type":"SearchAction","target":{"@type":"EntryPoint","urlTemplate":"https:\/\/aps-supply.com\/?s={search_term_string}"},"query-input":{"@type":"PropertyValueSpecification","valueRequired":true,"valueName":"search_term_string"}}],"inLanguage":"es-CO"},{"@type":"Organization","@id":"https:\/\/aps-supply.com\/#organization","name":"Suministros APS","url":"https:\/\/aps-supply.com\/","logo":{"@type":"ImageObject","inLanguage":"es-CO","@id":"https:\/\/aps-supply.com\/#\/schema\/logo\/image\/","url":"https:\/\/aps-supply.com\/wp-content\/uploads\/2025\/07\/APS-Logo-Master_HD.png","contentUrl":"https:\/\/aps-supply.com\/wp-content\/uploads\/2025\/07\/APS-Logo-Master_HD.png","width":26589,"height":6468,"caption":"APS Supply"},"image":{"@id":"https:\/\/aps-supply.com\/#\/schema\/logo\/image\/"},"sameAs":["https:\/\/www.facebook.com\/pages\/APS-Lighting-and-Safety-Products\/499382100107067","https:\/\/x.com\/APSLighting_JB","https:\/\/www.linkedin.com\/company\/aps-lighting-&-safety\/","https:\/\/www.youtube.com\/@APSLightingandSafety"]}]}},"_links":{"self":[{"href":"https:\/\/aps-supply.com\/es\/wp-json\/wp\/v2\/pages\/4853","targetHints":{"allow":["GET"]}}],"collection":[{"href":"https:\/\/aps-supply.com\/es\/wp-json\/wp\/v2\/pages"}],"about":[{"href":"https:\/\/aps-supply.com\/es\/wp-json\/wp\/v2\/types\/page"}],"author":[{"embeddable":true,"href":"https:\/\/aps-supply.com\/es\/wp-json\/wp\/v2\/users\/6"}],"replies":[{"embeddable":true,"href":"https:\/\/aps-supply.com\/es\/wp-json\/wp\/v2\/comments?post=4853"}],"version-history":[{"count":0,"href":"https:\/\/aps-supply.com\/es\/wp-json\/wp\/v2\/pages\/4853\/revisions"}],"up":[{"embeddable":true,"href":"https:\/\/aps-supply.com\/es\/wp-json\/wp\/v2\/pages\/14"}],"wp:attachment":[{"href":"https:\/\/aps-supply.com\/es\/wp-json\/wp\/v2\/media?parent=4853"}],"curies":[{"name":"wp","href":"https:\/\/api.w.org\/{rel}","templated":true}]}}