{"id":4856,"date":"2014-09-27T06:43:30","date_gmt":"2014-09-27T06:43:30","guid":{"rendered":"https:\/\/aps-supply.com?page_id=4856"},"modified":"2024-11-19T20:34:18","modified_gmt":"2024-11-20T04:34:18","slug":"condiciones-de-la-garantia-del-fabricante-formularios-de-reclamacion-de-garantia","status":"publish","type":"page","link":"https:\/\/aps-supply.com\/es\/soporte\/condiciones-de-la-garantia-del-fabricante-formularios-de-reclamacion-de-garantia\/","title":{"rendered":"Garant\u00eda"},"content":{"rendered":"<p><a href=\"https:\/\/aps-supply.com\/es\/soporte\/formularios-de-solicitud-de-cuenta-nueva\/\">NUEVA CUENTA<\/a>\u00a0 \u00a0| GARANT\u00cdA \u00a0\u00a0<a href=\"https:\/\/aps-supply.com\/es\/soporte\/enlaces-de-seguimiento-de-envios\/\">SEGUIMIENTO<\/a>\u00a0 \u00a0| \u00a0\u00a0<a href=\"https:\/\/aps-supply.com\/es\/soporte\/condiciones\/\">CONDICIONES<\/a>\u00a0 \u00a0| \u00a0 <a href=\"https:\/\/aps-supply.com\/es\/soporte\/catalogos\/\">CAT\u00c1LOGOS<\/a>\u00a0 \u00a0| \u00a0\u00a0<a href=\"https:\/\/aps-supply.com\/es\/soporte\/enlaces\/\">ENLACES<\/a><\/p>\n<p>&nbsp;<\/p>\n<h3><span style=\"line-height: 1.5;\">Reclamaciones de garant\u00eda por materiales defectuosos<\/span><\/h3>\n<p>Las garant\u00edas del fabricante se aplican a todos los productos vendidos por APS. No se ofrece ninguna otra garant\u00eda, expresa o impl\u00edcita. P\u00f3ngase en contacto con APS para obtener una autorizaci\u00f3n previa antes de devolver productos defectuosos. Utilice la informaci\u00f3n de contacto que figura a continuaci\u00f3n.<br \/>\n&nbsp;<br \/>\nDescargar <a href=\"https:\/\/aps-supply.com\/wp-content\/uploads\/2016\/10\/WarrantyForm_APS_USA.pdf\" target=\"_blank\" rel=\"noopener noreferrer\">Formulario de solicitud de garant\u00eda - US<\/a> (PDF - 254 KB)<br \/>\n&nbsp;<br \/>\nDescargar <a href=\"https:\/\/aps-supply.com\/wp-content\/uploads\/2024\/11\/APS_Warranty_Form_APS_AUS_2024.pdf\" target=\"_blank\" rel=\"noopener noreferrer\">Formulario de solicitud de garant\u00eda - Espa\u00f1a<\/a> (PDF - 135 KB)<br \/>\n&nbsp;<br \/>\nSi necesita m\u00e1s ayuda, no dude en ponerse en contacto con <a href=\"https:\/\/aps-supply.com\/es\/pongase-en-contacto-con\/\">Contacte con nosotros<\/a><br \/>\n&nbsp;<\/p>\n<h3>Reembolsos y devoluciones<\/h3>\n<p>Descargar <a href=\"https:\/\/aps-supply.com\/wp-content\/uploads\/2016\/10\/APS_Returns_and_Procedures.pdf\" target=\"_blank\" rel=\"noopener noreferrer\">Devoluciones y procedimientos APS<\/a> (PDF - 158 kb)<br \/>\n&nbsp;<\/p>","protected":false},"excerpt":{"rendered":"<p>NUEVA CUENTA | GARANT\u00cdA | SEGUIMIENTO | T\u00c9RMINOS | CAT\u00c1LOGOS | ENLACES Reclamaciones de garant\u00eda por materiales defectuosos Las garant\u00edas del fabricante se aplican a todos los productos vendidos por APS. No se ofrece ninguna otra garant\u00eda, expresa o impl\u00edcita. P\u00f3ngase en contacto con APS para obtener una autorizaci\u00f3n previa antes de devolver productos defectuosos. Utilice la informaci\u00f3n de contacto que aparece a continuaci\u00f3n.   Descargar Solicitud de Garant\u00eda...<\/p>","protected":false},"author":6,"featured_media":0,"parent":14,"menu_order":0,"comment_status":"open","ping_status":"closed","template":"","meta":{"_acf_changed":false,"footnotes":""},"class_list":["post-4856","page","type-page","status-publish","hentry"],"acf":[],"yoast_head":"<!-- This site is optimized with the Yoast SEO Premium plugin v26.9 (Yoast SEO v26.9) - https:\/\/yoast.com\/product\/yoast-seo-premium-wordpress\/ -->\n<title>Warranty - APS<\/title>\n<meta name=\"robots\" content=\"index, follow, max-snippet:-1, max-image-preview:large, max-video-preview:-1\" \/>\n<link rel=\"canonical\" href=\"https:\/\/aps-supply.com\/es\/soporte\/condiciones-de-la-garantia-del-fabricante-formularios-de-reclamacion-de-garantia\/\" \/>\n<meta property=\"og:locale\" content=\"es_ES\" \/>\n<meta property=\"og:type\" content=\"article\" \/>\n<meta property=\"og:title\" content=\"Warranty\" \/>\n<meta property=\"og:description\" content=\"NEW ACCOUNT\u00a0 \u00a0| \u00a0\u00a0WARRANTY\u00a0 \u00a0| \u00a0\u00a0TRACKING\u00a0 \u00a0| \u00a0\u00a0TERMS\u00a0 \u00a0| \u00a0 CATALOGS\u00a0 \u00a0| \u00a0\u00a0LINKS &nbsp; Warranty Claims for Defective Materials Manufacturer warranties apply to all goods sold by APS. No other warranty, express or implied is offered. Contact APS for prior authorization before returning defective goods. Please use the contact information below. &nbsp; Download Warranty Application&hellip;\" \/>\n<meta property=\"og:url\" content=\"https:\/\/aps-supply.com\/es\/soporte\/condiciones-de-la-garantia-del-fabricante-formularios-de-reclamacion-de-garantia\/\" \/>\n<meta property=\"og:site_name\" content=\"APS\" \/>\n<meta property=\"article:publisher\" content=\"https:\/\/www.facebook.com\/pages\/APS-Lighting-and-Safety-Products\/499382100107067\" \/>\n<meta property=\"article:modified_time\" content=\"2024-11-20T04:34:18+00:00\" \/>\n<meta name=\"twitter:card\" content=\"summary_large_image\" \/>\n<meta name=\"twitter:site\" content=\"@APSLighting_JB\" \/>\n<script type=\"application\/ld+json\" class=\"yoast-schema-graph\">{\"@context\":\"https:\/\/schema.org\",\"@graph\":[{\"@type\":\"WebPage\",\"@id\":\"https:\/\/aps-supply.com\/support\/manufacturer-warranty-terms-warranty-claim-forms\/\",\"url\":\"https:\/\/aps-supply.com\/support\/manufacturer-warranty-terms-warranty-claim-forms\/\",\"name\":\"Warranty - APS\",\"isPartOf\":{\"@id\":\"https:\/\/aps-supply.com\/#website\"},\"datePublished\":\"2014-09-27T06:43:30+00:00\",\"dateModified\":\"2024-11-20T04:34:18+00:00\",\"breadcrumb\":{\"@id\":\"https:\/\/aps-supply.com\/support\/manufacturer-warranty-terms-warranty-claim-forms\/#breadcrumb\"},\"inLanguage\":\"es-CO\",\"potentialAction\":[{\"@type\":\"ReadAction\",\"target\":[\"https:\/\/aps-supply.com\/support\/manufacturer-warranty-terms-warranty-claim-forms\/\"]}]},{\"@type\":\"BreadcrumbList\",\"@id\":\"https:\/\/aps-supply.com\/support\/manufacturer-warranty-terms-warranty-claim-forms\/#breadcrumb\",\"itemListElement\":[{\"@type\":\"ListItem\",\"position\":1,\"name\":\"Home\",\"item\":\"https:\/\/aps-supply.com\/\"},{\"@type\":\"ListItem\",\"position\":2,\"name\":\"Support\",\"item\":\"https:\/\/aps-supply.com\/support\/\"},{\"@type\":\"ListItem\",\"position\":3,\"name\":\"Warranty\"}]},{\"@type\":\"WebSite\",\"@id\":\"https:\/\/aps-supply.com\/#website\",\"url\":\"https:\/\/aps-supply.com\/\",\"name\":\"APS\",\"description\":\"Lighting &amp; Safety\",\"publisher\":{\"@id\":\"https:\/\/aps-supply.com\/#organization\"},\"potentialAction\":[{\"@type\":\"SearchAction\",\"target\":{\"@type\":\"EntryPoint\",\"urlTemplate\":\"https:\/\/aps-supply.com\/?s={search_term_string}\"},\"query-input\":{\"@type\":\"PropertyValueSpecification\",\"valueRequired\":true,\"valueName\":\"search_term_string\"}}],\"inLanguage\":\"es-CO\"},{\"@type\":\"Organization\",\"@id\":\"https:\/\/aps-supply.com\/#organization\",\"name\":\"APS Supply\",\"url\":\"https:\/\/aps-supply.com\/\",\"logo\":{\"@type\":\"ImageObject\",\"inLanguage\":\"es-CO\",\"@id\":\"https:\/\/aps-supply.com\/#\/schema\/logo\/image\/\",\"url\":\"https:\/\/aps-supply.com\/wp-content\/uploads\/2025\/07\/APS-Logo-Master_HD.png\",\"contentUrl\":\"https:\/\/aps-supply.com\/wp-content\/uploads\/2025\/07\/APS-Logo-Master_HD.png\",\"width\":26589,\"height\":6468,\"caption\":\"APS Supply\"},\"image\":{\"@id\":\"https:\/\/aps-supply.com\/#\/schema\/logo\/image\/\"},\"sameAs\":[\"https:\/\/www.facebook.com\/pages\/APS-Lighting-and-Safety-Products\/499382100107067\",\"https:\/\/x.com\/APSLighting_JB\",\"https:\/\/www.linkedin.com\/company\/aps-lighting-&-safety\/\",\"https:\/\/www.youtube.com\/@APSLightingandSafety\"]}]}<\/script>\n<!-- \/ Yoast SEO Premium plugin. -->","yoast_head_json":{"title":"Garant\u00eda - APS","robots":{"index":"index","follow":"follow","max-snippet":"max-snippet:-1","max-image-preview":"max-image-preview:large","max-video-preview":"max-video-preview:-1"},"canonical":"https:\/\/aps-supply.com\/es\/soporte\/condiciones-de-la-garantia-del-fabricante-formularios-de-reclamacion-de-garantia\/","og_locale":"es_ES","og_type":"article","og_title":"Warranty","og_description":"NEW ACCOUNT\u00a0 \u00a0| \u00a0\u00a0WARRANTY\u00a0 \u00a0| \u00a0\u00a0TRACKING\u00a0 \u00a0| \u00a0\u00a0TERMS\u00a0 \u00a0| \u00a0 CATALOGS\u00a0 \u00a0| \u00a0\u00a0LINKS &nbsp; Warranty Claims for Defective Materials Manufacturer warranties apply to all goods sold by APS. No other warranty, express or implied is offered. Contact APS for prior authorization before returning defective goods. Please use the contact information below. &nbsp; Download Warranty Application&hellip;","og_url":"https:\/\/aps-supply.com\/es\/soporte\/condiciones-de-la-garantia-del-fabricante-formularios-de-reclamacion-de-garantia\/","og_site_name":"APS","article_publisher":"https:\/\/www.facebook.com\/pages\/APS-Lighting-and-Safety-Products\/499382100107067","article_modified_time":"2024-11-20T04:34:18+00:00","twitter_card":"summary_large_image","twitter_site":"@APSLighting_JB","schema":{"@context":"https:\/\/schema.org","@graph":[{"@type":"WebPage","@id":"https:\/\/aps-supply.com\/support\/manufacturer-warranty-terms-warranty-claim-forms\/","url":"https:\/\/aps-supply.com\/support\/manufacturer-warranty-terms-warranty-claim-forms\/","name":"Garant\u00eda - APS","isPartOf":{"@id":"https:\/\/aps-supply.com\/#website"},"datePublished":"2014-09-27T06:43:30+00:00","dateModified":"2024-11-20T04:34:18+00:00","breadcrumb":{"@id":"https:\/\/aps-supply.com\/support\/manufacturer-warranty-terms-warranty-claim-forms\/#breadcrumb"},"inLanguage":"es-CO","potentialAction":[{"@type":"ReadAction","target":["https:\/\/aps-supply.com\/support\/manufacturer-warranty-terms-warranty-claim-forms\/"]}]},{"@type":"BreadcrumbList","@id":"https:\/\/aps-supply.com\/support\/manufacturer-warranty-terms-warranty-claim-forms\/#breadcrumb","itemListElement":[{"@type":"ListItem","position":1,"name":"Home","item":"https:\/\/aps-supply.com\/"},{"@type":"ListItem","position":2,"name":"Support","item":"https:\/\/aps-supply.com\/support\/"},{"@type":"ListItem","position":3,"name":"Warranty"}]},{"@type":"WebSite","@id":"https:\/\/aps-supply.com\/#website","url":"https:\/\/aps-supply.com\/","name":"APS","description":"Iluminaci\u00f3n y seguridad","publisher":{"@id":"https:\/\/aps-supply.com\/#organization"},"potentialAction":[{"@type":"SearchAction","target":{"@type":"EntryPoint","urlTemplate":"https:\/\/aps-supply.com\/?s={search_term_string}"},"query-input":{"@type":"PropertyValueSpecification","valueRequired":true,"valueName":"search_term_string"}}],"inLanguage":"es-CO"},{"@type":"Organization","@id":"https:\/\/aps-supply.com\/#organization","name":"Suministros APS","url":"https:\/\/aps-supply.com\/","logo":{"@type":"ImageObject","inLanguage":"es-CO","@id":"https:\/\/aps-supply.com\/#\/schema\/logo\/image\/","url":"https:\/\/aps-supply.com\/wp-content\/uploads\/2025\/07\/APS-Logo-Master_HD.png","contentUrl":"https:\/\/aps-supply.com\/wp-content\/uploads\/2025\/07\/APS-Logo-Master_HD.png","width":26589,"height":6468,"caption":"APS Supply"},"image":{"@id":"https:\/\/aps-supply.com\/#\/schema\/logo\/image\/"},"sameAs":["https:\/\/www.facebook.com\/pages\/APS-Lighting-and-Safety-Products\/499382100107067","https:\/\/x.com\/APSLighting_JB","https:\/\/www.linkedin.com\/company\/aps-lighting-&-safety\/","https:\/\/www.youtube.com\/@APSLightingandSafety"]}]}},"_links":{"self":[{"href":"https:\/\/aps-supply.com\/es\/wp-json\/wp\/v2\/pages\/4856","targetHints":{"allow":["GET"]}}],"collection":[{"href":"https:\/\/aps-supply.com\/es\/wp-json\/wp\/v2\/pages"}],"about":[{"href":"https:\/\/aps-supply.com\/es\/wp-json\/wp\/v2\/types\/page"}],"author":[{"embeddable":true,"href":"https:\/\/aps-supply.com\/es\/wp-json\/wp\/v2\/users\/6"}],"replies":[{"embeddable":true,"href":"https:\/\/aps-supply.com\/es\/wp-json\/wp\/v2\/comments?post=4856"}],"version-history":[{"count":0,"href":"https:\/\/aps-supply.com\/es\/wp-json\/wp\/v2\/pages\/4856\/revisions"}],"up":[{"embeddable":true,"href":"https:\/\/aps-supply.com\/es\/wp-json\/wp\/v2\/pages\/14"}],"wp:attachment":[{"href":"https:\/\/aps-supply.com\/es\/wp-json\/wp\/v2\/media?parent=4856"}],"curies":[{"name":"wp","href":"https:\/\/api.w.org\/{rel}","templated":true}]}}