{"id":5330,"date":"2015-01-06T21:55:37","date_gmt":"2015-01-07T05:55:37","guid":{"rendered":"https:\/\/aps-supply.com\/?page_id=5330"},"modified":"2018-06-26T23:13:21","modified_gmt":"2018-06-27T06:13:21","slug":"empleo","status":"publish","type":"page","link":"https:\/\/aps-supply.com\/es\/contacto_antiguo\/empleo\/","title":{"rendered":"Empleo"},"content":{"rendered":"<p><img loading=\"lazy\" decoding=\"async\" class=\"alignright wp-image-9207 size-medium\" src=\"https:\/\/aps-supply.com\/wp-content\/uploads\/2015\/01\/careers1-300x300.jpg\" alt=\"carreras1\" width=\"300\" height=\"300\" srcset=\"https:\/\/aps-supply.com\/wp-content\/uploads\/2015\/01\/careers1-300x300.jpg 300w, https:\/\/aps-supply.com\/wp-content\/uploads\/2015\/01\/careers1-150x150.jpg 150w, https:\/\/aps-supply.com\/wp-content\/uploads\/2015\/01\/careers1-100x100.jpg 100w, https:\/\/aps-supply.com\/wp-content\/uploads\/2015\/01\/careers1.jpg 388w\" sizes=\"auto, (max-width: 300px) 100vw, 300px\" \/><\/p>\n<p><span style=\"color: #ff0000;\">1) NUEVA OPORTUNIDAD: 27 de junio de 2018<\/span><\/p>\n<h3>REPRESENTANTE DE VENTAS - Oeste de EE.UU.<\/h3>\n<p>Buscamos un representante de ventas orientado a resultados que busque activamente clientes potenciales y se comprometa con ellos. Proporcionar\u00e1 soluciones completas y adecuadas a los clientes para impulsar el crecimiento de los ingresos de primera l\u00ednea, los niveles de captaci\u00f3n de clientes y la rentabilidad.<\/p>\n<p><strong>\u00c1reas de mercado<\/strong>: Miner\u00eda, Industria, Construcci\u00f3n y flotas.<br \/>\n<strong>Ubicaci\u00f3n<\/strong>: Oeste de EE.UU.<\/p>\n<p>Para m\u00e1s informaci\u00f3n, p\u00f3ngase en contacto con Kevin Peavey:\u00a0<a href=\"mailto:KPeavey@aps-supply.com?CC=JBaxter@aps-supply.com&amp;Subject=Re%3A%20Sales%20Manager%20Position%20for%20APS%20Chile\">KPeavey@aps-supply.com<\/a><\/p>\n<p>&nbsp;<\/p>\n<p><span style=\"color: #ff0000;\">2) NUEVA OPORTUNIDAD: 27 de junio de 2018<\/span><\/p>\n<h3>VENDEDOR TECNICO - APS Per\u00fa<\/h3>\n<p>\u00c1rea Miner\u00eda, Construcci\u00f3n, Portuario<br \/>\n<strong>Zona<\/strong>: Todo el pa\u00eds<br \/>\nCon experiencia y contactos comprobados<br \/>\n<strong>Lugar de trabajo<\/strong>: Per\u00fa<\/p>\n<p>Interesados enviar sus antecedentes a <a href=\"mailto:KPeavey@aps-supply.com?CC=JBaxter@aps-supply.com&amp;Subject=Re%3A%20Sales%20Manager%20Position%20for%20APS%20Chile\">KPeavey@aps-supply.com<\/a><\/p>\n<p>&nbsp;<\/p>\n<hr \/>\n<h3><img loading=\"lazy\" decoding=\"async\" class=\"alignright wp-image-9206 size-medium\" src=\"https:\/\/aps-supply.com\/wp-content\/uploads\/2015\/01\/careers2-300x300.jpg\" alt=\"carreras2\" width=\"300\" height=\"300\" srcset=\"https:\/\/aps-supply.com\/wp-content\/uploads\/2015\/01\/careers2-300x300.jpg 300w, https:\/\/aps-supply.com\/wp-content\/uploads\/2015\/01\/careers2-150x150.jpg 150w, https:\/\/aps-supply.com\/wp-content\/uploads\/2015\/01\/careers2-100x100.jpg 100w, https:\/\/aps-supply.com\/wp-content\/uploads\/2015\/01\/careers2.jpg 388w\" sizes=\"auto, (max-width: 300px) 100vw, 300px\" \/>Visi\u00f3n de APS<\/h3>\n<ul>\n<li>Convertirse en un grupo l\u00edder internacional de distribuci\u00f3n mayorista y marketing industrial especializado en soluciones de productos de iluminaci\u00f3n y seguridad para veh\u00edculos destinados a entornos operativos dif\u00edciles.<\/li>\n<li>Conocer nuestros productos t\u00e9cnicamente mejor que cualquiera de nuestros competidores y ser capaces de utilizar este conocimiento para ofrecer soluciones reales a nuestro mercado.<\/li>\n<li>Establecer un centro de servicio al cliente y de distribuci\u00f3n sin fisuras que sea eficiente y est\u00e9 orientado al cliente desde la consulta hasta la repetici\u00f3n de la compra.<\/li>\n<\/ul>\n<h3>Valores y car\u00e1cter de APS<\/h3>\n<ul>\n<li>Fortaleza en profesionalidad, \u00e9tica e integridad<\/li>\n<li>La fuerza de la excelencia<\/li>\n<li>Fuerza en equipo y asociaciones<\/li>\n<li>La fuerza de la comunidad<\/li>\n<\/ul>\n<p>&nbsp;<\/p>","protected":false},"excerpt":{"rendered":"<p>1) NUEVA OPORTUNIDAD: 27 de junio de 2018 REPRESENTANTE DE VENTAS - Oeste de EE.UU. Buscamos un representante de ventas orientado a resultados para buscar y captar activamente clientes potenciales. Proporcionar\u00e1 soluciones completas y adecuadas a los clientes para impulsar el crecimiento de los ingresos de primera l\u00ednea, los niveles de captaci\u00f3n de clientes y la rentabilidad. \u00c1rea de mercado de inter\u00e9s: Miner\u00eda, Industria, Construcci\u00f3n y flotas. Ubicaci\u00f3n:...<\/p>","protected":false},"author":6,"featured_media":0,"parent":18,"menu_order":0,"comment_status":"open","ping_status":"closed","template":"","meta":{"_acf_changed":false,"footnotes":""},"class_list":["post-5330","page","type-page","status-publish","hentry"],"acf":[],"yoast_head":"<!-- This site is optimized with the Yoast SEO Premium plugin v26.9 (Yoast SEO v26.9) - https:\/\/yoast.com\/product\/yoast-seo-premium-wordpress\/ -->\n<title>Employment - APS<\/title>\n<meta name=\"robots\" content=\"index, follow, max-snippet:-1, max-image-preview:large, max-video-preview:-1\" \/>\n<link rel=\"canonical\" href=\"https:\/\/aps-supply.com\/es\/contacto_antiguo\/empleo\/\" \/>\n<meta property=\"og:locale\" content=\"es_ES\" \/>\n<meta property=\"og:type\" content=\"article\" \/>\n<meta property=\"og:title\" content=\"Employment\" \/>\n<meta property=\"og:description\" content=\"1)\u00a0 NEW OPPORTUNITY:\u00a0 27th June 2018 SALES REPRESENTATIVE &#8211; Western US We\u2019re looking for a results-driven sales representative to actively seek out and engage customer prospects. You will provide complete and appropriate solutions for customers to boost top-line revenue growth, customer acquisition levels and profitability. Market area of focus: Mining, Industrial, Construction and fleets. Location:&hellip;\" \/>\n<meta property=\"og:url\" content=\"https:\/\/aps-supply.com\/es\/contacto_antiguo\/empleo\/\" \/>\n<meta property=\"og:site_name\" content=\"APS\" \/>\n<meta property=\"article:publisher\" content=\"https:\/\/www.facebook.com\/pages\/APS-Lighting-and-Safety-Products\/499382100107067\" \/>\n<meta property=\"article:modified_time\" content=\"2018-06-27T06:13:21+00:00\" \/>\n<meta property=\"og:image\" content=\"https:\/\/aps-supply.com\/wp-content\/uploads\/2015\/01\/careers1.jpg\" \/>\n\t<meta property=\"og:image:width\" content=\"388\" \/>\n\t<meta property=\"og:image:height\" content=\"388\" \/>\n\t<meta property=\"og:image:type\" content=\"image\/jpeg\" \/>\n<meta name=\"twitter:card\" content=\"summary_large_image\" \/>\n<meta name=\"twitter:site\" content=\"@APSLighting_JB\" \/>\n<meta name=\"twitter:label1\" content=\"Tiempo de lectura\" \/>\n\t<meta name=\"twitter:data1\" content=\"1 minuto\" \/>\n<script type=\"application\/ld+json\" class=\"yoast-schema-graph\">{\"@context\":\"https:\/\/schema.org\",\"@graph\":[{\"@type\":\"WebPage\",\"@id\":\"https:\/\/aps-supply.com\/contact_old\/employment\/\",\"url\":\"https:\/\/aps-supply.com\/contact_old\/employment\/\",\"name\":\"Employment - APS\",\"isPartOf\":{\"@id\":\"https:\/\/aps-supply.com\/#website\"},\"primaryImageOfPage\":{\"@id\":\"https:\/\/aps-supply.com\/contact_old\/employment\/#primaryimage\"},\"image\":{\"@id\":\"https:\/\/aps-supply.com\/contact_old\/employment\/#primaryimage\"},\"thumbnailUrl\":\"https:\/\/aps-supply.com\/wp-content\/uploads\/2015\/01\/careers1-300x300.jpg\",\"datePublished\":\"2015-01-07T05:55:37+00:00\",\"dateModified\":\"2018-06-27T06:13:21+00:00\",\"breadcrumb\":{\"@id\":\"https:\/\/aps-supply.com\/contact_old\/employment\/#breadcrumb\"},\"inLanguage\":\"es-CO\",\"potentialAction\":[{\"@type\":\"ReadAction\",\"target\":[\"https:\/\/aps-supply.com\/contact_old\/employment\/\"]}]},{\"@type\":\"ImageObject\",\"inLanguage\":\"es-CO\",\"@id\":\"https:\/\/aps-supply.com\/contact_old\/employment\/#primaryimage\",\"url\":\"https:\/\/aps-supply.com\/wp-content\/uploads\/2015\/01\/careers1-300x300.jpg\",\"contentUrl\":\"https:\/\/aps-supply.com\/wp-content\/uploads\/2015\/01\/careers1-300x300.jpg\"},{\"@type\":\"BreadcrumbList\",\"@id\":\"https:\/\/aps-supply.com\/contact_old\/employment\/#breadcrumb\",\"itemListElement\":[{\"@type\":\"ListItem\",\"position\":1,\"name\":\"Home\",\"item\":\"https:\/\/aps-supply.com\/\"},{\"@type\":\"ListItem\",\"position\":2,\"name\":\"Contact\",\"item\":\"https:\/\/aps-supply.com\/contact_old\/\"},{\"@type\":\"ListItem\",\"position\":3,\"name\":\"Employment\"}]},{\"@type\":\"WebSite\",\"@id\":\"https:\/\/aps-supply.com\/#website\",\"url\":\"https:\/\/aps-supply.com\/\",\"name\":\"APS\",\"description\":\"Lighting &amp; Safety\",\"publisher\":{\"@id\":\"https:\/\/aps-supply.com\/#organization\"},\"potentialAction\":[{\"@type\":\"SearchAction\",\"target\":{\"@type\":\"EntryPoint\",\"urlTemplate\":\"https:\/\/aps-supply.com\/?s={search_term_string}\"},\"query-input\":{\"@type\":\"PropertyValueSpecification\",\"valueRequired\":true,\"valueName\":\"search_term_string\"}}],\"inLanguage\":\"es-CO\"},{\"@type\":\"Organization\",\"@id\":\"https:\/\/aps-supply.com\/#organization\",\"name\":\"APS Supply\",\"url\":\"https:\/\/aps-supply.com\/\",\"logo\":{\"@type\":\"ImageObject\",\"inLanguage\":\"es-CO\",\"@id\":\"https:\/\/aps-supply.com\/#\/schema\/logo\/image\/\",\"url\":\"https:\/\/aps-supply.com\/wp-content\/uploads\/2025\/07\/APS-Logo-Master_HD.png\",\"contentUrl\":\"https:\/\/aps-supply.com\/wp-content\/uploads\/2025\/07\/APS-Logo-Master_HD.png\",\"width\":26589,\"height\":6468,\"caption\":\"APS Supply\"},\"image\":{\"@id\":\"https:\/\/aps-supply.com\/#\/schema\/logo\/image\/\"},\"sameAs\":[\"https:\/\/www.facebook.com\/pages\/APS-Lighting-and-Safety-Products\/499382100107067\",\"https:\/\/x.com\/APSLighting_JB\",\"https:\/\/www.linkedin.com\/company\/aps-lighting-&-safety\/\",\"https:\/\/www.youtube.com\/@APSLightingandSafety\"]}]}<\/script>\n<!-- \/ Yoast SEO Premium plugin. -->","yoast_head_json":{"title":"Empleo - APS","robots":{"index":"index","follow":"follow","max-snippet":"max-snippet:-1","max-image-preview":"max-image-preview:large","max-video-preview":"max-video-preview:-1"},"canonical":"https:\/\/aps-supply.com\/es\/contacto_antiguo\/empleo\/","og_locale":"es_ES","og_type":"article","og_title":"Employment","og_description":"1)\u00a0 NEW OPPORTUNITY:\u00a0 27th June 2018 SALES REPRESENTATIVE &#8211; Western US We\u2019re looking for a results-driven sales representative to actively seek out and engage customer prospects. You will provide complete and appropriate solutions for customers to boost top-line revenue growth, customer acquisition levels and profitability. Market area of focus: Mining, Industrial, Construction and fleets. Location:&hellip;","og_url":"https:\/\/aps-supply.com\/es\/contacto_antiguo\/empleo\/","og_site_name":"APS","article_publisher":"https:\/\/www.facebook.com\/pages\/APS-Lighting-and-Safety-Products\/499382100107067","article_modified_time":"2018-06-27T06:13:21+00:00","og_image":[{"width":388,"height":388,"url":"https:\/\/aps-supply.com\/wp-content\/uploads\/2015\/01\/careers1.jpg","type":"image\/jpeg"}],"twitter_card":"summary_large_image","twitter_site":"@APSLighting_JB","twitter_misc":{"Tiempo de lectura":"1 minuto"},"schema":{"@context":"https:\/\/schema.org","@graph":[{"@type":"WebPage","@id":"https:\/\/aps-supply.com\/contact_old\/employment\/","url":"https:\/\/aps-supply.com\/contact_old\/employment\/","name":"Empleo - APS","isPartOf":{"@id":"https:\/\/aps-supply.com\/#website"},"primaryImageOfPage":{"@id":"https:\/\/aps-supply.com\/contact_old\/employment\/#primaryimage"},"image":{"@id":"https:\/\/aps-supply.com\/contact_old\/employment\/#primaryimage"},"thumbnailUrl":"https:\/\/aps-supply.com\/wp-content\/uploads\/2015\/01\/careers1-300x300.jpg","datePublished":"2015-01-07T05:55:37+00:00","dateModified":"2018-06-27T06:13:21+00:00","breadcrumb":{"@id":"https:\/\/aps-supply.com\/contact_old\/employment\/#breadcrumb"},"inLanguage":"es-CO","potentialAction":[{"@type":"ReadAction","target":["https:\/\/aps-supply.com\/contact_old\/employment\/"]}]},{"@type":"ImageObject","inLanguage":"es-CO","@id":"https:\/\/aps-supply.com\/contact_old\/employment\/#primaryimage","url":"https:\/\/aps-supply.com\/wp-content\/uploads\/2015\/01\/careers1-300x300.jpg","contentUrl":"https:\/\/aps-supply.com\/wp-content\/uploads\/2015\/01\/careers1-300x300.jpg"},{"@type":"BreadcrumbList","@id":"https:\/\/aps-supply.com\/contact_old\/employment\/#breadcrumb","itemListElement":[{"@type":"ListItem","position":1,"name":"Home","item":"https:\/\/aps-supply.com\/"},{"@type":"ListItem","position":2,"name":"Contact","item":"https:\/\/aps-supply.com\/contact_old\/"},{"@type":"ListItem","position":3,"name":"Employment"}]},{"@type":"WebSite","@id":"https:\/\/aps-supply.com\/#website","url":"https:\/\/aps-supply.com\/","name":"APS","description":"Iluminaci\u00f3n y seguridad","publisher":{"@id":"https:\/\/aps-supply.com\/#organization"},"potentialAction":[{"@type":"SearchAction","target":{"@type":"EntryPoint","urlTemplate":"https:\/\/aps-supply.com\/?s={search_term_string}"},"query-input":{"@type":"PropertyValueSpecification","valueRequired":true,"valueName":"search_term_string"}}],"inLanguage":"es-CO"},{"@type":"Organization","@id":"https:\/\/aps-supply.com\/#organization","name":"Suministros APS","url":"https:\/\/aps-supply.com\/","logo":{"@type":"ImageObject","inLanguage":"es-CO","@id":"https:\/\/aps-supply.com\/#\/schema\/logo\/image\/","url":"https:\/\/aps-supply.com\/wp-content\/uploads\/2025\/07\/APS-Logo-Master_HD.png","contentUrl":"https:\/\/aps-supply.com\/wp-content\/uploads\/2025\/07\/APS-Logo-Master_HD.png","width":26589,"height":6468,"caption":"APS Supply"},"image":{"@id":"https:\/\/aps-supply.com\/#\/schema\/logo\/image\/"},"sameAs":["https:\/\/www.facebook.com\/pages\/APS-Lighting-and-Safety-Products\/499382100107067","https:\/\/x.com\/APSLighting_JB","https:\/\/www.linkedin.com\/company\/aps-lighting-&-safety\/","https:\/\/www.youtube.com\/@APSLightingandSafety"]}]}},"_links":{"self":[{"href":"https:\/\/aps-supply.com\/es\/wp-json\/wp\/v2\/pages\/5330","targetHints":{"allow":["GET"]}}],"collection":[{"href":"https:\/\/aps-supply.com\/es\/wp-json\/wp\/v2\/pages"}],"about":[{"href":"https:\/\/aps-supply.com\/es\/wp-json\/wp\/v2\/types\/page"}],"author":[{"embeddable":true,"href":"https:\/\/aps-supply.com\/es\/wp-json\/wp\/v2\/users\/6"}],"replies":[{"embeddable":true,"href":"https:\/\/aps-supply.com\/es\/wp-json\/wp\/v2\/comments?post=5330"}],"version-history":[{"count":0,"href":"https:\/\/aps-supply.com\/es\/wp-json\/wp\/v2\/pages\/5330\/revisions"}],"up":[{"embeddable":true,"href":"https:\/\/aps-supply.com\/es\/wp-json\/wp\/v2\/pages\/18"}],"wp:attachment":[{"href":"https:\/\/aps-supply.com\/es\/wp-json\/wp\/v2\/media?parent=5330"}],"curies":[{"name":"wp","href":"https:\/\/api.w.org\/{rel}","templated":true}]}}