{"id":6,"date":"2014-06-15T18:18:20","date_gmt":"2014-06-15T18:18:20","guid":{"rendered":"https:\/\/aps-supply.com?page_id=6"},"modified":"2025-08-05T02:58:55","modified_gmt":"2025-08-05T09:58:55","slug":"acerca-de","status":"publish","type":"page","link":"https:\/\/aps-supply.com\/es\/acerca-de\/","title":{"rendered":"Qui\u00e9nes somos"},"content":{"rendered":"<div id=\"pl-6\"  class=\"panel-layout\" ><div id=\"pg-6-0\"  class=\"panel-grid panel-no-style\" ><div id=\"pgc-6-0-0\"  class=\"panel-grid-cell\" ><div id=\"panel-6-0-0-0\" class=\"so-panel widget widget_sow-editor panel-first-child\" data-index=\"0\" ><div\n\t\t\t\n\t\t\tclass=\"so-widget-sow-editor so-widget-sow-editor-base\"\n\t\t\t\n\t\t>\n<div class=\"siteorigin-widget-tinymce textwidget\">\n\t<p><img loading=\"lazy\" decoding=\"async\" class=\"alignleft wp-image-13089 size-medium\" src=\"https:\/\/aps-supply.com\/wp-content\/uploads\/2018\/02\/places-2-300x287.png\" alt=\"\" width=\"300\" height=\"287\" srcset=\"https:\/\/aps-supply.com\/wp-content\/uploads\/2018\/02\/places-2-300x287.png 300w, https:\/\/aps-supply.com\/wp-content\/uploads\/2018\/02\/places-2.png 400w\" sizes=\"auto, (max-width: 300px) 100vw, 300px\" \/>APS es uno de los principales especialistas en productos de iluminaci\u00f3n y seguridad que ofrece servicios de consultor\u00eda, formaci\u00f3n y asistencia local sobre productos a trav\u00e9s de una red de distribuidores autorizados.<\/p>\n<p>Nuestro equipo se compromete a hacer todo lo necesario para comprender su proyecto y las normas de iluminaci\u00f3n y seguridad que necesita. Entendemos que cada cliente tiene necesidades diferentes, por lo que nuestro equipo no adopta un enfoque de soluci\u00f3n \u00fanica o producto \u00fanico.<\/p>\n<p>Nos sentamos con sus equipos de direcci\u00f3n y sobre el terreno para escucharles y asegurarnos de que entendemos sus necesidades. Creamos soluciones que no solo son aceptadas por el equipo in situ, sino que tambi\u00e9n cumplen sus requisitos presupuestarios y sus normas.<\/p>\n<\/div>\n<\/div><\/div><div id=\"panel-6-0-0-1\" class=\"so-panel widget widget_sow-editor panel-last-child\" data-index=\"1\" ><div\n\t\t\t\n\t\t\tclass=\"so-widget-sow-editor so-widget-sow-editor-base\"\n\t\t\t\n\t\t>\n<div class=\"siteorigin-widget-tinymce textwidget\">\n\t<p><img loading=\"lazy\" decoding=\"async\" class=\"alignright wp-image-21172\" src=\"https:\/\/aps-supply.com\/wp-content\/uploads\/2021\/05\/APS_AIMEX-300x249.jpg\" alt=\"\" width=\"500\" height=\"415\" srcset=\"https:\/\/aps-supply.com\/wp-content\/uploads\/2021\/05\/APS_AIMEX-300x249.jpg 300w, https:\/\/aps-supply.com\/wp-content\/uploads\/2021\/05\/APS_AIMEX-1024x850.jpg 1024w, https:\/\/aps-supply.com\/wp-content\/uploads\/2021\/05\/APS_AIMEX-768x637.jpg 768w, https:\/\/aps-supply.com\/wp-content\/uploads\/2021\/05\/APS_AIMEX-1536x1274.jpg 1536w, https:\/\/aps-supply.com\/wp-content\/uploads\/2021\/05\/APS_AIMEX-2048x1699.jpg 2048w\" sizes=\"auto, (max-width: 500px) 100vw, 500px\" \/>Cuando recurra a APS, su empresa tendr\u00e1 acceso a una gran experiencia internacional. APS cuenta con m\u00e1s de 20 a\u00f1os de experiencia en los mercados de la iluminaci\u00f3n y la seguridad, combinada con los conocimientos adquiridos a trav\u00e9s de sus operaciones en Sudam\u00e9rica, Norteam\u00e9rica, Sudeste Asi\u00e1tico y Australia.<\/p>\n<p>Gracias a nuestros acuerdos de distribuci\u00f3n, no tendr\u00e1 que esperar a recibir los productos. APS ofrece asistencia completa en un pa\u00eds determinado, incluidos servicios de stock y aprovisionamiento. Gracias a nuestra red internacional, podemos suministrar productos donde y cuando se necesiten.<\/p>\n<\/div>\n<\/div><\/div><\/div><\/div><\/div>","protected":false},"excerpt":{"rendered":"<p>APS es un especialista l\u00edder en productos de iluminaci\u00f3n y seguridad que ofrece servicios de consultor\u00eda, formaci\u00f3n y asistencia local de productos a trav\u00e9s de una red de distribuidores autorizados. Nuestro equipo se compromete plenamente a hacer todo lo necesario para comprender su proyecto y las normas de iluminaci\u00f3n y seguridad que necesita. Entendemos que cada cliente tiene necesidades diferentes,...<\/p>","protected":false},"author":6,"featured_media":0,"parent":0,"menu_order":0,"comment_status":"open","ping_status":"closed","template":"","meta":{"_acf_changed":false,"footnotes":""},"class_list":["post-6","page","type-page","status-publish","hentry"],"acf":[],"yoast_head":"<!-- This site is optimized with the Yoast SEO Premium plugin v26.9 (Yoast SEO v26.9) - https:\/\/yoast.com\/product\/yoast-seo-premium-wordpress\/ -->\n<title>About Us - APS<\/title>\n<meta name=\"description\" content=\"APS is a leading lighting and safety product specialist that provides consulting services, training and local product support through a network of authorised dealers.Our team is fully committed to doing what it takes to understand your project and your required lighting and safety standards. We understand that each customer has different needs, which is why our team does not take a one solution or one product fits all approach.We sit with your management and on-site teams to listen and ensure we understand your requirements. We create solutions that are not only embraced by the on-site team, but also meet your budget requirements and your standards.\" \/>\n<meta name=\"robots\" content=\"index, follow, max-snippet:-1, max-image-preview:large, max-video-preview:-1\" \/>\n<link rel=\"canonical\" href=\"https:\/\/aps-supply.com\/es\/acerca-de\/\" \/>\n<meta property=\"og:locale\" content=\"es_ES\" \/>\n<meta property=\"og:type\" content=\"article\" \/>\n<meta property=\"og:title\" content=\"About Us\" \/>\n<meta property=\"og:description\" content=\"APS is a leading lighting and safety product specialist that provides consulting services, training and local product support through a network of authorised dealers.Our team is fully committed to doing what it takes to understand your project and your required lighting and safety standards. We understand that each customer has different needs, which is why our team does not take a one solution or one product fits all approach.We sit with your management and on-site teams to listen and ensure we understand your requirements. We create solutions that are not only embraced by the on-site team, but also meet your budget requirements and your standards.\" \/>\n<meta property=\"og:url\" content=\"https:\/\/aps-supply.com\/es\/acerca-de\/\" \/>\n<meta property=\"og:site_name\" content=\"APS\" \/>\n<meta property=\"article:publisher\" content=\"https:\/\/www.facebook.com\/pages\/APS-Lighting-and-Safety-Products\/499382100107067\" \/>\n<meta property=\"article:modified_time\" content=\"2025-08-05T09:58:55+00:00\" \/>\n<meta property=\"og:image\" content=\"https:\/\/aps-supply.com\/wp-content\/uploads\/2018\/02\/places-2.png\" \/>\n\t<meta property=\"og:image:width\" content=\"400\" \/>\n\t<meta property=\"og:image:height\" content=\"382\" \/>\n\t<meta property=\"og:image:type\" content=\"image\/png\" \/>\n<meta name=\"twitter:card\" content=\"summary_large_image\" \/>\n<meta name=\"twitter:site\" content=\"@APSLighting_JB\" \/>\n<meta name=\"twitter:label1\" content=\"Tiempo de lectura\" \/>\n\t<meta name=\"twitter:data1\" content=\"2 minutos\" \/>\n<script type=\"application\/ld+json\" class=\"yoast-schema-graph\">{\"@context\":\"https:\/\/schema.org\",\"@graph\":[{\"@type\":\"WebPage\",\"@id\":\"https:\/\/aps-supply.com\/about\/\",\"url\":\"https:\/\/aps-supply.com\/about\/\",\"name\":\"About Us - APS\",\"isPartOf\":{\"@id\":\"https:\/\/aps-supply.com\/#website\"},\"primaryImageOfPage\":{\"@id\":\"https:\/\/aps-supply.com\/about\/#primaryimage\"},\"image\":{\"@id\":\"https:\/\/aps-supply.com\/about\/#primaryimage\"},\"thumbnailUrl\":\"https:\/\/aps-supply.com\/wp-content\/uploads\/2018\/02\/places-2-300x287.png\",\"datePublished\":\"2014-06-15T18:18:20+00:00\",\"dateModified\":\"2025-08-05T09:58:55+00:00\",\"description\":\"APS is a leading lighting and safety product specialist that provides consulting services, training and local product support through a network of authorised dealers.Our team is fully committed to doing what it takes to understand your project and your required lighting and safety standards. We understand that each customer has different needs, which is why our team does not take a one solution or one product fits all approach.We sit with your management and on-site teams to listen and ensure we understand your requirements. We create solutions that are not only embraced by the on-site team, but also meet your budget requirements and your standards.\",\"breadcrumb\":{\"@id\":\"https:\/\/aps-supply.com\/about\/#breadcrumb\"},\"inLanguage\":\"es-CO\",\"potentialAction\":[{\"@type\":\"ReadAction\",\"target\":[\"https:\/\/aps-supply.com\/about\/\"]}]},{\"@type\":\"ImageObject\",\"inLanguage\":\"es-CO\",\"@id\":\"https:\/\/aps-supply.com\/about\/#primaryimage\",\"url\":\"https:\/\/aps-supply.com\/wp-content\/uploads\/2018\/02\/places-2-300x287.png\",\"contentUrl\":\"https:\/\/aps-supply.com\/wp-content\/uploads\/2018\/02\/places-2-300x287.png\"},{\"@type\":\"BreadcrumbList\",\"@id\":\"https:\/\/aps-supply.com\/about\/#breadcrumb\",\"itemListElement\":[{\"@type\":\"ListItem\",\"position\":1,\"name\":\"Home\",\"item\":\"https:\/\/aps-supply.com\/\"},{\"@type\":\"ListItem\",\"position\":2,\"name\":\"About Us\"}]},{\"@type\":\"WebSite\",\"@id\":\"https:\/\/aps-supply.com\/#website\",\"url\":\"https:\/\/aps-supply.com\/\",\"name\":\"APS\",\"description\":\"Lighting &amp; Safety\",\"publisher\":{\"@id\":\"https:\/\/aps-supply.com\/#organization\"},\"potentialAction\":[{\"@type\":\"SearchAction\",\"target\":{\"@type\":\"EntryPoint\",\"urlTemplate\":\"https:\/\/aps-supply.com\/?s={search_term_string}\"},\"query-input\":{\"@type\":\"PropertyValueSpecification\",\"valueRequired\":true,\"valueName\":\"search_term_string\"}}],\"inLanguage\":\"es-CO\"},{\"@type\":\"Organization\",\"@id\":\"https:\/\/aps-supply.com\/#organization\",\"name\":\"APS Supply\",\"url\":\"https:\/\/aps-supply.com\/\",\"logo\":{\"@type\":\"ImageObject\",\"inLanguage\":\"es-CO\",\"@id\":\"https:\/\/aps-supply.com\/#\/schema\/logo\/image\/\",\"url\":\"https:\/\/aps-supply.com\/wp-content\/uploads\/2025\/07\/APS-Logo-Master_HD.png\",\"contentUrl\":\"https:\/\/aps-supply.com\/wp-content\/uploads\/2025\/07\/APS-Logo-Master_HD.png\",\"width\":26589,\"height\":6468,\"caption\":\"APS Supply\"},\"image\":{\"@id\":\"https:\/\/aps-supply.com\/#\/schema\/logo\/image\/\"},\"sameAs\":[\"https:\/\/www.facebook.com\/pages\/APS-Lighting-and-Safety-Products\/499382100107067\",\"https:\/\/x.com\/APSLighting_JB\",\"https:\/\/www.linkedin.com\/company\/aps-lighting-&-safety\/\",\"https:\/\/www.youtube.com\/@APSLightingandSafety\"]}]}<\/script>\n<!-- \/ Yoast SEO Premium plugin. -->","yoast_head_json":{"title":"Qui\u00e9nes somos - APS","description":"APS es uno de los principales especialistas en productos de iluminaci\u00f3n y seguridad que ofrece servicios de consultor\u00eda, formaci\u00f3n y asistencia t\u00e9cnica local a trav\u00e9s de una red de distribuidores autorizados. Entendemos que cada cliente tiene necesidades diferentes, por lo que nuestro equipo no adopta un enfoque de soluci\u00f3n \u00fanica o producto \u00fanico, sino que se sienta con sus equipos de gesti\u00f3n y de obra para escuchar y asegurarse de que entiende sus requisitos. Creamos soluciones que no s\u00f3lo son aceptadas por el equipo in situ, sino que tambi\u00e9n cumplen sus requisitos presupuestarios y sus normas.","robots":{"index":"index","follow":"follow","max-snippet":"max-snippet:-1","max-image-preview":"max-image-preview:large","max-video-preview":"max-video-preview:-1"},"canonical":"https:\/\/aps-supply.com\/es\/acerca-de\/","og_locale":"es_ES","og_type":"article","og_title":"About Us","og_description":"APS is a leading lighting and safety product specialist that provides consulting services, training and local product support through a network of authorised dealers.Our team is fully committed to doing what it takes to understand your project and your required lighting and safety standards. We understand that each customer has different needs, which is why our team does not take a one solution or one product fits all approach.We sit with your management and on-site teams to listen and ensure we understand your requirements. We create solutions that are not only embraced by the on-site team, but also meet your budget requirements and your standards.","og_url":"https:\/\/aps-supply.com\/es\/acerca-de\/","og_site_name":"APS","article_publisher":"https:\/\/www.facebook.com\/pages\/APS-Lighting-and-Safety-Products\/499382100107067","article_modified_time":"2025-08-05T09:58:55+00:00","og_image":[{"width":400,"height":382,"url":"https:\/\/aps-supply.com\/wp-content\/uploads\/2018\/02\/places-2.png","type":"image\/png"}],"twitter_card":"summary_large_image","twitter_site":"@APSLighting_JB","twitter_misc":{"Tiempo de lectura":"2 minutos"},"schema":{"@context":"https:\/\/schema.org","@graph":[{"@type":"WebPage","@id":"https:\/\/aps-supply.com\/about\/","url":"https:\/\/aps-supply.com\/about\/","name":"Qui\u00e9nes somos - APS","isPartOf":{"@id":"https:\/\/aps-supply.com\/#website"},"primaryImageOfPage":{"@id":"https:\/\/aps-supply.com\/about\/#primaryimage"},"image":{"@id":"https:\/\/aps-supply.com\/about\/#primaryimage"},"thumbnailUrl":"https:\/\/aps-supply.com\/wp-content\/uploads\/2018\/02\/places-2-300x287.png","datePublished":"2014-06-15T18:18:20+00:00","dateModified":"2025-08-05T09:58:55+00:00","description":"APS es uno de los principales especialistas en productos de iluminaci\u00f3n y seguridad que ofrece servicios de consultor\u00eda, formaci\u00f3n y asistencia t\u00e9cnica local a trav\u00e9s de una red de distribuidores autorizados. Entendemos que cada cliente tiene necesidades diferentes, por lo que nuestro equipo no adopta un enfoque de soluci\u00f3n \u00fanica o producto \u00fanico, sino que se sienta con sus equipos de gesti\u00f3n y de obra para escuchar y asegurarse de que entiende sus requisitos. Creamos soluciones que no s\u00f3lo son aceptadas por el equipo in situ, sino que tambi\u00e9n cumplen sus requisitos presupuestarios y sus normas.","breadcrumb":{"@id":"https:\/\/aps-supply.com\/about\/#breadcrumb"},"inLanguage":"es-CO","potentialAction":[{"@type":"ReadAction","target":["https:\/\/aps-supply.com\/about\/"]}]},{"@type":"ImageObject","inLanguage":"es-CO","@id":"https:\/\/aps-supply.com\/about\/#primaryimage","url":"https:\/\/aps-supply.com\/wp-content\/uploads\/2018\/02\/places-2-300x287.png","contentUrl":"https:\/\/aps-supply.com\/wp-content\/uploads\/2018\/02\/places-2-300x287.png"},{"@type":"BreadcrumbList","@id":"https:\/\/aps-supply.com\/about\/#breadcrumb","itemListElement":[{"@type":"ListItem","position":1,"name":"Home","item":"https:\/\/aps-supply.com\/"},{"@type":"ListItem","position":2,"name":"About Us"}]},{"@type":"WebSite","@id":"https:\/\/aps-supply.com\/#website","url":"https:\/\/aps-supply.com\/","name":"APS","description":"Iluminaci\u00f3n y seguridad","publisher":{"@id":"https:\/\/aps-supply.com\/#organization"},"potentialAction":[{"@type":"SearchAction","target":{"@type":"EntryPoint","urlTemplate":"https:\/\/aps-supply.com\/?s={search_term_string}"},"query-input":{"@type":"PropertyValueSpecification","valueRequired":true,"valueName":"search_term_string"}}],"inLanguage":"es-CO"},{"@type":"Organization","@id":"https:\/\/aps-supply.com\/#organization","name":"Suministros APS","url":"https:\/\/aps-supply.com\/","logo":{"@type":"ImageObject","inLanguage":"es-CO","@id":"https:\/\/aps-supply.com\/#\/schema\/logo\/image\/","url":"https:\/\/aps-supply.com\/wp-content\/uploads\/2025\/07\/APS-Logo-Master_HD.png","contentUrl":"https:\/\/aps-supply.com\/wp-content\/uploads\/2025\/07\/APS-Logo-Master_HD.png","width":26589,"height":6468,"caption":"APS Supply"},"image":{"@id":"https:\/\/aps-supply.com\/#\/schema\/logo\/image\/"},"sameAs":["https:\/\/www.facebook.com\/pages\/APS-Lighting-and-Safety-Products\/499382100107067","https:\/\/x.com\/APSLighting_JB","https:\/\/www.linkedin.com\/company\/aps-lighting-&-safety\/","https:\/\/www.youtube.com\/@APSLightingandSafety"]}]}},"_links":{"self":[{"href":"https:\/\/aps-supply.com\/es\/wp-json\/wp\/v2\/pages\/6","targetHints":{"allow":["GET"]}}],"collection":[{"href":"https:\/\/aps-supply.com\/es\/wp-json\/wp\/v2\/pages"}],"about":[{"href":"https:\/\/aps-supply.com\/es\/wp-json\/wp\/v2\/types\/page"}],"author":[{"embeddable":true,"href":"https:\/\/aps-supply.com\/es\/wp-json\/wp\/v2\/users\/6"}],"replies":[{"embeddable":true,"href":"https:\/\/aps-supply.com\/es\/wp-json\/wp\/v2\/comments?post=6"}],"version-history":[{"count":0,"href":"https:\/\/aps-supply.com\/es\/wp-json\/wp\/v2\/pages\/6\/revisions"}],"wp:attachment":[{"href":"https:\/\/aps-supply.com\/es\/wp-json\/wp\/v2\/media?parent=6"}],"curies":[{"name":"wp","href":"https:\/\/api.w.org\/{rel}","templated":true}]}}