{"id":60,"date":"2014-06-15T19:03:01","date_gmt":"2014-06-15T19:03:01","guid":{"rendered":"https:\/\/aps-supply.com?page_id=60"},"modified":"2015-08-25T19:45:33","modified_gmt":"2015-08-26T02:45:33","slug":"iluminacion","status":"publish","type":"page","link":"https:\/\/aps-supply.com\/es\/socios\/iluminacion\/","title":{"rendered":"Iluminaci\u00f3n"},"content":{"rendered":"<div class=\"brand-list-container\">\t<article class=\"class=\"post-4765 post_brand type-post_brand status-publish has-post-thumbnail hentry tax_brand_category-lighting\"\" itemscope=\"itemscope\" itemtype=\"http:\/\/schema.org\/BlogPosting\" itemprop=\"blogPost\" id=\"post-4765\">\n    \t    \t<div class=\"brand-thumbnail\">\n        \t<img loading=\"lazy\" decoding=\"async\" width=\"150\" height=\"100\" src=\"https:\/\/aps-supply.com\/wp-content\/uploads\/2014\/09\/1237.jpg\" class=\"attachment-post-thumbnail size-post-thumbnail wp-post-image\" alt=\"\" \/>        <\/div><!-- brand-thumbnail -->\n        \n        <div class=\"entry-content\" itemprop=\"text\">\n        \t<h2 itemprop=\"headline\">ABL Lights<\/h2>\n\t\t\t\t            <p><strong>ABL Lights<\/strong> es un fabricante de EE.UU.\/FRA de l\u00e1mparas de trabajo compuestas HID Xen\u00f3n y Hal\u00f3genas. Las luces ABL son utilizadas ampliamente por los OEM en las industrias de la construcci\u00f3n, miner\u00eda, agricultura y silvicultura.<\/p>\n                <a href=\"https:\/\/aps-supply.com\/es\/marca-post\/luces-abl\/\">Seguir leyendo<\/a>\n                    <\/div>\n<div class=\"brand-category-list\">\n<!-- <ul>\n<li><a href=\"https:\/\/aps-supply.com\/product-category\/lighting\/lighting-abl-lights\/4wd-offroad-lamps-abl-lights\/\">4WD Offroad Lamps<\/a><\/li>\n<li><a href=\"https:\/\/aps-supply.com\/product-category\/lighting\/lighting-abl-lights\/halogen-work-lamps-abl-lights\/\">Halogen Work Lamps<\/a><\/li>\n<li><a href=\"https:\/\/aps-supply.com\/product-category\/lighting\/lighting-abl-lights\/hid-xenon-work-lamps-abl-lights\/\">HID Xenon Work Lamps<\/a><\/li>\n<li><a href=\"https:\/\/aps-supply.com\/product-category\/lighting\/lighting-abl-lights\/led-work-lamps-abl-lights\/\">LED Work Lamps<\/a><\/li>\n<li><a href=\"https:\/\/aps-supply.com\/product-category\/lighting\/lighting-abl-lights\/marine-work-lamps-abl-lights\/\">Marine Work Lamps<\/a><\/li>\n<li><a href=\"https:\/\/aps-supply.com\/product-category\/lighting\/lighting-abl-lights\/service-lamps-abl-lights\/\">Service Lamps<\/a><\/li>\n<\/ul>\n -->\n<\/div>\n\n    <\/article>\n    \t<article class=\"class=\"post-4788 post_brand type-post_brand status-publish has-post-thumbnail hentry tax_brand_category-lighting\"\" itemscope=\"itemscope\" itemtype=\"http:\/\/schema.org\/BlogPosting\" itemprop=\"blogPost\" id=\"post-4788\">\n    \t    \t<div class=\"brand-thumbnail\">\n        \t<img loading=\"lazy\" decoding=\"async\" width=\"150\" height=\"62\" src=\"https:\/\/aps-supply.com\/wp-content\/uploads\/2017\/02\/APS-150px.png\" class=\"attachment-post-thumbnail size-post-thumbnail wp-post-image\" alt=\"\" \/>        <\/div><!-- brand-thumbnail -->\n        \n        <div class=\"entry-content\" itemprop=\"text\">\n        \t<h2 itemprop=\"headline\">APS Iluminaci\u00f3n y Seguridad<\/h2>\n\t\t\t\t            <p>APS ofrece una gama de productos de iluminaci\u00f3n, veh\u00edculos y seguridad en el lugar de trabajo que se comercializan bajo la marca APS.<\/p>\n                <a href=\"https:\/\/aps-supply.com\/es\/marca-post\/aps\/\">Seguir leyendo<\/a>\n                    <\/div>\n<div class=\"brand-category-list\">\n<!-- <ul>\n<li><a href=\"https:\/\/aps-supply.com\/product-category\/lighting\/lighting-aps\/fleet-signal-lighting-aps\/\">Fleet Signal Lighting<\/a><\/li>\n<li><a href=\"https:\/\/aps-supply.com\/product-category\/lighting\/lighting-aps\/heavy-duty-large-heavy-equipment-aps\/\">Heavy Duty &#8211; Large Heavy Equipment<\/a><\/li>\n<li><a href=\"https:\/\/aps-supply.com\/product-category\/vehicle-safety\/vehicle-safety-aps\/horns-aps\/\">Horns<\/a><\/li>\n<li><a href=\"https:\/\/aps-supply.com\/product-category\/lighting\/lighting-aps\/led-work-lamps-aps\/\">LED Work Lamps<\/a><\/li>\n<li><a href=\"https:\/\/aps-supply.com\/product-category\/workplace-safety\/workplace-safety-aps\/marker-lights-aps\/\">Marker Lights<\/a><\/li>\n<li><a href=\"https:\/\/aps-supply.com\/product-category\/lighting\/lighting-aps\/service-lamps\/\">Service Lamps<\/a><\/li>\n<li><a href=\"https:\/\/aps-supply.com\/product-category\/workplace-safety\/workplace-safety-aps\/solar-marking-lights-aps\/\">Solar Marking Lights<\/a><\/li>\n<li><a href=\"https:\/\/aps-supply.com\/product-category\/vehicle-safety\/vehicle-safety-aps\/wheel-chocks-aps\/\">Wheel Chocks<\/a><\/li>\n<li><a href=\"#\">Wheel Retainer System<\/a><\/li>\n<\/ul>\n -->\n<\/div>\n\n    <\/article>\n    \t<article class=\"class=\"post-6746 post_brand type-post_brand status-publish has-post-thumbnail hentry tax_brand_category-lighting\"\" itemscope=\"itemscope\" itemtype=\"http:\/\/schema.org\/BlogPosting\" itemprop=\"blogPost\" id=\"post-6746\">\n    \t    \t<div class=\"brand-thumbnail\">\n        \t<img loading=\"lazy\" decoding=\"async\" width=\"150\" height=\"36\" src=\"https:\/\/aps-supply.com\/wp-content\/uploads\/2015\/09\/Golight-logo_thumb.jpg\" class=\"attachment-post-thumbnail size-post-thumbnail wp-post-image\" alt=\"\" \/>        <\/div><!-- brand-thumbnail -->\n        \n        <div class=\"entry-content\" itemprop=\"text\">\n        \t<h2 itemprop=\"headline\">Golight<\/h2>\n\t\t\t\t            <p>Golight ha establecido el est\u00e1ndar de la industria en iluminaci\u00f3n por control remoto desde 1994. Estas luces est\u00e1n en servicio en todo el mundo, iluminando el camino para todo, desde camiones de trabajo\/servicio, veh\u00edculos recreativos, veh\u00edculos militares, veh\u00edculos de servicios de emergencia y embarcaciones marinas.<\/p>\n                <a href=\"https:\/\/aps-supply.com\/es\/marca-post\/golight\/\">Seguir leyendo<\/a>\n                    <\/div>\n<div class=\"brand-category-list\">\n<!-- <ul>\n<li><a href=\"https:\/\/aps-supply.com\/product-category\/lighting\/lighting-golight-lights\/remote-controlled-lighting\/\">Remote-controlled Lighting<\/a><\/li>\n<\/ul>\n -->\n<\/div>\n\n    <\/article>\n    \t<article class=\"class=\"post-4770 post_brand type-post_brand status-publish has-post-thumbnail hentry tax_brand_category-lighting\"\" itemscope=\"itemscope\" itemtype=\"http:\/\/schema.org\/BlogPosting\" itemprop=\"blogPost\" id=\"post-4770\">\n    \t    \t<div class=\"brand-thumbnail\">\n        \t<img loading=\"lazy\" decoding=\"async\" width=\"150\" height=\"68\" src=\"https:\/\/aps-supply.com\/wp-content\/uploads\/2014\/09\/jw-speaker-logo.png\" class=\"attachment-post-thumbnail size-post-thumbnail wp-post-image\" alt=\"\" \/>        <\/div><!-- brand-thumbnail -->\n        \n        <div class=\"entry-content\" itemprop=\"text\">\n        \t<h2 itemprop=\"headline\">J.W. Speaker<\/h2>\n\t\t\t\t            <p><strong>J.W. Speaker<\/strong> es un fabricante de EE.UU. Heavy Duty Xenon HID, LED y l\u00e1mparas hal\u00f3genas de trabajo, l\u00e1mparas de se\u00f1alizaci\u00f3n y l\u00e1mparas personalizadas para: Equipo Pesado, Miner\u00eda, Marina, Puerto, Off-Road, Manejo de Materiales, Utilidad, Agricultura y M\u00e1quinas de Construcci\u00f3n.<\/p>\n                <a href=\"https:\/\/aps-supply.com\/es\/marca-post\/orador-jw\/\">Seguir leyendo<\/a>\n                    <\/div>\n<div class=\"brand-category-list\">\n<!-- <ul>\n<li><a href=\"https:\/\/aps-supply.com\/product-category\/lighting\/lighting-jw-speaker\/4wd-offroad-lamps-jw-speaker\/\">4WD Offroad Lamps<\/a><\/li>\n<li><a href=\"https:\/\/aps-supply.com\/product-category\/lighting\/lighting-jw-speaker\/fleet-signal-lighting-jw-speaker\/\">Fleet Signal Lighting<\/a><\/li>\n<li><a href=\"https:\/\/aps-supply.com\/product-category\/lighting\/lighting-jw-speaker\/halogen-work-lamps-jw-speaker\/\">Halogen Work Lamps<\/a><\/li>\n<li><a href=\"https:\/\/aps-supply.com\/product-category\/lighting\/lighting-jw-speaker\/hid-xenon-work-lamps-jw-speaker\/\">HID Xenon Work Lamps<\/a><\/li>\n<li><a href=\"https:\/\/aps-supply.com\/product-category\/lighting\/lighting-jw-speaker\/led-driving-lights-jw-speaker\/\">LED Driving Lights<\/a><\/li>\n<li><a href=\"https:\/\/aps-supply.com\/product-category\/vehicle-safety\/vehicle-safety-jw-speaker\/led-strobes-jw-speaker\/\">LED Strobes<\/a><\/li>\n<li><a href=\"https:\/\/aps-supply.com\/product-category\/vehicle-safety\/vehicle-safety-jw-speaker\/led-warning-jw-speaker\/\">LED Warning<\/a><\/li>\n<li><a href=\"https:\/\/aps-supply.com\/product-category\/lighting\/lighting-jw-speaker\/led-work-lamps-jw-speaker\/\">LED Work Lamps<\/a><\/li>\n<li><a href=\"https:\/\/aps-supply.com\/product-category\/vehicle-safety\/vehicle-safety-jw-speaker\/light-bars-jw-speaker\/\">Light Bars<\/a><\/li>\n<li><a href=\"https:\/\/aps-supply.com\/product-category\/lighting\/lighting-jw-speaker\/marine-work-lamps-jw-speaker\/\">Marine Work Lamps<\/a><\/li>\n<li><a href=\"https:\/\/aps-supply.com\/product-category\/lighting\/lighting-jw-speaker\/service-lamps-jw-speaker\/\">Service Lamps<\/a><\/li>\n<\/ul>\n -->\n<\/div>\n\n    <\/article>\n    \t<article class=\"class=\"post-4785 post_brand type-post_brand status-publish has-post-thumbnail hentry tax_brand_category-lighting\"\" itemscope=\"itemscope\" itemtype=\"http:\/\/schema.org\/BlogPosting\" itemprop=\"blogPost\" id=\"post-4785\">\n    \t    \t<div class=\"brand-thumbnail\">\n        \t<img loading=\"lazy\" decoding=\"async\" width=\"150\" height=\"71\" src=\"https:\/\/aps-supply.com\/wp-content\/uploads\/2014\/09\/533.jpg\" class=\"attachment-post-thumbnail size-post-thumbnail wp-post-image\" alt=\"\" \/>        <\/div><!-- brand-thumbnail -->\n        \n        <div class=\"entry-content\" itemprop=\"text\">\n        \t<h2 itemprop=\"headline\">Osram<\/h2>\n\t\t\t\t            <p>Las l\u00e1mparas para veh\u00edculos de OSRAM son famosas por su extraordinaria precisi\u00f3n, su funcionamiento fiable y su impresionante robustez. APS almacena y suministra las l\u00e1mparas y balastos Osram Xenarc de descarga el\u00e9ctrica de gas D1 y D2.<\/p>\n                <a href=\"https:\/\/aps-supply.com\/es\/marca-post\/osram\/\">Seguir leyendo<\/a>\n                    <\/div>\n<div class=\"brand-category-list\">\n<!-- <ul>\n<li><a href=\"https:\/\/aps-supply.com\/product-category\/lighting\/lighting-osram\/hid-xenon-work-lamps-osram\/\">HID Xenon Work Lamps<\/a><\/li>\n<\/ul>\n -->\n<\/div>\n\n    <\/article>\n    \t<article class=\"class=\"post-9614 post_brand type-post_brand status-publish has-post-thumbnail hentry tax_brand_category-lighting\"\" itemscope=\"itemscope\" itemtype=\"http:\/\/schema.org\/BlogPosting\" itemprop=\"blogPost\" id=\"post-9614\">\n    \t    \t<div class=\"brand-thumbnail\">\n        \t<img loading=\"lazy\" decoding=\"async\" width=\"150\" height=\"42\" src=\"https:\/\/aps-supply.com\/wp-content\/uploads\/2016\/12\/vignal_lighting_group_logo_thumb.jpg\" class=\"attachment-post-thumbnail size-post-thumbnail wp-post-image\" alt=\"\" \/>        <\/div><!-- brand-thumbnail -->\n        \n        <div class=\"entry-content\" itemprop=\"text\">\n        \t<h2 itemprop=\"headline\">Grupo de iluminaci\u00f3n Vignal<\/h2>\n\t\t\t\t            <p>Vignal Lighting Group est\u00e1 especializado en el dise\u00f1o, fabricaci\u00f3n y comercializaci\u00f3n de productos y sistemas de iluminaci\u00f3n y se\u00f1alizaci\u00f3n para veh\u00edculos industriales y comerciales.<\/p>\n                <a href=\"https:\/\/aps-supply.com\/es\/marca-post\/grupo-de-iluminacion-vignal\/\">Seguir leyendo<\/a>\n                    <\/div>\n<div class=\"brand-category-list\">\n<!-- <ul>\n<li><a href=\"https:\/\/aps-supply.com\/product-category\/lighting\/vignal-lighting-group\/fleet-signal-lighting-vignal-lighting-group\/\">Fleet Signal Lighting<\/a><\/li>\n<\/ul>\n -->\n<\/div>\n\n    <\/article>\n    \t<article class=\"class=\"post-4781 post_brand type-post_brand status-publish has-post-thumbnail hentry tax_brand_category-lighting\"\" itemscope=\"itemscope\" itemtype=\"http:\/\/schema.org\/BlogPosting\" itemprop=\"blogPost\" id=\"post-4781\">\n    \t    \t<div class=\"brand-thumbnail\">\n        \t<img loading=\"lazy\" decoding=\"async\" width=\"150\" height=\"135\" src=\"https:\/\/aps-supply.com\/wp-content\/uploads\/2016\/09\/VX_round_logo_small.png\" class=\"attachment-post-thumbnail size-post-thumbnail wp-post-image\" alt=\"\" \/>        <\/div><!-- brand-thumbnail -->\n        \n        <div class=\"entry-content\" itemprop=\"text\">\n        \t<h2 itemprop=\"headline\">Visi\u00f3n X<\/h2>\n\t\t\t\t            <p>Vision X es un dise\u00f1ador de EE.UU. y manfucturer de Off &amp; Road Racing HID xen\u00f3n, LED y l\u00e1mparas hal\u00f3genas. Vision X est\u00e1 disponible bajo la marca Xmitter, Soltstice y Vision X. Aplicaciones: Veh\u00edculos 4\u00d74; Veh\u00edculos de apoyo y camiones de la flota; Off-Road Racing Veh\u00edculos; Veh\u00edculos recreativos<\/p>\n                <a href=\"https:\/\/aps-supply.com\/es\/marca-post\/vision-x\/\">Seguir leyendo<\/a>\n                    <\/div>\n<div class=\"brand-category-list\">\n<!-- <ul>\n<li><a href=\"https:\/\/aps-supply.com\/product-category\/lighting\/lighting-vision-x\/4wd-offroad-lamps-vision-x\/\">4WD Offroad Lamps<\/a><\/li>\n<li><a href=\"https:\/\/aps-supply.com\/product-category\/lighting\/lighting-vision-x\/accessories-vision-x\/\">Accessories<\/a><\/li>\n<li><a href=\"#\">Fleet Signal Lighting<\/a><\/li>\n<li><a href=\"https:\/\/aps-supply.com\/product-category\/lighting\/lighting-vision-x\/heavy-duty-large-heavy-equipment-vision-x\/\">Heavy Duty &#8211; Large Heavy Equipment<\/a><\/li>\n<li><a href=\"https:\/\/aps-supply.com\/product-category\/lighting\/lighting-vision-x\/industrial-lighting-vision-x\/\">Industrial Lighting<\/a><\/li>\n<li><a href=\"https:\/\/aps-supply.com\/product-category\/lighting\/lighting-vision-x\/led-auxiliary-driving-lights-vision-x\/\">LED Auxiliary Driving Lights<\/a><\/li>\n<li><a href=\"#\">LED Warning<\/a><\/li>\n<li><a href=\"https:\/\/aps-supply.com\/product-category\/lighting\/lighting-vision-x\/led-work-lamps-vision-x\/\">LED Work Lamps<\/a><\/li>\n<li><a href=\"https:\/\/aps-supply.com\/product-category\/vehicle-safety\/vehicle-safety-vision-x\/light-bars-vision-x\/\">Light Bars<\/a><\/li>\n<li><a href=\"https:\/\/aps-supply.com\/product-category\/lighting\/lighting-vision-x\/marine-work-lamps-vision-x\/\">Marine Work Lamps<\/a><\/li>\n<li><a href=\"#\">Portable Lighting<\/a><\/li>\n<li><a href=\"https:\/\/aps-supply.com\/product-category\/lighting\/lighting-vision-x\/service-lamps-vision-x\/\">Service Lamps<\/a><\/li>\n<\/ul>\n -->\n<\/div>\n\n    <\/article>\n    <\/div><!--brand-list-container-->","protected":false},"excerpt":{"rendered":"","protected":false},"author":6,"featured_media":0,"parent":12,"menu_order":0,"comment_status":"open","ping_status":"closed","template":"page-sidemenu.php","meta":{"_acf_changed":false,"footnotes":""},"class_list":["post-60","page","type-page","status-publish","hentry"],"acf":[],"yoast_head":"<!-- This site is optimized with the Yoast SEO Premium plugin v26.9 (Yoast SEO v26.9) - https:\/\/yoast.com\/product\/yoast-seo-premium-wordpress\/ -->\n<title>Lighting - APS<\/title>\n<meta name=\"robots\" content=\"index, follow, max-snippet:-1, max-image-preview:large, max-video-preview:-1\" \/>\n<link rel=\"canonical\" href=\"https:\/\/aps-supply.com\/es\/socios\/iluminacion\/\" \/>\n<meta property=\"og:locale\" content=\"es_ES\" \/>\n<meta property=\"og:type\" content=\"article\" \/>\n<meta property=\"og:title\" content=\"Lighting\" \/>\n<meta property=\"og:url\" content=\"https:\/\/aps-supply.com\/es\/socios\/iluminacion\/\" \/>\n<meta property=\"og:site_name\" content=\"APS\" \/>\n<meta property=\"article:publisher\" content=\"https:\/\/www.facebook.com\/pages\/APS-Lighting-and-Safety-Products\/499382100107067\" \/>\n<meta property=\"article:modified_time\" content=\"2015-08-26T02:45:33+00:00\" \/>\n<meta name=\"twitter:card\" content=\"summary_large_image\" \/>\n<meta name=\"twitter:site\" content=\"@APSLighting_JB\" \/>\n<script type=\"application\/ld+json\" class=\"yoast-schema-graph\">{\"@context\":\"https:\/\/schema.org\",\"@graph\":[{\"@type\":\"WebPage\",\"@id\":\"https:\/\/aps-supply.com\/partners\/lighting\/\",\"url\":\"https:\/\/aps-supply.com\/partners\/lighting\/\",\"name\":\"Lighting - APS\",\"isPartOf\":{\"@id\":\"https:\/\/aps-supply.com\/#website\"},\"datePublished\":\"2014-06-15T19:03:01+00:00\",\"dateModified\":\"2015-08-26T02:45:33+00:00\",\"breadcrumb\":{\"@id\":\"https:\/\/aps-supply.com\/partners\/lighting\/#breadcrumb\"},\"inLanguage\":\"es-CO\",\"potentialAction\":[{\"@type\":\"ReadAction\",\"target\":[\"https:\/\/aps-supply.com\/partners\/lighting\/\"]}]},{\"@type\":\"BreadcrumbList\",\"@id\":\"https:\/\/aps-supply.com\/partners\/lighting\/#breadcrumb\",\"itemListElement\":[{\"@type\":\"ListItem\",\"position\":1,\"name\":\"Home\",\"item\":\"https:\/\/aps-supply.com\/\"},{\"@type\":\"ListItem\",\"position\":2,\"name\":\"Partners\",\"item\":\"https:\/\/aps-supply.com\/partners\/\"},{\"@type\":\"ListItem\",\"position\":3,\"name\":\"Lighting\"}]},{\"@type\":\"WebSite\",\"@id\":\"https:\/\/aps-supply.com\/#website\",\"url\":\"https:\/\/aps-supply.com\/\",\"name\":\"APS\",\"description\":\"Lighting &amp; Safety\",\"publisher\":{\"@id\":\"https:\/\/aps-supply.com\/#organization\"},\"potentialAction\":[{\"@type\":\"SearchAction\",\"target\":{\"@type\":\"EntryPoint\",\"urlTemplate\":\"https:\/\/aps-supply.com\/?s={search_term_string}\"},\"query-input\":{\"@type\":\"PropertyValueSpecification\",\"valueRequired\":true,\"valueName\":\"search_term_string\"}}],\"inLanguage\":\"es-CO\"},{\"@type\":\"Organization\",\"@id\":\"https:\/\/aps-supply.com\/#organization\",\"name\":\"APS Supply\",\"url\":\"https:\/\/aps-supply.com\/\",\"logo\":{\"@type\":\"ImageObject\",\"inLanguage\":\"es-CO\",\"@id\":\"https:\/\/aps-supply.com\/#\/schema\/logo\/image\/\",\"url\":\"https:\/\/aps-supply.com\/wp-content\/uploads\/2025\/07\/APS-Logo-Master_HD.png\",\"contentUrl\":\"https:\/\/aps-supply.com\/wp-content\/uploads\/2025\/07\/APS-Logo-Master_HD.png\",\"width\":26589,\"height\":6468,\"caption\":\"APS Supply\"},\"image\":{\"@id\":\"https:\/\/aps-supply.com\/#\/schema\/logo\/image\/\"},\"sameAs\":[\"https:\/\/www.facebook.com\/pages\/APS-Lighting-and-Safety-Products\/499382100107067\",\"https:\/\/x.com\/APSLighting_JB\",\"https:\/\/www.linkedin.com\/company\/aps-lighting-&-safety\/\",\"https:\/\/www.youtube.com\/@APSLightingandSafety\"]}]}<\/script>\n<!-- \/ Yoast SEO Premium plugin. -->","yoast_head_json":{"title":"Iluminaci\u00f3n - APS","robots":{"index":"index","follow":"follow","max-snippet":"max-snippet:-1","max-image-preview":"max-image-preview:large","max-video-preview":"max-video-preview:-1"},"canonical":"https:\/\/aps-supply.com\/es\/socios\/iluminacion\/","og_locale":"es_ES","og_type":"article","og_title":"Lighting","og_url":"https:\/\/aps-supply.com\/es\/socios\/iluminacion\/","og_site_name":"APS","article_publisher":"https:\/\/www.facebook.com\/pages\/APS-Lighting-and-Safety-Products\/499382100107067","article_modified_time":"2015-08-26T02:45:33+00:00","twitter_card":"summary_large_image","twitter_site":"@APSLighting_JB","schema":{"@context":"https:\/\/schema.org","@graph":[{"@type":"WebPage","@id":"https:\/\/aps-supply.com\/partners\/lighting\/","url":"https:\/\/aps-supply.com\/partners\/lighting\/","name":"Iluminaci\u00f3n - APS","isPartOf":{"@id":"https:\/\/aps-supply.com\/#website"},"datePublished":"2014-06-15T19:03:01+00:00","dateModified":"2015-08-26T02:45:33+00:00","breadcrumb":{"@id":"https:\/\/aps-supply.com\/partners\/lighting\/#breadcrumb"},"inLanguage":"es-CO","potentialAction":[{"@type":"ReadAction","target":["https:\/\/aps-supply.com\/partners\/lighting\/"]}]},{"@type":"BreadcrumbList","@id":"https:\/\/aps-supply.com\/partners\/lighting\/#breadcrumb","itemListElement":[{"@type":"ListItem","position":1,"name":"Home","item":"https:\/\/aps-supply.com\/"},{"@type":"ListItem","position":2,"name":"Partners","item":"https:\/\/aps-supply.com\/partners\/"},{"@type":"ListItem","position":3,"name":"Lighting"}]},{"@type":"WebSite","@id":"https:\/\/aps-supply.com\/#website","url":"https:\/\/aps-supply.com\/","name":"APS","description":"Iluminaci\u00f3n y seguridad","publisher":{"@id":"https:\/\/aps-supply.com\/#organization"},"potentialAction":[{"@type":"SearchAction","target":{"@type":"EntryPoint","urlTemplate":"https:\/\/aps-supply.com\/?s={search_term_string}"},"query-input":{"@type":"PropertyValueSpecification","valueRequired":true,"valueName":"search_term_string"}}],"inLanguage":"es-CO"},{"@type":"Organization","@id":"https:\/\/aps-supply.com\/#organization","name":"Suministros APS","url":"https:\/\/aps-supply.com\/","logo":{"@type":"ImageObject","inLanguage":"es-CO","@id":"https:\/\/aps-supply.com\/#\/schema\/logo\/image\/","url":"https:\/\/aps-supply.com\/wp-content\/uploads\/2025\/07\/APS-Logo-Master_HD.png","contentUrl":"https:\/\/aps-supply.com\/wp-content\/uploads\/2025\/07\/APS-Logo-Master_HD.png","width":26589,"height":6468,"caption":"APS Supply"},"image":{"@id":"https:\/\/aps-supply.com\/#\/schema\/logo\/image\/"},"sameAs":["https:\/\/www.facebook.com\/pages\/APS-Lighting-and-Safety-Products\/499382100107067","https:\/\/x.com\/APSLighting_JB","https:\/\/www.linkedin.com\/company\/aps-lighting-&-safety\/","https:\/\/www.youtube.com\/@APSLightingandSafety"]}]}},"_links":{"self":[{"href":"https:\/\/aps-supply.com\/es\/wp-json\/wp\/v2\/pages\/60","targetHints":{"allow":["GET"]}}],"collection":[{"href":"https:\/\/aps-supply.com\/es\/wp-json\/wp\/v2\/pages"}],"about":[{"href":"https:\/\/aps-supply.com\/es\/wp-json\/wp\/v2\/types\/page"}],"author":[{"embeddable":true,"href":"https:\/\/aps-supply.com\/es\/wp-json\/wp\/v2\/users\/6"}],"replies":[{"embeddable":true,"href":"https:\/\/aps-supply.com\/es\/wp-json\/wp\/v2\/comments?post=60"}],"version-history":[{"count":0,"href":"https:\/\/aps-supply.com\/es\/wp-json\/wp\/v2\/pages\/60\/revisions"}],"up":[{"embeddable":true,"href":"https:\/\/aps-supply.com\/es\/wp-json\/wp\/v2\/pages\/12"}],"wp:attachment":[{"href":"https:\/\/aps-supply.com\/es\/wp-json\/wp\/v2\/media?parent=60"}],"curies":[{"name":"wp","href":"https:\/\/api.w.org\/{rel}","templated":true}]}}