{"id":62,"date":"2014-06-15T19:03:23","date_gmt":"2014-06-15T19:03:23","guid":{"rendered":"https:\/\/aps-supply.com?page_id=62"},"modified":"2014-09-30T08:17:53","modified_gmt":"2014-09-30T08:17:53","slug":"otros","status":"publish","type":"page","link":"https:\/\/aps-supply.com\/es\/socios\/otros\/","title":{"rendered":"Otros"},"content":{"rendered":"<div class=\"brand-list-container\">\t<article class=\"class=\"post-4837 post_brand type-post_brand status-publish has-post-thumbnail hentry tax_brand_category-other\"\" itemscope=\"itemscope\" itemtype=\"http:\/\/schema.org\/BlogPosting\" itemprop=\"blogPost\" id=\"post-4837\">\n    \t    \t<div class=\"brand-thumbnail\">\n        \t<img loading=\"lazy\" decoding=\"async\" width=\"150\" height=\"74\" src=\"https:\/\/aps-supply.com\/wp-content\/uploads\/2014\/09\/adventure_lights_logo_thumb.png\" class=\"attachment-post-thumbnail size-post-thumbnail wp-post-image\" alt=\"\" \/>        <\/div><!-- brand-thumbnail -->\n        \n        <div class=\"entry-content\" itemprop=\"text\">\n        \t<h2 itemprop=\"headline\">Luces de aventura<\/h2>\n\t\t\t\t            <p><strong>Luces de aventura<\/strong> es un fabricante canadiense de luces LED de se\u00f1alizaci\u00f3n personal y militar.  Lazerstik, Guardian y VIP son luces de se\u00f1alizaci\u00f3n compactas que utilizan el bajo consumo de energ\u00eda y la alta visibilidad de los LED para hacer visible al personal.  Los chalecos reflectantes s\u00f3lo sirven cuando hay una fuente de luz que reflejar.  Si el personal lleva LED compactos, mejorar\u00e1 su visibilidad para los operadores de veh\u00edculos por la noche.<\/p>\n                <a href=\"https:\/\/aps-supply.com\/es\/marca-post\/luces-de-aventura\/\">Seguir leyendo<\/a>\n                    <\/div>\n<div class=\"brand-category-list\">\n<!-- <ul>\n<li><a href=\"https:\/\/aps-supply.com\/product-category\/military-security\/military-security-adventure-lights\/color-marking-lights-adventure-lights\/\">Color Marking Lights<\/a><\/li>\n<li><a href=\"https:\/\/aps-supply.com\/product-category\/workplace-safety\/workplace-safety-adventure-lights\/marker-lights-adventure-lights\/\">Marker Lights<\/a><\/li>\n<\/ul>\n -->\n<\/div>\n\n    <\/article>\n    \t<article class=\"class=\"post-4841 post_brand type-post_brand status-publish has-post-thumbnail hentry tax_brand_category-other\"\" itemscope=\"itemscope\" itemtype=\"http:\/\/schema.org\/BlogPosting\" itemprop=\"blogPost\" id=\"post-4841\">\n    \t    \t<div class=\"brand-thumbnail\">\n        \t<img loading=\"lazy\" decoding=\"async\" width=\"150\" height=\"99\" src=\"https:\/\/aps-supply.com\/wp-content\/uploads\/2014\/09\/800.jpg\" class=\"attachment-post-thumbnail size-post-thumbnail wp-post-image\" alt=\"\" \/>        <\/div><!-- brand-thumbnail -->\n        \n        <div class=\"entry-content\" itemprop=\"text\">\n        \t<h2 itemprop=\"headline\">Prelimpiadores CENTRI<\/h2>\n\t\t\t\t            <p>CENTRI\u2122 prelimpiadores dise\u00f1ados fabricados en Wisconsin, EE.UU.. Los prefiltros CENTRI\u2122 son los prefiltros m\u00e1s fiables del mundo.<\/p>\n                <a href=\"https:\/\/aps-supply.com\/es\/marca-post\/prelimpiadores-centri\/\">Seguir leyendo<\/a>\n                    <\/div>\n<div class=\"brand-category-list\">\n<!-- <ul>\n<li><a href=\"https:\/\/aps-supply.com\/product-category\/heavy-equipment-parts\/heavy-equipment-parts-centri-precleaners\/centri-air-precleaners-centri-precleaners\/\">Centri Air Precleaners<\/a><\/li>\n<\/ul>\n -->\n<\/div>\n\n    <\/article>\n    \t<article class=\"class=\"post-4844 post_brand type-post_brand status-publish has-post-thumbnail hentry tax_brand_category-other\"\" itemscope=\"itemscope\" itemtype=\"http:\/\/schema.org\/BlogPosting\" itemprop=\"blogPost\" id=\"post-4844\">\n    \t    \t<div class=\"brand-thumbnail\">\n        \t<img loading=\"lazy\" decoding=\"async\" width=\"128\" height=\"100\" src=\"https:\/\/aps-supply.com\/wp-content\/uploads\/2014\/09\/1462.jpg\" class=\"attachment-post-thumbnail size-post-thumbnail wp-post-image\" alt=\"\" \/>        <\/div><!-- brand-thumbnail -->\n        \n        <div class=\"entry-content\" itemprop=\"text\">\n        \t<h2 itemprop=\"headline\">Cole Hersee Co.<\/h2>\n\t\t\t\t            <p>Cole Hersee es un fabricante l\u00edder de interruptores y conectores electromec\u00e1nicos, electr\u00f3nicos y digitales, que dise\u00f1a productos fiables para una amplia gama de veh\u00edculos desde 1924. Cole Hersee forma parte ahora de Littelfuse.<\/p>\n                <a href=\"https:\/\/aps-supply.com\/es\/marca-post\/cole-hersee-co\/\">Seguir leyendo<\/a>\n                    <\/div>\n<div class=\"brand-category-list\">\n<!-- <ul>\n<li><a href=\"https:\/\/aps-supply.com\/product-category\/automotive-electrical\/automotive-electrical-cole-hersee-co\/automotive-electrical-cole-hersee-co-sub\/\">Automotive Electrical<\/a><\/li>\n<\/ul>\n -->\n<\/div>\n\n    <\/article>\n    \t<article class=\"class=\"post-4843 post_brand type-post_brand status-publish has-post-thumbnail hentry tax_brand_category-other\"\" itemscope=\"itemscope\" itemtype=\"http:\/\/schema.org\/BlogPosting\" itemprop=\"blogPost\" id=\"post-4843\">\n    \t    \t<div class=\"brand-thumbnail\">\n        \t<img loading=\"lazy\" decoding=\"async\" width=\"150\" height=\"48\" src=\"https:\/\/aps-supply.com\/wp-content\/uploads\/2014\/09\/1444.jpg\" class=\"attachment-post-thumbnail size-post-thumbnail wp-post-image\" alt=\"\" \/>        <\/div><!-- brand-thumbnail -->\n        \n        <div class=\"entry-content\" itemprop=\"text\">\n        \t<h2 itemprop=\"headline\">Productos de precisi\u00f3n Klixon<\/h2>\n\t\t\t\t            <ul>\n<li><span style=\"color: #ff0000\"><strong>NO DISPONIBLE PARA LA EXPORTACI\u00d3N<\/strong><\/span><\/li>\n<\/ul>\n<p>Klixon Precision Products se ha comprometido a apoyar a los ingenieros con conocimientos y productos de alta calidad, fiables, flexibles e innovadores desde 1956.<\/p>\n                <a href=\"https:\/\/aps-supply.com\/es\/marca-post\/productos-de-precision-klixon\/\">Seguir leyendo<\/a>\n                    <\/div>\n<div class=\"brand-category-list\">\n<!-- <ul>\n<li><a href=\"https:\/\/aps-supply.com\/product-category\/automotive-electrical\/automotive-electrical-klixon-precision-products\/automotive-electrical-klixon-precision-products-sub\/\">Automotive Electrical<\/a><\/li>\n<\/ul>\n -->\n<\/div>\n\n    <\/article>\n    \t<article class=\"class=\"post-10347 post_brand type-post_brand status-publish has-post-thumbnail hentry tax_brand_category-other\"\" itemscope=\"itemscope\" itemtype=\"http:\/\/schema.org\/BlogPosting\" itemprop=\"blogPost\" id=\"post-10347\">\n    \t    \t<div class=\"brand-thumbnail\">\n        \t<img loading=\"lazy\" decoding=\"async\" width=\"150\" height=\"74\" src=\"https:\/\/aps-supply.com\/wp-content\/uploads\/2017\/04\/Peterson_Manufacturing_thumb.png\" class=\"attachment-post-thumbnail size-post-thumbnail wp-post-image\" alt=\"\" \/>        <\/div><!-- brand-thumbnail -->\n        \n        <div class=\"entry-content\" itemprop=\"text\">\n        \t<h2 itemprop=\"headline\">Peterson Manufacturing<\/h2>\n\t\t\t\t            <p>Peterson Manufacturing fabrica productos como: iluminaci\u00f3n de veh\u00edculos, arneses, reflectores, espejos, antenas y otros productos relacionados.<\/p>\n                <a href=\"https:\/\/aps-supply.com\/es\/marca-post\/fabricacion-peterson\/\">Seguir leyendo<\/a>\n                    <\/div>\n<div class=\"brand-category-list\">\n<!-- <ul>\n<li><a href=\"https:\/\/aps-supply.com\/product-category\/lighting\/lighting-abl-lights\/4wd-offroad-lamps-abl-lights\/\">Vehicle Safety Lighting<\/a><\/li>\n<\/ul>\n<p>&nbsp;<\/p>\n -->\n<\/div>\n\n    <\/article>\n    <\/div><!--brand-list-container-->","protected":false},"excerpt":{"rendered":"","protected":false},"author":6,"featured_media":0,"parent":12,"menu_order":0,"comment_status":"open","ping_status":"closed","template":"page-sidemenu.php","meta":{"_acf_changed":false,"footnotes":""},"class_list":["post-62","page","type-page","status-publish","hentry"],"acf":[],"yoast_head":"<!-- This site is optimized with the Yoast SEO Premium plugin v26.9 (Yoast SEO v26.9) - https:\/\/yoast.com\/product\/yoast-seo-premium-wordpress\/ -->\n<title>Other - APS<\/title>\n<meta name=\"robots\" content=\"index, follow, max-snippet:-1, max-image-preview:large, max-video-preview:-1\" \/>\n<link rel=\"canonical\" href=\"https:\/\/aps-supply.com\/es\/socios\/otros\/\" \/>\n<meta property=\"og:locale\" content=\"es_ES\" \/>\n<meta property=\"og:type\" content=\"article\" \/>\n<meta property=\"og:title\" content=\"Other\" \/>\n<meta property=\"og:url\" content=\"https:\/\/aps-supply.com\/es\/socios\/otros\/\" \/>\n<meta property=\"og:site_name\" content=\"APS\" \/>\n<meta property=\"article:publisher\" content=\"https:\/\/www.facebook.com\/pages\/APS-Lighting-and-Safety-Products\/499382100107067\" \/>\n<meta property=\"article:modified_time\" content=\"2014-09-30T08:17:53+00:00\" \/>\n<meta name=\"twitter:card\" content=\"summary_large_image\" \/>\n<meta name=\"twitter:site\" content=\"@APSLighting_JB\" \/>\n<script type=\"application\/ld+json\" class=\"yoast-schema-graph\">{\"@context\":\"https:\/\/schema.org\",\"@graph\":[{\"@type\":\"WebPage\",\"@id\":\"https:\/\/aps-supply.com\/partners\/other\/\",\"url\":\"https:\/\/aps-supply.com\/partners\/other\/\",\"name\":\"Other - APS\",\"isPartOf\":{\"@id\":\"https:\/\/aps-supply.com\/#website\"},\"datePublished\":\"2014-06-15T19:03:23+00:00\",\"dateModified\":\"2014-09-30T08:17:53+00:00\",\"breadcrumb\":{\"@id\":\"https:\/\/aps-supply.com\/partners\/other\/#breadcrumb\"},\"inLanguage\":\"es-CO\",\"potentialAction\":[{\"@type\":\"ReadAction\",\"target\":[\"https:\/\/aps-supply.com\/partners\/other\/\"]}]},{\"@type\":\"BreadcrumbList\",\"@id\":\"https:\/\/aps-supply.com\/partners\/other\/#breadcrumb\",\"itemListElement\":[{\"@type\":\"ListItem\",\"position\":1,\"name\":\"Home\",\"item\":\"https:\/\/aps-supply.com\/\"},{\"@type\":\"ListItem\",\"position\":2,\"name\":\"Partners\",\"item\":\"https:\/\/aps-supply.com\/partners\/\"},{\"@type\":\"ListItem\",\"position\":3,\"name\":\"Other\"}]},{\"@type\":\"WebSite\",\"@id\":\"https:\/\/aps-supply.com\/#website\",\"url\":\"https:\/\/aps-supply.com\/\",\"name\":\"APS\",\"description\":\"Lighting &amp; Safety\",\"publisher\":{\"@id\":\"https:\/\/aps-supply.com\/#organization\"},\"potentialAction\":[{\"@type\":\"SearchAction\",\"target\":{\"@type\":\"EntryPoint\",\"urlTemplate\":\"https:\/\/aps-supply.com\/?s={search_term_string}\"},\"query-input\":{\"@type\":\"PropertyValueSpecification\",\"valueRequired\":true,\"valueName\":\"search_term_string\"}}],\"inLanguage\":\"es-CO\"},{\"@type\":\"Organization\",\"@id\":\"https:\/\/aps-supply.com\/#organization\",\"name\":\"APS Supply\",\"url\":\"https:\/\/aps-supply.com\/\",\"logo\":{\"@type\":\"ImageObject\",\"inLanguage\":\"es-CO\",\"@id\":\"https:\/\/aps-supply.com\/#\/schema\/logo\/image\/\",\"url\":\"https:\/\/aps-supply.com\/wp-content\/uploads\/2025\/07\/APS-Logo-Master_HD.png\",\"contentUrl\":\"https:\/\/aps-supply.com\/wp-content\/uploads\/2025\/07\/APS-Logo-Master_HD.png\",\"width\":26589,\"height\":6468,\"caption\":\"APS Supply\"},\"image\":{\"@id\":\"https:\/\/aps-supply.com\/#\/schema\/logo\/image\/\"},\"sameAs\":[\"https:\/\/www.facebook.com\/pages\/APS-Lighting-and-Safety-Products\/499382100107067\",\"https:\/\/x.com\/APSLighting_JB\",\"https:\/\/www.linkedin.com\/company\/aps-lighting-&-safety\/\",\"https:\/\/www.youtube.com\/@APSLightingandSafety\"]}]}<\/script>\n<!-- \/ Yoast SEO Premium plugin. -->","yoast_head_json":{"title":"Otros - APS","robots":{"index":"index","follow":"follow","max-snippet":"max-snippet:-1","max-image-preview":"max-image-preview:large","max-video-preview":"max-video-preview:-1"},"canonical":"https:\/\/aps-supply.com\/es\/socios\/otros\/","og_locale":"es_ES","og_type":"article","og_title":"Other","og_url":"https:\/\/aps-supply.com\/es\/socios\/otros\/","og_site_name":"APS","article_publisher":"https:\/\/www.facebook.com\/pages\/APS-Lighting-and-Safety-Products\/499382100107067","article_modified_time":"2014-09-30T08:17:53+00:00","twitter_card":"summary_large_image","twitter_site":"@APSLighting_JB","schema":{"@context":"https:\/\/schema.org","@graph":[{"@type":"WebPage","@id":"https:\/\/aps-supply.com\/partners\/other\/","url":"https:\/\/aps-supply.com\/partners\/other\/","name":"Otros - APS","isPartOf":{"@id":"https:\/\/aps-supply.com\/#website"},"datePublished":"2014-06-15T19:03:23+00:00","dateModified":"2014-09-30T08:17:53+00:00","breadcrumb":{"@id":"https:\/\/aps-supply.com\/partners\/other\/#breadcrumb"},"inLanguage":"es-CO","potentialAction":[{"@type":"ReadAction","target":["https:\/\/aps-supply.com\/partners\/other\/"]}]},{"@type":"BreadcrumbList","@id":"https:\/\/aps-supply.com\/partners\/other\/#breadcrumb","itemListElement":[{"@type":"ListItem","position":1,"name":"Home","item":"https:\/\/aps-supply.com\/"},{"@type":"ListItem","position":2,"name":"Partners","item":"https:\/\/aps-supply.com\/partners\/"},{"@type":"ListItem","position":3,"name":"Other"}]},{"@type":"WebSite","@id":"https:\/\/aps-supply.com\/#website","url":"https:\/\/aps-supply.com\/","name":"APS","description":"Iluminaci\u00f3n y seguridad","publisher":{"@id":"https:\/\/aps-supply.com\/#organization"},"potentialAction":[{"@type":"SearchAction","target":{"@type":"EntryPoint","urlTemplate":"https:\/\/aps-supply.com\/?s={search_term_string}"},"query-input":{"@type":"PropertyValueSpecification","valueRequired":true,"valueName":"search_term_string"}}],"inLanguage":"es-CO"},{"@type":"Organization","@id":"https:\/\/aps-supply.com\/#organization","name":"Suministros APS","url":"https:\/\/aps-supply.com\/","logo":{"@type":"ImageObject","inLanguage":"es-CO","@id":"https:\/\/aps-supply.com\/#\/schema\/logo\/image\/","url":"https:\/\/aps-supply.com\/wp-content\/uploads\/2025\/07\/APS-Logo-Master_HD.png","contentUrl":"https:\/\/aps-supply.com\/wp-content\/uploads\/2025\/07\/APS-Logo-Master_HD.png","width":26589,"height":6468,"caption":"APS Supply"},"image":{"@id":"https:\/\/aps-supply.com\/#\/schema\/logo\/image\/"},"sameAs":["https:\/\/www.facebook.com\/pages\/APS-Lighting-and-Safety-Products\/499382100107067","https:\/\/x.com\/APSLighting_JB","https:\/\/www.linkedin.com\/company\/aps-lighting-&-safety\/","https:\/\/www.youtube.com\/@APSLightingandSafety"]}]}},"_links":{"self":[{"href":"https:\/\/aps-supply.com\/es\/wp-json\/wp\/v2\/pages\/62","targetHints":{"allow":["GET"]}}],"collection":[{"href":"https:\/\/aps-supply.com\/es\/wp-json\/wp\/v2\/pages"}],"about":[{"href":"https:\/\/aps-supply.com\/es\/wp-json\/wp\/v2\/types\/page"}],"author":[{"embeddable":true,"href":"https:\/\/aps-supply.com\/es\/wp-json\/wp\/v2\/users\/6"}],"replies":[{"embeddable":true,"href":"https:\/\/aps-supply.com\/es\/wp-json\/wp\/v2\/comments?post=62"}],"version-history":[{"count":0,"href":"https:\/\/aps-supply.com\/es\/wp-json\/wp\/v2\/pages\/62\/revisions"}],"up":[{"embeddable":true,"href":"https:\/\/aps-supply.com\/es\/wp-json\/wp\/v2\/pages\/12"}],"wp:attachment":[{"href":"https:\/\/aps-supply.com\/es\/wp-json\/wp\/v2\/media?parent=62"}],"curies":[{"name":"wp","href":"https:\/\/api.w.org\/{rel}","templated":true}]}}