{"id":6331,"date":"2015-05-10T19:41:37","date_gmt":"2015-05-11T02:41:37","guid":{"rendered":"https:\/\/aps-supply.com\/?page_id=6331"},"modified":"2021-06-08T21:19:00","modified_gmt":"2021-06-09T04:19:00","slug":"condiciones","status":"publish","type":"page","link":"https:\/\/aps-supply.com\/es\/soporte\/condiciones\/","title":{"rendered":"T\u00e9rminos"},"content":{"rendered":"<p><a href=\"https:\/\/aps-supply.com\/es\/soporte\/formularios-de-solicitud-de-cuenta-nueva\/\">NUEVA CUENTA<\/a>\u00a0 \u00a0| \u00a0\u00a0<a href=\"https:\/\/aps-supply.com\/es\/soporte\/condiciones-de-la-garantia-del-fabricante-formularios-de-reclamacion-de-garantia\/\">GARANT\u00cdA<\/a>\u00a0 \u00a0| \u00a0\u00a0<a href=\"https:\/\/aps-supply.com\/es\/soporte\/enlaces-de-seguimiento-de-envios\/\">SEGUIMIENTO<\/a>\u00a0 \u00a0| CONDICIONES \u00a0 <a href=\"https:\/\/aps-supply.com\/es\/soporte\/catalogos\/\">CAT\u00c1LOGOS<\/a>\u00a0 \u00a0| \u00a0\u00a0<a href=\"https:\/\/aps-supply.com\/es\/soporte\/enlaces\/\">ENLACES<\/a><\/p>\n<p>&nbsp;<br \/>\nHemos puesto a su disposici\u00f3n dos documentos PDF en los que se describen nuestras condiciones generales de venta y compra. Haga clic en los enlaces para descargar los documentos PDF, que se abrir\u00e1n autom\u00e1ticamente en la ventana de su navegador.<br \/>\n&nbsp;<\/p>\n<h3>Condiciones generales de venta de APS USA<\/h3>\n<p>Descargar\u00a0<a href=\"https:\/\/aps-supply.com\/wp-content\/uploads\/2016\/10\/APS_USA_Standard_Terms_Conditions_of_Sales.pdf\" target=\"_blank\" rel=\"noopener\">Condiciones generales de venta de APS USA<\/a>\u00a0 (PDF - 128 KB)<br \/>\n&nbsp;<\/p>\n<h3>APS Spain T\u00e9rminos y condiciones de venta<\/h3>\n<p>Descargar\u00a0<a href=\"https:\/\/aps-supply.com\/wp-content\/uploads\/2018\/10\/APS_Australia_Terms_Conditions_of_Sales.pdf\" target=\"_blank\" rel=\"noopener\">APS Spain T\u00e9rminos y condiciones de venta<\/a>\u00a0 (PDF - 218 KB)<br \/>\n&nbsp;<\/p>\n<h3>T\u00e9rminos y condiciones de la orden de compra APS<\/h3>\n<p>Descargar\u00a0<a href=\"https:\/\/aps-supply.com\/wp-content\/uploads\/2016\/10\/APS_Purchase_Order_Terms_Conditions.pdf\" target=\"_blank\" rel=\"noopener\">T\u00e9rminos y condiciones de la orden de compra APS<\/a>\u00a0 (PDF - 123 KB)<br \/>\n&nbsp;<\/p>","protected":false},"excerpt":{"rendered":"<p>NUEVA CUENTA | GARANT\u00cdA | SEGUIMIENTO | T\u00c9RMINOS | CAT\u00c1LOGOS | ENLACES Le proporcionamos dos documentos PDF que describen nuestros t\u00e9rminos y condiciones est\u00e1ndar de todas las ventas y los t\u00e9rminos y condiciones de las \u00f3rdenes de compra. Haga clic en los enlaces para descargar los documentos PDF, que se abrir\u00e1n autom\u00e1ticamente en la ventana de su navegador.  ...<\/p>","protected":false},"author":6,"featured_media":0,"parent":14,"menu_order":0,"comment_status":"closed","ping_status":"closed","template":"","meta":{"_acf_changed":false,"footnotes":""},"class_list":["post-6331","page","type-page","status-publish","hentry"],"acf":[],"yoast_head":"<!-- This site is optimized with the Yoast SEO Premium plugin v26.9 (Yoast SEO v26.9) - https:\/\/yoast.com\/product\/yoast-seo-premium-wordpress\/ -->\n<title>Terms - APS<\/title>\n<meta name=\"robots\" content=\"index, follow, max-snippet:-1, max-image-preview:large, max-video-preview:-1\" \/>\n<link rel=\"canonical\" href=\"https:\/\/aps-supply.com\/es\/soporte\/condiciones\/\" \/>\n<meta property=\"og:locale\" content=\"es_ES\" \/>\n<meta property=\"og:type\" content=\"article\" \/>\n<meta property=\"og:title\" content=\"Terms\" \/>\n<meta property=\"og:description\" content=\"NEW ACCOUNT\u00a0 \u00a0| \u00a0\u00a0WARRANTY\u00a0 \u00a0| \u00a0\u00a0TRACKING\u00a0 \u00a0| \u00a0\u00a0TERMS\u00a0 \u00a0| \u00a0 CATALOGS\u00a0 \u00a0| \u00a0\u00a0LINKS &nbsp; We have provided two PDF documents that outline our standard terms and conditions of all sales and purchase order terms and conditions. Please click on the links to download the PDF documents, which should automatically open in your browser window. &nbsp;&hellip;\" \/>\n<meta property=\"og:url\" content=\"https:\/\/aps-supply.com\/es\/soporte\/condiciones\/\" \/>\n<meta property=\"og:site_name\" content=\"APS\" \/>\n<meta property=\"article:publisher\" content=\"https:\/\/www.facebook.com\/pages\/APS-Lighting-and-Safety-Products\/499382100107067\" \/>\n<meta property=\"article:modified_time\" content=\"2021-06-09T04:19:00+00:00\" \/>\n<meta name=\"twitter:card\" content=\"summary_large_image\" \/>\n<meta name=\"twitter:site\" content=\"@APSLighting_JB\" \/>\n<meta name=\"twitter:label1\" content=\"Tiempo de lectura\" \/>\n\t<meta name=\"twitter:data1\" content=\"1 minuto\" \/>\n<script type=\"application\/ld+json\" class=\"yoast-schema-graph\">{\"@context\":\"https:\/\/schema.org\",\"@graph\":[{\"@type\":\"WebPage\",\"@id\":\"https:\/\/aps-supply.com\/support\/terms-conditions\/\",\"url\":\"https:\/\/aps-supply.com\/support\/terms-conditions\/\",\"name\":\"Terms - APS\",\"isPartOf\":{\"@id\":\"https:\/\/aps-supply.com\/#website\"},\"datePublished\":\"2015-05-11T02:41:37+00:00\",\"dateModified\":\"2021-06-09T04:19:00+00:00\",\"breadcrumb\":{\"@id\":\"https:\/\/aps-supply.com\/support\/terms-conditions\/#breadcrumb\"},\"inLanguage\":\"es-CO\",\"potentialAction\":[{\"@type\":\"ReadAction\",\"target\":[\"https:\/\/aps-supply.com\/support\/terms-conditions\/\"]}]},{\"@type\":\"BreadcrumbList\",\"@id\":\"https:\/\/aps-supply.com\/support\/terms-conditions\/#breadcrumb\",\"itemListElement\":[{\"@type\":\"ListItem\",\"position\":1,\"name\":\"Home\",\"item\":\"https:\/\/aps-supply.com\/\"},{\"@type\":\"ListItem\",\"position\":2,\"name\":\"Support\",\"item\":\"https:\/\/aps-supply.com\/support\/\"},{\"@type\":\"ListItem\",\"position\":3,\"name\":\"Terms\"}]},{\"@type\":\"WebSite\",\"@id\":\"https:\/\/aps-supply.com\/#website\",\"url\":\"https:\/\/aps-supply.com\/\",\"name\":\"APS\",\"description\":\"Lighting &amp; Safety\",\"publisher\":{\"@id\":\"https:\/\/aps-supply.com\/#organization\"},\"potentialAction\":[{\"@type\":\"SearchAction\",\"target\":{\"@type\":\"EntryPoint\",\"urlTemplate\":\"https:\/\/aps-supply.com\/?s={search_term_string}\"},\"query-input\":{\"@type\":\"PropertyValueSpecification\",\"valueRequired\":true,\"valueName\":\"search_term_string\"}}],\"inLanguage\":\"es-CO\"},{\"@type\":\"Organization\",\"@id\":\"https:\/\/aps-supply.com\/#organization\",\"name\":\"APS Supply\",\"url\":\"https:\/\/aps-supply.com\/\",\"logo\":{\"@type\":\"ImageObject\",\"inLanguage\":\"es-CO\",\"@id\":\"https:\/\/aps-supply.com\/#\/schema\/logo\/image\/\",\"url\":\"https:\/\/aps-supply.com\/wp-content\/uploads\/2025\/07\/APS-Logo-Master_HD.png\",\"contentUrl\":\"https:\/\/aps-supply.com\/wp-content\/uploads\/2025\/07\/APS-Logo-Master_HD.png\",\"width\":26589,\"height\":6468,\"caption\":\"APS Supply\"},\"image\":{\"@id\":\"https:\/\/aps-supply.com\/#\/schema\/logo\/image\/\"},\"sameAs\":[\"https:\/\/www.facebook.com\/pages\/APS-Lighting-and-Safety-Products\/499382100107067\",\"https:\/\/x.com\/APSLighting_JB\",\"https:\/\/www.linkedin.com\/company\/aps-lighting-&-safety\/\",\"https:\/\/www.youtube.com\/@APSLightingandSafety\"]}]}<\/script>\n<!-- \/ Yoast SEO Premium plugin. -->","yoast_head_json":{"title":"Condiciones - APS","robots":{"index":"index","follow":"follow","max-snippet":"max-snippet:-1","max-image-preview":"max-image-preview:large","max-video-preview":"max-video-preview:-1"},"canonical":"https:\/\/aps-supply.com\/es\/soporte\/condiciones\/","og_locale":"es_ES","og_type":"article","og_title":"Terms","og_description":"NEW ACCOUNT\u00a0 \u00a0| \u00a0\u00a0WARRANTY\u00a0 \u00a0| \u00a0\u00a0TRACKING\u00a0 \u00a0| \u00a0\u00a0TERMS\u00a0 \u00a0| \u00a0 CATALOGS\u00a0 \u00a0| \u00a0\u00a0LINKS &nbsp; We have provided two PDF documents that outline our standard terms and conditions of all sales and purchase order terms and conditions. Please click on the links to download the PDF documents, which should automatically open in your browser window. &nbsp;&hellip;","og_url":"https:\/\/aps-supply.com\/es\/soporte\/condiciones\/","og_site_name":"APS","article_publisher":"https:\/\/www.facebook.com\/pages\/APS-Lighting-and-Safety-Products\/499382100107067","article_modified_time":"2021-06-09T04:19:00+00:00","twitter_card":"summary_large_image","twitter_site":"@APSLighting_JB","twitter_misc":{"Tiempo de lectura":"1 minuto"},"schema":{"@context":"https:\/\/schema.org","@graph":[{"@type":"WebPage","@id":"https:\/\/aps-supply.com\/support\/terms-conditions\/","url":"https:\/\/aps-supply.com\/support\/terms-conditions\/","name":"Condiciones - APS","isPartOf":{"@id":"https:\/\/aps-supply.com\/#website"},"datePublished":"2015-05-11T02:41:37+00:00","dateModified":"2021-06-09T04:19:00+00:00","breadcrumb":{"@id":"https:\/\/aps-supply.com\/support\/terms-conditions\/#breadcrumb"},"inLanguage":"es-CO","potentialAction":[{"@type":"ReadAction","target":["https:\/\/aps-supply.com\/support\/terms-conditions\/"]}]},{"@type":"BreadcrumbList","@id":"https:\/\/aps-supply.com\/support\/terms-conditions\/#breadcrumb","itemListElement":[{"@type":"ListItem","position":1,"name":"Home","item":"https:\/\/aps-supply.com\/"},{"@type":"ListItem","position":2,"name":"Support","item":"https:\/\/aps-supply.com\/support\/"},{"@type":"ListItem","position":3,"name":"Terms"}]},{"@type":"WebSite","@id":"https:\/\/aps-supply.com\/#website","url":"https:\/\/aps-supply.com\/","name":"APS","description":"Iluminaci\u00f3n y seguridad","publisher":{"@id":"https:\/\/aps-supply.com\/#organization"},"potentialAction":[{"@type":"SearchAction","target":{"@type":"EntryPoint","urlTemplate":"https:\/\/aps-supply.com\/?s={search_term_string}"},"query-input":{"@type":"PropertyValueSpecification","valueRequired":true,"valueName":"search_term_string"}}],"inLanguage":"es-CO"},{"@type":"Organization","@id":"https:\/\/aps-supply.com\/#organization","name":"Suministros APS","url":"https:\/\/aps-supply.com\/","logo":{"@type":"ImageObject","inLanguage":"es-CO","@id":"https:\/\/aps-supply.com\/#\/schema\/logo\/image\/","url":"https:\/\/aps-supply.com\/wp-content\/uploads\/2025\/07\/APS-Logo-Master_HD.png","contentUrl":"https:\/\/aps-supply.com\/wp-content\/uploads\/2025\/07\/APS-Logo-Master_HD.png","width":26589,"height":6468,"caption":"APS Supply"},"image":{"@id":"https:\/\/aps-supply.com\/#\/schema\/logo\/image\/"},"sameAs":["https:\/\/www.facebook.com\/pages\/APS-Lighting-and-Safety-Products\/499382100107067","https:\/\/x.com\/APSLighting_JB","https:\/\/www.linkedin.com\/company\/aps-lighting-&-safety\/","https:\/\/www.youtube.com\/@APSLightingandSafety"]}]}},"_links":{"self":[{"href":"https:\/\/aps-supply.com\/es\/wp-json\/wp\/v2\/pages\/6331","targetHints":{"allow":["GET"]}}],"collection":[{"href":"https:\/\/aps-supply.com\/es\/wp-json\/wp\/v2\/pages"}],"about":[{"href":"https:\/\/aps-supply.com\/es\/wp-json\/wp\/v2\/types\/page"}],"author":[{"embeddable":true,"href":"https:\/\/aps-supply.com\/es\/wp-json\/wp\/v2\/users\/6"}],"replies":[{"embeddable":true,"href":"https:\/\/aps-supply.com\/es\/wp-json\/wp\/v2\/comments?post=6331"}],"version-history":[{"count":0,"href":"https:\/\/aps-supply.com\/es\/wp-json\/wp\/v2\/pages\/6331\/revisions"}],"up":[{"embeddable":true,"href":"https:\/\/aps-supply.com\/es\/wp-json\/wp\/v2\/pages\/14"}],"wp:attachment":[{"href":"https:\/\/aps-supply.com\/es\/wp-json\/wp\/v2\/media?parent=6331"}],"curies":[{"name":"wp","href":"https:\/\/api.w.org\/{rel}","templated":true}]}}