{"id":94,"date":"2014-06-16T06:21:20","date_gmt":"2014-06-16T06:21:20","guid":{"rendered":"https:\/\/aps-supply.com?page_id=94"},"modified":"2021-06-08T21:20:57","modified_gmt":"2021-06-09T04:20:57","slug":"enlaces","status":"publish","type":"page","link":"https:\/\/aps-supply.com\/es\/soporte\/enlaces\/","title":{"rendered":"Enlaces"},"content":{"rendered":"<p><a href=\"https:\/\/aps-supply.com\/es\/soporte\/formularios-de-solicitud-de-cuenta-nueva\/\">NUEVA CUENTA<\/a>\u00a0 \u00a0| \u00a0\u00a0<a href=\"https:\/\/aps-supply.com\/es\/soporte\/condiciones-de-la-garantia-del-fabricante-formularios-de-reclamacion-de-garantia\/\">GARANT\u00cdA<\/a>\u00a0 \u00a0| \u00a0\u00a0<a href=\"https:\/\/aps-supply.com\/es\/soporte\/enlaces-de-seguimiento-de-envios\/\">SEGUIMIENTO<\/a>\u00a0 \u00a0| \u00a0\u00a0<a href=\"https:\/\/aps-supply.com\/es\/soporte\/condiciones\/\">CONDICIONES<\/a>\u00a0 \u00a0| \u00a0 <a href=\"https:\/\/aps-supply.com\/es\/soporte\/catalogos\/\">CAT\u00c1LOGOS<\/a>\u00a0 \u00a0| ENLACES<\/p>\n<p>&nbsp;<br \/>\nEn APS estaremos encantados de prestar asistencia a su empresa en todo lo que podamos, tanto si est\u00e1 empezando a trabajar con nosotros como si ya ha utilizado nuestros servicios anteriormente. Seleccione a continuaci\u00f3n la opci\u00f3n que mejor describa el tipo de asistencia que necesita.<br \/>\n&nbsp;<\/p>\n<h3>Calculadora, sitios de conversi\u00f3n<\/h3>\n<ul>\n<li><a href=\"https:\/\/www.calculator.net\/conversion-calculator.html\" target=\"_blank\" rel=\"noopener\">Conversiones y medidas equivalentes<\/a><\/li>\n<\/ul>\n<p>&nbsp;<\/p>\n<h3>Caja de herramientas internacional<\/h3>\n<ul>\n<li><a href=\"https:\/\/www.abf.gov.au\/importing-exporting-and-manufacturing\/tariff-classification\/current-tariff\" target=\"_blank\" rel=\"noopener\">Australia: C\u00f3digo Arancelario Armonizado<\/a><\/li>\n<li><a href=\"https:\/\/hts.usitc.gov\/current\" target=\"_blank\" rel=\"noopener\">EE.UU.: Lista del Arancel Armonizado<\/a><\/li>\n<li><a href=\"https:\/\/www.cia.gov\/the-world-factbook\" target=\"_blank\" rel=\"noopener\">CIA El Libro de Datos Mundiales<\/a><\/li>\n<li><a href=\"https:\/\/travel.state.gov\/content\/travel\/en\/traveladvisories\/traveladvisories.html\" target=\"_blank\" rel=\"noopener\">Departamento de Estado de EE.UU: Advertencias de viaje<\/a><\/li>\n<p>&nbsp;\n<\/ul>\n<h3>Caja de herramientas Freight<\/h3>\n<ul>\n<li><a href=\"http:\/\/www.fedex.com\/in\/tools\/dimweight.html\" target=\"_blank\" rel=\"noopener\">Calculadora de peso dimensional FedEX - FedEx Express<\/a><\/li>\n<li><a href=\"https:\/\/www.ups.com\/us\/en\/help-center\/packaging-and-supplies\/determine-billable-weight.page\" target=\"_blank\" rel=\"noopener\">C\u00e1lculos de peso dimensional de UPS<\/a>\u00a0\u2013 <em>(S\u00f3lo EE.UU.)<\/em><\/li>\n<li><a href=\"https:\/\/mydhl.express.dhl\/us\/en\/help-and-support\/shipping-advice\/packing-with-care.html\" target=\"_blank\" rel=\"noopener\">Calculadora de Peso Dimensional de DHL - Todos los Servicios<\/a><\/li>\n<\/ul>\n<p>&nbsp;<\/p>","protected":false},"excerpt":{"rendered":"<p>NUEVA CUENTA | GARANT\u00cdA | SEGUIMIENTO | T\u00c9RMINOS | CAT\u00c1LOGOS | ENLACES APS se complace en proporcionar asistencia a su empresa en todo lo que podamos, tanto si est\u00e1 empezando con nosotros como si ya ha utilizado nuestros servicios anteriormente. Seleccione a continuaci\u00f3n la opci\u00f3n que mejor describa el tipo de asistencia que necesita.  ...<\/p>","protected":false},"author":6,"featured_media":0,"parent":14,"menu_order":0,"comment_status":"open","ping_status":"closed","template":"","meta":{"_acf_changed":false,"footnotes":""},"class_list":["post-94","page","type-page","status-publish","hentry"],"acf":[],"yoast_head":"<!-- This site is optimized with the Yoast SEO Premium plugin v26.9 (Yoast SEO v26.9) - https:\/\/yoast.com\/product\/yoast-seo-premium-wordpress\/ -->\n<title>Links - APS<\/title>\n<meta name=\"robots\" content=\"index, follow, max-snippet:-1, max-image-preview:large, max-video-preview:-1\" \/>\n<link rel=\"canonical\" href=\"https:\/\/aps-supply.com\/es\/soporte\/enlaces\/\" \/>\n<meta property=\"og:locale\" content=\"es_ES\" \/>\n<meta property=\"og:type\" content=\"article\" \/>\n<meta property=\"og:title\" content=\"Links\" \/>\n<meta property=\"og:description\" content=\"NEW ACCOUNT\u00a0 \u00a0| \u00a0\u00a0WARRANTY\u00a0 \u00a0| \u00a0\u00a0TRACKING\u00a0 \u00a0| \u00a0\u00a0TERMS\u00a0 \u00a0| \u00a0 CATALOGS\u00a0 \u00a0| \u00a0\u00a0LINKS &nbsp; APS is happy to provide assistance to your company in any way we can, whether you\u2019re starting out with us or if you\u2019ve used our services before. Select the option below that best describes the type of assistance you need. &nbsp;&hellip;\" \/>\n<meta property=\"og:url\" content=\"https:\/\/aps-supply.com\/es\/soporte\/enlaces\/\" \/>\n<meta property=\"og:site_name\" content=\"APS\" \/>\n<meta property=\"article:publisher\" content=\"https:\/\/www.facebook.com\/pages\/APS-Lighting-and-Safety-Products\/499382100107067\" \/>\n<meta property=\"article:modified_time\" content=\"2021-06-09T04:20:57+00:00\" \/>\n<meta name=\"twitter:card\" content=\"summary_large_image\" \/>\n<meta name=\"twitter:site\" content=\"@APSLighting_JB\" \/>\n<meta name=\"twitter:label1\" content=\"Tiempo de lectura\" \/>\n\t<meta name=\"twitter:data1\" content=\"1 minuto\" \/>\n<script type=\"application\/ld+json\" class=\"yoast-schema-graph\">{\"@context\":\"https:\/\/schema.org\",\"@graph\":[{\"@type\":\"WebPage\",\"@id\":\"https:\/\/aps-supply.com\/support\/links\/\",\"url\":\"https:\/\/aps-supply.com\/support\/links\/\",\"name\":\"Links - APS\",\"isPartOf\":{\"@id\":\"https:\/\/aps-supply.com\/#website\"},\"datePublished\":\"2014-06-16T06:21:20+00:00\",\"dateModified\":\"2021-06-09T04:20:57+00:00\",\"breadcrumb\":{\"@id\":\"https:\/\/aps-supply.com\/support\/links\/#breadcrumb\"},\"inLanguage\":\"es-CO\",\"potentialAction\":[{\"@type\":\"ReadAction\",\"target\":[\"https:\/\/aps-supply.com\/support\/links\/\"]}]},{\"@type\":\"BreadcrumbList\",\"@id\":\"https:\/\/aps-supply.com\/support\/links\/#breadcrumb\",\"itemListElement\":[{\"@type\":\"ListItem\",\"position\":1,\"name\":\"Home\",\"item\":\"https:\/\/aps-supply.com\/\"},{\"@type\":\"ListItem\",\"position\":2,\"name\":\"Support\",\"item\":\"https:\/\/aps-supply.com\/support\/\"},{\"@type\":\"ListItem\",\"position\":3,\"name\":\"Links\"}]},{\"@type\":\"WebSite\",\"@id\":\"https:\/\/aps-supply.com\/#website\",\"url\":\"https:\/\/aps-supply.com\/\",\"name\":\"APS\",\"description\":\"Lighting &amp; Safety\",\"publisher\":{\"@id\":\"https:\/\/aps-supply.com\/#organization\"},\"potentialAction\":[{\"@type\":\"SearchAction\",\"target\":{\"@type\":\"EntryPoint\",\"urlTemplate\":\"https:\/\/aps-supply.com\/?s={search_term_string}\"},\"query-input\":{\"@type\":\"PropertyValueSpecification\",\"valueRequired\":true,\"valueName\":\"search_term_string\"}}],\"inLanguage\":\"es-CO\"},{\"@type\":\"Organization\",\"@id\":\"https:\/\/aps-supply.com\/#organization\",\"name\":\"APS Supply\",\"url\":\"https:\/\/aps-supply.com\/\",\"logo\":{\"@type\":\"ImageObject\",\"inLanguage\":\"es-CO\",\"@id\":\"https:\/\/aps-supply.com\/#\/schema\/logo\/image\/\",\"url\":\"https:\/\/aps-supply.com\/wp-content\/uploads\/2025\/07\/APS-Logo-Master_HD.png\",\"contentUrl\":\"https:\/\/aps-supply.com\/wp-content\/uploads\/2025\/07\/APS-Logo-Master_HD.png\",\"width\":26589,\"height\":6468,\"caption\":\"APS Supply\"},\"image\":{\"@id\":\"https:\/\/aps-supply.com\/#\/schema\/logo\/image\/\"},\"sameAs\":[\"https:\/\/www.facebook.com\/pages\/APS-Lighting-and-Safety-Products\/499382100107067\",\"https:\/\/x.com\/APSLighting_JB\",\"https:\/\/www.linkedin.com\/company\/aps-lighting-&-safety\/\",\"https:\/\/www.youtube.com\/@APSLightingandSafety\"]}]}<\/script>\n<!-- \/ Yoast SEO Premium plugin. -->","yoast_head_json":{"title":"Enlaces - APS","robots":{"index":"index","follow":"follow","max-snippet":"max-snippet:-1","max-image-preview":"max-image-preview:large","max-video-preview":"max-video-preview:-1"},"canonical":"https:\/\/aps-supply.com\/es\/soporte\/enlaces\/","og_locale":"es_ES","og_type":"article","og_title":"Links","og_description":"NEW ACCOUNT\u00a0 \u00a0| \u00a0\u00a0WARRANTY\u00a0 \u00a0| \u00a0\u00a0TRACKING\u00a0 \u00a0| \u00a0\u00a0TERMS\u00a0 \u00a0| \u00a0 CATALOGS\u00a0 \u00a0| \u00a0\u00a0LINKS &nbsp; APS is happy to provide assistance to your company in any way we can, whether you\u2019re starting out with us or if you\u2019ve used our services before. Select the option below that best describes the type of assistance you need. &nbsp;&hellip;","og_url":"https:\/\/aps-supply.com\/es\/soporte\/enlaces\/","og_site_name":"APS","article_publisher":"https:\/\/www.facebook.com\/pages\/APS-Lighting-and-Safety-Products\/499382100107067","article_modified_time":"2021-06-09T04:20:57+00:00","twitter_card":"summary_large_image","twitter_site":"@APSLighting_JB","twitter_misc":{"Tiempo de lectura":"1 minuto"},"schema":{"@context":"https:\/\/schema.org","@graph":[{"@type":"WebPage","@id":"https:\/\/aps-supply.com\/support\/links\/","url":"https:\/\/aps-supply.com\/support\/links\/","name":"Enlaces - APS","isPartOf":{"@id":"https:\/\/aps-supply.com\/#website"},"datePublished":"2014-06-16T06:21:20+00:00","dateModified":"2021-06-09T04:20:57+00:00","breadcrumb":{"@id":"https:\/\/aps-supply.com\/support\/links\/#breadcrumb"},"inLanguage":"es-CO","potentialAction":[{"@type":"ReadAction","target":["https:\/\/aps-supply.com\/support\/links\/"]}]},{"@type":"BreadcrumbList","@id":"https:\/\/aps-supply.com\/support\/links\/#breadcrumb","itemListElement":[{"@type":"ListItem","position":1,"name":"Home","item":"https:\/\/aps-supply.com\/"},{"@type":"ListItem","position":2,"name":"Support","item":"https:\/\/aps-supply.com\/support\/"},{"@type":"ListItem","position":3,"name":"Links"}]},{"@type":"WebSite","@id":"https:\/\/aps-supply.com\/#website","url":"https:\/\/aps-supply.com\/","name":"APS","description":"Iluminaci\u00f3n y seguridad","publisher":{"@id":"https:\/\/aps-supply.com\/#organization"},"potentialAction":[{"@type":"SearchAction","target":{"@type":"EntryPoint","urlTemplate":"https:\/\/aps-supply.com\/?s={search_term_string}"},"query-input":{"@type":"PropertyValueSpecification","valueRequired":true,"valueName":"search_term_string"}}],"inLanguage":"es-CO"},{"@type":"Organization","@id":"https:\/\/aps-supply.com\/#organization","name":"Suministros APS","url":"https:\/\/aps-supply.com\/","logo":{"@type":"ImageObject","inLanguage":"es-CO","@id":"https:\/\/aps-supply.com\/#\/schema\/logo\/image\/","url":"https:\/\/aps-supply.com\/wp-content\/uploads\/2025\/07\/APS-Logo-Master_HD.png","contentUrl":"https:\/\/aps-supply.com\/wp-content\/uploads\/2025\/07\/APS-Logo-Master_HD.png","width":26589,"height":6468,"caption":"APS Supply"},"image":{"@id":"https:\/\/aps-supply.com\/#\/schema\/logo\/image\/"},"sameAs":["https:\/\/www.facebook.com\/pages\/APS-Lighting-and-Safety-Products\/499382100107067","https:\/\/x.com\/APSLighting_JB","https:\/\/www.linkedin.com\/company\/aps-lighting-&-safety\/","https:\/\/www.youtube.com\/@APSLightingandSafety"]}]}},"_links":{"self":[{"href":"https:\/\/aps-supply.com\/es\/wp-json\/wp\/v2\/pages\/94","targetHints":{"allow":["GET"]}}],"collection":[{"href":"https:\/\/aps-supply.com\/es\/wp-json\/wp\/v2\/pages"}],"about":[{"href":"https:\/\/aps-supply.com\/es\/wp-json\/wp\/v2\/types\/page"}],"author":[{"embeddable":true,"href":"https:\/\/aps-supply.com\/es\/wp-json\/wp\/v2\/users\/6"}],"replies":[{"embeddable":true,"href":"https:\/\/aps-supply.com\/es\/wp-json\/wp\/v2\/comments?post=94"}],"version-history":[{"count":0,"href":"https:\/\/aps-supply.com\/es\/wp-json\/wp\/v2\/pages\/94\/revisions"}],"up":[{"embeddable":true,"href":"https:\/\/aps-supply.com\/es\/wp-json\/wp\/v2\/pages\/14"}],"wp:attachment":[{"href":"https:\/\/aps-supply.com\/es\/wp-json\/wp\/v2\/media?parent=94"}],"curies":[{"name":"wp","href":"https:\/\/api.w.org\/{rel}","templated":true}]}}