{"id":96,"date":"2014-06-16T06:21:34","date_gmt":"2014-06-16T06:21:34","guid":{"rendered":"https:\/\/aps-supply.com?page_id=96"},"modified":"2026-03-29T19:34:13","modified_gmt":"2026-03-30T02:34:13","slug":"catalogos","status":"publish","type":"page","link":"https:\/\/aps-supply.com\/es\/soporte\/catalogos\/","title":{"rendered":"Cat\u00e1logos"},"content":{"rendered":"<p><a href=\"https:\/\/aps-supply.com\/es\/soporte\/formularios-de-solicitud-de-cuenta-nueva\/\">NUEVA CUENTA<\/a> | <a href=\"https:\/\/aps-supply.com\/es\/soporte\/condiciones-de-la-garantia-del-fabricante-formularios-de-reclamacion-de-garantia\/\">GARANT\u00cdA<\/a> | <a href=\"https:\/\/aps-supply.com\/es\/soporte\/enlaces-de-seguimiento-de-envios\/\">SEGUIMIENTO<\/a> | <a href=\"https:\/\/aps-supply.com\/es\/soporte\/condiciones\/\">CONDICIONES<\/a> CAT\u00c1LOGOS <a href=\"https:\/\/aps-supply.com\/es\/soporte\/enlaces\/\">ENLACES<\/a><\/p>\n<p>En estos cat\u00e1logos se detallan las \u00faltimas ofertas de productos tanto de nuestros proveedores como de nuestra propia marca APS. Haga clic en el siguiente cat\u00e1logo para abrir el PDF en su navegador.<\/p>\n<p>&nbsp;<\/p>\n<h3>APS Productos de iluminaci\u00f3n y seguridad<\/h3>\n<p class=\"p1\">APS Lighting &amp; Safety Products es un proveedor industrial y de equipos pesados especializado e innovador de productos de iluminaci\u00f3n y seguridad para veh\u00edculos. APS tiene la capacidad de proporcionar planes completos de productos de iluminaci\u00f3n y seguridad de veh\u00edculos optimizados para el emplazamiento y el proyecto. <span class=\"s1\"><a href=\"https:\/\/aps-supply.com\/es\/acerca-de\/\">M\u00e1s informaci\u00f3n<\/a><\/span><\/p>\n<p>&nbsp;<\/p>\n<h3 class=\"widget-title\">Mini cat\u00e1logo digital APS 2025 v2<\/h3>\n<div class=\"textwidget custom-html-widget\">El nuevo minicat\u00e1logo interactivo APS 2025 v2 le ofrece 60 p\u00e1ginas de productos seleccionados de diversos sectores. Esta edici\u00f3n incluye productos nuevos y actualizados, as\u00ed como enlaces con c\u00f3digos QR a las p\u00e1ginas web de los productos. <a href=\"https:\/\/online.flippingbook.com\/view\/130556729\/\" target=\"_blank\" rel=\"noopener noreferrer\">Mini cat\u00e1logo digital APS 2025 v2<\/a><\/div>\n<p>\/ <a href=\"https:\/\/online.flippingbook.com\/view\/740205605\/\" target=\"_blank\" rel=\"noopener noreferrer\">Mini cat\u00e1logo digital APS 2025 v2 Esp<\/a><\/p>\n<style>\r\n    .book, .cover {\r\n        background: url('https:\/\/aps-supply.com\/wp-content\/uploads\/2025\/08\/APS_Digital_Catalog_2024_cover_graphic_web_236x332.jpg') !important;\r\n        width: 236px;\r\n        height: 332px;\r\n        background-repeat: no-repeat !important;\r\n        background-size: 100% !important;\r\n    }\r\n    .book ul, .book ul > li  {\r\n        width: 236px;\r\n        height: 332px;\r\n    }\r\n\r\n<\/style>\r\n    <div class=\"book\">\r\n    <a href=\"https:\/\/online.flippingbook.com\/view\/130556729\/\" target=\"_blank\">\r\n        <ul>\r\n            <li class=\"page page3\"><\/li>\r\n            <li class=\"page page2\"><\/li>\r\n            <li class=\"page page1\"><\/li>\r\n            <li class=\"cover\"><\/li>\r\n        <\/ul>\r\n    <\/a>\r\n<\/div>\r\n\r\n    <script src='\/\/cdnjs.cloudflare.com\/ajax\/libs\/jquery\/2.1.3\/jquery.min.js'><\/script>\r\n\n<p>&nbsp;<\/p>\n<h3 class=\"widget-title\">Mini cat\u00e1logo digital APS 2025 v1<\/h3>\n<div class=\"textwidget custom-html-widget\">El nuevo minicat\u00e1logo interactivo APS 2025 v1 le ofrece 32 p\u00e1ginas de productos seleccionados de diversos sectores. Esta edici\u00f3n incluye productos nuevos y actualizados, as\u00ed como enlaces con c\u00f3digos QR a las p\u00e1ginas web de los productos. <a href=\"https:\/\/online.flippingbook.com\/view\/920287399\/\" target=\"_blank\" rel=\"noopener noreferrer\">Mini cat\u00e1logo digital APS 2025 v1<\/a><\/div>\n<style>\n    .book, .cover {<br \/>        background: url('https:\/\/aps-supply.com\/wp-content\/uploads\/2025\/05\/APS_Mini_Catalogue_2025_v2_cover.jpg') !important;<br \/>        width: 236px;<br \/>        height: 332px;<br \/>        background-repeat: no-repeat !important;<br \/>        background-size: 100% !important;<br \/>    }<br \/>    .book ul, .book ul > li  {<br \/>        width: 236px;<br \/>        height: 332px;<br \/>    }<\/p>\n<\/style>\n<div class=\"book\">\n<ul>\n<li class=\"page page3\"><\/li>\n<li class=\"page page2\"><\/li>\n<li class=\"page page1\"><\/li>\n<li class=\"cover\"><\/li>\n<\/ul>\n<p>&nbsp;<\/p>\n<\/div>\n<p>&nbsp;<\/p>\n<h3><\/h3>\n<h3 class=\"widget-title\">APS Cat\u00e1logo Digital 2024<\/h3>\n<div class=\"textwidget custom-html-widget\">La versi\u00f3n digital interactiva del Cat\u00e1logo APS 2024 le permite comparar y localizar el producto adecuado entre m\u00e1s de 160 p\u00e1ginas de productos de iluminaci\u00f3n y seguridad de calidad. Esta edici\u00f3n incluye 300 productos nuevos y actualizados, enlaces de c\u00f3digo QR a videoclips de productos, manuales y mucho m\u00e1s. <a href=\"https:\/\/online.flippingbook.com\/view\/631872868\/\" target=\"_blank\" rel=\"noopener noreferrer\">APS Cat\u00e1logo Digital 2024<\/a><\/div>\n<style>\n    .book, .cover {<br \/>        background: url('https:\/\/aps-supply.com\/wp-content\/uploads\/2025\/05\/APS_Mini_Catalogue_2025_v2_cover.jpg') !important;<br \/>        width: 236px;<br \/>        height: 332px;<br \/>        background-repeat: no-repeat !important;<br \/>        background-size: 100% !important;<br \/>    }<br \/>    .book ul, .book ul > li  {<br \/>        width: 236px;<br \/>        height: 332px;<br \/>    }<\/p>\n<\/style>\n<div class=\"book\">\n<ul>\n<li class=\"page page3\"><\/li>\n<li class=\"page page2\"><\/li>\n<li class=\"page page1\"><\/li>\n<li class=\"cover\"><\/li>\n<\/ul>\n<p>&nbsp;<\/p>\n<hr \/>\n<\/div>","protected":false},"excerpt":{"rendered":"<p>NUEVA CUENTA | GARANT\u00cdA | SEGUIMIENTO | T\u00c9RMINOS | CAT\u00c1LOGOS | ENLACES Las \u00faltimas ofertas de productos se detallan en estos cat\u00e1logos, tanto de nuestros proveedores como de nuestra propia marca APS. Haga clic en el cat\u00e1logo a continuaci\u00f3n para abrir el PDF en su navegador. \u00a0 APS Lighting &amp; Safety Products APS Lighting &amp; Safety Products es\u2026<\/p>","protected":false},"author":6,"featured_media":0,"parent":14,"menu_order":0,"comment_status":"open","ping_status":"closed","template":"","meta":{"_acf_changed":false,"footnotes":""},"class_list":["post-96","page","type-page","status-publish","hentry"],"acf":[],"yoast_head":"<!-- This site is optimized with the Yoast SEO Premium plugin v26.9 (Yoast SEO v26.9) - https:\/\/yoast.com\/product\/yoast-seo-premium-wordpress\/ -->\n<title>Catalogs - APS<\/title>\n<meta name=\"description\" content=\"The latest product offerings are detailed in these catalogues both from our suppliers and under our own APS brand. Click on the catalog below to open the PDF in your browser. APS Lighting &amp; Safety Products. APS Lighting &amp; Safety Products is a specialised and innovative heavy equipment and industrial supplier of Lighting and Vehicle Safety Products. APS has the capability to provide complete site and project optimised lighting and vehicle safety product plans.\u00a0Learn More\" \/>\n<meta name=\"robots\" content=\"index, follow, max-snippet:-1, max-image-preview:large, max-video-preview:-1\" \/>\n<link rel=\"canonical\" href=\"https:\/\/aps-supply.com\/es\/soporte\/catalogos\/\" \/>\n<meta property=\"og:locale\" content=\"es_ES\" \/>\n<meta property=\"og:type\" content=\"article\" \/>\n<meta property=\"og:title\" content=\"Catalogs\" \/>\n<meta property=\"og:description\" content=\"The latest product offerings are detailed in these catalogues both from our suppliers and under our own APS brand. Click on the catalog below to open the PDF in your browser. APS Lighting &amp; Safety Products. APS Lighting &amp; Safety Products is a specialised and innovative heavy equipment and industrial supplier of Lighting and Vehicle Safety Products. APS has the capability to provide complete site and project optimised lighting and vehicle safety product plans.\u00a0Learn More\" \/>\n<meta property=\"og:url\" content=\"https:\/\/aps-supply.com\/es\/soporte\/catalogos\/\" \/>\n<meta property=\"og:site_name\" content=\"APS\" \/>\n<meta property=\"article:publisher\" content=\"https:\/\/www.facebook.com\/pages\/APS-Lighting-and-Safety-Products\/499382100107067\" \/>\n<meta property=\"article:modified_time\" content=\"2026-03-30T02:34:13+00:00\" \/>\n<meta name=\"twitter:card\" content=\"summary_large_image\" \/>\n<meta name=\"twitter:site\" content=\"@APSLighting_JB\" \/>\n<meta name=\"twitter:label1\" content=\"Tiempo de lectura\" \/>\n\t<meta name=\"twitter:data1\" content=\"2 minutos\" \/>\n<script type=\"application\/ld+json\" class=\"yoast-schema-graph\">{\"@context\":\"https:\/\/schema.org\",\"@graph\":[{\"@type\":\"WebPage\",\"@id\":\"https:\/\/aps-supply.com\/support\/catalogues\/\",\"url\":\"https:\/\/aps-supply.com\/support\/catalogues\/\",\"name\":\"Catalogs - APS\",\"isPartOf\":{\"@id\":\"https:\/\/aps-supply.com\/#website\"},\"datePublished\":\"2014-06-16T06:21:34+00:00\",\"dateModified\":\"2026-03-30T02:34:13+00:00\",\"description\":\"The latest product offerings are detailed in these catalogues both from our suppliers and under our own APS brand. Click on the catalog below to open the PDF in your browser. APS Lighting & Safety Products. APS Lighting & Safety Products is a specialised and innovative heavy equipment and industrial supplier of Lighting and Vehicle Safety Products. APS has the capability to provide complete site and project optimised lighting and vehicle safety product plans.\u00a0Learn More\",\"breadcrumb\":{\"@id\":\"https:\/\/aps-supply.com\/support\/catalogues\/#breadcrumb\"},\"inLanguage\":\"es-CO\",\"potentialAction\":[{\"@type\":\"ReadAction\",\"target\":[\"https:\/\/aps-supply.com\/support\/catalogues\/\"]}]},{\"@type\":\"BreadcrumbList\",\"@id\":\"https:\/\/aps-supply.com\/support\/catalogues\/#breadcrumb\",\"itemListElement\":[{\"@type\":\"ListItem\",\"position\":1,\"name\":\"Home\",\"item\":\"https:\/\/aps-supply.com\/\"},{\"@type\":\"ListItem\",\"position\":2,\"name\":\"Support\",\"item\":\"https:\/\/aps-supply.com\/support\/\"},{\"@type\":\"ListItem\",\"position\":3,\"name\":\"Catalogs\"}]},{\"@type\":\"WebSite\",\"@id\":\"https:\/\/aps-supply.com\/#website\",\"url\":\"https:\/\/aps-supply.com\/\",\"name\":\"APS\",\"description\":\"Lighting &amp; Safety\",\"publisher\":{\"@id\":\"https:\/\/aps-supply.com\/#organization\"},\"potentialAction\":[{\"@type\":\"SearchAction\",\"target\":{\"@type\":\"EntryPoint\",\"urlTemplate\":\"https:\/\/aps-supply.com\/?s={search_term_string}\"},\"query-input\":{\"@type\":\"PropertyValueSpecification\",\"valueRequired\":true,\"valueName\":\"search_term_string\"}}],\"inLanguage\":\"es-CO\"},{\"@type\":\"Organization\",\"@id\":\"https:\/\/aps-supply.com\/#organization\",\"name\":\"APS Supply\",\"url\":\"https:\/\/aps-supply.com\/\",\"logo\":{\"@type\":\"ImageObject\",\"inLanguage\":\"es-CO\",\"@id\":\"https:\/\/aps-supply.com\/#\/schema\/logo\/image\/\",\"url\":\"https:\/\/aps-supply.com\/wp-content\/uploads\/2025\/07\/APS-Logo-Master_HD.png\",\"contentUrl\":\"https:\/\/aps-supply.com\/wp-content\/uploads\/2025\/07\/APS-Logo-Master_HD.png\",\"width\":26589,\"height\":6468,\"caption\":\"APS Supply\"},\"image\":{\"@id\":\"https:\/\/aps-supply.com\/#\/schema\/logo\/image\/\"},\"sameAs\":[\"https:\/\/www.facebook.com\/pages\/APS-Lighting-and-Safety-Products\/499382100107067\",\"https:\/\/x.com\/APSLighting_JB\",\"https:\/\/www.linkedin.com\/company\/aps-lighting-&-safety\/\",\"https:\/\/www.youtube.com\/@APSLightingandSafety\"]}]}<\/script>\n<!-- \/ Yoast SEO Premium plugin. -->","yoast_head_json":{"title":"Cat\u00e1logos - APS","description":"En estos cat\u00e1logos se detallan las \u00faltimas ofertas de productos tanto de nuestros proveedores como de nuestra propia marca APS. Haga clic en el siguiente cat\u00e1logo para abrir el PDF en su navegador. APS Lighting &amp; Safety Products. APS Lighting &amp; Safety Products es un proveedor industrial y de equipos pesados especializado e innovador de productos de iluminaci\u00f3n y seguridad para veh\u00edculos. APS tiene la capacidad de proporcionar planes completos de productos de iluminaci\u00f3n y seguridad de veh\u00edculos optimizados para el emplazamiento y el proyecto. M\u00e1s informaci\u00f3n","robots":{"index":"index","follow":"follow","max-snippet":"max-snippet:-1","max-image-preview":"max-image-preview:large","max-video-preview":"max-video-preview:-1"},"canonical":"https:\/\/aps-supply.com\/es\/soporte\/catalogos\/","og_locale":"es_ES","og_type":"article","og_title":"Catalogs","og_description":"The latest product offerings are detailed in these catalogues both from our suppliers and under our own APS brand. Click on the catalog below to open the PDF in your browser. APS Lighting & Safety Products. APS Lighting & Safety Products is a specialised and innovative heavy equipment and industrial supplier of Lighting and Vehicle Safety Products. APS has the capability to provide complete site and project optimised lighting and vehicle safety product plans.\u00a0Learn More","og_url":"https:\/\/aps-supply.com\/es\/soporte\/catalogos\/","og_site_name":"APS","article_publisher":"https:\/\/www.facebook.com\/pages\/APS-Lighting-and-Safety-Products\/499382100107067","article_modified_time":"2026-03-30T02:34:13+00:00","twitter_card":"summary_large_image","twitter_site":"@APSLighting_JB","twitter_misc":{"Tiempo de lectura":"2 minutos"},"schema":{"@context":"https:\/\/schema.org","@graph":[{"@type":"WebPage","@id":"https:\/\/aps-supply.com\/support\/catalogues\/","url":"https:\/\/aps-supply.com\/support\/catalogues\/","name":"Cat\u00e1logos - APS","isPartOf":{"@id":"https:\/\/aps-supply.com\/#website"},"datePublished":"2014-06-16T06:21:34+00:00","dateModified":"2026-03-30T02:34:13+00:00","description":"En estos cat\u00e1logos se detallan las \u00faltimas ofertas de productos tanto de nuestros proveedores como de nuestra propia marca APS. Haga clic en el siguiente cat\u00e1logo para abrir el PDF en su navegador. APS Lighting &amp; Safety Products. APS Lighting &amp; Safety Products es un proveedor industrial y de equipos pesados especializado e innovador de productos de iluminaci\u00f3n y seguridad para veh\u00edculos. APS tiene la capacidad de proporcionar planes completos de productos de iluminaci\u00f3n y seguridad de veh\u00edculos optimizados para el emplazamiento y el proyecto. M\u00e1s informaci\u00f3n","breadcrumb":{"@id":"https:\/\/aps-supply.com\/support\/catalogues\/#breadcrumb"},"inLanguage":"es-CO","potentialAction":[{"@type":"ReadAction","target":["https:\/\/aps-supply.com\/support\/catalogues\/"]}]},{"@type":"BreadcrumbList","@id":"https:\/\/aps-supply.com\/support\/catalogues\/#breadcrumb","itemListElement":[{"@type":"ListItem","position":1,"name":"Home","item":"https:\/\/aps-supply.com\/"},{"@type":"ListItem","position":2,"name":"Support","item":"https:\/\/aps-supply.com\/support\/"},{"@type":"ListItem","position":3,"name":"Catalogs"}]},{"@type":"WebSite","@id":"https:\/\/aps-supply.com\/#website","url":"https:\/\/aps-supply.com\/","name":"APS","description":"Iluminaci\u00f3n y seguridad","publisher":{"@id":"https:\/\/aps-supply.com\/#organization"},"potentialAction":[{"@type":"SearchAction","target":{"@type":"EntryPoint","urlTemplate":"https:\/\/aps-supply.com\/?s={search_term_string}"},"query-input":{"@type":"PropertyValueSpecification","valueRequired":true,"valueName":"search_term_string"}}],"inLanguage":"es-CO"},{"@type":"Organization","@id":"https:\/\/aps-supply.com\/#organization","name":"Suministros APS","url":"https:\/\/aps-supply.com\/","logo":{"@type":"ImageObject","inLanguage":"es-CO","@id":"https:\/\/aps-supply.com\/#\/schema\/logo\/image\/","url":"https:\/\/aps-supply.com\/wp-content\/uploads\/2025\/07\/APS-Logo-Master_HD.png","contentUrl":"https:\/\/aps-supply.com\/wp-content\/uploads\/2025\/07\/APS-Logo-Master_HD.png","width":26589,"height":6468,"caption":"APS Supply"},"image":{"@id":"https:\/\/aps-supply.com\/#\/schema\/logo\/image\/"},"sameAs":["https:\/\/www.facebook.com\/pages\/APS-Lighting-and-Safety-Products\/499382100107067","https:\/\/x.com\/APSLighting_JB","https:\/\/www.linkedin.com\/company\/aps-lighting-&-safety\/","https:\/\/www.youtube.com\/@APSLightingandSafety"]}]}},"_links":{"self":[{"href":"https:\/\/aps-supply.com\/es\/wp-json\/wp\/v2\/pages\/96","targetHints":{"allow":["GET"]}}],"collection":[{"href":"https:\/\/aps-supply.com\/es\/wp-json\/wp\/v2\/pages"}],"about":[{"href":"https:\/\/aps-supply.com\/es\/wp-json\/wp\/v2\/types\/page"}],"author":[{"embeddable":true,"href":"https:\/\/aps-supply.com\/es\/wp-json\/wp\/v2\/users\/6"}],"replies":[{"embeddable":true,"href":"https:\/\/aps-supply.com\/es\/wp-json\/wp\/v2\/comments?post=96"}],"version-history":[{"count":37,"href":"https:\/\/aps-supply.com\/es\/wp-json\/wp\/v2\/pages\/96\/revisions"}],"predecessor-version":[{"id":29792,"href":"https:\/\/aps-supply.com\/es\/wp-json\/wp\/v2\/pages\/96\/revisions\/29792"}],"up":[{"embeddable":true,"href":"https:\/\/aps-supply.com\/es\/wp-json\/wp\/v2\/pages\/14"}],"wp:attachment":[{"href":"https:\/\/aps-supply.com\/es\/wp-json\/wp\/v2\/media?parent=96"}],"curies":[{"name":"wp","href":"https:\/\/api.w.org\/{rel}","templated":true}]}}